{"id":9963,"date":"2024-03-26T08:30:19","date_gmt":"2024-03-26T07:30:19","guid":{"rendered":"https:\/\/spuehler-tv.ch\/onlineshop\/?post_type=product&#038;p=9963"},"modified":"2026-01-06T15:02:00","modified_gmt":"2026-01-06T14:02:00","slug":"uvc-g5-bullet-ubiquiti-2k-netzwerkkamera-poe","status":"publish","type":"product","link":"https:\/\/spuehler-tv.ch\/onlineshop\/produkt\/uvc-g5-bullet-ubiquiti-2k-netzwerkkamera-poe\/","title":{"rendered":"UVC-G5-BULLET (Ubiquiti) &#8211; 2K Netzwerkkamera PoE"},"content":{"rendered":"<h3 class=\"ProductDescription-Subtitle\">Kamera G5 Bullet<\/h3>\n<p class=\"ProductDescription-Lead\">2K-HD-PoE-Kamera der n\u00e4chsten Generation f\u00fcr den Innen- und Aussenbereich.<\/p>\n<div class=\"ProductDescription-Paragraph\">\n<h4 class=\"ProductDescription-ParagraphTitle\">Einfache Installation dank PoE<\/h4>\n<p>Die Netzwerkkamera wird mittels Power over Ethernet (PoE) \u00fcber das LAN-Kabel mit Strom versorgt. Der Hauptvorteil von PoE ist, dass Sie kein Stromversorgungskabel ben\u00f6tigen. So k\u00f6nnen Sie auch an schwer zug\u00e4nglichen Stellen oder in Bereichen, in denen viele Kabel st\u00f6ren w\u00fcrden, Ethernet-angebundene Ger\u00e4te installieren. Sie sparen Installationskosten und k\u00f6nnen auf Wunsch durch den Einsatz einer zentralen unterbrechungsfreien Stromversorgung (USV) die Ausfallsicherheit der angeschlossenen Ger\u00e4te erh\u00f6hen.<\/p>\n<\/div>\n<div class=\"ProductDescription-Paragraph\">\n<h4 class=\"ProductDescription-ParagraphTitle\">Ubiquiti Networks<\/h4>\n<p>Ubiquiti Networks ist ein amerikanischer Hersteller von leistungsf\u00e4higen Netzwerkkomponenten. Das Ziel von Ubiquiti ist es, hochmoderne und einfach zu implementierende Kommunikationsl\u00f6sungen f\u00fcr einen globalen Kundenstamm bereitzustellen. Die Firma wurde 2005 gegr\u00fcndet und stellte am Anfang WLAN-Adapter f\u00fcr PCs her. Sp\u00e4ter wurde das Angebot um Ger\u00e4te wie WLAN-Router, insbesondere f\u00fcr den Aussenbereich erweitert. Unterdessen werden auch Switche und \u00dcberwachungskameras von der Firma hergestellt. Ubiquiti Produkte \u00fcberzeugen dabei generell durch ihre \u00fcberlegene Leistung, cleveres mechanisches Design und einfache Bedienung.<\/p>\n<\/div>\n<div class=\"ProductDescription-Paragraph\">\n<h4 class=\"ProductDescription-ParagraphTitle\">Tag-\/Nacht-Funktion mit IR-Cut-Filter und IR-LED<\/h4>\n<p>Sehen Sie Tag und Nacht, was im \u00dcberwachungsbereich der Kamera vor sich geht: Das Modell ist mit einer Tag-\/Nacht-Funktion ausgestattet, die mittels IR-Cut-Filter arbeitet. W\u00e4hrend der Filter tags\u00fcber bei gen\u00fcgend Helligkeit st\u00f6rendes Infrarotlicht aus der Aufnahme herausfiltert, schaltet er sich bei einsetzender Dunkelheit automatisch aus und bleibt w\u00e4hrend der Nacht inaktiv. Dadurch wird Infrarotlicht auf der Videoaufnahme sichtbar und Sie k\u00f6nnen Dinge erkennen, die sonst bei Dunkelheit verborgen bleiben. Die Sichtbarkeit wird durch Infrarot-LED-Beleuchtung zus\u00e4tzlich erh\u00f6ht: Auf diese Weise wird der Erfassungsbereich beleuchtet, ohne dass ein Eindringling dies wahrnehmen kann.<\/p>\n<\/div>\n","protected":false},"excerpt":{"rendered":"<ul class=\"cds-List cds-List--Bulleted\">\n<li>Verbindungsm\u00f6glichkeiten: LAN (RJ45)<\/li>\n<li>Stromversorgung: 802.3af PoE 15.4 Watt<\/li>\n<li>Bildsensor Aufl\u00f6sung: 5 Megapixel<\/li>\n<li>Tag-\/Nacht-Funktion: IR-Cut-Filter &amp; IR-LED<\/li>\n<li>2K HD, 30 FPS Kamera mit 5MP CMOS-Sensor, Blickwinkel (84.4\u02da)<\/li>\n<li>Wetterfestes IPX4-zertifiziertes Geh\u00e4use, Flexible, dreiachsige Einstellung, Verbesserte Low-Light-Leistung und IR-Nachtsicht bis zu 10 m<\/li>\n<\/ul>\n<blockquote><p><span style=\"color: #0000ff;\"><strong>UniFi Protect ist erforderlich, um dieses Produkt zu betreiben.<\/strong><\/span><\/p>\n<p><span style=\"color: #0000ff;\"><strong>PoE Inserter oder PoE Switch erforderlich, um dieses Produkt zu betreiben.<\/strong><\/span><\/p><\/blockquote>\n","protected":false},"featured_media":9964,"comment_status":"open","ping_status":"closed","template":"","meta":[],"product_brand":[212],"product_cat":[176,175],"product_tag":[],"class_list":{"0":"post-9963","1":"product","2":"type-product","3":"status-publish","4":"has-post-thumbnail","6":"product_brand-ubiquiti","7":"product_cat-ueberwachungskamera-netzwerk","8":"product_cat-ueberwachung-security","9":"product_shipping_class-lieferung-basic-audio","11":"first","12":"onbackorder","13":"taxable","14":"shipping-taxable","15":"purchasable","16":"product-type-simple"},"_links":{"self":[{"href":"https:\/\/spuehler-tv.ch\/onlineshop\/wp-json\/wp\/v2\/product\/9963","targetHints":{"allow":["GET"]}}],"collection":[{"href":"https:\/\/spuehler-tv.ch\/onlineshop\/wp-json\/wp\/v2\/product"}],"about":[{"href":"https:\/\/spuehler-tv.ch\/onlineshop\/wp-json\/wp\/v2\/types\/product"}],"replies":[{"embeddable":true,"href":"https:\/\/spuehler-tv.ch\/onlineshop\/wp-json\/wp\/v2\/comments?post=9963"}],"wp:featuredmedia":[{"embeddable":true,"href":"https:\/\/spuehler-tv.ch\/onlineshop\/wp-json\/wp\/v2\/media\/9964"}],"wp:attachment":[{"href":"https:\/\/spuehler-tv.ch\/onlineshop\/wp-json\/wp\/v2\/media?parent=9963"}],"wp:term":[{"taxonomy":"product_brand","embeddable":true,"href":"https:\/\/spuehler-tv.ch\/onlineshop\/wp-json\/wp\/v2\/product_brand?post=9963"},{"taxonomy":"product_cat","embeddable":true,"href":"https:\/\/spuehler-tv.ch\/onlineshop\/wp-json\/wp\/v2\/product_cat?post=9963"},{"taxonomy":"product_tag","embeddable":true,"href":"https:\/\/spuehler-tv.ch\/onlineshop\/wp-json\/wp\/v2\/product_tag?post=9963"}],"curies":[{"name":"wp","href":"https:\/\/api.w.org\/{rel}","templated":true}]}}