{"id":9933,"date":"2024-03-25T10:55:23","date_gmt":"2024-03-25T09:55:23","guid":{"rendered":"https:\/\/spuehler-tv.ch\/onlineshop\/?post_type=product&#038;p=9933"},"modified":"2026-01-06T15:02:00","modified_gmt":"2026-01-06T14:02:00","slug":"usw-ultra-7-port-60w-ubiquiti-poe-switch","status":"publish","type":"product","link":"https:\/\/spuehler-tv.ch\/onlineshop\/produkt\/usw-ultra-7-port-60w-ubiquiti-poe-switch\/","title":{"rendered":"USW-ULTRA 7 Port 60W (Ubiquiti) &#8211; PoE+ Switch"},"content":{"rendered":"<h2 class=\"ProductDescription-Title\">Ubiquiti PoE+ Switch USW-ULTRA-60W 7 Port<\/h2>\n<h3 class=\"ProductDescription-Subtitle\">Hochleistungsf\u00e4higer und vielseitiger 60W PoE-Switch<\/h3>\n<p class=\"ProductDescription-Lead\">Ein kompakter Layer-2-GbE-PoE-Switch mit 8 Ports und vielseitigen Montageoptionen. Der UniFi Ultra 60W definiert Netzwerkleistung und Flexibilit\u00e4t neu, indem er robuste Konnektivit\u00e4t mit fortschrittlicher Power-over-Ethernet-Technologie kombiniert. Dieser kompakte und leistungsstarke Switch ist ideal f\u00fcr Unternehmen, die eine zuverl\u00e4ssige und effiziente Netzwerkl\u00f6sung suchen. Mit Unterst\u00fctzung f\u00fcr PoE+ und PoE++ auf sieben seiner acht Gigabit Ethernet Ports bietet der UniFi Ultra 60W eine vielseitige L\u00f6sung f\u00fcr Ger\u00e4te, die Strom und Daten \u00fcber ein einziges Kabel ben\u00f6tigen.<\/p>\n<div class=\"ProductDescription-Paragraph\">\n<h4 class=\"ProductDescription-ParagraphTitle\">Ubiquiti Networks<\/h4>\n<p>Ubiquiti Networks ist ein amerikanischer Hersteller von leistungsf\u00e4higen Netzwerkkomponenten. Das Ziel von Ubiquiti ist es, hochmoderne und einfach zu implementierende Kommunikationsl\u00f6sungen f\u00fcr einen globalen Kundenstamm bereitzustellen. Die Firma wurde 2005 gegr\u00fcndet und stellte am Anfang WLAN-Adapter f\u00fcr PCs her. Sp\u00e4ter wurde das Angebot um Ger\u00e4te wie WLAN-Router, insbesondere f\u00fcr den Aussenbereich erweitert. Unterdessen werden auch Switche und \u00dcberwachungskameras von der Firma hergestellt. Ubiquiti Produkte \u00fcberzeugen dabei generell durch ihre \u00fcberlegene Leistung, cleveres mechanisches Design und einfache Bedienung.<\/p>\n<\/div>\n<div class=\"ProductDescription-Paragraph\">\n<h4 class=\"ProductDescription-ParagraphTitle\">Einfache Verwaltung und Skalierbarkeit<\/h4>\n<p>Vollst\u00e4ndig integriert in die UniFi Network Software, erm\u00f6glicht der UniFi Ultra 60W eine zentrale Verwaltung aller Netzwerkkomponenten innerhalb der UniFi-Oberfl\u00e4che. Diese Integration erleichtert die Skalierung und Verwaltung des Netzwerks, w\u00e4hrend sie gleichzeitig Einblicke in den Netzwerkstatus und die Leistung bietet.<\/p>\n<\/div>\n<div class=\"ProductDescription-Paragraph\">\n<h4 class=\"ProductDescription-ParagraphTitle\">Hohe Leistung und Zuverl\u00e4ssigkeit<\/h4>\n<p>Mit einem totalen Non-Blocking Durchsatz von 8 Gbps und einer Switching-Kapazit\u00e4t von 16 Gbps erm\u00f6glicht der UniFi Ultra 60W eine schnelle Daten\u00fcbertragung und effiziente Handhabung des Netzwerkverkehrs, was ihn zur perfekten L\u00f6sung f\u00fcr datenintensive Anwendungen macht.<\/p>\n<\/div>\n<div class=\"ProductDescription-Paragraph\">\n<h4 class=\"ProductDescription-ParagraphTitle\">Vielseitige Stromversorgungsmethoden<\/h4>\n<p>Der UniFi Ultra 60W zeichnet sich durch seine flexiblen und vielseitigen Stromversorgungsoptionen aus, die f\u00fcr eine Vielzahl von Anwendungsszenarien geeignet sind. Neben der Unterst\u00fctzung verschiedener Power-Over-Ethernet (PoE) Standards, einschliesslich PoE\/PoE+ und PoE++, bietet das Ger\u00e4t auch die M\u00f6glichkeit, \u00fcber einen externen AC-Adapter betrieben zu werden. Ein wesentliches Merkmal ist, dass im Lieferumfang ein 54V 1.1A Power Adapter enthalten ist, der eine sofortige und problemlose Inbetriebnahme erm\u00f6glicht. F\u00fcr Anwender, die h\u00f6here Leistungsanforderungen haben, unterst\u00fctzt der UniFi Ultra 60W zudem den Einsatz von 54V 3.9A Power Adaptern, die separat erh\u00e4ltlich sind. Die PoE++ und PoE+ Eing\u00e4nge erlauben eine Leistungsaufnahme von bis zu 42W bzw. 16W, w\u00e4hrend f\u00fcr die 60W PoE-Adapter und AC-Adapter Eing\u00e4nge Leistungen von bis zu 52W bzw. 202W bei einer Betriebstemperatur von 45\u00b0C unterst\u00fctzt werden. Diese umfassenden und anpassungsf\u00e4higen Stromversorgungsoptionen stellen sicher, dass der UniFi Ultra 60W in diversen Netzwerkkonfigurationen effizient und zuverl\u00e4ssig arbeitet, indem sie eine flexible L\u00f6sung f\u00fcr unterschiedlichste Stromversorgungsanforderungen bieten.<\/p>\n<\/div>\n<div class=\"ProductDescription-Paragraph\">\n<h4 class=\"ProductDescription-ParagraphTitle\">Power over Ethernet (PoE)<\/h4>\n<p>Mit Power over Ethernet k\u00f6nnen Sie kompatible Ger\u00e4te \u00fcber das Netzwerkkabel mit Strom versorgen. Besonders f\u00fcr Endger\u00e4te wie Wireless Access Points, IP-Telefone und IP-Kameras reduziert dies den Verkabelungsaufwand und erm\u00f6glicht Ihnen gleichzeitig eine hohe Flexibilit\u00e4t bei der Platzierung der Endger\u00e4te.<\/p>\n<\/div>\n<div class=\"ProductDescription-Paragraph\">\n<h4 class=\"ProductDescription-ParagraphTitle\">802.3bt PoE++<\/h4>\n<p>Den Standard IEEE 802.3bt bezeichnet man auch als Four-Pair-Power-over-Ethernet (4PPoE) oder PoE++. Durch die Verwendung aller vorhandenen Adern zur Leistungs\u00fcbertragung steigt bei PoE++ die Leistung auf 70 bis 100 Watt. Die Idee von dahinter ist, den ganzen Arbeitsplatz \u00fcber das Datenkabel mit Strom zu versorgen. So k\u00f6nnte man sparsame Rechner mit Bildschirm inklusive Telefon \u00fcber ein einziges LAN-Kabel betreiben.<\/p>\n<\/div>\n","protected":false},"excerpt":{"rendered":"<ul class=\"cds-List cds-List--Bulleted\">\n<li>Anschl\u00fcsse: 8x RJ45, 0x SFP, 0x SFP+, 0x QSFP+, 0x SFP28, x QSFP28<\/li>\n<li>Anzahl PoE Ports: 8, PoE Standard: 802.3af\/at\/bt PoE++ 60Watt, PoE Budget: 52 W<\/li>\n<li>Montage: Desktop; Wand<\/li>\n<li>7x GbE PoE -Ausgangsports, 1x GbE-Port mit optionalem PoE -Eingang (*PoE-Eingang wird f\u00fcr den Switch-Betrieb unterst\u00fctzt, wobei f\u00fcr PoE-Ausgang PoE \/PoE -Eingang oder AC-Strom erforderlich ist)<\/li>\n<li>52W PoE-Verf\u00fcgbarkeit mit dem mitgelieferten AC-Netzteil, 42W PoE-Verf\u00fcgbarkeit mit PoE -Eingang, 16W PoE-Verf\u00fcgbarkeit mit PoE -Eingang<\/li>\n<li>Vollst\u00e4ndige Integration in das UniFi Network ab Version 8.0.7.<\/li>\n<\/ul>\n","protected":false},"featured_media":9932,"comment_status":"closed","ping_status":"closed","template":"","meta":[],"product_brand":[212],"product_cat":[21,168],"product_tag":[],"class_list":{"0":"post-9933","1":"product","2":"type-product","3":"status-publish","4":"has-post-thumbnail","6":"product_brand-ubiquiti","7":"product_cat-it-produkte","8":"product_cat-switch","9":"product_shipping_class-lieferung-basic-audio","11":"first","12":"onbackorder","13":"taxable","14":"shipping-taxable","15":"purchasable","16":"product-type-simple"},"_links":{"self":[{"href":"https:\/\/spuehler-tv.ch\/onlineshop\/wp-json\/wp\/v2\/product\/9933","targetHints":{"allow":["GET"]}}],"collection":[{"href":"https:\/\/spuehler-tv.ch\/onlineshop\/wp-json\/wp\/v2\/product"}],"about":[{"href":"https:\/\/spuehler-tv.ch\/onlineshop\/wp-json\/wp\/v2\/types\/product"}],"replies":[{"embeddable":true,"href":"https:\/\/spuehler-tv.ch\/onlineshop\/wp-json\/wp\/v2\/comments?post=9933"}],"wp:featuredmedia":[{"embeddable":true,"href":"https:\/\/spuehler-tv.ch\/onlineshop\/wp-json\/wp\/v2\/media\/9932"}],"wp:attachment":[{"href":"https:\/\/spuehler-tv.ch\/onlineshop\/wp-json\/wp\/v2\/media?parent=9933"}],"wp:term":[{"taxonomy":"product_brand","embeddable":true,"href":"https:\/\/spuehler-tv.ch\/onlineshop\/wp-json\/wp\/v2\/product_brand?post=9933"},{"taxonomy":"product_cat","embeddable":true,"href":"https:\/\/spuehler-tv.ch\/onlineshop\/wp-json\/wp\/v2\/product_cat?post=9933"},{"taxonomy":"product_tag","embeddable":true,"href":"https:\/\/spuehler-tv.ch\/onlineshop\/wp-json\/wp\/v2\/product_tag?post=9933"}],"curies":[{"name":"wp","href":"https:\/\/api.w.org\/{rel}","templated":true}]}}