{"id":9928,"date":"2024-03-25T09:50:12","date_gmt":"2024-03-25T08:50:12","guid":{"rendered":"https:\/\/spuehler-tv.ch\/onlineshop\/?post_type=product&#038;p=9928"},"modified":"2026-01-06T15:02:01","modified_gmt":"2026-01-06T14:02:01","slug":"vpn-gateway-ucg-ultra-ubiquiti-vpn-router","status":"publish","type":"product","link":"https:\/\/spuehler-tv.ch\/onlineshop\/produkt\/vpn-gateway-ucg-ultra-ubiquiti-vpn-router\/","title":{"rendered":"VPN-Gateway UCG-ULTRA (Ubiquiti) &#8211; VPN Router"},"content":{"rendered":"<h2 class=\"ProductDescription-Title\">Ubiquiti VPN-Gateway UCG-ULTRA<\/h2>\n<h3 class=\"ProductDescription-Subtitle\">UniFi Cloud Gateway Ultra: Sichern Sie Ihr Netzwerk mit Fortschrittlicher Technologie<\/h3>\n<p class=\"ProductDescription-Lead\">Leistungsstarkes und kompaktes Multi-WAN UniFi Cloud Gateway mit einer ganzen Reihe von erweiterten Routing- und Sicherheitsfunktionen.<\/p>\n<div class=\"ProductDescription-Paragraph\">\n<h4 class=\"ProductDescription-ParagraphTitle\">Ubiquiti Networks<\/h4>\n<p>Ubiquiti Networks ist ein amerikanischer Hersteller von leistungsf\u00e4higen Netzwerkkomponenten. Das Ziel von Ubiquiti ist es, hochmoderne und einfach zu implementierende Kommunikationsl\u00f6sungen f\u00fcr einen globalen Kundenstamm bereitzustellen. Die Firma wurde 2005 gegr\u00fcndet und stellte am Anfang WLAN-Adapter f\u00fcr PCs her. Sp\u00e4ter wurde das Angebot um Ger\u00e4te wie WLAN-Router, insbesondere f\u00fcr den Aussenbereich erweitert. Unterdessen werden auch Switche und \u00dcberwachungskameras von der Firma hergestellt. Ubiquiti Produkte \u00fcberzeugen dabei generell durch ihre \u00fcberlegene Leistung, cleveres mechanisches Design und einfache Bedienung.<\/p>\n<\/div>\n<div class=\"ProductDescription-Paragraph\">\n<h4 class=\"ProductDescription-ParagraphTitle\">Erweiterte Sicherheitsmerkmale und Leistungsf\u00e4higkeit<\/h4>\n<p>Das UniFi Cloud Gateway Ultra steht an der Spitze der Netzwerksicherheit und Effizienz. Es ist ausgestattet mit modernsten Sicherheitsmerkmalen, einschliesslich einer fortschrittlichen Firewall und tiefgehender Paketinspektion, um Ihr Netzwerk vor externen Bedrohungen zu sch\u00fctzen. Die integrierte IDS\/IPS-Funktionalit\u00e4t bietet einen zus\u00e4tzlichen Schutz durch Erkennung und Pr\u00e4vention von Netzwerkangriffen, basierend auf neuesten Sicherheitssignaturen. Diese Features sorgen zusammen f\u00fcr eine zuverl\u00e4ssige Abwehr gegen Cyberbedrohungen und gew\u00e4hrleisten die Sicherheit Ihrer Daten.<\/p>\n<\/div>\n<div class=\"ProductDescription-Paragraph\">\n<h4 class=\"ProductDescription-ParagraphTitle\">Zuverl\u00e4ssigkeit durch Redundante WAN-Verbindungen<\/h4>\n<p>F\u00fcr Unternehmen, die eine konstante Internetverbindung ben\u00f6tigen, bietet das UniFi Cloud Gateway Ultra eine L\u00f6sung mit redundanten WAN-Verbindungen. Diese Funktion erm\u00f6glicht es dem Gateway, bei Ausfall einer Verbindung automatisch auf eine alternative WAN-Verbindung umzuschalten, wodurch die Betriebszeit und Zuverl\u00e4ssigkeit des Netzwerks maximiert wird. Diese F\u00e4higkeit zur Failover-Unterst\u00fctzung stellt sicher, dass Ihr Gesch\u00e4ftsbetrieb auch bei Internetst\u00f6rungen reibungslos weiterlaufen kann.<\/p>\n<\/div>\n<div class=\"ProductDescription-Paragraph\">\n<h4 class=\"ProductDescription-ParagraphTitle\">Einfache Verwaltung und Skalierbarkeit<\/h4>\n<p>Das UniFi Cloud Gateway Ultra zeichnet sich durch seine einfache Verwaltung und Skalierbarkeit aus. Es kann nahtlos in das UniFi-Netzwerk-\u00d6kosystem integriert werden, was eine zentrale Verwaltung aller Netzwerkkomponenten \u00fcber die UniFi Network Anwendung erm\u00f6glicht. Dies vereinfacht die Netzwerkverwaltung erheblich, indem es Administratoren erlaubt, Einstellungen zu konfigurieren, Netzwerkstatistiken zu \u00fcberwachen und Firmware-Updates von einer einzigen Schnittstelle aus durchzuf\u00fchren. Die Skalierbarkeit des Gateways macht es zu einer idealen Wahl f\u00fcr wachsende Unternehmen, die ihre Netzwerkinfrastruktur flexibel erweitern m\u00f6chten.<\/p>\n<\/div>\n<div class=\"ProductDescription-Paragraph\">\n<h4 class=\"ProductDescription-ParagraphTitle\">QoS (Quality of Service)<\/h4>\n<p>Die QoS-Funktion dieses Ger\u00e4ts erm\u00f6glicht es Ihnen, Bandbreite f\u00fcr spezifische Ger\u00e4te oder Applikationen zu reservieren. Indem Anwendungs- und Ger\u00e4teinformationen sowie Bandbreitenbedarf erkannt werden, wird garantiert, dass hoch priorisierte Daten automatisch die bestm\u00f6gliche Verbindung erhalten. QoS sorgt auch daf\u00fcr, dass Anwendungen mit niedrigerer Priorit\u00e4t, wie etwa Datei-Downloads, nie komplett zum Stillstand kommen. Dies garantiert Ihnen auch bei einer hohen Auslastung des Netzwerks zuverl\u00e4ssige Leistung f\u00fcr wichtige Anwendungen.<\/p>\n<\/div>\n<div class=\"ProductDescription-Paragraph\">\n<h4 class=\"ProductDescription-ParagraphTitle\">Maximale Diskretion dank VPN-Unterst\u00fctzung<\/h4>\n<p>Das Ger\u00e4t unterst\u00fctzt den Aufbau von VPN-Verbindungen und hilft Ihnen beim Schutz der Privatsph\u00e4re. Sobald f\u00fcr den Internetzugriff ein \u00f6ffentlicher Zugang genutzt wird, kann der Datenverkehr von Dritten leicht mitgelesen werden. Nicht jeder Zugriff l\u00e4sst sich \u00fcber den direkten Weg verschl\u00fcsselt aufbauen, und selbst wenn Sie f\u00fcr bestimmte Vorg\u00e4nge eine verschl\u00fcsselte Verbindung nutzen, bleibt die Information, wohin Sie sich gerade verbunden haben, einsehbar. Ein VPN-Tunnel l\u00f6st beide Probleme, da eine Verschl\u00fcsselung s\u00e4mtlicher Netzwerkpakete m\u00f6glich ist. Derjenige, der den Datenverkehr des \u00f6ffentlichen Zugangs m\u00f6glicherweise mitliest, kann nur noch eine Verbindung zum VPN-Gateway erkennen \u2013 das tats\u00e4chliche Ziel bleibt ihm verborgen.<\/p>\n<\/div>\n","protected":false},"excerpt":{"rendered":"<ul class=\"cds-List cds-List--Bulleted\">\n<li>Anwendungsbereich: Small\/Medium Business<\/li>\n<li>RJ-45 Anschl\u00fcsse: 5 1 Gbit\/s, WAN Anschl\u00fcsse: 1<\/li>\n<li>WLAN Standard: kein WLAN, Frequenzband: Keines GHz, WLAN Geschwindigkeit Max.: kein WLAN Mbit\/s<\/li>\n<li>Betreibt UniFi Network f\u00fcr ein umfassendes Netzwerkmanagement, verwaltet 30 UniFi Network-Ger\u00e4te und 300 Clients<\/li>\n<li>Routing mit 1 Gbps und IDS\/IPS, Multi-WAN-Lastausgleich<\/li>\n<li>0.96&#8243; LCM-Statusanzeige, Stromversorgung \u00fcber USB-C (Adapter im Lieferumfang enthalten)<\/li>\n<\/ul>\n","protected":false},"featured_media":9930,"comment_status":"closed","ping_status":"closed","template":"","meta":[],"product_brand":[212],"product_cat":[21,83,167],"product_tag":[],"class_list":{"0":"post-9928","1":"product","2":"type-product","3":"status-publish","4":"has-post-thumbnail","6":"product_brand-ubiquiti","7":"product_cat-it-produkte","8":"product_cat-controller","9":"product_cat-lan-router","10":"product_shipping_class-lieferung-basic-audio","12":"first","13":"instock","14":"taxable","15":"shipping-taxable","16":"purchasable","17":"product-type-simple"},"_links":{"self":[{"href":"https:\/\/spuehler-tv.ch\/onlineshop\/wp-json\/wp\/v2\/product\/9928","targetHints":{"allow":["GET"]}}],"collection":[{"href":"https:\/\/spuehler-tv.ch\/onlineshop\/wp-json\/wp\/v2\/product"}],"about":[{"href":"https:\/\/spuehler-tv.ch\/onlineshop\/wp-json\/wp\/v2\/types\/product"}],"replies":[{"embeddable":true,"href":"https:\/\/spuehler-tv.ch\/onlineshop\/wp-json\/wp\/v2\/comments?post=9928"}],"wp:featuredmedia":[{"embeddable":true,"href":"https:\/\/spuehler-tv.ch\/onlineshop\/wp-json\/wp\/v2\/media\/9930"}],"wp:attachment":[{"href":"https:\/\/spuehler-tv.ch\/onlineshop\/wp-json\/wp\/v2\/media?parent=9928"}],"wp:term":[{"taxonomy":"product_brand","embeddable":true,"href":"https:\/\/spuehler-tv.ch\/onlineshop\/wp-json\/wp\/v2\/product_brand?post=9928"},{"taxonomy":"product_cat","embeddable":true,"href":"https:\/\/spuehler-tv.ch\/onlineshop\/wp-json\/wp\/v2\/product_cat?post=9928"},{"taxonomy":"product_tag","embeddable":true,"href":"https:\/\/spuehler-tv.ch\/onlineshop\/wp-json\/wp\/v2\/product_tag?post=9928"}],"curies":[{"name":"wp","href":"https:\/\/api.w.org\/{rel}","templated":true}]}}