{"id":9911,"date":"2024-03-21T15:19:19","date_gmt":"2024-03-21T14:19:19","guid":{"rendered":"https:\/\/spuehler-tv.ch\/onlineshop\/?post_type=product&#038;p=9911"},"modified":"2026-01-06T16:52:05","modified_gmt":"2026-01-06T15:52:05","slug":"digitradio-cd-2go-bt-technisat-portabler-cd-spieler-mit-bluetooth-dab","status":"publish","type":"product","link":"https:\/\/spuehler-tv.ch\/onlineshop\/produkt\/digitradio-cd-2go-bt-technisat-portabler-cd-spieler-mit-bluetooth-dab\/","title":{"rendered":"Digitradio CD 2Go BT (Technisat) &#8211; Portabler CD-Spieler mit Bluetooth + DAB+"},"content":{"rendered":"<h2 class=\"ProductDescription-Title\">Technisat CD-Player Digitradio CD 2Go BT Schwarz<\/h2>\n<h3 class=\"ProductDescription-Subtitle\">Tragbarer CD-Player mit DAB+ Radio und Farbdisplay<\/h3>\n<p class=\"ProductDescription-Lead\">Das Digitradio CD 2Go BT ist nicht nur ein mobiler CD-Player mit MP3-Funktion, sondern punktet mit weiteren Abspielm\u00f6glichkeiten. Mit der MODE-Taste w\u00e4hlen Sie zwischen den Musikquellen DAB+, UKW und CD. F\u00fcr Abwechslung ist also gesorgt. Flexibilit\u00e4t ist auch beim Digitradio CD 2Go BT angesagt. Denn Sie geniessen Ihre Lieblingsmusik mit klassischen, kabelgebundenen oder \u2013 dank Bluetooth-Funktion \u2013 kabellosen Kopfh\u00f6rern. So k\u00f6nnen Sie den mobilen CD-Audioplayer auch zum morgendlichen Joggen mitnehmen. Die Anti-Shock-Funktion sorgt f\u00fcr st\u00f6rungsfreie Motivationsmusik. Mit seinem Akku sorgt das Digitradio CD 2Go BT bis zu 5 Stunden f\u00fcr beste Unterhaltung. Das grosse Farbdisplay bietet Platz f\u00fcr alle wichtigen Informationen und die \u00fcbersichtlich angeordneten Tasten sorgen f\u00fcr kinderleichte Bedienung. So macht Musikh\u00f6ren unterwegs Spass.<\/p>\n","protected":false},"excerpt":{"rendered":"<ul class=\"cds-List cds-List--Bulleted\">\n<li>Radio Tuner: DAB+; FM<\/li>\n<li>Verbindungsm\u00f6glichkeiten: Bluetooth\/Kopfh\u00f6rer 3.5mm Klinke<\/li>\n<li>Anti-Shock-Funktion mit Reset-Funktion<\/li>\n<li>Favoritenspeicher je 20 f\u00fcr DAB+ und FM<\/li>\n<\/ul>\n","protected":false},"featured_media":9915,"comment_status":"open","ping_status":"closed","template":"","meta":[],"product_brand":[230],"product_cat":[20,174,173,52],"product_tag":[],"class_list":{"0":"post-9911","1":"product","2":"type-product","3":"status-publish","4":"has-post-thumbnail","6":"product_brand-technisat","7":"product_cat-audio-geraete","8":"product_cat-portabel-audio","9":"product_cat-cd-spieler-portabel","10":"product_cat-audio-portabel","11":"product_shipping_class-lieferung-basic-audio","13":"first","14":"onbackorder","15":"taxable","16":"shipping-taxable","17":"purchasable","18":"product-type-simple"},"_links":{"self":[{"href":"https:\/\/spuehler-tv.ch\/onlineshop\/wp-json\/wp\/v2\/product\/9911","targetHints":{"allow":["GET"]}}],"collection":[{"href":"https:\/\/spuehler-tv.ch\/onlineshop\/wp-json\/wp\/v2\/product"}],"about":[{"href":"https:\/\/spuehler-tv.ch\/onlineshop\/wp-json\/wp\/v2\/types\/product"}],"replies":[{"embeddable":true,"href":"https:\/\/spuehler-tv.ch\/onlineshop\/wp-json\/wp\/v2\/comments?post=9911"}],"wp:featuredmedia":[{"embeddable":true,"href":"https:\/\/spuehler-tv.ch\/onlineshop\/wp-json\/wp\/v2\/media\/9915"}],"wp:attachment":[{"href":"https:\/\/spuehler-tv.ch\/onlineshop\/wp-json\/wp\/v2\/media?parent=9911"}],"wp:term":[{"taxonomy":"product_brand","embeddable":true,"href":"https:\/\/spuehler-tv.ch\/onlineshop\/wp-json\/wp\/v2\/product_brand?post=9911"},{"taxonomy":"product_cat","embeddable":true,"href":"https:\/\/spuehler-tv.ch\/onlineshop\/wp-json\/wp\/v2\/product_cat?post=9911"},{"taxonomy":"product_tag","embeddable":true,"href":"https:\/\/spuehler-tv.ch\/onlineshop\/wp-json\/wp\/v2\/product_tag?post=9911"}],"curies":[{"name":"wp","href":"https:\/\/api.w.org\/{rel}","templated":true}]}}