{"id":9834,"date":"2024-01-31T08:37:51","date_gmt":"2024-01-31T07:37:51","guid":{"rendered":"https:\/\/spuehler-tv.ch\/onlineshop\/?post_type=product&#038;p=9834"},"modified":"2026-01-06T14:47:09","modified_gmt":"2026-01-06T13:47:09","slug":"cxn100-cambridge-audio-hifi-netzwerkplayer-radio-bt-airplay-chromecast","status":"publish","type":"product","link":"https:\/\/spuehler-tv.ch\/onlineshop\/produkt\/cxn100-cambridge-audio-hifi-netzwerkplayer-radio-bt-airplay-chromecast\/","title":{"rendered":"CXN100 (Cambridge Audio) &#8211; HiFi Netzwerkplayer (Radio\/BT\/Airplay\/Chromecast)"},"content":{"rendered":"<p><strong>Leistung belohnen<\/strong><\/p>\n<p>Wir sollten keine Lieblinge haben, aber der CXN100 ist etwas besonderes.<\/p>\n<p>HiFi-Spezialisten und unsere H\u00f6rer liebten das Vorg\u00e4ngermodell. Aber warte nur, bis du unseren neuen CXN100 in 2024 h\u00f6rst.<br \/>\nDer CXN100 verwandelt eine klassische HiFi -Anlage im Handumdrehen in ein zukunftsf\u00e4higes System.<\/p>\n<p>Und da es sich um ein Netzwerkger\u00e4t handelt, kann die Firmware des CXN100 aus der Ferne \u00fcber unsere StreamMagic -App aktualisiert werden, um immer auf dem aktuellsten Software-Stand zu sein.<\/p>\n<p>\u2022 Atemberaubende Klangqualit\u00e4t &#8211; H\u00f6re jedes Detail deiner digitalen Musik<\/p>\n<p>\u2022 ESS ES9028Q2M SABRE32 Referenz-DAC &#8211; f\u00fcr atemberaubende Digital\/Analog-Wandlung<\/p>\n<p>\u2022 StreamMagic Gen4-Modul &#8211; f\u00fcr volle Streaming-F\u00e4higkeiten, inkl. MQA<\/p>\n<p>\u2022 Spotify Connect, TIDAL Connect, Qobuz &amp; Deezer integriert &#8211; f\u00fcr den bestm\u00f6glichen Klang<\/p>\n<p>\u2022 Hochaufl\u00f6sendes Internet-Radio &#8211; dank MPEG-DASH-Unterst\u00fctzung<\/p>\n<p>\u2022 Roon ready &#8211; Quell\u00fcbergreifendes Durchsuchen deiner digitalen Musiksammlung<br \/>\n\u2022 Multiroom-F\u00e4higkeit &#8211; kompatibel mit Google Home, Apple Airplay und RoonMultiroom-Systemen<br \/>\n\u2022 Flexible digitale Konnektivit\u00e4t &#8211; mit USB-Audio, Koaxial &amp; TOSLINK oder drahtlos mit integriertem Chromecast, Apple AirPlay 2 &amp; Bluetooth<br \/>\n\u2022 Gro\u00dfer, hochaufl\u00f6sender Farbbildschirm &#8211; du kannst das Albumcover bequem von deinem Sessel aus betrachten<\/p>\n","protected":false},"excerpt":{"rendered":"<p>Leistung belohnen Wir sollten keine Lieblinge haben, aber der CXN100 ist etwas besonderes. HiFi-Spezialisten und unsere H\u00f6rer liebten das Vorg\u00e4ngermodell. Aber warte nur, bis du unseren neuen CXN100 in 2024 h\u00f6rst. Der CXN100 verwandelt eine klassische HiFi -Anlage im Handumdrehen in ein zukunftsf\u00e4higes System. Und da es sich um ein Netzwerkger\u00e4t handelt, kann die Firmware [&hellip;]<\/p>\n","protected":false},"featured_media":9838,"comment_status":"open","ping_status":"closed","template":"","meta":[],"product_brand":[209],"product_cat":[20,53],"product_tag":[],"class_list":{"0":"post-9834","1":"product","2":"type-product","3":"status-publish","4":"has-post-thumbnail","6":"product_brand-cambridge-audio","7":"product_cat-audio-geraete","8":"product_cat-hifi-komponenten","9":"product_shipping_class-lieferung-basic-audio","11":"first","12":"onbackorder","13":"taxable","14":"shipping-taxable","15":"purchasable","16":"product-type-simple"},"_links":{"self":[{"href":"https:\/\/spuehler-tv.ch\/onlineshop\/wp-json\/wp\/v2\/product\/9834","targetHints":{"allow":["GET"]}}],"collection":[{"href":"https:\/\/spuehler-tv.ch\/onlineshop\/wp-json\/wp\/v2\/product"}],"about":[{"href":"https:\/\/spuehler-tv.ch\/onlineshop\/wp-json\/wp\/v2\/types\/product"}],"replies":[{"embeddable":true,"href":"https:\/\/spuehler-tv.ch\/onlineshop\/wp-json\/wp\/v2\/comments?post=9834"}],"wp:featuredmedia":[{"embeddable":true,"href":"https:\/\/spuehler-tv.ch\/onlineshop\/wp-json\/wp\/v2\/media\/9838"}],"wp:attachment":[{"href":"https:\/\/spuehler-tv.ch\/onlineshop\/wp-json\/wp\/v2\/media?parent=9834"}],"wp:term":[{"taxonomy":"product_brand","embeddable":true,"href":"https:\/\/spuehler-tv.ch\/onlineshop\/wp-json\/wp\/v2\/product_brand?post=9834"},{"taxonomy":"product_cat","embeddable":true,"href":"https:\/\/spuehler-tv.ch\/onlineshop\/wp-json\/wp\/v2\/product_cat?post=9834"},{"taxonomy":"product_tag","embeddable":true,"href":"https:\/\/spuehler-tv.ch\/onlineshop\/wp-json\/wp\/v2\/product_tag?post=9834"}],"curies":[{"name":"wp","href":"https:\/\/api.w.org\/{rel}","templated":true}]}}