{"id":9829,"date":"2024-01-30T11:35:29","date_gmt":"2024-01-30T10:35:29","guid":{"rendered":"https:\/\/spuehler-tv.ch\/onlineshop\/?post_type=product&#038;p=9829"},"modified":"2026-02-23T09:00:47","modified_gmt":"2026-02-23T08:00:47","slug":"uck-g2-ubiquiti-wlan-controller-unifi-cloud-key-gen2","status":"publish","type":"product","link":"https:\/\/spuehler-tv.ch\/onlineshop\/produkt\/uck-g2-ubiquiti-wlan-controller-unifi-cloud-key-gen2\/","title":{"rendered":"UCK-G2 (Ubiquiti) &#8211; WLAN Controller UniFi Cloud Key Gen2"},"content":{"rendered":"<h2 class=\"ProductDescription-Title\">Ubiquiti WLAN Controller UniFi Cloud Key Gen2 UCK-G2<\/h2>\n<h3 class=\"ProductDescription-Subtitle\">High Performance Cloud Key Gen2<\/h3>\n<p class=\"ProductDescription-Lead\">Der UniFi Cloud Key Gen2 ist ein integrierter Hardware-Controller und ein eigenst\u00e4ndiger Anwendungsserver, der Ihnen bei der \u00dcberwachung und Verwaltung Ihrer UniFi-Netzwerkger\u00e4te hilft. Er verf\u00fcgt \u00fcber einen Acht-Kern-Prozessor mit 2 GB RAM und 32 GB eMMC-Flash-Speicher und nutzt die neueste Version des UniFi-Controllers mit Hybrid-Cloud-Technologie.<\/p>\n<div class=\"ProductDescription-Paragraph\">\n<h4 class=\"ProductDescription-ParagraphTitle\">Durchschlagende Effizienz<\/h4>\n<p>Der UniFi Cloud Key Gen2 ist voll funktionsf\u00e4hig f\u00fcr die Konfiguration und Verwaltung von Dutzenden von UniFi-Ger\u00e4ten in Ihrem Netzwerk und bietet einen extrem energiesparenden PoE-Ersatz f\u00fcr einen dedizierten Server oder Computer, der keinen digitalen Fussabdruck hinterl\u00e4sst.<\/p>\n<\/div>\n<div class=\"ProductDescription-Paragraph\">\n<h4 class=\"ProductDescription-ParagraphTitle\">Hybride Cloud-Technologie<\/h4>\n<p>Die Hyprid Cloud-Konfiguration von Ubiquiti bietet ein sicheres, privates SSO (Single Sign-On) f\u00fcr den Zugriff auf alle Ihre UniFi-Implementierungen von \u00fcberall auf der Welt. Mit der Ubiquiti Hybrid Cloud ist ein von Drittanbietern gehosteter Cloud-Service nicht erforderlich, so dass alle Ihre pers\u00f6nlichen Daten und Netzwerkinformationen lokal und sicher bleiben, wie es sein sollte.<\/p>\n<\/div>\n<div class=\"ProductDescription-Paragraph\">\n<h4 class=\"ProductDescription-ParagraphTitle\">Unglaubliche, agile Skalierbarkeit<\/h4>\n<p>F\u00fcgen Sie alle Ihre UniFi-Ger\u00e4te hinzu, stellen Sie sie bereit, konfigurieren Sie sie, \u00fcberwachen und verwalten Sie sie, egal ob in einem oder mehreren hundert privaten Netzwerken \u2013 alles \u00fcber ein zentrales Bedienfeld. Der UniFi Cloud Key Gen2 ist \u00fcber eine der herunterladbaren Apps oder einen Standard-Webbrowser (Chrome empfohlen) leicht zug\u00e4nglich und stellt eine leistungsstarke L\u00f6sung f\u00fcr die Verwaltung Ihrer UniFi-Netzwerke auf dem Campus oder weltweit dar.<\/p>\n<\/div>\n<div class=\"ProductDescription-Paragraph\">\n<h4 class=\"ProductDescription-ParagraphTitle\">Ubiquiti Networks<\/h4>\n<p>Ubiquiti Networks ist ein amerikanischer Hersteller von leistungsf\u00e4higen Netzwerkkomponenten. Das Ziel von Ubiquiti ist es, hochmoderne und einfach zu implementierende Kommunikationsl\u00f6sungen f\u00fcr einen globalen Kundenstamm bereitzustellen. Die Firma wurde 2005 gegr\u00fcndet und stellte am Anfang WLAN-Adapter f\u00fcr PCs her. Sp\u00e4ter wurde das Angebot um Ger\u00e4te wie WLAN-Router, insbesondere f\u00fcr den Aussenbereich erweitert. Unterdessen werden auch Switche und \u00dcberwachungskameras von der Firma hergestellt. Ubiquiti Produkte \u00fcberzeugen dabei generell durch ihre \u00fcberlegene Leistung, cleveres mechanisches Design und einfache Bedienung.<\/p>\n<\/div>\n","protected":false},"excerpt":{"rendered":"<ul class=\"cds-List cds-List--Bulleted\">\n<li>Vollst\u00e4ndig integrierter, eigenst\u00e4ndiger UniFi Controller<\/li>\n<li>Multi-Site-Netzwerkmanagement<\/li>\n<li>Entfernter, privater Cloud-Zugriff auf das UniFi-Netzwerk<\/li>\n<li>F\u00fcr bis zu 50 UniFi-Ger\u00e4te geeignet<\/li>\n<li>Stromversorgung: 802.3af PoE oder USB-C 5V 1A<\/li>\n<li>Bluetooth erm\u00f6glicht eine einfache Einrichtung<\/li>\n<\/ul>\n","protected":false},"featured_media":9830,"comment_status":"closed","ping_status":"closed","template":"","meta":[],"product_brand":[212],"product_cat":[226,143,21,83],"product_tag":[],"class_list":{"0":"post-9829","1":"product","2":"type-product","3":"status-publish","4":"has-post-thumbnail","6":"product_brand-ubiquiti","7":"product_cat-sale","8":"product_cat-austellungsgeraete-spezialangebote","9":"product_cat-it-produkte","10":"product_cat-controller","11":"product_shipping_class-lieferung-basic-audio","13":"first","14":"outofstock","15":"sale","16":"taxable","17":"shipping-taxable","18":"purchasable","19":"product-type-simple"},"_links":{"self":[{"href":"https:\/\/spuehler-tv.ch\/onlineshop\/wp-json\/wp\/v2\/product\/9829","targetHints":{"allow":["GET"]}}],"collection":[{"href":"https:\/\/spuehler-tv.ch\/onlineshop\/wp-json\/wp\/v2\/product"}],"about":[{"href":"https:\/\/spuehler-tv.ch\/onlineshop\/wp-json\/wp\/v2\/types\/product"}],"replies":[{"embeddable":true,"href":"https:\/\/spuehler-tv.ch\/onlineshop\/wp-json\/wp\/v2\/comments?post=9829"}],"wp:featuredmedia":[{"embeddable":true,"href":"https:\/\/spuehler-tv.ch\/onlineshop\/wp-json\/wp\/v2\/media\/9830"}],"wp:attachment":[{"href":"https:\/\/spuehler-tv.ch\/onlineshop\/wp-json\/wp\/v2\/media?parent=9829"}],"wp:term":[{"taxonomy":"product_brand","embeddable":true,"href":"https:\/\/spuehler-tv.ch\/onlineshop\/wp-json\/wp\/v2\/product_brand?post=9829"},{"taxonomy":"product_cat","embeddable":true,"href":"https:\/\/spuehler-tv.ch\/onlineshop\/wp-json\/wp\/v2\/product_cat?post=9829"},{"taxonomy":"product_tag","embeddable":true,"href":"https:\/\/spuehler-tv.ch\/onlineshop\/wp-json\/wp\/v2\/product_tag?post=9829"}],"curies":[{"name":"wp","href":"https:\/\/api.w.org\/{rel}","templated":true}]}}