{"id":9826,"date":"2024-01-30T11:21:00","date_gmt":"2024-01-30T10:21:00","guid":{"rendered":"https:\/\/spuehler-tv.ch\/onlineshop\/?post_type=product&#038;p=9826"},"modified":"2026-02-05T13:54:07","modified_gmt":"2026-02-05T12:54:07","slug":"unifi-gateway-lite-uxg-ubiquiti-vpn-router","status":"publish","type":"product","link":"https:\/\/spuehler-tv.ch\/onlineshop\/produkt\/unifi-gateway-lite-uxg-ubiquiti-vpn-router\/","title":{"rendered":"UniFi Gateway Lite UXG (Ubiquiti) &#8211; VPN Router"},"content":{"rendered":"<h2 class=\"ProductDescription-Title\">Ubiquiti VPN-Router Gateway Lite UXG<\/h2>\n<h3 class=\"ProductDescription-Subtitle\">Leistungsstarker Sicherheits- und Netzwerk-Router<\/h3>\n<p class=\"ProductDescription-Lead\">Gateway Lite UXG-Lite ist ein Netzwerk-Gateway, speziell entwickelt f\u00fcr die Anwendung in kleinen bis mittelgrossen Netzwerken. Es bietet erweiterte Netzwerksicherheits- und Managementfunktionen.<\/p>\n<div class=\"ProductDescription-Paragraph\">\n<h4 class=\"ProductDescription-ParagraphTitle\">Netzwerk-Sicherheitsfunktionen<\/h4>\n<p>Das UXG-Lite bietet umfassende Sicherheitsfunktionen wie eine anwendungsbezogene Firewall, Signature-basierte IPS\/IDS (Intrusion Prevention\/Detection System) f\u00fcr Bedrohungserkennung, sowie Content-, Land-, Domain- und Werbefilterung.<\/p>\n<\/div>\n<div class=\"ProductDescription-Paragraph\">\n<h4 class=\"ProductDescription-ParagraphTitle\">Integration in das UniFi-Netzwerk<\/h4>\n<p>Es ist f\u00fcr die Verwendung mit der UniFi Network-Version 8.0.7 und sp\u00e4ter ausgelegt, was eine reibungslose Integration in bestehende UniFi-Netzwerke erm\u00f6glicht.<\/p>\n<\/div>\n<div class=\"ProductDescription-Paragraph\">\n<h4 class=\"ProductDescription-ParagraphTitle\">QoS (Quality of Service)<\/h4>\n<p>Die QoS-Funktion dieses Ger\u00e4ts erm\u00f6glicht es Ihnen, Bandbreite f\u00fcr spezifische Ger\u00e4te oder Applikationen zu reservieren. Indem Anwendungs- und Ger\u00e4teinformationen sowie Bandbreitenbedarf erkannt werden, wird garantiert, dass hoch priorisierte Daten automatisch die bestm\u00f6gliche Verbindung erhalten. QoS sorgt auch daf\u00fcr, dass Anwendungen mit niedrigerer Priorit\u00e4t, wie etwa Datei-Downloads, nie komplett zum Stillstand kommen. Dies garantiert Ihnen auch bei einer hohen Auslastung des Netzwerks zuverl\u00e4ssige Leistung f\u00fcr wichtige Anwendungen.<\/p>\n<\/div>\n<div class=\"ProductDescription-Paragraph\">\n<h4 class=\"ProductDescription-ParagraphTitle\">Ubiquiti Networks<\/h4>\n<p>Ubiquiti Networks ist ein amerikanischer Hersteller von leistungsf\u00e4higen Netzwerkkomponenten. Das Ziel von Ubiquiti ist es, hochmoderne und einfach zu implementierende Kommunikationsl\u00f6sungen f\u00fcr einen globalen Kundenstamm bereitzustellen. Die Firma wurde 2005 gegr\u00fcndet und stellte am Anfang WLAN-Adapter f\u00fcr PCs her. Sp\u00e4ter wurde das Angebot um Ger\u00e4te wie WLAN-Router, insbesondere f\u00fcr den Aussenbereich erweitert. Unterdessen werden auch Switche und \u00dcberwachungskameras von der Firma hergestellt. Ubiquiti Produkte \u00fcberzeugen dabei generell durch ihre \u00fcberlegene Leistung, cleveres mechanisches Design und einfache Bedienung.<\/p>\n<\/div>\n<div class=\"ProductDescription-Paragraph\">\n<h4 class=\"ProductDescription-ParagraphTitle\">Maximale Diskretion dank VPN-Unterst\u00fctzung<\/h4>\n<p>Das Ger\u00e4t unterst\u00fctzt den Aufbau von VPN-Verbindungen und hilft Ihnen beim Schutz der Privatsph\u00e4re. Sobald f\u00fcr den Internetzugriff ein \u00f6ffentlicher Zugang genutzt wird, kann der Datenverkehr von Dritten leicht mitgelesen werden. Nicht jeder Zugriff l\u00e4sst sich \u00fcber den direkten Weg verschl\u00fcsselt aufbauen, und selbst wenn Sie f\u00fcr bestimmte Vorg\u00e4nge eine verschl\u00fcsselte Verbindung nutzen, bleibt die Information, wohin Sie sich gerade verbunden haben, einsehbar. Ein VPN-Tunnel l\u00f6st beide Probleme, da eine Verschl\u00fcsselung s\u00e4mtlicher Netzwerkpakete m\u00f6glich ist. Derjenige, der den Datenverkehr des \u00f6ffentlichen Zugangs m\u00f6glicherweise mitliest, kann nur noch eine Verbindung zum VPN-Gateway erkennen \u2013 das tats\u00e4chliche Ziel bleibt ihm verborgen.<\/p>\n<\/div>\n","protected":false},"excerpt":{"rendered":"<ul class=\"cds-List cds-List--Bulleted\">\n<li>Anwendungsbereich: Home; Small\/Medium Business<\/li>\n<li>RJ-45 Anschl\u00fcsse: 2 10\/100\/1000 Mbit\/s, WAN Anschl\u00fcsse: 1<\/li>\n<li>WLAN Standard: kein WLAN, Frequenzband: Keines GHz, WLAN Geschwindigkeit Max.: kein WLAN Mbit\/s<\/li>\n<li>Quality of Service (QoS) Management<\/li>\n<li>VPN und Advanced Networking<\/li>\n<li>Unterst\u00fctzung f\u00fcr Internet-Failover und Berichterstattung<\/li>\n<\/ul>\n","protected":false},"featured_media":9827,"comment_status":"closed","ping_status":"closed","template":"","meta":[],"product_brand":[212],"product_cat":[21,226,143,167],"product_tag":[],"class_list":{"0":"post-9826","1":"product","2":"type-product","3":"status-publish","4":"has-post-thumbnail","6":"product_brand-ubiquiti","7":"product_cat-it-produkte","8":"product_cat-sale","9":"product_cat-austellungsgeraete-spezialangebote","10":"product_cat-lan-router","11":"product_shipping_class-lieferung-basic-audio","13":"first","14":"instock","15":"sale","16":"taxable","17":"shipping-taxable","18":"purchasable","19":"product-type-simple"},"_links":{"self":[{"href":"https:\/\/spuehler-tv.ch\/onlineshop\/wp-json\/wp\/v2\/product\/9826","targetHints":{"allow":["GET"]}}],"collection":[{"href":"https:\/\/spuehler-tv.ch\/onlineshop\/wp-json\/wp\/v2\/product"}],"about":[{"href":"https:\/\/spuehler-tv.ch\/onlineshop\/wp-json\/wp\/v2\/types\/product"}],"replies":[{"embeddable":true,"href":"https:\/\/spuehler-tv.ch\/onlineshop\/wp-json\/wp\/v2\/comments?post=9826"}],"wp:featuredmedia":[{"embeddable":true,"href":"https:\/\/spuehler-tv.ch\/onlineshop\/wp-json\/wp\/v2\/media\/9827"}],"wp:attachment":[{"href":"https:\/\/spuehler-tv.ch\/onlineshop\/wp-json\/wp\/v2\/media?parent=9826"}],"wp:term":[{"taxonomy":"product_brand","embeddable":true,"href":"https:\/\/spuehler-tv.ch\/onlineshop\/wp-json\/wp\/v2\/product_brand?post=9826"},{"taxonomy":"product_cat","embeddable":true,"href":"https:\/\/spuehler-tv.ch\/onlineshop\/wp-json\/wp\/v2\/product_cat?post=9826"},{"taxonomy":"product_tag","embeddable":true,"href":"https:\/\/spuehler-tv.ch\/onlineshop\/wp-json\/wp\/v2\/product_tag?post=9826"}],"curies":[{"name":"wp","href":"https:\/\/api.w.org\/{rel}","templated":true}]}}