{"id":9805,"date":"2024-01-26T15:14:37","date_gmt":"2024-01-26T14:14:37","guid":{"rendered":"https:\/\/spuehler-tv.ch\/onlineshop\/?post_type=product&#038;p=9805"},"modified":"2026-01-06T17:14:44","modified_gmt":"2026-01-06T16:14:44","slug":"whp5327-thomson-over-ear-tv-funkkopfhoerer-mit-station","status":"publish","type":"product","link":"https:\/\/spuehler-tv.ch\/onlineshop\/produkt\/whp5327-thomson-over-ear-tv-funkkopfhoerer-mit-station\/","title":{"rendered":"WHP5327 (Thomson) &#8211; Over-Ear TV Funkkopfh\u00f6rer mit Station"},"content":{"rendered":"<p class=\"h4\">PRODUKT-HIGHLIGHTS<\/p>\n<p><strong>Thomson WHP5327 TV-Funkkopfh\u00f6rer, Over-Ear, digital, rauschfrei, Ladestation<br \/>\n<\/strong><\/p>\n<div class=\"marketing-texts-tab mb-15\">\n<ul>\n<li>Funkkopfh\u00f6rer mit ausgezeichneter und rauschfreier digitaler \u00dcbertragung f\u00fcr kabellosen H\u00f6rgenuss in hoher Qualit\u00e4t f\u00fcr z.B. TV oder HiFi<\/li>\n<li>einfache Installation und Bedienung durch integrierte Lautst\u00e4rkeregelung am Kopfh\u00f6rer<\/li>\n<li>integrierte Ladestation, welche als Halterung f\u00fcr den Kopfh\u00f6rer bei Nichtgebrauch dient<\/li>\n<li>bis zu 8 Stunden erstklassiger Musikgenuss mit austauschbaren Akkus<\/li>\n<li>angenehmer Tragekomfort durch weich gepolsterte Ohrmuscheln und verstellbares Kopfband<\/li>\n<li>sowohl analoge als auch digitale Eing\u00e4nge (umschaltbar) am Sender f\u00fcr maximale M\u00f6glichkeiten der \u00dcbertragungsquellen (TV, HiFi, mobile Ger\u00e4te wie MP3, Smartphone\/Tablet und PC\/Notebook)<\/li>\n<li>Digitaleingang kann sowohl koaxial als auch optisch genutzt werden, um rauschfreie Quellen mit geringsten Zeitverz\u00f6gerungen zu \u00fcbertragen (z.B. TV h\u00f6ren zu TV sehen)<\/li>\n<li>wahlweise kann der Kopfh\u00f6rer auch kabelgebunden genutzt werden (f\u00fcr unterwegs z.B. f\u00fcr Smartphone oder MP3)<\/li>\n<li>Reichweite: ca. 20 m bei freier Sicht, 10-15 m in Geb\u00e4uden (je nach Umgebungsbedingungen)<\/li>\n<\/ul>\n<\/div>\n<div class=\"mb-15 desc\">\n<p>\u00a0 \u00a0Funkkopfh\u00f6rer mit ausgezeichneter und rauschfreier digitaler \u00dcbertragung f\u00fcr kabellosen H\u00f6rgenuss in hoher Qualit\u00e4t f\u00fcr z.B. TV oder HiFi<strong><br \/>\n<\/strong><\/p>\n<ul>\n<li>\u00a0\u00a0\u00a0einfache Installation und Bedienung durch integrierte Lautst\u00e4rkeregelung am Kopfh\u00f6rer<\/li>\n<li>\u00a0\u00a0\u00a0integrierte Ladestation, welche als Halterung f\u00fcr den Kopfh\u00f6rer bei Nichtgebrauch dient<\/li>\n<li>\u00a0\u00a0\u00a0bis zu 8 Stunden erstklassiger Musikgenuss mit austauschbaren Akkus<\/li>\n<li>\u00a0\u00a0\u00a0angenehmer Tragekomfort durch weich gepolsterte Ohrmuscheln und verstellbares Kopfband<\/li>\n<li>\u00a0\u00a0\u00a0sowohl analoge als auch digitale Eing\u00e4nge (umschaltbar) am Sender f\u00fcr maximale M\u00f6glichkeiten der \u00dcbertragungsquellen (TV, HiFi, mobile Ger\u00e4te wie MP3, Smartphone\/Tablet und PC\/Notebook)<\/li>\n<li>\u00a0\u00a0\u00a0Digitaleingang kann sowohl koaxial als auch optisch genutzt werden, um rauschfreie Quellen mit geringsten Zeitverz\u00f6gerungen zu \u00fcbertragen (z.B. TV h\u00f6ren zu TV sehen)<\/li>\n<li>\u00a0\u00a0\u00a0wahlweise kann der Kopfh\u00f6rer auch kabelgebunden genutzt werden (f\u00fcr unterwegs z.B. f\u00fcr Smartphone oder MP3)<\/li>\n<li>\u00a0\u00a0\u00a0Reichweite: ca. 20 m bei freier Sicht, 10-15 m in Geb\u00e4uden (je nach Umgebungsbedingungen)<\/li>\n<li>\u00a0\u00a0\u00a0automatische Abschaltung des Senders bzw. des Kopfh\u00f6rers, wenn nach 5 Minuten kein Eingangssignal erfolgt<\/li>\n<li>\u00a0\u00a0\u00a0kontinuierlicher Frequenzwechsel (\u00dcbertragung) um andere st\u00f6rende Signale zu verhindern und die Privatsph\u00e4re zu optimieren<\/li>\n<li>\u00a0\u00a0\u00a0Ladewarnanzeige bei niedrigem Akkustand<\/li>\n<li>\u00a0\u00a0\u00a0Signalst\u00e4rkeanpassung (Sender) zwischen mobilen (z.B. Smartphone) oder station\u00e4ren Ger\u00e4ten (z.B. TV\/HiFi) f\u00fcr ein optimales Eingangssignal<\/li>\n<\/ul>\n<\/div>\n","protected":false},"excerpt":{"rendered":"<p>PRODUKT-HIGHLIGHTS Thomson WHP5327 TV-Funkkopfh\u00f6rer, Over-Ear, digital, rauschfrei, Ladestation Funkkopfh\u00f6rer mit ausgezeichneter und rauschfreier digitaler \u00dcbertragung f\u00fcr kabellosen H\u00f6rgenuss in hoher Qualit\u00e4t f\u00fcr z.B. TV oder HiFi einfache Installation und Bedienung durch integrierte Lautst\u00e4rkeregelung am Kopfh\u00f6rer integrierte Ladestation, welche als Halterung f\u00fcr den Kopfh\u00f6rer bei Nichtgebrauch dient bis zu 8 Stunden erstklassiger Musikgenuss mit austauschbaren Akkus [&hellip;]<\/p>\n","protected":false},"featured_media":9806,"comment_status":"closed","ping_status":"closed","template":"","meta":[],"product_brand":[236],"product_cat":[57],"product_tag":[],"class_list":{"0":"post-9805","1":"product","2":"type-product","3":"status-publish","4":"has-post-thumbnail","6":"product_brand-thomson","7":"product_cat-kopfhoerer-hoerhilfen","9":"first","10":"onbackorder","11":"taxable","12":"shipping-taxable","13":"purchasable","14":"product-type-simple"},"_links":{"self":[{"href":"https:\/\/spuehler-tv.ch\/onlineshop\/wp-json\/wp\/v2\/product\/9805","targetHints":{"allow":["GET"]}}],"collection":[{"href":"https:\/\/spuehler-tv.ch\/onlineshop\/wp-json\/wp\/v2\/product"}],"about":[{"href":"https:\/\/spuehler-tv.ch\/onlineshop\/wp-json\/wp\/v2\/types\/product"}],"replies":[{"embeddable":true,"href":"https:\/\/spuehler-tv.ch\/onlineshop\/wp-json\/wp\/v2\/comments?post=9805"}],"wp:featuredmedia":[{"embeddable":true,"href":"https:\/\/spuehler-tv.ch\/onlineshop\/wp-json\/wp\/v2\/media\/9806"}],"wp:attachment":[{"href":"https:\/\/spuehler-tv.ch\/onlineshop\/wp-json\/wp\/v2\/media?parent=9805"}],"wp:term":[{"taxonomy":"product_brand","embeddable":true,"href":"https:\/\/spuehler-tv.ch\/onlineshop\/wp-json\/wp\/v2\/product_brand?post=9805"},{"taxonomy":"product_cat","embeddable":true,"href":"https:\/\/spuehler-tv.ch\/onlineshop\/wp-json\/wp\/v2\/product_cat?post=9805"},{"taxonomy":"product_tag","embeddable":true,"href":"https:\/\/spuehler-tv.ch\/onlineshop\/wp-json\/wp\/v2\/product_tag?post=9805"}],"curies":[{"name":"wp","href":"https:\/\/api.w.org\/{rel}","templated":true}]}}