{"id":9800,"date":"2024-01-26T15:04:27","date_gmt":"2024-01-26T14:04:27","guid":{"rendered":"https:\/\/spuehler-tv.ch\/onlineshop\/?post_type=product&#038;p=9800"},"modified":"2026-01-06T15:39:41","modified_gmt":"2026-01-06T14:39:41","slug":"rs120-w-sennheiser-over-ear-tv-funkkopfhoerer-mit-station","status":"publish","type":"product","link":"https:\/\/spuehler-tv.ch\/onlineshop\/produkt\/rs120-w-sennheiser-over-ear-tv-funkkopfhoerer-mit-station\/","title":{"rendered":"RS120-W (Sennheiser) &#8211; Over-Ear TV Funkkopfh\u00f6rer mit Station"},"content":{"rendered":"<p>Mit dem RS 120-W erh\u00e4lt der RS 120 einen w\u00fcrdigen Nachfolger mit optimierten Funktionen. So ist und bleibt Fernsehen auch stets Klanggenuss. Die drahtlose LE Audio-Technologie \u00fcbertr\u00e4gt Sprache und Musik in ausgezeichneter Qualit\u00e4t. Drei Klangmodi &#8211; \u201eSprache\u201c, \u201eMusik\u201c und \u201eNeutral\u201c &#8211; sorgen f\u00fcr massgeschneiderten Klang. Das intuitiv bedienbare Pegelr\u00e4dchen an der Muschel, der hohe Tragekomfort, 60 Meter Reichweite und 20 Stunden Akkulaufzeit machen den RS 120-W zum zuverl\u00e4ssigen Begleiter f\u00fcr das t\u00e4gliche Fernsehvergn\u00fcgen.<\/p>\n","protected":false},"excerpt":{"rendered":"<p>Mit dem RS 120-W erh\u00e4lt der RS 120 einen w\u00fcrdigen Nachfolger mit optimierten Funktionen. So ist und bleibt Fernsehen auch stets Klanggenuss. Die drahtlose LE Audio-Technologie \u00fcbertr\u00e4gt Sprache und Musik in ausgezeichneter Qualit\u00e4t. Drei Klangmodi &#8211; \u201eSprache\u201c, \u201eMusik\u201c und \u201eNeutral\u201c &#8211; sorgen f\u00fcr massgeschneiderten Klang. Das intuitiv bedienbare Pegelr\u00e4dchen an der Muschel, der hohe Tragekomfort, [&hellip;]<\/p>\n","protected":false},"featured_media":9801,"comment_status":"closed","ping_status":"closed","template":"","meta":[],"product_brand":[221],"product_cat":[57],"product_tag":[],"class_list":{"0":"post-9800","1":"product","2":"type-product","3":"status-publish","4":"has-post-thumbnail","6":"product_brand-sennheiser","7":"product_cat-kopfhoerer-hoerhilfen","9":"first","10":"onbackorder","11":"taxable","12":"shipping-taxable","13":"purchasable","14":"product-type-simple"},"_links":{"self":[{"href":"https:\/\/spuehler-tv.ch\/onlineshop\/wp-json\/wp\/v2\/product\/9800","targetHints":{"allow":["GET"]}}],"collection":[{"href":"https:\/\/spuehler-tv.ch\/onlineshop\/wp-json\/wp\/v2\/product"}],"about":[{"href":"https:\/\/spuehler-tv.ch\/onlineshop\/wp-json\/wp\/v2\/types\/product"}],"replies":[{"embeddable":true,"href":"https:\/\/spuehler-tv.ch\/onlineshop\/wp-json\/wp\/v2\/comments?post=9800"}],"wp:featuredmedia":[{"embeddable":true,"href":"https:\/\/spuehler-tv.ch\/onlineshop\/wp-json\/wp\/v2\/media\/9801"}],"wp:attachment":[{"href":"https:\/\/spuehler-tv.ch\/onlineshop\/wp-json\/wp\/v2\/media?parent=9800"}],"wp:term":[{"taxonomy":"product_brand","embeddable":true,"href":"https:\/\/spuehler-tv.ch\/onlineshop\/wp-json\/wp\/v2\/product_brand?post=9800"},{"taxonomy":"product_cat","embeddable":true,"href":"https:\/\/spuehler-tv.ch\/onlineshop\/wp-json\/wp\/v2\/product_cat?post=9800"},{"taxonomy":"product_tag","embeddable":true,"href":"https:\/\/spuehler-tv.ch\/onlineshop\/wp-json\/wp\/v2\/product_tag?post=9800"}],"curies":[{"name":"wp","href":"https:\/\/api.w.org\/{rel}","templated":true}]}}