{"id":9552,"date":"2023-11-27T11:44:08","date_gmt":"2023-11-27T10:44:08","guid":{"rendered":"https:\/\/spuehler-tv.ch\/onlineshop\/?post_type=product&#038;p=9552"},"modified":"2025-01-14T10:31:24","modified_gmt":"2025-01-14T09:31:24","slug":"microsdhc-karte-canvas-select-plus","status":"publish","type":"product","link":"https:\/\/spuehler-tv.ch\/onlineshop\/produkt\/microsdhc-karte-canvas-select-plus\/","title":{"rendered":"microSDHC\/XC-Karte Canvas Select Plus (Kingston) &#8211; Micro SD Karte 32GB (HC) ab 64GB (XC) &#8211; 512GB inkl. SD Adapter"},"content":{"rendered":"<h2 class=\"ProductDescription-Title\">Kingston microSDHC-Karte Canvas Select Plus<\/h2>\n<h3 class=\"ProductDescription-Subtitle\">SD-Karte, Class 10 U1 UHS-I V10<\/h3>\n<div class=\"ProductDescription-BulletPoints\">\n<ul class=\"cds-List cds-List--Bulleted\">\n<li>Lesen: 100 MB\/s, Schreiben: 85 MB\/s<\/li>\n<li>Geschwindigkeitsklasse: Class 10, U1, UHS-I, V10<\/li>\n<li>Optimiert f\u00fcr Android-Ger\u00e4te<\/li>\n<li>F\u00fcr Aufnahmen von hochaufl\u00f6senden Fotos sowie das Filmen und Bearbeiten von Full-HD-Videos<\/li>\n<li>Robust und langlebig<\/li>\n<li>Inkl. SD-Adapter<\/li>\n<\/ul>\n<\/div>\n<p class=\"ProductDescription-Lead\">Die Kingston Canvas Select Plus microSD ist mit Android-Ger\u00e4ten kompatibel und verf\u00fcgt \u00fcber eine Leistung der Klasse A1. Sie bietet eine h\u00f6here Geschwindigkeit und Kapazit\u00e4t um Apps schneller zu laden und Fotos und Videos mit Kapazit\u00e4ten bis 512GB aufzunehmen. Die leistungsstarke, schnelle und langlebige Canvas Select Plus microSD wurde f\u00fcr zuverl\u00e4ssige Aufnahmen und Entwicklungen von hochaufl\u00f6senden Fotos sowie f\u00fcr das Filmen und Bearbeiten von Full-HD-Videos entwickelt. Kingston Canvas Karten wurden in den rauesten Umgebungen und unter h\u00e4rtesten Bedingungen auf Langlebigkeit getestet und stellen damit sicher, dass Ihre Fotos, Videos und Dateien gesch\u00fctzt sind, wo auch immer Sie mit der Karte unterwegs sind.<\/p>\n<div class=\"ProductDescription-Paragraph\">\n<h4 class=\"ProductDescription-ParagraphTitle\">Video Speed Class<\/h4>\n<p>Die Video Speed Class umfasst die f\u00fcnf Geschwindigkeitsstufen V6, V10, V30, V60 und V90, wobei die Zahl jeweils die Mindestschreibrate in Megabyte pro Sekunde (MB\/s) angibt. Indem Sie ein Ger\u00e4t mit Video Speed Class-Kennzeichen und eine SD-Speicherkarte mit dem gleichen Video Speed Class-Kennzeichen kombinieren, lassen sich Erinnerungen in bester Qualit\u00e4t festhalten. Die schnellsten Optionen V60 und V90 unterst\u00fctzen 8K-Aufl\u00f6sung, w\u00e4hrend V6, V10 und V30 Full HD- und 4K-Aufl\u00f6sung zuverl\u00e4ssig erfassen.<\/p>\n<\/div>\n<div class=\"ProductDescription-Paragraph\">\n<h4 class=\"ProductDescription-ParagraphTitle\">Speedclass 10<\/h4>\n<p>Die Speed Class gibt Aufschluss \u00fcber die minimale, kontinuierliche Daten\u00fcbertragung beim Schreiben von Videodateien auf eine Speicherkarte. Die Speed Class Nummer zeigt die \u00dcbertragungsrate in Megabytes pro Sekunde an. Class 2 Karten sind f\u00fcr eine minimale, kontinuierliche \u00dcbertragungsrate von 2 MB\/s ausgelegt und Class 10 f\u00fcr eine minimale, kontinuierliche \u00dcbertragungsrate von 10 MB\/s. Die Geschwindigkeitsklasse wird in die Klassen 2, 4, 6 und 10 unterteilt. F\u00fcr Full HD-Video (1080p) wird mindestens Class 6 empfohlen.<\/p>\n<\/div>\n<div class=\"ProductDescription-Paragraph\">\n<h4 class=\"ProductDescription-ParagraphTitle\">UHS-I Bussystem<\/h4>\n<p>UHS-I-f\u00e4hige SD-Karten erm\u00f6glichen theoretische Daten\u00fcbertragungsgeschwindigkeiten von bis zu 104 MB\/s. Die Geschwindigkeitsklasse wird als U1 oder U3 angegeben: U1 f\u00fcr Full-HD-Videos \u2013 und U3 f\u00fcr 4K-Videos. Speicherkarten mit Unterst\u00fctzung f\u00fcr UHS-I sind abw\u00e4rtskompatibel und in Ger\u00e4ten ohne UHS-Unterst\u00fctzung einsetzbar (mit begrenzter Leistung).<\/p>\n<\/div>\n","protected":false},"excerpt":{"rendered":"<h3 class=\"ProductDescription-Subtitle\">Micro SD-HC Karte<\/h3>\n","protected":false},"featured_media":9563,"comment_status":"open","ping_status":"closed","template":"","meta":[],"product_brand":[],"product_cat":[72,162],"product_tag":[],"class_list":{"0":"post-9552","1":"product","2":"type-product","3":"status-publish","4":"has-post-thumbnail","6":"product_cat-handy-zubehoer","7":"product_cat-speicherkarten-sd-cards","9":"first","10":"instock","11":"taxable","12":"shipping-taxable","13":"purchasable","14":"product-type-variable","15":"has-default-attributes","16":"rtwpvg-product"},"_links":{"self":[{"href":"https:\/\/spuehler-tv.ch\/onlineshop\/wp-json\/wp\/v2\/product\/9552","targetHints":{"allow":["GET"]}}],"collection":[{"href":"https:\/\/spuehler-tv.ch\/onlineshop\/wp-json\/wp\/v2\/product"}],"about":[{"href":"https:\/\/spuehler-tv.ch\/onlineshop\/wp-json\/wp\/v2\/types\/product"}],"replies":[{"embeddable":true,"href":"https:\/\/spuehler-tv.ch\/onlineshop\/wp-json\/wp\/v2\/comments?post=9552"}],"wp:featuredmedia":[{"embeddable":true,"href":"https:\/\/spuehler-tv.ch\/onlineshop\/wp-json\/wp\/v2\/media\/9563"}],"wp:attachment":[{"href":"https:\/\/spuehler-tv.ch\/onlineshop\/wp-json\/wp\/v2\/media?parent=9552"}],"wp:term":[{"taxonomy":"product_brand","embeddable":true,"href":"https:\/\/spuehler-tv.ch\/onlineshop\/wp-json\/wp\/v2\/product_brand?post=9552"},{"taxonomy":"product_cat","embeddable":true,"href":"https:\/\/spuehler-tv.ch\/onlineshop\/wp-json\/wp\/v2\/product_cat?post=9552"},{"taxonomy":"product_tag","embeddable":true,"href":"https:\/\/spuehler-tv.ch\/onlineshop\/wp-json\/wp\/v2\/product_tag?post=9552"}],"curies":[{"name":"wp","href":"https:\/\/api.w.org\/{rel}","templated":true}]}}