{"id":9546,"date":"2023-11-27T11:25:37","date_gmt":"2023-11-27T10:25:37","guid":{"rendered":"https:\/\/spuehler-tv.ch\/onlineshop\/?post_type=product&#038;p=9546"},"modified":"2026-01-06T17:21:23","modified_gmt":"2026-01-06T16:21:23","slug":"slidecopy-pro-dnt-foto-und-dia-kombiscanner-4-in-1","status":"publish","type":"product","link":"https:\/\/spuehler-tv.ch\/onlineshop\/produkt\/slidecopy-pro-dnt-foto-und-dia-kombiscanner-4-in-1\/","title":{"rendered":"SlideCopy PRO (DNT) &#8211; Foto- und Dia-Kombiscanner 4-in-1"},"content":{"rendered":"<h2 class=\"ProductDescription-Title\">dnt Foto- und Dia-Kombiscanner 4-in-1, SlideCopy PRO<\/h2>\n<h3 class=\"ProductDescription-Subtitle\">Albumscanner, Buchscanner, Fotoalbumscanner, Diascanner, Negativscanner, Fotoscanner<\/h3>\n<div class=\"ProductDescription-BulletPoints\">\n<ul class=\"cds-List cds-List--Bulleted\">\n<li>Scannt praktischerweise direkt aus Fotoalben, B\u00fcchern, Magazinen und Zeitschriften<\/li>\n<li>Digitalisiert schnell und einfach Negativ-Filme und gerahmte Dias<\/li>\n<li>Grosses XL 12.7 cm IPS-LC (5&#8243;) Display mit Vorschaufunktion<\/li>\n<li>Unterst\u00fctzte Foto-Nenngr\u00f6ssen: 10 x 15 cm, 9 x 13 cm, 10 x 10 cm, 10.6 x 8.2 cm, 8.6 x 5.4 cm<\/li>\n<li>Speichert Scans direkt auf optional erh\u00e4ltliche SD\/SDHC-Speicherkarte (bis zu 32 GB)<\/li>\n<li>Moderner USB-Typ-C-Anschluss f\u00fcr optionalen Dateitransfer zum PC\/Notebook<\/li>\n<\/ul>\n<\/div>\n<p class=\"ProductDescription-Lead\">Digitalisieren Sie auf Knopfdruck eingeklebte Bilder aus dem Fotoalbum, ohne sie entnehmen zu m\u00fcssen und ersparen Sie sich so Besch\u00e4digungen am kostbaren Bildmaterial. Mit dem leistungsf\u00e4higen Kombiscanner SlideCopy PRO retten Sie alte Bildaufnahmen, Zeitungsausschnitte, Dias, Negative (Pocket- und Instamatic-Filme) ohne den Einsatz eines PCs oder einer PC-Software einfach ins digitale Zeitalter.<\/p>\n<div class=\"ProductDescription-Paragraph\">\n<h4 class=\"ProductDescription-ParagraphTitle\">Universaler Kombi-Bildscanner<\/h4>\n<p>Mit den bereits mitgelieferten Film-\/Diahaltern (Typ 135\/126\/110) digitalisieren Sie ebenfalls auf Knopfdruck Ihre sch\u00f6nsten Aufnahmen von Familienfeiern und Reisen. Dank der mitgelieferten Foto-Auflage bzw. dem Foto-Halterungsrahmen k\u00f6nnen Sie zudem auch komfortabel Ihre lose Fotosammlung digitalisieren und f\u00fcr kommende Generationen sicher aufbewahren. Gezielte Bildscans aus alten Magazinen oder aufbewahrten Zeitungsanzeigen sind mit diesem praktischen universellen Kombi-Bildscanner ebenfalls kein Problem.<\/p>\n<\/div>\n<div class=\"ProductDescription-Paragraph\">\n<h4 class=\"ProductDescription-ParagraphTitle\">Kinderleichte Inbetriebnahme<\/h4>\n<p>Mit dem leistungsf\u00e4higen und akkubetriebenen 4-in-1 Kombi-Scanner SlideCopy PRO retten Sie in hochaufl\u00f6sender Bildqualit\u00e4t alte Bildaufnahmen, Zeitungsausschnitte, Dias und Film-Negative ohne den Einsatz eines PCs oder einer PC-Software einfach ins digitale Zeitalter. Via grossem und blickwinkelstabilem 12.7-cm-IPS-LC-Display (5&#8243;) k\u00f6nnen Sie das Scan-Ergebnis stets sofort kontrollieren \u2013 dabei steht es Ihnen jederzeit frei, alternativ via HDMI-Verbindung das Ger\u00e4t auch an einem grossen TV-Bildschirm zu bedienen. Die Scans werden v\u00f6llig autark auf eine optional einzusetzende SD-Speicherkarte archiviert<\/p>\n<\/div>\n","protected":false},"excerpt":{"rendered":"<h3 class=\"ProductDescription-Subtitle\">Der Ideale Begleiter f\u00fcr das digitalisieren Ihrer Lieblingsbilder!<\/h3>\n<p><span style=\"color: #ff0000;\"><strong>(ACHTUNG ben\u00f6tigt eine SD-Karte! &#8211; Optional erh\u00e4ltlich)<\/strong><\/span><\/p>\n","protected":false},"featured_media":9547,"comment_status":"open","ping_status":"closed","template":"","meta":[],"product_brand":[241],"product_cat":[161],"product_tag":[],"class_list":{"0":"post-9546","1":"product","2":"type-product","3":"status-publish","4":"has-post-thumbnail","6":"product_brand-dnt","7":"product_cat-fotoscanner-dia-negative","9":"first","10":"onbackorder","11":"taxable","12":"shipping-taxable","13":"purchasable","14":"product-type-simple"},"_links":{"self":[{"href":"https:\/\/spuehler-tv.ch\/onlineshop\/wp-json\/wp\/v2\/product\/9546","targetHints":{"allow":["GET"]}}],"collection":[{"href":"https:\/\/spuehler-tv.ch\/onlineshop\/wp-json\/wp\/v2\/product"}],"about":[{"href":"https:\/\/spuehler-tv.ch\/onlineshop\/wp-json\/wp\/v2\/types\/product"}],"replies":[{"embeddable":true,"href":"https:\/\/spuehler-tv.ch\/onlineshop\/wp-json\/wp\/v2\/comments?post=9546"}],"wp:featuredmedia":[{"embeddable":true,"href":"https:\/\/spuehler-tv.ch\/onlineshop\/wp-json\/wp\/v2\/media\/9547"}],"wp:attachment":[{"href":"https:\/\/spuehler-tv.ch\/onlineshop\/wp-json\/wp\/v2\/media?parent=9546"}],"wp:term":[{"taxonomy":"product_brand","embeddable":true,"href":"https:\/\/spuehler-tv.ch\/onlineshop\/wp-json\/wp\/v2\/product_brand?post=9546"},{"taxonomy":"product_cat","embeddable":true,"href":"https:\/\/spuehler-tv.ch\/onlineshop\/wp-json\/wp\/v2\/product_cat?post=9546"},{"taxonomy":"product_tag","embeddable":true,"href":"https:\/\/spuehler-tv.ch\/onlineshop\/wp-json\/wp\/v2\/product_tag?post=9546"}],"curies":[{"name":"wp","href":"https:\/\/api.w.org\/{rel}","templated":true}]}}