{"id":9462,"date":"2023-11-09T17:11:12","date_gmt":"2023-11-09T16:11:12","guid":{"rendered":"https:\/\/spuehler-tv.ch\/onlineshop\/?post_type=product&#038;p=9462"},"modified":"2026-03-27T16:29:16","modified_gmt":"2026-03-27T15:29:16","slug":"meisterstueck-gen2-sonoro-kompaktanlage-cd-dab-internetradio-bluetooth-streaming-div-farben","status":"publish","type":"product","link":"https:\/\/spuehler-tv.ch\/onlineshop\/produkt\/meisterstueck-gen2-sonoro-kompaktanlage-cd-dab-internetradio-bluetooth-streaming-div-farben\/","title":{"rendered":"Meisterst\u00fcck GEN2 (Sonoro) &#8211; Kompaktanlage CD \/ DAB+ \/ Internetradio \/ Bluetooth \/ Streaming Div. Farben"},"content":{"rendered":"<p>SOUND. DESIGNED. Beim MEISTERST\u00dcCK (Gen.2) trifft kraftvoller Sound auf das ikonische sonoro Design wie das handgeschliffene, mit hochwertigem Lack veredelte Holzgeh\u00e4use oder die in einem langwierigen Prozess mit feinster Detailarbeit lasergeschnittene, aus einem St\u00fcck hergestellte Aluminiumfront mit schwebender Optik \u2013 gestaltet und entwickelt in Deutschland.<\/p>\n<p>Das MEISTERST\u00dcCK (Gen.2) im ikonisch designten Geh\u00e4use verbergen sich ein kraftvoller Subwoofer sowie vier Hochleistungs-Lautsprecher. Gemeinsam mit der Dynamic Bass Funktion zur optimierten Basswiedergabe sorgt das 2.1-System f\u00fcr einen unvergleichlichen, perfekt ausbalancierten und kr\u00e4ftigen Klang.<\/p>\n<p>Vielfalt in einem System. Mit einer Bandbreite von Optionen, die von kabelgebundenen Anschl\u00fcssen wie HDMI (eARC), USB-A und USB-C, AUX-in sowie dem digitalen optischen Eingang bis hin zu modernen kabellosen Verbindungsstandards wie WLAN, bidirektionalem Bluetooth, Apple AirPlay \u00a0oder Chromecast reichen, bietet das MEISTERST\u00dcCK (Gen.2) eine erstaunliche Flexibilit\u00e4t. Dar\u00fcber hinaus an Bord: ein integrierter CD-Player, DAB+ und Internet-Radio sowie mehrere Streaming-Services wie Spotify Connect oder TIDAL Connect. Diese vielseitige Auswahl erm\u00f6glicht es, die bevorzugten Ger\u00e4te m\u00fchelos anzuschliessen und ein Musik-Erlebnis auf h\u00f6chstem Niveau zu geniessen.<\/p>\n<p>Die Einf\u00fchrung einer neuen, verbesserten Benutzerf\u00fchrung und einem 4 Zoll grossen Display gestaltet die Bedienung direkt am Ger\u00e4t mit seinen zahlreichen Direktwahltasten oder \u00fcber die neue Fernbedienung deutlich intuitiver. Dar\u00fcber hinaus bietet das MEISTERST\u00dcCK (Gen.2) die M\u00f6glichkeit der Steuerung \u00fcber die sonoro audio App. Mithilfe einer Raumkorrektur-App werden Raummoden minimiert und zahlreiche voreingestellte Equalizer stehen zur Verf\u00fcgung, um die optimale Einrichtung zu erleichtern.<\/p>\n","protected":false},"excerpt":{"rendered":"<ul>\n<li>HDMI (eARC)<\/li>\n<li>5 separate Class-D Verst\u00e4rker<\/li>\n<li>Raumkorrektur App (iOS, ab Iphone 6)<\/li>\n<li>Apple Airplay<\/li>\n<li>4&#8243; Farbdisplay mit optimierten Kontrast<\/li>\n<li>Sonoro Audio App<\/li>\n<li>Smart Home ready<\/li>\n<\/ul>\n","protected":false},"featured_media":9476,"comment_status":"open","ping_status":"closed","template":"","meta":[],"product_brand":[225],"product_cat":[20,33,50],"product_tag":[],"class_list":{"0":"post-9462","1":"product","2":"type-product","3":"status-publish","4":"has-post-thumbnail","6":"product_brand-sonoro","7":"product_cat-audio-geraete","8":"product_cat-audio-stationaer","9":"product_cat-hifi-anlage-micro-midi","10":"product_shipping_class-lieferung-basic-audio","12":"first","13":"onbackorder","14":"taxable","15":"shipping-taxable","16":"purchasable","17":"product-type-variable","18":"has-default-attributes","19":"rtwpvg-product"},"_links":{"self":[{"href":"https:\/\/spuehler-tv.ch\/onlineshop\/wp-json\/wp\/v2\/product\/9462","targetHints":{"allow":["GET"]}}],"collection":[{"href":"https:\/\/spuehler-tv.ch\/onlineshop\/wp-json\/wp\/v2\/product"}],"about":[{"href":"https:\/\/spuehler-tv.ch\/onlineshop\/wp-json\/wp\/v2\/types\/product"}],"replies":[{"embeddable":true,"href":"https:\/\/spuehler-tv.ch\/onlineshop\/wp-json\/wp\/v2\/comments?post=9462"}],"wp:featuredmedia":[{"embeddable":true,"href":"https:\/\/spuehler-tv.ch\/onlineshop\/wp-json\/wp\/v2\/media\/9476"}],"wp:attachment":[{"href":"https:\/\/spuehler-tv.ch\/onlineshop\/wp-json\/wp\/v2\/media?parent=9462"}],"wp:term":[{"taxonomy":"product_brand","embeddable":true,"href":"https:\/\/spuehler-tv.ch\/onlineshop\/wp-json\/wp\/v2\/product_brand?post=9462"},{"taxonomy":"product_cat","embeddable":true,"href":"https:\/\/spuehler-tv.ch\/onlineshop\/wp-json\/wp\/v2\/product_cat?post=9462"},{"taxonomy":"product_tag","embeddable":true,"href":"https:\/\/spuehler-tv.ch\/onlineshop\/wp-json\/wp\/v2\/product_tag?post=9462"}],"curies":[{"name":"wp","href":"https:\/\/api.w.org\/{rel}","templated":true}]}}