{"id":9419,"date":"2023-11-02T10:18:00","date_gmt":"2023-11-02T09:18:00","guid":{"rendered":"https:\/\/spuehler-tv.ch\/onlineshop\/?post_type=product&#038;p=9419"},"modified":"2026-01-06T17:36:27","modified_gmt":"2026-01-06T16:36:27","slug":"piccollo-suisse-edision-hevc265-dvb-s2-satelliten-receiver-dvb-c-receiver-kombo","status":"publish","type":"product","link":"https:\/\/spuehler-tv.ch\/onlineshop\/produkt\/piccollo-suisse-edision-hevc265-dvb-s2-satelliten-receiver-dvb-c-receiver-kombo\/","title":{"rendered":"PICCOLLO-SUISSE (Edision) &#8211; HEVC265 DVB-S2 Satelliten-Receiver + DVB-C Receiver (Kombo)"},"content":{"rendered":"<p><span style=\"font-family: Arial; font-size: small;\">Der Piccollo S2+T2\/C ist ein HD combo Receiver H.265\/HEVC f\u00fcr den Empfang von Satellit, Kabel &amp; DVB-T. Der Piccollo bietet Ihnen schnelle Umschaltzeiten, Full HD, LAN, Kartenleser sowie einen CI Slot. Ein weiteres absolutes Highlight ist das Streamen von TV, Filmen, Musik oder Bildern vom Receiver auf Ihr Android Smartphone oder Tablet. Sie ben\u00f6tigen hierf\u00fcr die kostenlosen Apps Big2Small und den MX Player schon schicken Sie Daten vom Piccollo an Ihr Smartphone oder umgekehrt. Ausserdem unterst\u00fctzt er auch die neue DVB-T2 Empfangstechnik H.265\/HEVC.<\/span><\/p>\n<p><strong>Anwendungen:<\/strong><\/p>\n<ul>\n<li>YouTube<\/li>\n<li>RSS<\/li>\n<li>Weather<\/li>\n<li>Google Maps \u2013 FTP<\/li>\n<li>Web-TV<\/li>\n<li>DLNA<\/li>\n<li>Big2Small<\/li>\n<\/ul>\n<p>&nbsp;<\/p>\n","protected":false},"excerpt":{"rendered":"<p><span style=\"color: #ff0000;\"><strong>Vorprogrammiert mit Schweizer Senderliste f\u00fcr Sie!<\/strong> <\/span><\/p>\n<p>Astra \/ Hotbird (Wechselbar)<\/p>\n<p>f\u00fcr den Empfang von SRG Programmen ist eine SRG-Sataccess Karte n\u00f6tig! (Separat erh\u00e4ltlich)<\/p>\n","protected":false},"featured_media":9421,"comment_status":"closed","ping_status":"closed","template":"","meta":[],"product_brand":[247],"product_cat":[63],"product_tag":[],"class_list":{"0":"post-9419","1":"product","2":"type-product","3":"status-publish","4":"has-post-thumbnail","6":"product_brand-edision","7":"product_cat-satellitenreceiver-dvb-s","8":"product_shipping_class-lieferung-basic-audio","10":"first","11":"instock","12":"taxable","13":"shipping-taxable","14":"purchasable","15":"product-type-simple"},"_links":{"self":[{"href":"https:\/\/spuehler-tv.ch\/onlineshop\/wp-json\/wp\/v2\/product\/9419","targetHints":{"allow":["GET"]}}],"collection":[{"href":"https:\/\/spuehler-tv.ch\/onlineshop\/wp-json\/wp\/v2\/product"}],"about":[{"href":"https:\/\/spuehler-tv.ch\/onlineshop\/wp-json\/wp\/v2\/types\/product"}],"replies":[{"embeddable":true,"href":"https:\/\/spuehler-tv.ch\/onlineshop\/wp-json\/wp\/v2\/comments?post=9419"}],"wp:featuredmedia":[{"embeddable":true,"href":"https:\/\/spuehler-tv.ch\/onlineshop\/wp-json\/wp\/v2\/media\/9421"}],"wp:attachment":[{"href":"https:\/\/spuehler-tv.ch\/onlineshop\/wp-json\/wp\/v2\/media?parent=9419"}],"wp:term":[{"taxonomy":"product_brand","embeddable":true,"href":"https:\/\/spuehler-tv.ch\/onlineshop\/wp-json\/wp\/v2\/product_brand?post=9419"},{"taxonomy":"product_cat","embeddable":true,"href":"https:\/\/spuehler-tv.ch\/onlineshop\/wp-json\/wp\/v2\/product_cat?post=9419"},{"taxonomy":"product_tag","embeddable":true,"href":"https:\/\/spuehler-tv.ch\/onlineshop\/wp-json\/wp\/v2\/product_tag?post=9419"}],"curies":[{"name":"wp","href":"https:\/\/api.w.org\/{rel}","templated":true}]}}