{"id":9393,"date":"2023-10-24T14:22:52","date_gmt":"2023-10-24T13:22:52","guid":{"rendered":"https:\/\/spuehler-tv.ch\/onlineshop\/?post_type=product&#038;p=9393"},"modified":"2026-02-23T09:46:19","modified_gmt":"2026-02-23T08:46:19","slug":"unifi-dream-machine-router-ubiquiti-wlan-mesh-router","status":"publish","type":"product","link":"https:\/\/spuehler-tv.ch\/onlineshop\/produkt\/unifi-dream-machine-router-ubiquiti-wlan-mesh-router\/","title":{"rendered":"UniFi Dream Machine Router (Ubiquiti) &#8211; WLAN Mesh Router"},"content":{"rendered":"<h2 class=\"ProductDescription-Title\">Ubiquiti Mesh-Router UniFi Dream Machine<\/h2>\n<h3 class=\"ProductDescription-Subtitle\">UniFi Dream Machine 4&#215;4 Mu-MiMo Wave2 WLAN-Router mit integriertem WLAN-Controller Cloud-Key und USG VPN-Router<\/h3>\n<div class=\"ProductDescription-BulletPoints\">\n<ul class=\"cds-List cds-List--Bulleted\">\n<li>Anwendungsbereich: Home; Small\/Medium Business<\/li>\n<li>RJ-45 Anschl\u00fcsse: 4 1 Gbit\/s<\/li>\n<li>WAN Anschl\u00fcsse: 1<\/li>\n<li>WLAN Standard: IEEE 802.11ac (Wi-Fi 5); IEEE 802.11ac Wave 2; IEEE 802.11b (Wi-Fi 2); IEEE 802.11g (Wi-Fi 3); IEEE 802.11n (Wi-Fi 4)<\/li>\n<li>Frequenzband: 2.4 GHz\/5 GHz, WLAN Geschwindigkeit Max.: 2000 Mbit\/s<\/li>\n<\/ul>\n<\/div>\n<p class=\"ProductDescription-Lead\">All-in-one-Ger\u00e4t mit Access Point, 4-Port-Switch und Security-Gateway mit IDS\/IPS und DPI. Alles, was Sie f\u00fcr ein kleines kabelgebundenes und Wi-Fi-Netzwerk ben\u00f6tigen. UniFi Dream Machine (UDM) ist die einfachste M\u00f6glichkeit, UniFi in Privathaushalten und Unternehmen einzuf\u00fchren. Die UDM umfasst alles, was Sie f\u00fcr ein kleines kabelgebundenes oder Wi-Fi-Netzwerk ben\u00f6tigen. Sie ist einfach zu verwenden und bietet dennoch alle Vorteile von UniFi f\u00fcr Privathaushalte und Unternehmen.<\/p>\n<div class=\"ProductDescription-Paragraph\">\n<h4 class=\"ProductDescription-ParagraphTitle\">Integrierte 4&#215;4 Enterprise AP<\/h4>\n<p>Der UDM liefert das erforderliche Hochleistungs-Wi-Fi und passt als Teil des gesamten Unternehmensnetzes in Umgebungen mit hoher Dichte.<\/p>\n<\/div>\n<div class=\"ProductDescription-Paragraph\">\n<h4 class=\"ProductDescription-ParagraphTitle\">Integrierter Security Gateway<\/h4>\n<p>Der UDM bietet fortschrittliche Firewall-Richtlinien und persistentes Bedrohungsmanagement, um als Intrusion Prevention System (IPS) und Intrusion Detection System (IDS) zu fungieren.<\/p>\n<\/div>\n<div class=\"ProductDescription-Paragraph\">\n<h4 class=\"ProductDescription-ParagraphTitle\">Integrierter Cloud Key<\/h4>\n<p>Der UniFi Network Controller kann UniFi-Ger\u00e4te bereitstellen, Netzwerke abbilden und den Systemverkehr schnell verwalten.<\/p>\n<\/div>\n<div class=\"ProductDescription-Paragraph\">\n<h4 class=\"ProductDescription-ParagraphTitle\">Integrierter Gigabit-Switch<\/h4>\n<p>Der UDM bietet einen verwalteten 4-Port-Gigabit-Switch, so dass Sie problemlos Netzwerkspeicher oder verkabelte Client-Ger\u00e4te hinzuf\u00fcgen k\u00f6nnen.<\/p>\n<\/div>\n<div class=\"ProductDescription-Paragraph\">\n<h4 class=\"ProductDescription-ParagraphTitle\">UniFi-Netzwerk-Controller mit intuitiver Benutzeroberfl\u00e4che<\/h4>\n<p>Eine zentralisierte Verwaltungssoftware mit einer grafischen Benutzeroberfl\u00e4che bietet eine einfache Einrichtung und bequeme Kontrolle.<\/p>\n<\/div>\n<div class=\"ProductDescription-Paragraph\">\n<h4 class=\"ProductDescription-ParagraphTitle\">WLAN-Standard 802.11ac<\/h4>\n<p>Der WLAN-Standard 802.11ac bietet Ihnen bis zu doppelt so viel Datendurchsatz wie \u00e4ltere Standards. Die Steigerung gelingt zum einem, indem die \u00dcbertragungsbandbreite verbreitert wurde. Zus\u00e4tzlich l\u00e4sst sich mit 802.11ac die Anzahl der parallelen Datenstr\u00f6me (Multiple Input Multiple Output, kurz: MIMO) auf bis zu acht MIMO-Streams erh\u00f6hen, w\u00e4hrend im 802.11n-Standard maximal vier MIMO-Streams definiert sind. Auch grosse Datenbrocken wie Videos und Backups stellen mit dieser WLAN-Geschwindigkeit kein Problem dar.<\/p>\n<\/div>\n<div class=\"ProductDescription-Paragraph\">\n<h4 class=\"ProductDescription-ParagraphTitle\">QoS (Quality of Service)<\/h4>\n<p>Die QoS-Funktion dieses Ger\u00e4ts erm\u00f6glicht es Ihnen, Bandbreite f\u00fcr spezifische Ger\u00e4te oder Applikationen zu reservieren. Indem Anwendungs- und Ger\u00e4teinformationen sowie Bandbreitenbedarf erkannt werden, wird garantiert, dass hoch priorisierte Daten automatisch die bestm\u00f6gliche Verbindung erhalten. QoS sorgt auch daf\u00fcr, dass Anwendungen mit niedrigerer Priorit\u00e4t, wie etwa Datei-Downloads, nie komplett zum Stillstand kommen. Dies garantiert Ihnen auch bei einer hohen Auslastung des Netzwerks zuverl\u00e4ssige Leistung f\u00fcr wichtige Anwendungen.<\/p>\n<\/div>\n<div class=\"ProductDescription-Paragraph\">\n<h4 class=\"ProductDescription-ParagraphTitle\">Ubiquiti Networks<\/h4>\n<p>Ubiquiti Networks ist ein amerikanischer Hersteller von leistungsf\u00e4higen Netzwerkkomponenten. Das Ziel von Ubiquiti ist es, hochmoderne und einfach zu implementierende Kommunikationsl\u00f6sungen f\u00fcr einen globalen Kundenstamm bereitzustellen. Die Firma wurde 2005 gegr\u00fcndet und stellte am Anfang WLAN-Adapter f\u00fcr PCs her. Sp\u00e4ter wurde das Angebot um Ger\u00e4te wie WLAN-Router, insbesondere f\u00fcr den Aussenbereich erweitert. Unterdessen werden auch Switche und \u00dcberwachungskameras von der Firma hergestellt. Ubiquiti Produkte \u00fcberzeugen dabei generell durch ihre \u00fcberlegene Leistung, cleveres mechanisches Design und einfache Bedienung.<\/p>\n<\/div>\n<div class=\"ProductDescription-Paragraph\">\n<h4 class=\"ProductDescription-ParagraphTitle\">Multi-User MIMO\/ MU-MIMO<\/h4>\n<p>Als Teil der Wave 2-Weiterentwicklung des 802.11ac-Standards wurde die Multi-User-MIMO-Technik eingef\u00fchrt. Durch die Nutzung von Multi-User-MIMO kann dieses Ger\u00e4t Daten an mehrere Ger\u00e4te gleichzeitig streamen. Damit kann Ihr WLAN-Netzwerk schnelleren Durchsatz zu jedem angebundenen Client liefern. Das bedeutet schnellere Downloads und verz\u00f6gerungsfreies Streaming f\u00fcr Ihre Ger\u00e4te.<\/p>\n<\/div>\n<div class=\"ProductDescription-Paragraph\">\n<h4 class=\"ProductDescription-ParagraphTitle\">Maximale Diskretion dank VPN-Unterst\u00fctzung<\/h4>\n<p>Das Ger\u00e4t unterst\u00fctzt den Aufbau von VPN-Verbindungen und hilft Ihnen beim Schutz der Privatsph\u00e4re. Sobald f\u00fcr den Internetzugriff ein \u00f6ffentlicher Zugang genutzt wird, kann der Datenverkehr von Dritten leicht mitgelesen werden. Nicht jeder Zugriff l\u00e4sst sich \u00fcber den direkten Weg verschl\u00fcsselt aufbauen, und selbst wenn Sie f\u00fcr bestimmte Vorg\u00e4nge eine verschl\u00fcsselte Verbindung nutzen, bleibt die Information, wohin Sie sich gerade verbunden haben, einsehbar. Ein VPN-Tunnel l\u00f6st beide Probleme, da eine Verschl\u00fcsselung s\u00e4mtlicher Netzwerkpakete m\u00f6glich ist. Derjenige, der den Datenverkehr des \u00f6ffentlichen Zugangs m\u00f6glicherweise mitliest, kann nur noch eine Verbindung zum VPN-Gateway erkennen \u2013 das tats\u00e4chliche Ziel bleibt ihm verborgen.<\/p>\n<\/div>\n<p><iframe loading=\"lazy\" title=\"UniFi Dream Machine - the BEST WiFi router (Review and Advanced Setup)\" width=\"980\" height=\"551\" src=\"https:\/\/www.youtube.com\/embed\/BezoNUflqXo?feature=oembed\" frameborder=\"0\" allow=\"accelerometer; autoplay; clipboard-write; encrypted-media; gyroscope; picture-in-picture; web-share\" referrerpolicy=\"strict-origin-when-cross-origin\" allowfullscreen><\/iframe><\/p>\n","protected":false},"excerpt":{"rendered":"<p>Ideal f\u00fcr kleine UniFi Netzwerke! Inkl. Cloud Key f\u00fcr Verwaltung Ihres Netzwerk.<\/p>\n","protected":false},"featured_media":9400,"comment_status":"closed","ping_status":"closed","template":"","meta":[],"product_brand":[212],"product_cat":[83,66],"product_tag":[],"class_list":{"0":"post-9393","1":"product","2":"type-product","3":"status-publish","4":"has-post-thumbnail","6":"product_brand-ubiquiti","7":"product_cat-controller","8":"product_cat-wlan-router","9":"product_shipping_class-lieferung-basic-audio","11":"first","12":"onbackorder","13":"taxable","14":"shipping-taxable","15":"purchasable","16":"product-type-simple"},"_links":{"self":[{"href":"https:\/\/spuehler-tv.ch\/onlineshop\/wp-json\/wp\/v2\/product\/9393","targetHints":{"allow":["GET"]}}],"collection":[{"href":"https:\/\/spuehler-tv.ch\/onlineshop\/wp-json\/wp\/v2\/product"}],"about":[{"href":"https:\/\/spuehler-tv.ch\/onlineshop\/wp-json\/wp\/v2\/types\/product"}],"replies":[{"embeddable":true,"href":"https:\/\/spuehler-tv.ch\/onlineshop\/wp-json\/wp\/v2\/comments?post=9393"}],"wp:featuredmedia":[{"embeddable":true,"href":"https:\/\/spuehler-tv.ch\/onlineshop\/wp-json\/wp\/v2\/media\/9400"}],"wp:attachment":[{"href":"https:\/\/spuehler-tv.ch\/onlineshop\/wp-json\/wp\/v2\/media?parent=9393"}],"wp:term":[{"taxonomy":"product_brand","embeddable":true,"href":"https:\/\/spuehler-tv.ch\/onlineshop\/wp-json\/wp\/v2\/product_brand?post=9393"},{"taxonomy":"product_cat","embeddable":true,"href":"https:\/\/spuehler-tv.ch\/onlineshop\/wp-json\/wp\/v2\/product_cat?post=9393"},{"taxonomy":"product_tag","embeddable":true,"href":"https:\/\/spuehler-tv.ch\/onlineshop\/wp-json\/wp\/v2\/product_tag?post=9393"}],"curies":[{"name":"wp","href":"https:\/\/api.w.org\/{rel}","templated":true}]}}