{"id":9388,"date":"2023-10-24T14:05:40","date_gmt":"2023-10-24T13:05:40","guid":{"rendered":"https:\/\/spuehler-tv.ch\/onlineshop\/?post_type=product&#038;p=9388"},"modified":"2026-01-06T14:12:58","modified_gmt":"2026-01-06T13:12:58","slug":"42mod9001z-metzblue-107cm-uhd-oled-tv-google-tv","status":"publish","type":"product","link":"https:\/\/spuehler-tv.ch\/onlineshop\/produkt\/42mod9001z-metzblue-107cm-uhd-oled-tv-google-tv\/","title":{"rendered":"42MOD9001Z (MetzBlue) &#8211; 107cm UHD OLED TV &#8211; Google TV"},"content":{"rendered":"<h2><b>METZ blue 42MOD9001 &#8211; Fortschrittlicher OLED Fernseher mit Google TV<\/b><\/h2>\n<p>Erleben Sie Fernsehen in lebensechten Farben mit perfektem Schwarz und satten Kontrasten. Das 120-Hz-Panel in OLED-Bildtechnologie mit Ultra HD-Aufl\u00f6sung steuert \u00fcber 8 Millionen Bildpunkte einzeln an. Dabei werden alle g\u00e4ngigen HDR-Formate inkl. Dolby Vision\u00ae unterst\u00fctzt und machen Fernsehen zum Erlebnis. Das integrierte 2.1 Soundsystem mit integriertem Subwoofer bietet zwei zus\u00e4tzliche Top-Effekt-Lautsprecher und f\u00fcgt sich nahtlos in das schlanke Design ein. Neben dem integrierten Triple-Tuner zum klassischen TV-Empfang sorgt Google TV f\u00fcr grenzenloses Smart TV-Vergn\u00fcgen.<\/p>\n","protected":false},"excerpt":{"rendered":"<p><span style=\"font-family: Arial;\"><span style=\"font-size: small;\">mit HDR,\u00a0DVB-C\/T2\/S2-Tuner,\u00a01 CI+ Schacht, EPG, USB-Recording,\u00a04 HDMI.<\/span><\/span><\/p>\n","protected":false},"featured_media":9389,"comment_status":"closed","ping_status":"closed","template":"","meta":[],"product_brand":[205],"product_cat":[19,84],"product_tag":[],"class_list":{"0":"post-9388","1":"product","2":"type-product","3":"status-publish","4":"has-post-thumbnail","6":"product_brand-metz-blue","7":"product_cat-tv-geraete","8":"product_cat-oled-tv-42-107cm","9":"product_shipping_class-kein-versand-moeglich-kontaktieren-sie-uns-unter-044-886-86-86-oder-per-mail-lieferung-basic-moeglich","11":"first","12":"instock","13":"taxable","14":"shipping-taxable","15":"purchasable","16":"product-type-simple"},"_links":{"self":[{"href":"https:\/\/spuehler-tv.ch\/onlineshop\/wp-json\/wp\/v2\/product\/9388","targetHints":{"allow":["GET"]}}],"collection":[{"href":"https:\/\/spuehler-tv.ch\/onlineshop\/wp-json\/wp\/v2\/product"}],"about":[{"href":"https:\/\/spuehler-tv.ch\/onlineshop\/wp-json\/wp\/v2\/types\/product"}],"replies":[{"embeddable":true,"href":"https:\/\/spuehler-tv.ch\/onlineshop\/wp-json\/wp\/v2\/comments?post=9388"}],"wp:featuredmedia":[{"embeddable":true,"href":"https:\/\/spuehler-tv.ch\/onlineshop\/wp-json\/wp\/v2\/media\/9389"}],"wp:attachment":[{"href":"https:\/\/spuehler-tv.ch\/onlineshop\/wp-json\/wp\/v2\/media?parent=9388"}],"wp:term":[{"taxonomy":"product_brand","embeddable":true,"href":"https:\/\/spuehler-tv.ch\/onlineshop\/wp-json\/wp\/v2\/product_brand?post=9388"},{"taxonomy":"product_cat","embeddable":true,"href":"https:\/\/spuehler-tv.ch\/onlineshop\/wp-json\/wp\/v2\/product_cat?post=9388"},{"taxonomy":"product_tag","embeddable":true,"href":"https:\/\/spuehler-tv.ch\/onlineshop\/wp-json\/wp\/v2\/product_tag?post=9388"}],"curies":[{"name":"wp","href":"https:\/\/api.w.org\/{rel}","templated":true}]}}