{"id":9277,"date":"2023-09-04T08:06:06","date_gmt":"2023-09-04T07:06:06","guid":{"rendered":"https:\/\/spuehler-tv.ch\/onlineshop\/?post_type=product&#038;p=9277"},"modified":"2026-01-06T14:47:09","modified_gmt":"2026-01-06T13:47:09","slug":"evo-cd-cambridge-audio-cd-player","status":"publish","type":"product","link":"https:\/\/spuehler-tv.ch\/onlineshop\/produkt\/evo-cd-cambridge-audio-cd-player\/","title":{"rendered":"EVO CD (Cambridge Audio) &#8211; CD-Player"},"content":{"rendered":"<div id=\"product-commerce\" class=\"product-commerce sticky-element stick-element-active\">\n<div class=\"uk-container\">\n<div class=\"uk-grid-wrapper uk-grid uk-grid-stack\">\n<div class=\"product-commerce product-commerce-wrapper uk-first-column\">\n<div class=\"product-commerce__purchase uk-width-1-2@l\">\n<div class=\"ecommerce-wrapper\">\n<article class=\"product-commerce__add-to-cart\">\n<div class=\"product-commerce__description-container-mobile\">\n<div class=\"brand\"><span class=\"brand brand--heavy\">EVO\u00a0<\/span><span class=\"brand brand--light\">CD<\/span><\/div>\n<h2 class=\"product-commerce__strapline\">CD-Laufwerk<\/h2>\n<\/div>\n<\/article>\n<\/div>\n<\/div>\n<\/div>\n<\/div>\n<\/div>\n<\/div>\n<div id=\"product-tabs\" class=\"product-tabs\">\n<div class=\"uk-margin-medium-top\">\n<ul class=\"uk-switcher\" role=\"presentation\">\n<li id=\"uk-tab-10-tabpanel-0\" class=\"product-overview uk-active\" role=\"tabpanel\" aria-labelledby=\"uk-tab-10-tab-0\">\n<div class=\"paragraph paragraph--type--image-container paragraph--view-mode--default wide\">\n<div class=\"uk-container\">\n<div class=\"paragraph paragraph--image uk-container uk-container-large\"><img loading=\"lazy\" decoding=\"async\" src=\"https:\/\/www.cambridgeaudio.com\/sites\/default\/files\/styles\/responsive_1500w\/public\/media\/images\/evocd_2560x1440.jpg.webp?itok=fc7frk0I\" alt=\"Evo CD setup\" width=\"1400\" height=\"788\" data-srcset=\"\/sites\/default\/files\/styles\/responsive_125w\/public\/media\/images\/evocd_2560x1440.jpg.webp?itok=po0hzpJc 125w,\/sites\/default\/files\/styles\/responsive_250w\/public\/media\/images\/evocd_2560x1440.jpg.webp?itok=0RhugpFE 250w,\/sites\/default\/files\/styles\/responsive_500w\/public\/media\/images\/evocd_2560x1440.jpg.webp?itok=5Yw9l3Be 500w,\/sites\/default\/files\/styles\/responsive_1000w\/public\/media\/images\/evocd_2560x1440.jpg.webp?itok=Uxi9nnfb 1000w,\/sites\/default\/files\/styles\/responsive_1500w\/public\/media\/images\/evocd_2560x1440.jpg.webp?itok=fc7frk0I 1500w,\/sites\/default\/files\/styles\/responsive_2000w\/public\/media\/images\/evocd_2560x1440.jpg.webp?itok=w4prqqBI 2000w,\/sites\/default\/files\/styles\/responsive_2500w\/public\/media\/images\/evocd_2560x1440.jpg.webp?itok=Iq0JLFL9 2500w,\/sites\/default\/files\/styles\/responsive_3000w\/public\/media\/images\/evocd_2560x1440.jpg.webp?itok=iHtNWojQ 3000w,\/sites\/default\/files\/styles\/responsive_4000w\/public\/media\/images\/evocd_2560x1440.jpg.webp?itok=PIrH7erB 4000w,\/sites\/default\/files\/styles\/responsive_5000w\/public\/media\/images\/evocd_2560x1440.jpg.webp?itok=Cwrz7eyH 5000w,\/sites\/default\/files\/styles\/responsive_6000w\/public\/media\/images\/evocd_2560x1440.jpg.webp?itok=NJim90tk 6000w\" \/><\/div>\n<\/div>\n<\/div>\n<div class=\"paragraph--paragraph\">\n<div class=\"paragraph--container bg--inherit\">\n<div class=\"uk-container uk-container-small paragraph\">\n<h2>Ein neues Leben f\u00fcr CDs<\/h2>\n<p>Evo CD ist das CD-Laufwerk, das exklusiv f\u00fcr die Evo All-in-One-Player entwickelt wurde. Er hat das gleiche ansprechende Design, ist aus den gleichen hochwertigen Materialien gefertigt und ist nach denselben anspruchsvollen Standards konstruiert. Der Evo CD holt aus Ihren CDs jedes noch so kleine Klangdetail heraus und \u00fcbermittelt es reibungslos an den Evo. Ihre CD-Sammlung ist nun f\u00fcr die HiFi-Evolution bereit.<\/p>\n<\/div>\n<\/div>\n<\/div>\n<div class=\"uk-container quotes-slider quotes--background background-white content-colour-bermondseyBlue\">\n<div class=\"quotes--slider__container uk-slider\" role=\"region\" aria-roledescription=\"carousel\">\n<div class=\"uk-position-relative\">\n<div class=\"uk-slider-container uk-light\">\n<ul id=\"uk-slider-11-items\" class=\"uk-slider-items uk-child-width-1-1\" role=\"presentation\" aria-live=\"off\">\n<li id=\"uk-slider-11-item-0\" class=\"quote-slide quote-slide--review uk-width-1-1 uk-active\" tabindex=\"-1\" role=\"tabpanel\" aria-label=\"1 of 3\" aria-hidden=\"false\">\n<div class=\"quote-content--wrapper uk-panel\">\n<div class=\"quote-content content-center\">\n<div class=\"quote-content--wrapper__image\"><img loading=\"lazy\" decoding=\"async\" src=\"https:\/\/www.cambridgeaudio.com\/sites\/default\/files\/styles\/responsive_500w\/public\/media\/images\/Darko_1080x500.jpg.webp?itok=CV-doq5v\" alt=\"Darko Audio\" width=\"500\" height=\"500\" data-srcset=\"\/sites\/default\/files\/styles\/responsive_125w\/public\/media\/images\/Darko_1080x500.jpg.webp?itok=1SV1nkQ9 125w,\/sites\/default\/files\/styles\/responsive_250w\/public\/media\/images\/Darko_1080x500.jpg.webp?itok=UvaRESkn 250w,\/sites\/default\/files\/styles\/responsive_500w\/public\/media\/images\/Darko_1080x500.jpg.webp?itok=CV-doq5v 500w,\/sites\/default\/files\/styles\/responsive_1000w\/public\/media\/images\/Darko_1080x500.jpg.webp?itok=u0gAYfoH 1000w,\/sites\/default\/files\/styles\/responsive_1500w\/public\/media\/images\/Darko_1080x500.jpg.webp?itok=_S9JqMuX 1500w,\/sites\/default\/files\/styles\/responsive_2000w\/public\/media\/images\/Darko_1080x500.jpg.webp?itok=OqIRujuU 2000w,\/sites\/default\/files\/styles\/responsive_2500w\/public\/media\/images\/Darko_1080x500.jpg.webp?itok=SLKXXy_r 2500w,\/sites\/default\/files\/styles\/responsive_3000w\/public\/media\/images\/Darko_1080x500.jpg.webp?itok=S8SGlW8l 3000w,\/sites\/default\/files\/styles\/responsive_4000w\/public\/media\/images\/Darko_1080x500.jpg.webp?itok=85TNbk8n 4000w,\/sites\/default\/files\/styles\/responsive_5000w\/public\/media\/images\/Darko_1080x500.jpg.webp?itok=dNyI6McS 5000w,\/sites\/default\/files\/styles\/responsive_6000w\/public\/media\/images\/Darko_1080x500.jpg.webp?itok=lODQF_cs 6000w\" \/><\/div>\n<h4 class=\"quote-slide--content__heading quote-slide--content__review_heading\">\u201cThis is no ordinary CD player \u2013 it is very different\u201d<\/h4>\n<\/div>\n<\/div>\n<\/li>\n<li id=\"uk-slider-11-item-1\" class=\"quote-slide quote-slide--quote uk-width-1-1\" tabindex=\"-1\" role=\"tabpanel\" aria-label=\"2 of 3\" aria-hidden=\"true\">\n<div class=\"quote-content--wrapper uk-panel\">\n<div class=\"quote-content content-center\">\n<div class=\"quote-content--wrapper__image\"><img loading=\"lazy\" decoding=\"async\" src=\"https:\/\/www.cambridgeaudio.com\/sites\/default\/files\/styles\/responsive_500w\/public\/media\/images\/stereonet_1080x500.png.webp?itok=sT_KT8Xx\" alt=\"Stereonet's logo\" width=\"500\" height=\"500\" data-srcset=\"\/sites\/default\/files\/styles\/responsive_125w\/public\/media\/images\/stereonet_1080x500.png.webp?itok=TkHHjFb9 125w,\/sites\/default\/files\/styles\/responsive_250w\/public\/media\/images\/stereonet_1080x500.png.webp?itok=oDaJj9PE 250w,\/sites\/default\/files\/styles\/responsive_500w\/public\/media\/images\/stereonet_1080x500.png.webp?itok=sT_KT8Xx 500w,\/sites\/default\/files\/styles\/responsive_1000w\/public\/media\/images\/stereonet_1080x500.png.webp?itok=Zk81EqPV 1000w,\/sites\/default\/files\/styles\/responsive_1500w\/public\/media\/images\/stereonet_1080x500.png.webp?itok=1TooQsK2 1500w,\/sites\/default\/files\/styles\/responsive_2000w\/public\/media\/images\/stereonet_1080x500.png.webp?itok=l7VReku- 2000w,\/sites\/default\/files\/styles\/responsive_2500w\/public\/media\/images\/stereonet_1080x500.png.webp?itok=7WejlNrp 2500w,\/sites\/default\/files\/styles\/responsive_3000w\/public\/media\/images\/stereonet_1080x500.png.webp?itok=r_EksTwH 3000w,\/sites\/default\/files\/styles\/responsive_4000w\/public\/media\/images\/stereonet_1080x500.png.webp?itok=bFVV33Ul 4000w,\/sites\/default\/files\/styles\/responsive_5000w\/public\/media\/images\/stereonet_1080x500.png.webp?itok=OpXi4r0X 5000w,\/sites\/default\/files\/styles\/responsive_6000w\/public\/media\/images\/stereonet_1080x500.png.webp?itok=U_KgHcDZ 6000w\" \/><\/div>\n<h4 class=\"quote-slide--content__heading\">&#8220;As well as being a lovely aesthetic match, it reads discs very well and sounds great.&#8221;<\/h4>\n<\/div>\n<\/div>\n<\/li>\n<li id=\"uk-slider-11-item-2\" class=\"quote-slide quote-slide--quote uk-width-1-1\" tabindex=\"-1\" role=\"tabpanel\" aria-label=\"3 of 3\" aria-hidden=\"true\">\n<div class=\"quote-content--wrapper uk-panel\">\n<div class=\"quote-content content-center\">\n<div class=\"quote-content--wrapper__image\"><img loading=\"lazy\" decoding=\"async\" src=\"https:\/\/www.cambridgeaudio.com\/sites\/default\/files\/styles\/responsive_500w\/public\/media\/images\/WHF_1080x500.png.webp?itok=76beg9mV\" alt=\"What Hi-Fi? Logo\" width=\"500\" height=\"500\" data-srcset=\"\/sites\/default\/files\/styles\/responsive_125w\/public\/media\/images\/WHF_1080x500.png.webp?itok=6sVts1IC 125w,\/sites\/default\/files\/styles\/responsive_250w\/public\/media\/images\/WHF_1080x500.png.webp?itok=N50daL46 250w,\/sites\/default\/files\/styles\/responsive_500w\/public\/media\/images\/WHF_1080x500.png.webp?itok=76beg9mV 500w,\/sites\/default\/files\/styles\/responsive_1000w\/public\/media\/images\/WHF_1080x500.png.webp?itok=dNx_Qo-Y 1000w,\/sites\/default\/files\/styles\/responsive_1500w\/public\/media\/images\/WHF_1080x500.png.webp?itok=0UL3Yg4s 1500w,\/sites\/default\/files\/styles\/responsive_2000w\/public\/media\/images\/WHF_1080x500.png.webp?itok=glPC4pEX 2000w,\/sites\/default\/files\/styles\/responsive_2500w\/public\/media\/images\/WHF_1080x500.png.webp?itok=ot0JTnq7 2500w,\/sites\/default\/files\/styles\/responsive_3000w\/public\/media\/images\/WHF_1080x500.png.webp?itok=hSIsM5CF 3000w,\/sites\/default\/files\/styles\/responsive_4000w\/public\/media\/images\/WHF_1080x500.png.webp?itok=ZeNZnTwk 4000w,\/sites\/default\/files\/styles\/responsive_5000w\/public\/media\/images\/WHF_1080x500.png.webp?itok=mnedDtnh 5000w,\/sites\/default\/files\/styles\/responsive_6000w\/public\/media\/images\/WHF_1080x500.png.webp?itok=oQ8_yWak 6000w\" \/><\/div>\n<h4 class=\"quote-slide--content__heading\">&#8220;A perfect accessory for those looking to add CD playback to their Evo system&#8217;s repertoire.&#8221;<\/h4>\n<\/div>\n<\/div>\n<\/li>\n<\/ul>\n<\/div>\n<div class=\"arrow-desktop quotes-arrows uk-visible@s\"><\/div>\n<\/div>\n<ul class=\"quotes-slider--nav uk-slider-nav uk-dotnav uk-flex-center uk-margin Black\" role=\"tablist\">\n<li class=\"uk-active\" role=\"presentation\"><\/li>\n<li class=\"\" role=\"presentation\"><\/li>\n<li class=\"\" role=\"presentation\"><\/li>\n<\/ul>\n<\/div>\n<\/div>\n<div class=\"paragraph--feature\">\n<div class=\"uk-container\">\n<div class=\"feature--container  bg--inherit\">\n<div class=\"feature uk-container bg--inherit layout--50_50__layout position--0 gap\">\n<div class=\"feature__image   gap\"><img loading=\"lazy\" decoding=\"async\" src=\"https:\/\/www.cambridgeaudio.com\/sites\/default\/files\/styles\/responsive_1000w\/public\/media\/images\/evocd_block_1.jpg.webp?itok=dOTOOwhT\" alt=\"Women reading a CD leaflet\" width=\"816\" height=\"542\" data-srcset=\"\/sites\/default\/files\/styles\/responsive_125w\/public\/media\/images\/evocd_block_1.jpg.webp?itok=pSQnH50J 125w,\/sites\/default\/files\/styles\/responsive_250w\/public\/media\/images\/evocd_block_1.jpg.webp?itok=IXv7d3qd 250w,\/sites\/default\/files\/styles\/responsive_500w\/public\/media\/images\/evocd_block_1.jpg.webp?itok=D-MqIKzD 500w,\/sites\/default\/files\/styles\/responsive_1000w\/public\/media\/images\/evocd_block_1.jpg.webp?itok=dOTOOwhT 1000w,\/sites\/default\/files\/styles\/responsive_1500w\/public\/media\/images\/evocd_block_1.jpg.webp?itok=lLPqkriU 1500w,\/sites\/default\/files\/styles\/responsive_2000w\/public\/media\/images\/evocd_block_1.jpg.webp?itok=y2zDvGpZ 2000w,\/sites\/default\/files\/styles\/responsive_2500w\/public\/media\/images\/evocd_block_1.jpg.webp?itok=p4AP4OhR 2500w,\/sites\/default\/files\/styles\/responsive_3000w\/public\/media\/images\/evocd_block_1.jpg.webp?itok=Trj3XKTV 3000w,\/sites\/default\/files\/styles\/responsive_4000w\/public\/media\/images\/evocd_block_1.jpg.webp?itok=qjgJPeAT 4000w,\/sites\/default\/files\/styles\/responsive_5000w\/public\/media\/images\/evocd_block_1.jpg.webp?itok=hlGGyzgC 5000w,\/sites\/default\/files\/styles\/responsive_6000w\/public\/media\/images\/evocd_block_1.jpg.webp?itok=5j3iQLXX 6000w\" \/><\/div>\n<div class=\"feature__text gap\">\n<div class=\"feature__text_container\">\n<h2 class=\"feature__text--heading\">Pr\u00e4zises Laufwerk<\/h2>\n<div class=\"feature__text--body\">\n<p>Der Evo CD verf\u00fcgt \u00fcber unseren neuen S5-Servo, eine Weiterentwicklung des hochgelobten S3-Servos im CXC. Dieser bietet eine noch pr\u00e4zisere Laufgeschwindigkeit und ein noch besseres Auslesen der Audiodaten als sein Vorg\u00e4nger. Der Evo CD verwendet kein Mehrzweck-Laufwerk, sondern ein speziell entwickeltes Ger\u00e4t, das ausschlie\u00dflich dazu dient, Audio-CDs mit unfehlbarer Pr\u00e4zision abzuspielen.<\/p>\n<\/div>\n<\/div>\n<\/div>\n<\/div>\n<\/div>\n<\/div>\n<\/div>\n<div class=\"paragraph--feature\">\n<div class=\"uk-container\">\n<div class=\"feature--container  bg--inherit\">\n<div class=\"feature uk-container bg--inherit layout--50_50__layout position--1 gap\">\n<div class=\"feature__image   gap\"><img loading=\"lazy\" decoding=\"async\" src=\"https:\/\/www.cambridgeaudio.com\/sites\/default\/files\/styles\/responsive_1000w\/public\/media\/images\/evocd_block_2.jpg.webp?itok=CsDr4x15\" alt=\"Evo CD Setup\" width=\"816\" height=\"542\" data-srcset=\"\/sites\/default\/files\/styles\/responsive_125w\/public\/media\/images\/evocd_block_2.jpg.webp?itok=07oh6h9k 125w,\/sites\/default\/files\/styles\/responsive_250w\/public\/media\/images\/evocd_block_2.jpg.webp?itok=yBbLAM7o 250w,\/sites\/default\/files\/styles\/responsive_500w\/public\/media\/images\/evocd_block_2.jpg.webp?itok=jFCxrh9p 500w,\/sites\/default\/files\/styles\/responsive_1000w\/public\/media\/images\/evocd_block_2.jpg.webp?itok=CsDr4x15 1000w,\/sites\/default\/files\/styles\/responsive_1500w\/public\/media\/images\/evocd_block_2.jpg.webp?itok=7O0p92uW 1500w,\/sites\/default\/files\/styles\/responsive_2000w\/public\/media\/images\/evocd_block_2.jpg.webp?itok=eHVO-TG5 2000w,\/sites\/default\/files\/styles\/responsive_2500w\/public\/media\/images\/evocd_block_2.jpg.webp?itok=gSjhnGyw 2500w,\/sites\/default\/files\/styles\/responsive_3000w\/public\/media\/images\/evocd_block_2.jpg.webp?itok=XtaRxW3G 3000w,\/sites\/default\/files\/styles\/responsive_4000w\/public\/media\/images\/evocd_block_2.jpg.webp?itok=4iJWQYnb 4000w,\/sites\/default\/files\/styles\/responsive_5000w\/public\/media\/images\/evocd_block_2.jpg.webp?itok=5X0Umsoa 5000w,\/sites\/default\/files\/styles\/responsive_6000w\/public\/media\/images\/evocd_block_2.jpg.webp?itok=o0US1t6b 6000w\" \/><\/div>\n<div class=\"feature__text gap\">\n<div class=\"feature__text_container\">\n<h2 class=\"feature__text--heading\">F\u00fcr Klang konzipiert<\/h2>\n<div class=\"feature__text--body\">\n<p>Das eloxierte Aluminium, das die Pr\u00e4zisionskomponenten des Evo CD umgibt, passt nicht nur zum klaren Design des Evo, sondern tr\u00e4gt auch zu dessen Leistung bei. Die akustische D\u00e4mpfung von Metallgeh\u00e4use und Laufwerksschublade sorgen daf\u00fcr, dass das Signal auf dem Weg zum Digital-Analog-Wandler des Evo mittels des ma\u00dfgeschneiderten \u201eEvo Link\u201c-Kabels nicht beeintr\u00e4chtigt wird.<\/p>\n<\/div>\n<\/div>\n<\/div>\n<\/div>\n<\/div>\n<\/div>\n<\/div>\n<div class=\"paragraph--feature\">\n<div class=\"uk-container\">\n<div class=\"feature--container  bg--inherit\">\n<div class=\"feature uk-container bg--inherit layout--50_50__layout position--0 gap\">\n<div class=\"feature__image   gap\"><img loading=\"lazy\" decoding=\"async\" src=\"https:\/\/www.cambridgeaudio.com\/sites\/default\/files\/styles\/responsive_1000w\/public\/media\/images\/evocd_block_3.jpg.webp?itok=LbIGzk1-\" alt=\"Evo CD Setup\" width=\"816\" height=\"542\" data-srcset=\"\/sites\/default\/files\/styles\/responsive_125w\/public\/media\/images\/evocd_block_3.jpg.webp?itok=0xh8sy9h 125w,\/sites\/default\/files\/styles\/responsive_250w\/public\/media\/images\/evocd_block_3.jpg.webp?itok=rAFKgxdp 250w,\/sites\/default\/files\/styles\/responsive_500w\/public\/media\/images\/evocd_block_3.jpg.webp?itok=5X3D1o6F 500w,\/sites\/default\/files\/styles\/responsive_1000w\/public\/media\/images\/evocd_block_3.jpg.webp?itok=LbIGzk1- 1000w,\/sites\/default\/files\/styles\/responsive_1500w\/public\/media\/images\/evocd_block_3.jpg.webp?itok=JZOzFnTg 1500w,\/sites\/default\/files\/styles\/responsive_2000w\/public\/media\/images\/evocd_block_3.jpg.webp?itok=KV3QF48T 2000w,\/sites\/default\/files\/styles\/responsive_2500w\/public\/media\/images\/evocd_block_3.jpg.webp?itok=47KH_58a 2500w,\/sites\/default\/files\/styles\/responsive_3000w\/public\/media\/images\/evocd_block_3.jpg.webp?itok=_J5FnHZp 3000w,\/sites\/default\/files\/styles\/responsive_4000w\/public\/media\/images\/evocd_block_3.jpg.webp?itok=4xqGRrrJ 4000w,\/sites\/default\/files\/styles\/responsive_5000w\/public\/media\/images\/evocd_block_3.jpg.webp?itok=TQxoUVjg 5000w,\/sites\/default\/files\/styles\/responsive_6000w\/public\/media\/images\/evocd_block_3.jpg.webp?itok=eI5twWPR 6000w\" \/><\/div>\n<div class=\"feature__text gap\">\n<div class=\"feature__text_container\">\n<h2 class=\"feature__text--heading\">Zeitloser Stil<\/h2>\n<div class=\"feature__text--body\">\n<p>Der Evo CD wurde exklusiv f\u00fcr die Verwendung mit dem Evo entwickelt und weist die gleichen hochwertigen Materialien und dieselben Abmessungen auf \u2013 zur Platzierung unter oder neben dem All-in-One-Player. Diese Entscheidung liegt ganz bei Ihnen, ebenso wie die Auswahl der Seitenteile. Zusammen besitzen der Evo und der Evo CD ein selbstbewusstes Design, das seine Herkunft w\u00fcrdigt, aber auch in die Zukunft weist.<\/p>\n<\/div>\n<\/div>\n<\/div>\n<\/div>\n<\/div>\n<\/div>\n<\/div>\n<div class=\"paragraph--feature\">\n<div class=\"uk-container\">\n<div class=\"feature--container  bg--inherit\">\n<div class=\"feature uk-container bg--inherit layout--50_50__layout position--1 gap\">\n<div class=\"feature__image   gap\"><img loading=\"lazy\" decoding=\"async\" src=\"https:\/\/www.cambridgeaudio.com\/sites\/default\/files\/styles\/responsive_1000w\/public\/media\/images\/evocd_block_4.jpg.webp?itok=Ja_jsKuU\" alt=\"Evo CD Setup with a CD next it\" width=\"816\" height=\"542\" data-srcset=\"\/sites\/default\/files\/styles\/responsive_125w\/public\/media\/images\/evocd_block_4.jpg.webp?itok=4zquP8d6 125w,\/sites\/default\/files\/styles\/responsive_250w\/public\/media\/images\/evocd_block_4.jpg.webp?itok=2HzYDrT0 250w,\/sites\/default\/files\/styles\/responsive_500w\/public\/media\/images\/evocd_block_4.jpg.webp?itok=s6-DnuP- 500w,\/sites\/default\/files\/styles\/responsive_1000w\/public\/media\/images\/evocd_block_4.jpg.webp?itok=Ja_jsKuU 1000w,\/sites\/default\/files\/styles\/responsive_1500w\/public\/media\/images\/evocd_block_4.jpg.webp?itok=hUNG0gWD 1500w,\/sites\/default\/files\/styles\/responsive_2000w\/public\/media\/images\/evocd_block_4.jpg.webp?itok=PEOPKKLn 2000w,\/sites\/default\/files\/styles\/responsive_2500w\/public\/media\/images\/evocd_block_4.jpg.webp?itok=mIMnTTJg 2500w,\/sites\/default\/files\/styles\/responsive_3000w\/public\/media\/images\/evocd_block_4.jpg.webp?itok=c17p124d 3000w,\/sites\/default\/files\/styles\/responsive_4000w\/public\/media\/images\/evocd_block_4.jpg.webp?itok=vDtLXlCN 4000w,\/sites\/default\/files\/styles\/responsive_5000w\/public\/media\/images\/evocd_block_4.jpg.webp?itok=gHOfUV0E 5000w,\/sites\/default\/files\/styles\/responsive_6000w\/public\/media\/images\/evocd_block_4.jpg.webp?itok=HNfkIEmz 6000w\" \/><\/div>\n<div class=\"feature__text gap\">\n<div class=\"feature__text_container\">\n<h2 class=\"feature__text--heading\">Form und Funktion<\/h2>\n<div class=\"feature__text--body\">\n<p>Der einzige Zweck des Evo CD ist das Rotieren der Discs, um deren Audiodaten m\u00f6glichst pr\u00e4zise an den Evo weiterzugeben. Dies erm\u00f6glicht ein minimalistisches Design \u2013 mit einer einzigen Taste auf der Frontblende, mit der Sie die CD-Schublade aus Metall \u00f6ffnen und schlie\u00dfen k\u00f6nnen. Alles andere wird \u00fcber die Fernsteuerung des Evo<\/p>\n<p>oder die StreamMagic-App auf Ihrem Smartger\u00e4t gesteuert. CD-Albumcover und Titelangaben werden auf dem 6,8-Zoll-Farbdisplay des Evo eindrucksvoll dargestellt.<\/p>\n<\/div>\n<\/div>\n<\/div>\n<\/div>\n<\/div>\n<\/div>\n<\/div>\n<div class=\"paragraph--feature\">\n<div class=\"uk-container\">\n<div class=\"feature--container  bg--inherit\">\n<div class=\"feature uk-container bg--inherit layout--50_50__layout position--0 gap\">\n<div class=\"feature__image   gap\"><img loading=\"lazy\" decoding=\"async\" src=\"https:\/\/www.cambridgeaudio.com\/sites\/default\/files\/styles\/responsive_1000w\/public\/media\/images\/evocd_block_5.jpg.webp?itok=iZ3LocSb\" alt=\"Evo CD\" width=\"816\" height=\"542\" data-srcset=\"\/sites\/default\/files\/styles\/responsive_125w\/public\/media\/images\/evocd_block_5.jpg.webp?itok=5rm-87_s 125w,\/sites\/default\/files\/styles\/responsive_250w\/public\/media\/images\/evocd_block_5.jpg.webp?itok=0cz-pY9y 250w,\/sites\/default\/files\/styles\/responsive_500w\/public\/media\/images\/evocd_block_5.jpg.webp?itok=5d3D5f49 500w,\/sites\/default\/files\/styles\/responsive_1000w\/public\/media\/images\/evocd_block_5.jpg.webp?itok=iZ3LocSb 1000w,\/sites\/default\/files\/styles\/responsive_1500w\/public\/media\/images\/evocd_block_5.jpg.webp?itok=MAYukEdg 1500w,\/sites\/default\/files\/styles\/responsive_2000w\/public\/media\/images\/evocd_block_5.jpg.webp?itok=ZzBxVLmp 2000w,\/sites\/default\/files\/styles\/responsive_2500w\/public\/media\/images\/evocd_block_5.jpg.webp?itok=fjVUEBXU 2500w,\/sites\/default\/files\/styles\/responsive_3000w\/public\/media\/images\/evocd_block_5.jpg.webp?itok=HPabG-tG 3000w,\/sites\/default\/files\/styles\/responsive_4000w\/public\/media\/images\/evocd_block_5.jpg.webp?itok=a5HlR7g5 4000w,\/sites\/default\/files\/styles\/responsive_5000w\/public\/media\/images\/evocd_block_5.jpg.webp?itok=18G7rbBV 5000w,\/sites\/default\/files\/styles\/responsive_6000w\/public\/media\/images\/evocd_block_5.jpg.webp?itok=2nnKTn04 6000w\" \/><\/div>\n<div class=\"feature__text gap\">\n<div class=\"feature__text_container\">\n<h2 class=\"feature__text--heading\">Gebaut f\u00fcr die Ewigkeit<\/h2>\n<div class=\"feature__text--body\">\n<p>Da er aus sorgf\u00e4ltig ausgew\u00e4hlten, hochwertigen Materialien gefertigt wird, ist der Evo CD ebenso robust wie gutaussehend. Die CD-Schublade aus Vollmetall samt des Mechanismus wurde zum Beispiel wegen der Stabilit\u00e4t, Effizienz und Langlebigkeit ausgew\u00e4hlt. Wie Ihre CD-Sammlung wird dieses Ger\u00e4t die Zeit \u00fcberdauern \u2013 und die Musik und die Erinnerungen, die in diesen Alben stecken, f\u00fcr viele Jahre wiedergeben.<\/p>\n<\/div>\n<\/div>\n<\/div>\n<\/div>\n<\/div>\n<\/div>\n<\/div>\n<\/li>\n<\/ul>\n<\/div>\n<\/div>\n","protected":false},"excerpt":{"rendered":"<ul>\n<li>Hochwertiges Audio-CD-Laufwerk \u2013 exklusiv f\u00fcr den Evo All-In-One-Player entwickelt<\/li>\n<li>Speziell entwickelter S5-Servo-Motor \u2013 perfekte Disc-Laufgeschwindigkeit und fehlerfreie Wiedergabe<\/li>\n<li>Spezielle Digitalverbindung mit dem Evo \u2013 f\u00fcr ein rein digitales Audiosignal und \u00dcbermittlung des Album-Covers zur Anzeige auf dem Evo<\/li>\n<li>L\u00fcckenlose Wiedergabe \u2013 ideal f\u00fcr Klassik-Werke und DJ-Mixe<\/li>\n<li>Metallgeh\u00e4use und CD-Schublade sind akustisch ged\u00e4mpft \u2013 dies isoliert die Komponenten und sorgt f\u00fcr musikalische H\u00f6chstleistungen<\/li>\n<li>Austauschbare Seitenteile \u2013 passend zu Ihrem Evo All-in-One-Player<\/li>\n<\/ul>\n","protected":false},"featured_media":9278,"comment_status":"open","ping_status":"closed","template":"","meta":[],"product_brand":[209],"product_cat":[20,50,53],"product_tag":[],"class_list":{"0":"post-9277","1":"product","2":"type-product","3":"status-publish","4":"has-post-thumbnail","6":"product_brand-cambridge-audio","7":"product_cat-audio-geraete","8":"product_cat-hifi-anlage-micro-midi","9":"product_cat-hifi-komponenten","10":"product_shipping_class-lieferung-basic-audio","12":"first","13":"onbackorder","14":"taxable","15":"shipping-taxable","16":"purchasable","17":"product-type-simple"},"_links":{"self":[{"href":"https:\/\/spuehler-tv.ch\/onlineshop\/wp-json\/wp\/v2\/product\/9277","targetHints":{"allow":["GET"]}}],"collection":[{"href":"https:\/\/spuehler-tv.ch\/onlineshop\/wp-json\/wp\/v2\/product"}],"about":[{"href":"https:\/\/spuehler-tv.ch\/onlineshop\/wp-json\/wp\/v2\/types\/product"}],"replies":[{"embeddable":true,"href":"https:\/\/spuehler-tv.ch\/onlineshop\/wp-json\/wp\/v2\/comments?post=9277"}],"wp:featuredmedia":[{"embeddable":true,"href":"https:\/\/spuehler-tv.ch\/onlineshop\/wp-json\/wp\/v2\/media\/9278"}],"wp:attachment":[{"href":"https:\/\/spuehler-tv.ch\/onlineshop\/wp-json\/wp\/v2\/media?parent=9277"}],"wp:term":[{"taxonomy":"product_brand","embeddable":true,"href":"https:\/\/spuehler-tv.ch\/onlineshop\/wp-json\/wp\/v2\/product_brand?post=9277"},{"taxonomy":"product_cat","embeddable":true,"href":"https:\/\/spuehler-tv.ch\/onlineshop\/wp-json\/wp\/v2\/product_cat?post=9277"},{"taxonomy":"product_tag","embeddable":true,"href":"https:\/\/spuehler-tv.ch\/onlineshop\/wp-json\/wp\/v2\/product_tag?post=9277"}],"curies":[{"name":"wp","href":"https:\/\/api.w.org\/{rel}","templated":true}]}}