{"id":9250,"date":"2023-07-26T09:32:26","date_gmt":"2023-07-26T08:32:26","guid":{"rendered":"https:\/\/spuehler-tv.ch\/onlineshop\/?post_type=product&#038;p=9250"},"modified":"2026-01-06T14:18:48","modified_gmt":"2026-01-06T13:18:48","slug":"the-flame-block-bluetooth-speaker-portabel-mit-feuerglas-weiss-o-schwarz","status":"publish","type":"product","link":"https:\/\/spuehler-tv.ch\/onlineshop\/produkt\/the-flame-block-bluetooth-speaker-portabel-mit-feuerglas-weiss-o-schwarz\/","title":{"rendered":"The Flame (Block) &#8211; Bluetooth Speaker Portabel mit Feuerglas Weiss o. Schwarz"},"content":{"rendered":"<p><strong>Block on Fire!<br \/>\n<\/strong>Wer kennt es nicht?! Ein sch\u00f6ner Abend draussen auf der Terrasse, im Garten oder allgemein im Freien. Freunde und Familie sitzen zusammen oder der Grill wird gerade angemacht und es fehlt nur noch an Musik und gem\u00fctlicher Atmosph\u00e4re. Mit The Flame haben wir das genau DAS, was fehlt! F\u00fcr draussen wie drinnen!<br \/>\nStellen Sie The Flame auf, entz\u00fcnden Sie das Feuer* und verbinden Sie ihr Smartphone ganz bequem per Bluetooth mit The Flame. Durch das moderne und zeitlose Design, kann The Flame \u00fcberall intrigiert werden.<br \/>\nNutzen Sie die Touchfunktion an The Flame, wenn das Smartphone nicht greifbar ist, um die Musik zu pausieren, die Lautst\u00e4rke anzuheben oder abzusenken.<\/p>\n<p>Auch bei einer gr\u00f6sseren Fl\u00e4che bietet The Flame die M\u00f6glichkeit, zwei St\u00fcck miteinander zu verbinden.<br \/>\n\u2022 Bluetooth<br \/>\n\u2022 Pairing-Modus<br \/>\n\u2022 Bis zu 7 Stunden Spielzeit<br \/>\n\u2022 360 Grad Lautsprecher<br \/>\n\u2022 AUX IN<br \/>\n\u2022 Touchfunktion<br \/>\n\u2022 LED Zusatzbeleuchtung<br \/>\n\u2022 Transportkoffer<br \/>\n\u2022 Ethanolbeh\u00e4lter<br \/>\n*Wir empfehlen die Verwendung von Brenngel f\u00fcr eine langanhaltende und geruchsarme Flamme.<\/p>\n","protected":false},"excerpt":{"rendered":"<ul>\n<li>360\u00b0 Lautsprecher<\/li>\n<li>AUX, Bluetooth<\/li>\n<li>LED Zusatzbeleuchtung,<\/li>\n<li>Ethanolbeh\u00e4lter<\/li>\n<li>Transportbox<\/li>\n<li>Integrierter Akku<\/li>\n<\/ul>\n","protected":false},"featured_media":9253,"comment_status":"open","ping_status":"closed","template":"","meta":[],"product_brand":[206],"product_cat":[20,174,58,130,149],"product_tag":[],"class_list":{"0":"post-9250","1":"product","2":"type-product","3":"status-publish","4":"has-post-thumbnail","6":"product_brand-block-audio","7":"product_cat-audio-geraete","8":"product_cat-portabel-audio","9":"product_cat-bluetooth-speaker-portabel","10":"product_cat-lautsprecher-hifi","11":"product_cat-outdoor-ls","12":"product_shipping_class-lieferung-basic-audio","14":"first","15":"onbackorder","16":"taxable","17":"shipping-taxable","18":"purchasable","19":"product-type-variable","20":"has-default-attributes","21":"rtwpvg-product"},"_links":{"self":[{"href":"https:\/\/spuehler-tv.ch\/onlineshop\/wp-json\/wp\/v2\/product\/9250","targetHints":{"allow":["GET"]}}],"collection":[{"href":"https:\/\/spuehler-tv.ch\/onlineshop\/wp-json\/wp\/v2\/product"}],"about":[{"href":"https:\/\/spuehler-tv.ch\/onlineshop\/wp-json\/wp\/v2\/types\/product"}],"replies":[{"embeddable":true,"href":"https:\/\/spuehler-tv.ch\/onlineshop\/wp-json\/wp\/v2\/comments?post=9250"}],"wp:featuredmedia":[{"embeddable":true,"href":"https:\/\/spuehler-tv.ch\/onlineshop\/wp-json\/wp\/v2\/media\/9253"}],"wp:attachment":[{"href":"https:\/\/spuehler-tv.ch\/onlineshop\/wp-json\/wp\/v2\/media?parent=9250"}],"wp:term":[{"taxonomy":"product_brand","embeddable":true,"href":"https:\/\/spuehler-tv.ch\/onlineshop\/wp-json\/wp\/v2\/product_brand?post=9250"},{"taxonomy":"product_cat","embeddable":true,"href":"https:\/\/spuehler-tv.ch\/onlineshop\/wp-json\/wp\/v2\/product_cat?post=9250"},{"taxonomy":"product_tag","embeddable":true,"href":"https:\/\/spuehler-tv.ch\/onlineshop\/wp-json\/wp\/v2\/product_tag?post=9250"}],"curies":[{"name":"wp","href":"https:\/\/api.w.org\/{rel}","templated":true}]}}