{"id":9102,"date":"2023-06-08T16:30:49","date_gmt":"2023-06-08T15:30:49","guid":{"rendered":"https:\/\/spuehler-tv.ch\/onlineshop\/?post_type=product&#038;p=9102"},"modified":"2026-01-06T15:02:01","modified_gmt":"2026-01-06T14:02:01","slug":"u-poe-at-ubiquiti-poe-injector-802-3af-at","status":"publish","type":"product","link":"https:\/\/spuehler-tv.ch\/onlineshop\/produkt\/u-poe-at-ubiquiti-poe-injector-802-3af-at\/","title":{"rendered":"U-POE-AT (Ubiquiti) &#8211; PoE+ Injector 802.3af\/at"},"content":{"rendered":"<h2 class=\"ProductDescription-Title\">Ubiquiti PoE+ Injector U-POE-AT<\/h2>\n<h3 class=\"ProductDescription-Subtitle\">Kompakter PoE+ Injektor, der Ihre Ubiquiti Access Points und Kameras mit einer Leistung von 30 W versorgen kann<\/h3>\n<div class=\"ProductDescription-BulletPoints\">\n<ul class=\"cds-List cds-List--Bulleted\">\n<li>802.3af\/at PoE+ 30Watt<\/li>\n<li>Leistung PoE pro Port: 30 W<\/li>\n<li>RJ-45 Geschwindigkeit: 1 Gbit\/s<\/li>\n<li>Liefert bis zu 30 W PoE+ (802.3at) Leistung<\/li>\n<li>Kompatibel mit der n\u00e4chsten Generation von U6 Access Points<\/li>\n<li>\u00dcberspannungsschutz und Klemmschutz<\/li>\n<\/ul>\n<\/div>\n<p class=\"ProductDescription-Lead\">Der U-PoE-AT ist ein PoE+-Injektor, der f\u00fcr die Stromversorgung von 802.3at-kompatiblen Ger\u00e4ten entwickelt wurde. Mit einer Leistung von 30 W PoE+ kann der U-PoE-AT jeden U6 Access Point (U6-LR, U6-Lite, U6-Pro) mit Strom versorgen und gleichzeitig vor \u00dcberspannungen sch\u00fctzen.<\/p>\n<div class=\"ProductDescription-Paragraph\">\n<h4 class=\"ProductDescription-ParagraphTitle\">Ubiquiti Networks<\/h4>\n<p>Ubiquiti Networks ist ein amerikanischer Hersteller von leistungsf\u00e4higen Netzwerkkomponenten. Das Ziel von Ubiquiti ist es, hochmoderne und einfach zu implementierende Kommunikationsl\u00f6sungen f\u00fcr einen globalen Kundenstamm bereitzustellen. Die Firma wurde 2005 gegr\u00fcndet und stellte am Anfang WLAN-Adapter f\u00fcr PCs her. Sp\u00e4ter wurde das Angebot um Ger\u00e4te wie WLAN-Router, insbesondere f\u00fcr den Aussenbereich erweitert. Unterdessen werden auch Switche und \u00dcberwachungskameras von der Firma hergestellt. Ubiquiti Produkte \u00fcberzeugen dabei generell durch ihre \u00fcberlegene Leistung, cleveres mechanisches Design und einfache Bedienung.<\/p>\n<\/div>\n<div class=\"ProductDescription-Paragraph\">\n<h4 class=\"ProductDescription-ParagraphTitle\">Power over Ethernet (PoE)<\/h4>\n<p>Mit Power over Ethernet k\u00f6nnen Sie kompatible Ger\u00e4te \u00fcber das Netzwerkkabel mit Strom versorgen. Besonders f\u00fcr Endger\u00e4te wie Wireless Access Points, IP-Telefone und IP-Kameras reduziert dies den Verkabelungsaufwand und erm\u00f6glicht Ihnen gleichzeitig eine hohe Flexibilit\u00e4t bei der Platzierung der Endger\u00e4te.<\/p>\n<\/div>\n<div class=\"ProductDescription-Paragraph\">\n<h4 class=\"ProductDescription-ParagraphTitle\">802.3at PoE+<\/h4>\n<p>Der IEEE 802.3at Standard bietet auf jedem PoE+-Port maximal 25.4 Watt Leistung mit einer Spannung von bis zu 50 Volt. Der Standard geht davon aus, dass nach Leitungsverlusten 21.90 Watt nutzbare Leistung \u00fcbrig bleiben bzw. aufgenommen werden d\u00fcrfen, um die maximale Leistungsabgabe nicht zu \u00fcberschreiten. Bei PoE+ wird ein Cat5e\/6-Kabel mit einer maximalen L\u00e4nge von 100m empfohlen.<\/p>\n<\/div>\n","protected":false},"excerpt":{"rendered":"<p>Ubiquiti PoE+ Injector U-POE-AT Kompakter PoE+ Injektor, der Ihre Ubiquiti Access Points und Kameras mit einer Leistung von 30 W versorgen kann 802.3af\/at PoE+ 30Watt Leistung PoE pro Port: 30 W RJ-45 Geschwindigkeit: 1 Gbit\/s Liefert bis zu 30 W PoE+ (802.3at) Leistung Kompatibel mit der n\u00e4chsten Generation von U6 Access Points \u00dcberspannungsschutz und Klemmschutz [&hellip;]<\/p>\n","protected":false},"featured_media":9103,"comment_status":"closed","ping_status":"closed","template":"","meta":[],"product_brand":[212],"product_cat":[21,146],"product_tag":[],"class_list":{"0":"post-9102","1":"product","2":"type-product","3":"status-publish","4":"has-post-thumbnail","6":"product_brand-ubiquiti","7":"product_cat-it-produkte","8":"product_cat-zubehoer-it-produkte","9":"product_shipping_class-lieferung-basic-audio","11":"first","12":"instock","13":"taxable","14":"shipping-taxable","15":"purchasable","16":"product-type-simple"},"_links":{"self":[{"href":"https:\/\/spuehler-tv.ch\/onlineshop\/wp-json\/wp\/v2\/product\/9102","targetHints":{"allow":["GET"]}}],"collection":[{"href":"https:\/\/spuehler-tv.ch\/onlineshop\/wp-json\/wp\/v2\/product"}],"about":[{"href":"https:\/\/spuehler-tv.ch\/onlineshop\/wp-json\/wp\/v2\/types\/product"}],"replies":[{"embeddable":true,"href":"https:\/\/spuehler-tv.ch\/onlineshop\/wp-json\/wp\/v2\/comments?post=9102"}],"wp:featuredmedia":[{"embeddable":true,"href":"https:\/\/spuehler-tv.ch\/onlineshop\/wp-json\/wp\/v2\/media\/9103"}],"wp:attachment":[{"href":"https:\/\/spuehler-tv.ch\/onlineshop\/wp-json\/wp\/v2\/media?parent=9102"}],"wp:term":[{"taxonomy":"product_brand","embeddable":true,"href":"https:\/\/spuehler-tv.ch\/onlineshop\/wp-json\/wp\/v2\/product_brand?post=9102"},{"taxonomy":"product_cat","embeddable":true,"href":"https:\/\/spuehler-tv.ch\/onlineshop\/wp-json\/wp\/v2\/product_cat?post=9102"},{"taxonomy":"product_tag","embeddable":true,"href":"https:\/\/spuehler-tv.ch\/onlineshop\/wp-json\/wp\/v2\/product_tag?post=9102"}],"curies":[{"name":"wp","href":"https:\/\/api.w.org\/{rel}","templated":true}]}}