{"id":9098,"date":"2023-06-08T16:00:27","date_gmt":"2023-06-08T15:00:27","guid":{"rendered":"https:\/\/spuehler-tv.ch\/onlineshop\/?post_type=product&#038;p=9098"},"modified":"2025-01-21T14:44:52","modified_gmt":"2025-01-21T13:44:52","slug":"proadring13s-vivolink-video-audio-adapterring","status":"publish","type":"product","link":"https:\/\/spuehler-tv.ch\/onlineshop\/produkt\/proadring13s-vivolink-video-audio-adapterring\/","title":{"rendered":"PROADRING13S (Vivolink) &#8211; Video\/Audio Adapterring"},"content":{"rendered":"<h2><span style=\"color: #3366ff;\"><strong>Der Vivolink-Adapterring ist ein &#8220;Muss&#8221; f\u00fcr jeden Besprechungsraum.<\/strong><\/span><\/h2>\n<p><strong>Adapter Ring &#8211; USB-C Lightning, PROADRING13S<\/strong><\/p>\n<p>Apple Lightning-Adapter + 4K@60Hz USB-C, DisplayPort, DisplayPort mini (HDMI-Kabel nicht im Lieferumfang enthalten)<\/p>\n<ul>\n<li>Mit dem Adapterring am HDMI-Kabel im Besprechungsraum k\u00f6nnen Sie sicher sein, dass alle Ihre G\u00e4ste ihren Laptop-Computer an Ihren Monitor\/Projektor anschlie\u00dfen k\u00f6nnen<\/li>\n<li>Hochwertige Adapter aus Aluminium mit Laser eingravierter Text.<\/li>\n<li>Perfekter Adapter f\u00fcr kleine Computer.<\/li>\n<li><strong>Alle Adapter unterst\u00fctzen 4K-Aufl\u00f6sung in 60 Hz (au\u00dfer Apple Lightning Adapter)<\/strong><\/li>\n<\/ul>\n<p>Der Adapter ist gesichert mit einem Unbraco-Schloss am HDMI-Kabel befestigen (Werkzeug ist im Paket enthalten)<br \/>\nUSB-C ist aufr\u00fcstbar. Vermeidung von Kompatibilit\u00e4tsproblemen.<\/p>\n<ul>\n<li>Apple Lightning-Adapter am Kabel befestigt<\/li>\n<li>USB-C zu HDMI (unterst\u00fctzt den alternativen Modus f\u00fcr Apple-Produkte)<\/li>\n<li>DisplayPort auf HDMI (unterst\u00fctzt DP++)<\/li>\n<li>Mini DisplayPort auf HDMI (unterst\u00fctzt DP++)<\/li>\n<li>Inklusive Werkzeug f\u00fcr die Montage und Demontage<\/li>\n<\/ul>\n<p><strong>Technische Daten:<br \/>\n<\/strong><\/p>\n<ul>\n<li>Stecker 1: USB-C, DisplayPort, Mini DisplayPort, Lightning<\/li>\n<li>Stecker 1 Geschlecht: Female<\/li>\n<li>Stecker 2: HDMI<\/li>\n<li>Stecker 2 Geschlecht: Female<\/li>\n<li>EU ECCN Code: N\/A<\/li>\n<li>UNSPSC Code: 43202222<\/li>\n<li>US ECCN Code: EAR99<\/li>\n<li>Gross Weight (Package, kg): 0.17 kg<\/li>\n<li>Menge pro Packung: 1 pc(s)<\/li>\n<li>Audiounterst\u00fctzung: Y<\/li>\n<li>Daten\u00fcbertragungsrate: 18 Gbit\/s<\/li>\n<li>Kabelabschirmung: Aluminum mylar foil<\/li>\n<li>Maximum Aufl\u00f6sung: 3840&#215;2160 Pixels<\/li>\n<li>Maximum Aufl\u00f6sung (HDMI): 3840&#215;2160 Pixels<\/li>\n<li>Plug-and-Play: Y<\/li>\n<li>Produktfarbe: Aluminium<\/li>\n<li>RoHS-Konformit\u00e4t: Y<\/li>\n<li>Zertifizierung: RoHs and CE<\/li>\n<li>Stecker 1: HDMI<\/li>\n<li>Stecker 1 Geschlecht: Female<\/li>\n<li>Stecker 2: Lightning<\/li>\n<li>Stecker 2 Geschlecht: Male<\/li>\n<li>Net Weight (Product, kg): 0.15 kg<\/li>\n<li>Brand Name: Vivolink<\/li>\n<\/ul>\n","protected":false},"excerpt":{"rendered":"<h3 class=\"ProductDescription-Subtitle\">Schnellladef\u00e4higes Ladeger\u00e4t mit USB-C &amp; USB-A<\/h3>\n","protected":false},"featured_media":9099,"comment_status":"open","ping_status":"closed","template":"","meta":[],"product_brand":[],"product_cat":[144],"product_tag":[],"class_list":{"0":"post-9098","1":"product","2":"type-product","3":"status-publish","4":"has-post-thumbnail","6":"product_cat-adapter-kabel","8":"first","9":"instock","10":"taxable","11":"shipping-taxable","12":"purchasable","13":"product-type-simple"},"_links":{"self":[{"href":"https:\/\/spuehler-tv.ch\/onlineshop\/wp-json\/wp\/v2\/product\/9098","targetHints":{"allow":["GET"]}}],"collection":[{"href":"https:\/\/spuehler-tv.ch\/onlineshop\/wp-json\/wp\/v2\/product"}],"about":[{"href":"https:\/\/spuehler-tv.ch\/onlineshop\/wp-json\/wp\/v2\/types\/product"}],"replies":[{"embeddable":true,"href":"https:\/\/spuehler-tv.ch\/onlineshop\/wp-json\/wp\/v2\/comments?post=9098"}],"wp:featuredmedia":[{"embeddable":true,"href":"https:\/\/spuehler-tv.ch\/onlineshop\/wp-json\/wp\/v2\/media\/9099"}],"wp:attachment":[{"href":"https:\/\/spuehler-tv.ch\/onlineshop\/wp-json\/wp\/v2\/media?parent=9098"}],"wp:term":[{"taxonomy":"product_brand","embeddable":true,"href":"https:\/\/spuehler-tv.ch\/onlineshop\/wp-json\/wp\/v2\/product_brand?post=9098"},{"taxonomy":"product_cat","embeddable":true,"href":"https:\/\/spuehler-tv.ch\/onlineshop\/wp-json\/wp\/v2\/product_cat?post=9098"},{"taxonomy":"product_tag","embeddable":true,"href":"https:\/\/spuehler-tv.ch\/onlineshop\/wp-json\/wp\/v2\/product_tag?post=9098"}],"curies":[{"name":"wp","href":"https:\/\/api.w.org\/{rel}","templated":true}]}}