{"id":9068,"date":"2023-05-31T07:27:14","date_gmt":"2023-05-31T06:27:14","guid":{"rendered":"https:\/\/spuehler-tv.ch\/onlineshop\/?post_type=product&#038;p=9068"},"modified":"2026-01-06T14:18:49","modified_gmt":"2026-01-06T13:18:49","slug":"mhf-900-solo-block-kompaktanlage-cd-dab-internetradio-bluetooth-streaming-silber-o-schwarz","status":"publish","type":"product","link":"https:\/\/spuehler-tv.ch\/onlineshop\/produkt\/mhf-900-solo-block-kompaktanlage-cd-dab-internetradio-bluetooth-streaming-silber-o-schwarz\/","title":{"rendered":"MHF-900 Solo (Block) &#8211; Kompaktanlage CD \/ DAB+ \/ Internetradio \/ Bluetooth \/ Streaming Silber o. Schwarz"},"content":{"rendered":"<div>\n<h2><span style=\"color: #ff0000;\"><strong>Solo Version &#8211;\u00a0OHNE Lautsprecher<\/strong><\/span><\/h2>\n<h5><span style=\"color: #ff0000;\">(Kombinierbar mit diversen HiFi Lautsprecher aus unserem Sortiment!<\/span><\/h5>\n<p>&nbsp;<\/p>\n<\/div>\n<h2>Die neue MHF-900 Solo ist das Einsteigermodell, um im All-one-Ger\u00e4te Universum Fuss zu fassen. Dank ihrer schmalen Breite und geringen Tiefe, passt sie sich in jeden Raum als M\u00f6belst\u00fcck an. Die MHF-900 Solo besticht mit einer 2x 50 Watt starken Endstufe und l\u00e4sst Klangliebhaber staunen. Verbaut sind in der MHF-900 Solo ebenfalls hochwertige Lautsprecheranschl\u00fcsse. Funktionen wie Internetradio, DAB+, UKW, Bluetooth, Spotify-Connect oder der USB-Port stehen selbstverst\u00e4ndlich zur Verf\u00fcgung. Nat\u00fcrlich kann ganz klassisch eine CD eingelegt werden, um den wohlverdienten Feierabend zu geniessen. Die Block Connected-Room Funktion ist ebenfalls verbaut und erlaubt somit das streamen auf andere Ger\u00e4te innerhalb einer Gruppe. Die Steuerung \u00fcber das grossz\u00fcgige Farbdisplay ist kinderleicht. Nat\u00fcrlich kann die MHF-900 Solo auch per App bedient werden. Ganz klassisch liegt hier die Fernbedienung RC-100 kostenlos bei. Sie haben die Wahl, wie die MHF-900 Solo gesteuert wird!<\/h2>\n","protected":false},"excerpt":{"rendered":"<ul>\n<li>Connected-Room Basisger\u00e4t,<\/li>\n<li>Verst\u00e4rker: 2 x 50 Watt | 4 Ohm,<\/li>\n<li>Farbdisplay,<\/li>\n<li>CD-Spieler: CD, MP3, CD-R, CD-RW, HD-CD,<\/li>\n<li>WLAN 2,4 &amp; 5 GHz &amp; LAN-Anschluss,<\/li>\n<li>Bluetooth Wireless Streaming,<\/li>\n<li>Triple-Radio: Internet Radio | DAB+ | UKW,<\/li>\n<li>Spotify-Connect Read,<\/li>\n<li>Media-Player: USB-Frontanschluss &amp; Streaming (UPnP | DLNA),<\/li>\n<\/ul>\n","protected":false},"featured_media":9073,"comment_status":"open","ping_status":"closed","template":"","meta":[],"product_brand":[206],"product_cat":[226,143,20,50],"product_tag":[],"class_list":{"0":"post-9068","1":"product","2":"type-product","3":"status-publish","4":"has-post-thumbnail","6":"product_brand-block-audio","7":"product_cat-sale","8":"product_cat-austellungsgeraete-spezialangebote","9":"product_cat-audio-geraete","10":"product_cat-hifi-anlage-micro-midi","11":"product_shipping_class-lieferung-basic-audio","13":"first","14":"instock","15":"sale","16":"taxable","17":"shipping-taxable","18":"purchasable","19":"product-type-variable","20":"has-default-attributes","21":"rtwpvg-product"},"_links":{"self":[{"href":"https:\/\/spuehler-tv.ch\/onlineshop\/wp-json\/wp\/v2\/product\/9068","targetHints":{"allow":["GET"]}}],"collection":[{"href":"https:\/\/spuehler-tv.ch\/onlineshop\/wp-json\/wp\/v2\/product"}],"about":[{"href":"https:\/\/spuehler-tv.ch\/onlineshop\/wp-json\/wp\/v2\/types\/product"}],"replies":[{"embeddable":true,"href":"https:\/\/spuehler-tv.ch\/onlineshop\/wp-json\/wp\/v2\/comments?post=9068"}],"wp:featuredmedia":[{"embeddable":true,"href":"https:\/\/spuehler-tv.ch\/onlineshop\/wp-json\/wp\/v2\/media\/9073"}],"wp:attachment":[{"href":"https:\/\/spuehler-tv.ch\/onlineshop\/wp-json\/wp\/v2\/media?parent=9068"}],"wp:term":[{"taxonomy":"product_brand","embeddable":true,"href":"https:\/\/spuehler-tv.ch\/onlineshop\/wp-json\/wp\/v2\/product_brand?post=9068"},{"taxonomy":"product_cat","embeddable":true,"href":"https:\/\/spuehler-tv.ch\/onlineshop\/wp-json\/wp\/v2\/product_cat?post=9068"},{"taxonomy":"product_tag","embeddable":true,"href":"https:\/\/spuehler-tv.ch\/onlineshop\/wp-json\/wp\/v2\/product_tag?post=9068"}],"curies":[{"name":"wp","href":"https:\/\/api.w.org\/{rel}","templated":true}]}}