{"id":9005,"date":"2023-05-22T12:38:11","date_gmt":"2023-05-22T11:38:11","guid":{"rendered":"https:\/\/spuehler-tv.ch\/onlineshop\/?post_type=product&#038;p=9005"},"modified":"2026-03-03T10:56:31","modified_gmt":"2026-03-03T09:56:31","slug":"43mud8001z-metz-blue-109cm-uhd-led-google-tv","status":"publish","type":"product","link":"https:\/\/spuehler-tv.ch\/onlineshop\/produkt\/43mud8001z-metz-blue-109cm-uhd-led-google-tv\/","title":{"rendered":"43MUD8001Z\/Y (Metz Blue) &#8211; 109cm UHD LED Google TV"},"content":{"rendered":"<p>\u00dcberragende Bildqualit\u00e4t f\u00fcr noch mehr Entertainment \u2013 in filmreifer UHD-Aufl\u00f6sung und mit Unterst\u00fctzung der g\u00e4ngigen HDR-Formate. Der ultraschmale Rahmen sorgt f\u00fcr eine schlanke Optik. Die deutlich sichtbare, nach vorne gerichtete Soundleiste gew\u00e4hrleistet einen klaren, kr\u00e4ftigen Klang mit besonders ausgepr\u00e4gter Sprachverst\u00e4ndlichkeit. Grenzenlosen Zugriff auf Inhalte wie Serien, Filme, Apps und Spiele bietet das smarte Betriebssystem Google TV. Trotz der F\u00fclle an Content beh\u00e4lt man dank der \u00fcbersichtlichen Men\u00fcansicht stets die \u00dcbersicht. Das Finden relevanter Inhalte wird durch den Google Sprachassistent weiter optimiert.<\/p>\n","protected":false},"excerpt":{"rendered":"<p>G\u00fcnstiger Google TV mit Frontlautsprecher<\/p>\n<p>UHD Aufl\u00f6sung<\/p>\n<p>Smart TV Android mit Netflix \/ Sky \/ SappTV<\/p>\n","protected":false},"featured_media":9006,"comment_status":"closed","ping_status":"closed","template":"","meta":[],"product_brand":[205],"product_cat":[25],"product_tag":[],"class_list":{"0":"post-9005","1":"product","2":"type-product","3":"status-publish","4":"has-post-thumbnail","6":"product_brand-metz-blue","7":"product_cat-led-tv-40-49-101cm-124cm","8":"product_shipping_class-kein-versand-moeglich-kontaktieren-sie-uns-unter-044-886-86-86-oder-per-mail-lieferung-basic-moeglich","10":"first","11":"onbackorder","12":"taxable","13":"shipping-taxable","14":"purchasable","15":"product-type-simple"},"_links":{"self":[{"href":"https:\/\/spuehler-tv.ch\/onlineshop\/wp-json\/wp\/v2\/product\/9005","targetHints":{"allow":["GET"]}}],"collection":[{"href":"https:\/\/spuehler-tv.ch\/onlineshop\/wp-json\/wp\/v2\/product"}],"about":[{"href":"https:\/\/spuehler-tv.ch\/onlineshop\/wp-json\/wp\/v2\/types\/product"}],"replies":[{"embeddable":true,"href":"https:\/\/spuehler-tv.ch\/onlineshop\/wp-json\/wp\/v2\/comments?post=9005"}],"wp:featuredmedia":[{"embeddable":true,"href":"https:\/\/spuehler-tv.ch\/onlineshop\/wp-json\/wp\/v2\/media\/9006"}],"wp:attachment":[{"href":"https:\/\/spuehler-tv.ch\/onlineshop\/wp-json\/wp\/v2\/media?parent=9005"}],"wp:term":[{"taxonomy":"product_brand","embeddable":true,"href":"https:\/\/spuehler-tv.ch\/onlineshop\/wp-json\/wp\/v2\/product_brand?post=9005"},{"taxonomy":"product_cat","embeddable":true,"href":"https:\/\/spuehler-tv.ch\/onlineshop\/wp-json\/wp\/v2\/product_cat?post=9005"},{"taxonomy":"product_tag","embeddable":true,"href":"https:\/\/spuehler-tv.ch\/onlineshop\/wp-json\/wp\/v2\/product_tag?post=9005"}],"curies":[{"name":"wp","href":"https:\/\/api.w.org\/{rel}","templated":true}]}}