{"id":8838,"date":"2023-03-30T16:00:28","date_gmt":"2023-03-30T15:00:28","guid":{"rendered":"https:\/\/spuehler-tv.ch\/onlineshop\/?post_type=product&#038;p=8838"},"modified":"2026-01-06T17:35:07","modified_gmt":"2026-01-06T16:35:07","slug":"cmse100w-b-cavus-wandhalterung-zu-era-100-sonos","status":"publish","type":"product","link":"https:\/\/spuehler-tv.ch\/onlineshop\/produkt\/cmse100w-b-cavus-wandhalterung-zu-era-100-sonos\/","title":{"rendered":"CMSE100(W\/B) (Cavus) &#8211; Wandhalterung zu ERA 100 (Sonos)"},"content":{"rendered":"<p>Die Wandhalterung ist 60\u00b0 drehbar (30\u00b0 links \/ 30\u00b0 rechts) und 20\u00b0 neigbar. Zus\u00e4tzlicher 34mm-Adapter f\u00fcr fixe Montage nahe an der Wand enthalten.<\/p>\n<p>Integrierte Wasserwaage f\u00fcr einfache und pr\u00e4zise Montage. Geeignet f\u00fcr die Montage auf dem Kopf, um den Zugang zur Steuerung zu erhalten.<\/p>\n","protected":false},"excerpt":{"rendered":"<p>passend zu Sonos ERA-100<\/p>\n","protected":false},"featured_media":8839,"comment_status":"open","ping_status":"closed","template":"","meta":[],"product_brand":[246],"product_cat":[156],"product_tag":[],"class_list":{"0":"post-8838","1":"product","2":"type-product","3":"status-publish","4":"has-post-thumbnail","6":"product_brand-cavus","7":"product_cat-wandhalterungen","8":"product_shipping_class-lieferung-basic-audio","10":"first","11":"onbackorder","12":"taxable","13":"shipping-taxable","14":"purchasable","15":"product-type-variable","16":"has-default-attributes","17":"rtwpvg-product"},"_links":{"self":[{"href":"https:\/\/spuehler-tv.ch\/onlineshop\/wp-json\/wp\/v2\/product\/8838","targetHints":{"allow":["GET"]}}],"collection":[{"href":"https:\/\/spuehler-tv.ch\/onlineshop\/wp-json\/wp\/v2\/product"}],"about":[{"href":"https:\/\/spuehler-tv.ch\/onlineshop\/wp-json\/wp\/v2\/types\/product"}],"replies":[{"embeddable":true,"href":"https:\/\/spuehler-tv.ch\/onlineshop\/wp-json\/wp\/v2\/comments?post=8838"}],"wp:featuredmedia":[{"embeddable":true,"href":"https:\/\/spuehler-tv.ch\/onlineshop\/wp-json\/wp\/v2\/media\/8839"}],"wp:attachment":[{"href":"https:\/\/spuehler-tv.ch\/onlineshop\/wp-json\/wp\/v2\/media?parent=8838"}],"wp:term":[{"taxonomy":"product_brand","embeddable":true,"href":"https:\/\/spuehler-tv.ch\/onlineshop\/wp-json\/wp\/v2\/product_brand?post=8838"},{"taxonomy":"product_cat","embeddable":true,"href":"https:\/\/spuehler-tv.ch\/onlineshop\/wp-json\/wp\/v2\/product_cat?post=8838"},{"taxonomy":"product_tag","embeddable":true,"href":"https:\/\/spuehler-tv.ch\/onlineshop\/wp-json\/wp\/v2\/product_tag?post=8838"}],"curies":[{"name":"wp","href":"https:\/\/api.w.org\/{rel}","templated":true}]}}