{"id":8819,"date":"2023-03-21T18:01:45","date_gmt":"2023-03-21T17:01:45","guid":{"rendered":"https:\/\/spuehler-tv.ch\/onlineshop\/?post_type=product&#038;p=8819"},"modified":"2026-01-06T17:15:51","modified_gmt":"2026-01-06T16:15:51","slug":"debut-connex-dcb41-elac-hifi-lautsprecher-mit-hdmi-arc-bluetooth","status":"publish","type":"product","link":"https:\/\/spuehler-tv.ch\/onlineshop\/produkt\/debut-connex-dcb41-elac-hifi-lautsprecher-mit-hdmi-arc-bluetooth\/","title":{"rendered":"Debut Connex DCB41 (ELAC) &#8211; HiFi Lautsprecher mit HDMI ARC + Bluetooth"},"content":{"rendered":"<p><strong><span style=\"font-family: Arial; font-size: small;\">Aktiver Kompakt-Lautsprecher<\/span><\/strong><\/p>\n<p><span style=\"font-family: Arial; font-size: small;\">2-Wege Bassreflex &#8211; 2 x 50 Watt<\/span><\/p>\n<hr id=\"system-readmore\" \/>\n<p>&nbsp;<\/p>\n<p><span style=\"font-size: small;\"><span style=\"font-family: Arial;\">Einfach eine f\u00fcr alles!<br \/>\nDie ELAC ConneX DCB41 bildet ein aktives Stereo-Lautsprechersystem, welches sich dank seiner vielf\u00e4ltigen und modernen Anschlussm\u00f6glichkeiten f\u00fcr den Einsatz an jeder erdenklichen Quelle eignet.<\/span><\/span><\/p>\n<p><strong>Einfach verbunden.<\/strong><\/p>\n<p>Die ELAC ConneX DCB41 Lautsprecher definieren den neuen Standard, wenn es um die einfache Installation von hochwertigem Sound f\u00fcr Musik- und TV-Anwendungen oder andere Medien geht. Dank der umfangreichen Ausstattung an Eing\u00e4ngen (HDMI ARC mit CEC, Analog Line \/ Phono IN, Digital IN (optisch), USB und Bluetooth APT-X) und dem Zusammenspiel aus perfekt aufeinander abgestimmten Chassis und Endstufen, entsteht ein aussergew\u00f6hnliches Klangerlebnis.<\/p>\n<p><img decoding=\"async\" src=\"http:\/\/telanor.ch\/images\/shop\/elac\/debutconnexdcb41_anschluss.jpg\" alt=\"\" align=\"baseline\" border=\"0\" hspace=\"0\" \/><\/p>\n<p><strong><br \/>\nEinfach begeisternd<br \/>\n<\/strong><br \/>\nDer kraftvolle Sound der ConneX DCB41 verbl\u00fcfft beim Anblick der kompakten Abmessungen. Dank des eleganten, zur\u00fcckhaltenden Designs, welches sich aus dem schwarzen oder braunen Dekor des Korpus, der matt lackierten Schallwand und dem abnehmbaren Bespannrahmen bildet, findet die DCB41 \u00fcberall ihren Platz, an dem ein High-Fidelity-Klang gew\u00fcnscht ist. Bei Bedarf kann ein zus\u00e4tzlicher aktiver Subwoofer \u00fcber den Subwoofer-Ausgang angeschlossen werden. Einfach in Betrieb zu nehmen, einfach zu steuern \u2013 einfach \u2026 easy listening.<\/p>\n<p><strong>Versteckte Komplexit\u00e4t.<\/strong><\/p>\n<p>F\u00fcr einen souver\u00e4nen, tiefreichenden Sound bei geringsten Ventilationen verf\u00fcgt das Bassreflexrohr \u00fcber eine grosse Querschnittsfl\u00e4che, ist innerhalb des Geh\u00e4uses gefaltet und r\u00fcckseitig positioniert.<\/p>\n<p><strong><span style=\"font-family: Arial; font-size: small;\">High-Performance-Tieft\u00f6ner.<\/span><\/strong><\/p>\n<p><span style=\"font-family: Arial;\"><span style=\"font-size: small;\">Um zu gew\u00e4hrleisten, dass die DCB41 ihre Erwartungen spielend \u00fcbertrifft, ist sie mit einem Langhub-Tieft\u00f6ner ausgestattet, der f\u00fcr die Wiedergabe von beeindruckenden B\u00e4ssen und pr\u00e4zisen Mitten verantwortlich zeichnet.<\/span><\/span><\/p>\n<p><strong>Sound dort, wo er hingeh\u00f6rt.<\/strong><\/p>\n<p>Weil ein Lautsprecher den Raum zum Klingen bringt, ist es gut zu wissen, wohin die Schallenergie geleitet wird. Der Waveguide des Hocht\u00f6ners perfektioniert die Richtcharakteristik der DCB41 und somit auch das H\u00f6rerlebnis.<\/p>\n","protected":false},"excerpt":{"rendered":"<p>Ideal als TV-Lautsprecher oder PC-Lautsprecher mit HDMI ARC und Bluetooth!<\/p>\n","protected":false},"featured_media":8823,"comment_status":"open","ping_status":"closed","template":"","meta":[],"product_brand":[237],"product_cat":[130,133,135],"product_tag":[],"class_list":{"0":"post-8819","1":"product","2":"type-product","3":"status-publish","4":"has-post-thumbnail","6":"product_brand-elac","7":"product_cat-lautsprecher-hifi","8":"product_cat-aktiv-lautsprecher-hifi","9":"product_cat-soundbar","10":"product_shipping_class-lieferung-basic-audio","12":"first","13":"instock","14":"taxable","15":"shipping-taxable","16":"purchasable","17":"product-type-simple"},"_links":{"self":[{"href":"https:\/\/spuehler-tv.ch\/onlineshop\/wp-json\/wp\/v2\/product\/8819","targetHints":{"allow":["GET"]}}],"collection":[{"href":"https:\/\/spuehler-tv.ch\/onlineshop\/wp-json\/wp\/v2\/product"}],"about":[{"href":"https:\/\/spuehler-tv.ch\/onlineshop\/wp-json\/wp\/v2\/types\/product"}],"replies":[{"embeddable":true,"href":"https:\/\/spuehler-tv.ch\/onlineshop\/wp-json\/wp\/v2\/comments?post=8819"}],"wp:featuredmedia":[{"embeddable":true,"href":"https:\/\/spuehler-tv.ch\/onlineshop\/wp-json\/wp\/v2\/media\/8823"}],"wp:attachment":[{"href":"https:\/\/spuehler-tv.ch\/onlineshop\/wp-json\/wp\/v2\/media?parent=8819"}],"wp:term":[{"taxonomy":"product_brand","embeddable":true,"href":"https:\/\/spuehler-tv.ch\/onlineshop\/wp-json\/wp\/v2\/product_brand?post=8819"},{"taxonomy":"product_cat","embeddable":true,"href":"https:\/\/spuehler-tv.ch\/onlineshop\/wp-json\/wp\/v2\/product_cat?post=8819"},{"taxonomy":"product_tag","embeddable":true,"href":"https:\/\/spuehler-tv.ch\/onlineshop\/wp-json\/wp\/v2\/product_tag?post=8819"}],"curies":[{"name":"wp","href":"https:\/\/api.w.org\/{rel}","templated":true}]}}