{"id":8817,"date":"2023-03-21T16:57:48","date_gmt":"2023-03-21T15:57:48","guid":{"rendered":"https:\/\/spuehler-tv.ch\/onlineshop\/?post_type=product&#038;p=8817"},"modified":"2026-01-06T14:12:59","modified_gmt":"2026-01-06T13:12:59","slug":"32mtd4001z-metz-blue-81cm-hd-google-tv","status":"publish","type":"product","link":"https:\/\/spuehler-tv.ch\/onlineshop\/produkt\/32mtd4001z-metz-blue-81cm-hd-google-tv\/","title":{"rendered":"32MTD4001Z (Metz Blue) &#8211; 81cm HD Google TV"},"content":{"rendered":"<p>Der METZ blue MTD4001 bietet gro\u00dfe Bilder und starken Sound f\u00fcr kleines Geld. Durch das DirectLED-Display genie\u00dfen Sie ein intensives HDTV-Erlebnis mit hochaufl \u00f6senden Bildern und HDR-Unterst\u00fctzung f\u00fcr HDR10 und HLG. Eine edle, nach vorn gerichtete Lautsprecherleiste sorgt dabei f\u00fcr gehobene Klangqualit\u00e4t. \u00dcber das neue Google TV mit integrierten Smart TV-Apps streamen Sie Filme und Serien bequem \u00fcber das Internet. Der integrierte Triple Tuner gew\u00e4hrleistet zudem perfekten Empfang \u00fcber Satellit, Kabel oder Antenne. Mit Unterst\u00fctzung f\u00fcr Timeshift \u00fcber USB, drei HDMI-Eing\u00e4ngen sowie einer CI Plus-Schnittstelle zum Empfang von Pay TV bringt der MTD4001 pure Unterhaltung in Ihr Wohnzimmer \u2013 hochaufl\u00f6sende Programme inklusive.<\/p>\n","protected":false},"excerpt":{"rendered":"<div class=\"short-description\">\n<div class=\"std\">Direct-LED Google-TV, 81 cm, FHD<\/div>\n<\/div>\n","protected":false},"featured_media":8772,"comment_status":"open","ping_status":"closed","template":"","meta":[],"product_brand":[205],"product_cat":[19,24],"product_tag":[],"class_list":{"0":"post-8817","1":"product","2":"type-product","3":"status-publish","4":"has-post-thumbnail","6":"product_brand-metz-blue","7":"product_cat-tv-geraete","8":"product_cat-led-tv-32-39-81cm-99cm","9":"product_shipping_class-kein-versand-moeglich-kontaktieren-sie-uns-unter-044-886-86-86-oder-per-mail-lieferung-basic-moeglich","11":"first","12":"onbackorder","13":"taxable","14":"shipping-taxable","15":"purchasable","16":"product-type-simple"},"_links":{"self":[{"href":"https:\/\/spuehler-tv.ch\/onlineshop\/wp-json\/wp\/v2\/product\/8817","targetHints":{"allow":["GET"]}}],"collection":[{"href":"https:\/\/spuehler-tv.ch\/onlineshop\/wp-json\/wp\/v2\/product"}],"about":[{"href":"https:\/\/spuehler-tv.ch\/onlineshop\/wp-json\/wp\/v2\/types\/product"}],"replies":[{"embeddable":true,"href":"https:\/\/spuehler-tv.ch\/onlineshop\/wp-json\/wp\/v2\/comments?post=8817"}],"wp:featuredmedia":[{"embeddable":true,"href":"https:\/\/spuehler-tv.ch\/onlineshop\/wp-json\/wp\/v2\/media\/8772"}],"wp:attachment":[{"href":"https:\/\/spuehler-tv.ch\/onlineshop\/wp-json\/wp\/v2\/media?parent=8817"}],"wp:term":[{"taxonomy":"product_brand","embeddable":true,"href":"https:\/\/spuehler-tv.ch\/onlineshop\/wp-json\/wp\/v2\/product_brand?post=8817"},{"taxonomy":"product_cat","embeddable":true,"href":"https:\/\/spuehler-tv.ch\/onlineshop\/wp-json\/wp\/v2\/product_cat?post=8817"},{"taxonomy":"product_tag","embeddable":true,"href":"https:\/\/spuehler-tv.ch\/onlineshop\/wp-json\/wp\/v2\/product_tag?post=8817"}],"curies":[{"name":"wp","href":"https:\/\/api.w.org\/{rel}","templated":true}]}}