{"id":8815,"date":"2023-03-21T16:47:30","date_gmt":"2023-03-21T15:47:30","guid":{"rendered":"https:\/\/spuehler-tv.ch\/onlineshop\/?post_type=product&#038;p=8815"},"modified":"2026-03-19T08:31:39","modified_gmt":"2026-03-19T07:31:39","slug":"fritzrepeater-3000-ax-avm-mesh-wlan-erweiterung","status":"publish","type":"product","link":"https:\/\/spuehler-tv.ch\/onlineshop\/produkt\/fritzrepeater-3000-ax-avm-mesh-wlan-erweiterung\/","title":{"rendered":"FritzRepeater 3000 AX (AVM) &#8211; MESH WLAN Erweiterung"},"content":{"rendered":"<div class=\"frame frame-default frame-type-teaserSingleProduct frame-layout-fullwidth-center\">\n<div class=\"frame-outer-wrap\">\n<div class=\"frame-inner-wrap\">\n<div class=\"teaser-single-product\">\n<div class=\"teaser-single-product-features\">\n<div class=\"layout-inner\">\n<div class=\"teaser-single-product-features-inner\">\n<ul>\n<li class=\"teaser-single-product-feature\">\n<div class=\"teaser-single-product-feature-inner\">\n<div class=\"teaser-single-product-feature-image-wrapper\">\n<div class=\"teaser-single-product-feature-image-circle\"><img loading=\"lazy\" decoding=\"async\" src=\"https:\/\/ch.avm.de\/fileadmin\/user_upload\/Global\/Icons\/blau_svg\/Mesh.svg\" alt=\"\" width=\"50\" height=\"50\" \/><\/div>\n<\/div>\n<div class=\"teaser-single-product-feature-text\">\n<p>WLAN-Repeater mit drei Funkeinheiten<\/p>\n<\/div>\n<\/div>\n<\/li>\n<li class=\"teaser-single-product-feature\">\n<div class=\"teaser-single-product-feature-inner\">\n<div class=\"teaser-single-product-feature-image-wrapper\">\n<div class=\"teaser-single-product-feature-image-circle\"><img loading=\"lazy\" decoding=\"async\" src=\"https:\/\/ch.avm.de\/fileadmin\/user_upload\/Global\/Icons\/blau_svg\/DualWLAN.svg\" alt=\"\" width=\"50\" height=\"50\" \/><\/div>\n<\/div>\n<div class=\"teaser-single-product-feature-text\">\n<p>Wi-Fi 6 (WLAN AX) bis 2.400 MBit\/s + 1.200 MBit\/s + 600 MBit\/s<\/p>\n<\/div>\n<\/div>\n<\/li>\n<li class=\"teaser-single-product-feature\">\n<div class=\"teaser-single-product-feature-inner\">\n<div class=\"teaser-single-product-feature-image-wrapper\">\n<div class=\"teaser-single-product-feature-image-circle\"><img loading=\"lazy\" decoding=\"async\" src=\"https:\/\/ch.avm.de\/fileadmin\/user_upload\/Global\/Icons\/blau_svg\/Netzwerk.svg\" alt=\"\" width=\"50\" height=\"50\" \/><\/div>\n<\/div>\n<div class=\"teaser-single-product-feature-text\">\n<p>Netzwerk mit 2 x Gigabit-LAN<\/p>\n<\/div>\n<\/div>\n<\/li>\n<li class=\"teaser-single-product-feature\">\n<div class=\"teaser-single-product-feature-inner\">\n<div class=\"teaser-single-product-feature-image-wrapper\">\n<div class=\"teaser-single-product-feature-image-circle\"><img loading=\"lazy\" decoding=\"async\" src=\"https:\/\/ch.avm.de\/fileadmin\/user_upload\/Global\/Icons\/blau_svg\/FRITZApp.svg\" alt=\"\" width=\"50\" height=\"50\" \/><\/div>\n<\/div>\n<div class=\"teaser-single-product-feature-text\">\n<p>Komfortable Bedienung und smarte Apps<\/p>\n<\/div>\n<\/div>\n<\/li>\n<\/ul>\n<\/div>\n<\/div>\n<\/div>\n<\/div>\n<\/div>\n<\/div>\n<\/div>\n<div class=\"invisible\">\n<hr \/>\n<p><strong>AVM Inhalt<\/strong><\/p>\n<\/div>\n<div id=\"c225804\" class=\" frame frame-default frame-type-textmedia frame-layout-fullwidth-center frame-textmedia-layout-mini \">\n<div class=\"frame-outer-wrap\">\n<div class=\"frame-inner-wrap\">\n<div class=\"ce-textpic ce-center ce-above\">\n<div class=\"ce-bodytext\">\n<h2 class=\"align-center\">F\u00fcr Wi-Fi 6: der Triband-Repeater FRITZ!Repeater 3000 AX<\/h2>\n<p class=\"align-center\">Mit drei Funkeinheiten, die in Summe einen Datendurchsatz von bis zu 4.200 MBit\/s erzielen k\u00f6nnen, stellt der Repeater eine stabile Verbindung und ein Maximum an Bandbreite f\u00fcr alle verbundenen WLAN-Ger\u00e4te zur Verf\u00fcgung. Gleichzeitig erh\u00f6ht der FRITZ!Repeater 3000 AX die Reichweite im WLAN und sorgt f\u00fcr eine perfekte Funkabdeckung bis in den letzten Winkel von Haus und Wohnung.<\/p>\n<\/div>\n<\/div>\n<\/div>\n<\/div>\n<\/div>\n<div id=\"c225803\" class=\" frame frame-default frame-type-textmedia frame-layout-0 frame-textmedia-layout-50 \">\n<div class=\"frame-outer-wrap\">\n<div class=\"frame-inner-wrap\">\n<div class=\"ce-textpic ce-left ce-intext ce-nowrap\">\n<div class=\"ce-gallery\" data-ce-columns=\"1\" data-ce-images=\"1\">\n<div class=\"ce-row\">\n<div class=\"ce-column\">\n<figure class=\"video\">\n<div class=\"video-embed\"><video class=\"video-embed-item video-handler-item\" autoplay=\"autoplay\" loop=\"loop\" muted=\"\" width=\"612\" height=\"150\" data-mce-fragment=\"1\"><\/video><\/div>\n<\/figure>\n<\/div>\n<\/div>\n<\/div>\n<div class=\"ce-bodytext\">\n<h2>Ultraschnelles Wi-Fi 6<\/h2>\n<p>Der neue Standard Wi-Fi 6 tr\u00e4gt der stetig wachsenden Zahl an WLAN-Ger\u00e4ten Rechnung. Von Smartphones \u00fcber Tablets, PCs, 4K-Fernseher und Lautsprecher bis hin zur smarten Lampe werden immer mehr Ger\u00e4te gleichzeitig im WLAN verwendet.<\/p>\n<p>Der FRITZ!Repeater 3000 AX funkt mit drei WLAN-B\u00e4ndern, die auf intelligente Weise parallel genutzt werden. Dadurch w\u00e4hlt der FRITZ!Repeater 3000 AX immer den effizientesten Weg zum Router und den verbundenen WLAN-Ger\u00e4ten. Im Ergebnis erzielen alle Verbindungen im Heimnetz hohe Datenraten und selbst anspruchsvollste WLAN-Szenarien lassen sich so realisieren.<\/p>\n<p><a class=\"button-link\" href=\"https:\/\/ch.avm.de\/wi-fi-6\/\" target=\"_self\" rel=\"noopener\">Erfahren Sie mehr \u00fcber Wi-Fi 6<\/a><\/p>\n<\/div>\n<\/div>\n<\/div>\n<\/div>\n<\/div>\n<div id=\"c225802\" class=\" frame frame-default frame-type-textmedia frame-layout-0 frame-textmedia-layout-50 \">\n<div class=\"frame-outer-wrap\">\n<div class=\"frame-inner-wrap\">\n<div class=\"ce-textpic ce-right ce-intext ce-nowrap\">\n<div class=\"ce-gallery\" data-ce-columns=\"1\" data-ce-images=\"1\">\n<div class=\"ce-row\">\n<div class=\"ce-column\">\n<figure class=\"image\"><img loading=\"lazy\" decoding=\"async\" class=\"image-embed-item\" src=\"https:\/\/ch.avm.de\/fileadmin\/_processed_\/6\/4\/csm_fritz_mesh_7590_ax_3000_ax_3240x2560_542977d3db.png\" alt=\"\" width=\"612\" height=\"408\" \/><\/figure>\n<\/div>\n<\/div>\n<\/div>\n<div class=\"ce-bodytext\">\n<h2>WLAN Mesh mit FRITZ!<\/h2>\n<p>Damit Videos, Musik und Fotos im Heimnetz nahtlos bis in den letzten Winkel jedes Zimmers gelangen, setzt der FRITZ!Repeater 3000 AX auf WLAN Mesh. Die verteilten FRITZ!-Ger\u00e4te arbeiten in einem einzigen Netz, tauschen sich untereinander aus und optimieren die Leistung aller WLAN-Ger\u00e4te.<\/p>\n<p>Mit Mesh genie\u00dfen Sie ganz einfach H\u00f6chstgeschwindigkeit bei Surfen, Video oder Gaming. Atemberaubendes HD-Fernsehen und Ihre Lieblingsmusik warten jetzt auf Sie \u2013 und nicht umgekehrt.<\/p>\n<p><a class=\"button-link\" href=\"https:\/\/ch.avm.de\/mesh\/\" target=\"_self\" rel=\"noopener\">Erfahren Sie mehr \u00fcber WLAN Mesh<\/a><\/p>\n<\/div>\n<\/div>\n<\/div>\n<\/div>\n<\/div>\n<div id=\"c225801\" class=\" frame frame-default frame-type-textmedia frame-layout-0 frame-textmedia-layout-50 \">\n<div class=\"frame-outer-wrap\">\n<div class=\"frame-inner-wrap\">\n<div class=\"ce-textpic ce-left ce-intext ce-nowrap\">\n<div class=\"ce-gallery\" data-ce-columns=\"1\" data-ce-images=\"1\">\n<div class=\"ce-row\">\n<div class=\"ce-column\">\n<figure class=\"image\"><img loading=\"lazy\" decoding=\"async\" class=\"image-embed-item\" title=\"WPS\" src=\"https:\/\/ch.avm.de\/fileadmin\/user_upload\/Global\/Produkte\/FRITZWLAN\/Shared\/grafik_wps_repeater_fritzbox_600x400.jpg\" alt=\"\" width=\"600\" height=\"400\" \/><\/figure>\n<\/div>\n<\/div>\n<\/div>\n<div class=\"ce-bodytext\">\n<h2>Einfache Installation dank WPS<\/h2>\n<p>Der FRITZ!Repeater 3000 AX unterst\u00fctzt die unkomplizierte, automatische Anmeldung \u00fcber das sogenannte WPS-Verfahren. F\u00fcr die Einrichtung reicht ein Knopfdruck: Repeater und WPS-f\u00e4hige Router wie die FRITZ!Box verbinden sich dann automatisch. Der FRITZ!Repeater \u00fcbernimmt die passenden WLAN-Einstellungen und ist sofort einsatzbereit.<\/p>\n<h2>Kabellose Freiheit<\/h2>\n<p>F\u00fcr Highspeed sorgen die zwei Gigabit-LAN-Anschl\u00fcsse, \u00fcber den neueste netzwerkf\u00e4hige Ger\u00e4te ohne WLAN ins Heimnetz integriert werden. Der FRITZ!Repeater 3000 AX \u00fcberbr\u00fcckt dabei via Funk oder per Kabel die Distanz zum Router. Und falls schon Kabel liegen, kann der Repeater in der Betriebsart LAN-Br\u00fccke \u00fcber ein vorhandenes Netzwerkkabel oder mithilfe eines Powerline-Adapters mit dem Router verbunden werden. So lassen sich auch gr\u00f6\u00dfere Strecken einfach \u00fcberbr\u00fccken.<\/p>\n<\/div>\n<\/div>\n<\/div>\n<\/div>\n<\/div>\n<div id=\"c225800\" class=\" frame frame-default frame-type-textmedia frame-layout-0 frame-textmedia-layout-50 \">\n<div class=\"frame-outer-wrap\">\n<div class=\"frame-inner-wrap\">\n<div class=\"ce-textpic ce-right ce-intext ce-nowrap\">\n<div class=\"ce-gallery\" data-ce-columns=\"1\" data-ce-images=\"1\">\n<div class=\"ce-row\">\n<div class=\"ce-column\">\n<figure class=\"image\"><img loading=\"lazy\" decoding=\"async\" class=\"image-embed-item\" src=\"https:\/\/ch.avm.de\/fileadmin\/user_upload\/Global\/Produkte\/FRITZRepeater\/3000_AX\/grafikfritz_repeater_3000_ax_sicherheit_600x400.png\" alt=\"\" width=\"600\" height=\"400\" \/><\/figure>\n<\/div>\n<\/div>\n<\/div>\n<div class=\"ce-bodytext\">\n<h2>Leicht zu bedienen und updatef\u00e4hig<\/h2>\n<p>Von der idealen Platzierung bis hin zum optimalen Funkkanal: Der Repeater unterst\u00fctzt Sie mit LEDs, der FRITZ!App WLAN, Software-Assistenten und einer \u00fcbersichtlichen Benutzeroberfl\u00e4che. Au\u00dferdem profitiert der FRITZ!Repeater 3000 AX von neuen Leistungsmerkmalen durch kostenfreie Updates.<\/p>\n<h2>Sichere Verschl\u00fcsselung f\u00fcr das Funknetz<\/h2>\n<p>Der FRITZ!Repeater 3000 AX unterst\u00fctzt neben dem etablierten Verschl\u00fcsselungsverfahren WPA2 auch das neuste Verfahren WPA3 mit erweiterten Sicherheitsmerkmalen. So baut der Repeater sichere Verbindungen zu Funknetzen aktueller Router auf und Ihr WLAN ist optimal gesch\u00fctzt.<\/p>\n<\/div>\n<\/div>\n<\/div>\n<\/div>\n<\/div>\n","protected":false},"excerpt":{"rendered":"<ul>\n<li class=\"teaser-single-product-feature\">\n<div class=\"teaser-single-product-feature-inner\">\n<div class=\"teaser-single-product-feature-image-wrapper\">\n<div class=\"teaser-single-product-feature-image-circle\"><img loading=\"lazy\" decoding=\"async\" src=\"https:\/\/ch.avm.de\/fileadmin\/user_upload\/Global\/Icons\/blau_svg\/Mesh.svg\" alt=\"\" width=\"50\" height=\"50\" \/><\/div>\n<\/div>\n<div class=\"teaser-single-product-feature-text\">\n<p>WLAN-Repeater mit drei Funkeinheiten<\/p>\n<\/div>\n<\/div>\n<\/li>\n<li class=\"teaser-single-product-feature\">\n<div class=\"teaser-single-product-feature-inner\">\n<div class=\"teaser-single-product-feature-image-wrapper\">\n<div class=\"teaser-single-product-feature-image-circle\"><img loading=\"lazy\" decoding=\"async\" src=\"https:\/\/ch.avm.de\/fileadmin\/user_upload\/Global\/Icons\/blau_svg\/DualWLAN.svg\" alt=\"\" width=\"50\" height=\"50\" \/><\/div>\n<\/div>\n<div class=\"teaser-single-product-feature-text\">\n<p>Wi-Fi 6 (WLAN AX) bis 2.400 MBit\/s + 1.200 MBit\/s + 600 MBit\/s<\/p>\n<\/div>\n<\/div>\n<\/li>\n<li class=\"teaser-single-product-feature\">\n<div class=\"teaser-single-product-feature-inner\">\n<div class=\"teaser-single-product-feature-image-wrapper\">\n<div class=\"teaser-single-product-feature-image-circle\"><img loading=\"lazy\" decoding=\"async\" src=\"https:\/\/ch.avm.de\/fileadmin\/user_upload\/Global\/Icons\/blau_svg\/Netzwerk.svg\" alt=\"\" width=\"50\" height=\"50\" \/><\/div>\n<\/div>\n<div class=\"teaser-single-product-feature-text\">\n<p>Netzwerk mit 2 x Gigabit-LAN<\/p>\n<\/div>\n<\/div>\n<\/li>\n<li class=\"teaser-single-product-feature\">\n<div class=\"teaser-single-product-feature-inner\">\n<div class=\"teaser-single-product-feature-image-wrapper\">\n<div class=\"teaser-single-product-feature-image-circle\"><img loading=\"lazy\" decoding=\"async\" src=\"https:\/\/ch.avm.de\/fileadmin\/user_upload\/Global\/Icons\/blau_svg\/FRITZApp.svg\" alt=\"\" width=\"50\" height=\"50\" \/><\/div>\n<\/div>\n<div class=\"teaser-single-product-feature-text\">\n<p>Komfortable Bedienung und smarte Apps<\/p>\n<\/div>\n<\/div>\n<\/li>\n<\/ul>\n","protected":false},"featured_media":8816,"comment_status":"closed","ping_status":"closed","template":"","meta":[],"product_brand":[242],"product_cat":[21,65],"product_tag":[],"class_list":{"0":"post-8815","1":"product","2":"type-product","3":"status-publish","4":"has-post-thumbnail","6":"product_brand-fritz","7":"product_cat-it-produkte","8":"product_cat-mesh-repeater","9":"product_shipping_class-lieferung-basic-audio","11":"first","12":"instock","13":"taxable","14":"shipping-taxable","15":"purchasable","16":"product-type-simple"},"_links":{"self":[{"href":"https:\/\/spuehler-tv.ch\/onlineshop\/wp-json\/wp\/v2\/product\/8815","targetHints":{"allow":["GET"]}}],"collection":[{"href":"https:\/\/spuehler-tv.ch\/onlineshop\/wp-json\/wp\/v2\/product"}],"about":[{"href":"https:\/\/spuehler-tv.ch\/onlineshop\/wp-json\/wp\/v2\/types\/product"}],"replies":[{"embeddable":true,"href":"https:\/\/spuehler-tv.ch\/onlineshop\/wp-json\/wp\/v2\/comments?post=8815"}],"wp:featuredmedia":[{"embeddable":true,"href":"https:\/\/spuehler-tv.ch\/onlineshop\/wp-json\/wp\/v2\/media\/8816"}],"wp:attachment":[{"href":"https:\/\/spuehler-tv.ch\/onlineshop\/wp-json\/wp\/v2\/media?parent=8815"}],"wp:term":[{"taxonomy":"product_brand","embeddable":true,"href":"https:\/\/spuehler-tv.ch\/onlineshop\/wp-json\/wp\/v2\/product_brand?post=8815"},{"taxonomy":"product_cat","embeddable":true,"href":"https:\/\/spuehler-tv.ch\/onlineshop\/wp-json\/wp\/v2\/product_cat?post=8815"},{"taxonomy":"product_tag","embeddable":true,"href":"https:\/\/spuehler-tv.ch\/onlineshop\/wp-json\/wp\/v2\/product_tag?post=8815"}],"curies":[{"name":"wp","href":"https:\/\/api.w.org\/{rel}","templated":true}]}}