{"id":8801,"date":"2023-03-09T10:02:15","date_gmt":"2023-03-09T09:02:15","guid":{"rendered":"https:\/\/spuehler-tv.ch\/onlineshop\/?post_type=product&#038;p=8801"},"modified":"2026-01-06T15:18:24","modified_gmt":"2026-01-06T14:18:24","slug":"era-300-sonos-multiroom-lautsprecher-mit-sprachsteuerung-weiss-o-schwarz","status":"publish","type":"product","link":"https:\/\/spuehler-tv.ch\/onlineshop\/produkt\/era-300-sonos-multiroom-lautsprecher-mit-sprachsteuerung-weiss-o-schwarz\/","title":{"rendered":"ERA 300 (Sonos) &#8211; Multiroom Lautsprecher mit Sprachsteuerung &#8211; Weiss o. Schwarz"},"content":{"rendered":"<div id=\"product-tab-1\" class=\"product-tab\">\n<div class=\"mb-15 desc\">\n<p>Bring deine Sound Experience aufs n\u00e4chste Level.<\/p>\n<p>Die sechs vorne, an den Seiten und oben positionierten Treiber unterst\u00fctzen Dolby Atmos und das bahnbrechende Akustikdesign projiziert Sound von Wand zu Wand und vom Boden bis zur Decke, sodass du jeden Song noch detailreicher erlebst.<\/p>\n<p>Mach den gesamten Raum zum Sweet Spot.<\/p>\n<p>Erlebe einzigartigen Sound, egal wo du bist oder was du abspielst. Spezielle Wellenleiter geben den Sound in alle Richtungen wieder und sorgen f\u00fcr eine unglaublich breite Stereo Soundb\u00fchne, die den gesamten Raum erf\u00fcllt.<\/p>\n<p>Spiele Inhalte jedes Dienstes und von jedem Ger\u00e4t ab.<\/p>\n<p>Streame all deine Lieblingsdienste \u00fcber WLAN. Verbinde ein Bluetooth\u00ae Ger\u00e4t auf Tastendruck. Verbinde m\u00fchelos einen Plattenspieler oder eine andere Audioquelle mit einem AUX-Kabel und dem Sonos Eingangsadapter.<\/p>\n<p>Unglaublich realistischer Surround Sound.<\/p>\n<p>Erlebe mitreissenden Multichannel Surround Sound, indem du zwei Speaker mit der Sonos Arc oder Beam (Gen. 2) verbindest. Dolby Atmos und die seitlichen und Overhead-Kan\u00e4le sorgen f\u00fcr eine breite 3D Soundb\u00fchne, sodass du dich mitten im Geschehen f\u00fchlst.<\/p>\n<p>Automatische Abstimmung.<\/p>\n<p>Trueplay\u2122 Tuning analysiert nach nur einem Tippen in der Sonos App die einzigartige Akustik deines Raums und optimiert die Equalizer des Speakers. Dadurch h\u00f6rst du deine Inhalte jederzeit in \u00fcberragender Qualit\u00e4t.<\/p>\n<p>Verantwortung beginnt beim Design<\/p>\n<p>Der Era 300 ist ein Beweis daf\u00fcr, wie sehr wir uns unseren H\u00f6rer:innen und unserem Planeten verpflichtet f\u00fchlen. Er ist aus recyceltem Plastik hergestellt und verf\u00fcgt \u00fcber eine energiesparende Technologie. Die Verpackung besteht aus nachhaltig beschafftem, zu 100 % recycelbarem Papier.<\/p>\n<\/div>\n<\/div>\n","protected":false},"excerpt":{"rendered":"<p><span class=\"sc-12r9jwk-1 Vfgjz\">WLAN, Bluetooth, Airplay 2<\/span><\/p>\n<div class=\"sc-17kre9u-0 ctCBTE\">\n<div class=\"sc-17kre9u-1 cgCxZu\"><\/div>\n<\/div>\n","protected":false},"featured_media":8804,"comment_status":"closed","ping_status":"closed","template":"","meta":[],"product_brand":[218],"product_cat":[54],"product_tag":[],"class_list":{"0":"post-8801","1":"product","2":"type-product","3":"status-publish","4":"has-post-thumbnail","6":"product_brand-sonos","7":"product_cat-multiroom","8":"product_shipping_class-lieferung-basic-audio","10":"first","11":"instock","12":"taxable","13":"shipping-taxable","14":"purchasable","15":"product-type-variable","16":"has-default-attributes","17":"rtwpvg-product"},"_links":{"self":[{"href":"https:\/\/spuehler-tv.ch\/onlineshop\/wp-json\/wp\/v2\/product\/8801","targetHints":{"allow":["GET"]}}],"collection":[{"href":"https:\/\/spuehler-tv.ch\/onlineshop\/wp-json\/wp\/v2\/product"}],"about":[{"href":"https:\/\/spuehler-tv.ch\/onlineshop\/wp-json\/wp\/v2\/types\/product"}],"replies":[{"embeddable":true,"href":"https:\/\/spuehler-tv.ch\/onlineshop\/wp-json\/wp\/v2\/comments?post=8801"}],"wp:featuredmedia":[{"embeddable":true,"href":"https:\/\/spuehler-tv.ch\/onlineshop\/wp-json\/wp\/v2\/media\/8804"}],"wp:attachment":[{"href":"https:\/\/spuehler-tv.ch\/onlineshop\/wp-json\/wp\/v2\/media?parent=8801"}],"wp:term":[{"taxonomy":"product_brand","embeddable":true,"href":"https:\/\/spuehler-tv.ch\/onlineshop\/wp-json\/wp\/v2\/product_brand?post=8801"},{"taxonomy":"product_cat","embeddable":true,"href":"https:\/\/spuehler-tv.ch\/onlineshop\/wp-json\/wp\/v2\/product_cat?post=8801"},{"taxonomy":"product_tag","embeddable":true,"href":"https:\/\/spuehler-tv.ch\/onlineshop\/wp-json\/wp\/v2\/product_tag?post=8801"}],"curies":[{"name":"wp","href":"https:\/\/api.w.org\/{rel}","templated":true}]}}