{"id":8795,"date":"2023-03-09T09:53:01","date_gmt":"2023-03-09T08:53:01","guid":{"rendered":"https:\/\/spuehler-tv.ch\/onlineshop\/?post_type=product&#038;p=8795"},"modified":"2026-01-06T15:18:24","modified_gmt":"2026-01-06T14:18:24","slug":"era-100-sonos-multiroom-lautsprecher-mit-sprachsteuerung-weiss-o-schwarz","status":"publish","type":"product","link":"https:\/\/spuehler-tv.ch\/onlineshop\/produkt\/era-100-sonos-multiroom-lautsprecher-mit-sprachsteuerung-weiss-o-schwarz\/","title":{"rendered":"ERA 100 (Sonos) &#8211; Multiroom Lautsprecher mit Sprachsteuerung &#8211; Weiss o. Schwarz"},"content":{"rendered":"<p>\u00dcberragende Soundqualit\u00e4t<\/p>\n<p>Die akustische Architektur der n\u00e4chsten Generation mit einem um 47 % schnelleren Prozessor sorgt f\u00fcr pr\u00e4zise Stereo-Trennung, w\u00e4hrend der um 25 % gr\u00f6ssere Mittelt\u00f6ner noch tieferen Bass liefert.<\/p>\n<p>Kompakt und vielseitig<\/p>\n<p>Du kannst diesen Speaker \u00fcberall dort platzieren, wo du Musik h\u00f6ren m\u00f6chtest. Das kompakte Design passt perfekt in dein B\u00fccherregal, auf deine K\u00fcchenzeile, deinen Schreibtisch oder Nachttisch.<\/p>\n<p>Spiele Inhalte jedes Dienstes und von jedem Ger\u00e4t ab<\/p>\n<p>Streame all deine Lieblingsdienste \u00fcber WLAN. Verbinde ein Bluetooth\u00ae Ger\u00e4t auf Tastendruck. Verbinde m\u00fchelos einen Plattenspieler oder eine andere Audioquelle mit einem AUX-Kabel und dem Sonos Eingangsadapter.<\/p>\n<p>Schnelle und einfache Einrichtung<\/p>\n<p>Vom Auspacken bis zur einzigartigen Sound Experience dauert es nur wenige Minuten. Schliesse einfach das Stromkabel an, verbinde dein Smartphone oder Tablet mit dem WLAN und \u00f6ffne die Sonos App.<\/p>\n<p>Exklusive Sonos Features f\u00fcr Sound auf dem n\u00e4chsten Level<\/p>\n<p>Geniesse mit Sonos Radio kostenlose Musik, Originalinhalte und Tausende Live-Radiosender aus aller Welt. Steuere dein Sonos System ganz einfach mit deiner Stimme bei einzigartigem Schutz deiner Privatsph\u00e4re und pers\u00f6nlichen Daten. Erhalte durch regelm\u00e4ssige Software-Updates ausserdem Zugriff auf neue Features und Dienste.<\/p>\n<p>Automatische Abstimmung<\/p>\n<p>Trueplay\u2122 Tuning analysiert nach nur einem Tippen in der Sonos App die einzigartige Akustik deines Raums und optimiert die Equalizer des Speakers. Dadurch h\u00f6rst du deine Inhalte jederzeit in \u00fcberragender Qualit\u00e4t.<\/p>\n<p>Verantwortung beginnt beim Design<\/p>\n<p>Der Era 100 ist ein Beweis, wie sehr wir uns unseren H\u00f6rer:innen und unserem Planeten verpflichtet f\u00fchlen. Er ist aus recyceltem Plastik hergestellt und verf\u00fcgt \u00fcber eine energiesparende Technologie. Die Verpackung besteht aus nachhaltig beschafftem, zu 100 % recycelbarem Papier.<\/p>\n<p>Un\u00fcbertroffener Stereo Sound<\/p>\n<p>Erlebe eine noch breitere Klangb\u00fchne und einen beeindruckenden Sweet Spot, indem du zwei Speaker im selben Raum miteinander verbindest.<\/p>\n","protected":false},"excerpt":{"rendered":"<p><span class=\"sc-12r9jwk-1 Vfgjz\">WLAN, Bluetooth, Airplay 2<\/span><\/p>\n<div class=\"sc-17kre9u-0 ctCBTE\">\n<div class=\"sc-17kre9u-1 cgCxZu\"><\/div>\n<\/div>\n","protected":false},"featured_media":8799,"comment_status":"closed","ping_status":"closed","template":"","meta":[],"product_brand":[218],"product_cat":[54],"product_tag":[],"class_list":{"0":"post-8795","1":"product","2":"type-product","3":"status-publish","4":"has-post-thumbnail","6":"product_brand-sonos","7":"product_cat-multiroom","8":"product_shipping_class-lieferung-basic-audio","10":"first","11":"instock","12":"taxable","13":"shipping-taxable","14":"purchasable","15":"product-type-variable","16":"has-default-attributes","17":"rtwpvg-product"},"_links":{"self":[{"href":"https:\/\/spuehler-tv.ch\/onlineshop\/wp-json\/wp\/v2\/product\/8795","targetHints":{"allow":["GET"]}}],"collection":[{"href":"https:\/\/spuehler-tv.ch\/onlineshop\/wp-json\/wp\/v2\/product"}],"about":[{"href":"https:\/\/spuehler-tv.ch\/onlineshop\/wp-json\/wp\/v2\/types\/product"}],"replies":[{"embeddable":true,"href":"https:\/\/spuehler-tv.ch\/onlineshop\/wp-json\/wp\/v2\/comments?post=8795"}],"wp:featuredmedia":[{"embeddable":true,"href":"https:\/\/spuehler-tv.ch\/onlineshop\/wp-json\/wp\/v2\/media\/8799"}],"wp:attachment":[{"href":"https:\/\/spuehler-tv.ch\/onlineshop\/wp-json\/wp\/v2\/media?parent=8795"}],"wp:term":[{"taxonomy":"product_brand","embeddable":true,"href":"https:\/\/spuehler-tv.ch\/onlineshop\/wp-json\/wp\/v2\/product_brand?post=8795"},{"taxonomy":"product_cat","embeddable":true,"href":"https:\/\/spuehler-tv.ch\/onlineshop\/wp-json\/wp\/v2\/product_cat?post=8795"},{"taxonomy":"product_tag","embeddable":true,"href":"https:\/\/spuehler-tv.ch\/onlineshop\/wp-json\/wp\/v2\/product_tag?post=8795"}],"curies":[{"name":"wp","href":"https:\/\/api.w.org\/{rel}","templated":true}]}}