{"id":8746,"date":"2023-01-31T10:37:44","date_gmt":"2023-01-31T10:37:44","guid":{"rendered":"https:\/\/spuehler-tv.ch\/onlineshop\/?post_type=product&#038;p=8746"},"modified":"2026-01-06T14:47:10","modified_gmt":"2026-01-06T13:47:10","slug":"cxc-v2-cambridge-audio-hifi-cd-spieler","status":"publish","type":"product","link":"https:\/\/spuehler-tv.ch\/onlineshop\/produkt\/cxc-v2-cambridge-audio-hifi-cd-spieler\/","title":{"rendered":"CXC V2 (Cambridge Audio) &#8211; HiFi CD-Spieler"},"content":{"rendered":"<ul class=\"uk-switcher\">\n<li class=\"product-overview uk-active\">\n<div class=\"paragraph paragraph--type--image-container paragraph--view-mode--default wide\">\n<div class=\"uk-container\">\n<div class=\"paragraph paragraph--image\"><picture><img decoding=\"async\" src=\"https:\/\/www.cambridgeaudio.com\/sites\/default\/files\/styles\/full_sm\/public\/paragraphs\/image\/CA_CXA81_LS_Closeup_v4_1500x1000.jpg?itok=c_Vfc5UU\" alt=\"CX Series V2 setup\" \/><\/picture><span style=\"font-size: 2em;\">Leistung, die sich auszahlt<\/span><\/div>\n<\/div>\n<\/div>\n<div class=\"paragraph--paragraph\">\n<div class=\"paragraph--container bg--inherit\">\n<div class=\"uk-container uk-container-small paragraph\">\n<p class=\"text-align-center\">Du hast jahrelang CDs gesammelt, warum also nicht auch ihnen das CX-Sound-Upgrade verpassen? Das CXC ist ein CD-Laufwerk, das mit DACs und kompatiblen Verst\u00e4rkern zusammenarbeitet \u2013 wie unserem preisgekr\u00f6nten CXA81. Du wirst unglaubliche Details von deinen CDs h\u00f6ren \u2013 vielleicht sogar zum ersten Mal. Das CXC haucht CDs neues Leben ein, damit du noch viele Jahre Freude an ihnen hast.<\/p>\n<\/div>\n<\/div>\n<\/div>\n<div class=\"paragraph--feature\">\n<div class=\"uk-container\">\n<div class=\"feature--container bg--\">\n<div class=\"feature uk-container bg-- layout--50_50__layout position--0 gap\">\n<div class=\"feature__image gap\">\n<div><picture><source srcset=\"\/sites\/default\/files\/styles\/full_xxxl\/public\/paragraphs\/feature\/image\/CA_CXA81_LS_CXC_v4_820x540_1.jpg.webp?itok=oUl3szW6 1x\" type=\"image\/webp\" media=\"all and (min-width: 1820px)\" \/><source srcset=\"\/sites\/default\/files\/styles\/full_xxxl\/public\/paragraphs\/feature\/image\/CA_CXA81_LS_CXC_v4_820x540_1.jpg.webp?itok=oUl3szW6 1x\" type=\"image\/webp\" media=\"all and (min-width: 1440px)\" \/><source srcset=\"\/sites\/default\/files\/styles\/full_xxl\/public\/paragraphs\/feature\/image\/CA_CXA81_LS_CXC_v4_820x540_1.jpg.webp?itok=1ZYTgzI1 1x\" type=\"image\/webp\" media=\"all and (min-width: 1280px)\" \/><source srcset=\"\/sites\/default\/files\/styles\/full_xxl\/public\/paragraphs\/feature\/image\/CA_CXA81_LS_CXC_v4_820x540_1.jpg.webp?itok=1ZYTgzI1 1x\" type=\"image\/webp\" media=\"all and (min-width: 1024px)\" \/><source srcset=\"\/sites\/default\/files\/styles\/full_lg\/public\/paragraphs\/feature\/image\/CA_CXA81_LS_CXC_v4_820x540_1.jpg.webp?itok=PGi0NQhm 1x\" type=\"image\/webp\" media=\"all and (min-width: 768px)\" \/><source srcset=\"\/sites\/default\/files\/styles\/full_md\/public\/paragraphs\/feature\/image\/CA_CXA81_LS_CXC_v4_820x540_1.jpg.webp?itok=XqDLlZ5L 1x\" type=\"image\/webp\" media=\"all and (min-width: 576px)\" \/><source srcset=\"\/sites\/default\/files\/styles\/full_sm\/public\/paragraphs\/feature\/image\/CA_CXA81_LS_CXC_v4_820x540_1.jpg.webp?itok=ZXp8AIqe 1x\" type=\"image\/webp\" \/><source srcset=\"\/sites\/default\/files\/styles\/full_xxxl\/public\/paragraphs\/feature\/image\/CA_CXA81_LS_CXC_v4_820x540_1.jpg?itok=oUl3szW6 1x\" type=\"image\/jpeg\" media=\"all and (min-width: 1820px)\" \/><source srcset=\"\/sites\/default\/files\/styles\/full_xxxl\/public\/paragraphs\/feature\/image\/CA_CXA81_LS_CXC_v4_820x540_1.jpg?itok=oUl3szW6 1x\" type=\"image\/jpeg\" media=\"all and (min-width: 1440px)\" \/><source srcset=\"\/sites\/default\/files\/styles\/full_xxl\/public\/paragraphs\/feature\/image\/CA_CXA81_LS_CXC_v4_820x540_1.jpg?itok=1ZYTgzI1 1x\" type=\"image\/jpeg\" media=\"all and (min-width: 1280px)\" \/><source srcset=\"\/sites\/default\/files\/styles\/full_xxl\/public\/paragraphs\/feature\/image\/CA_CXA81_LS_CXC_v4_820x540_1.jpg?itok=1ZYTgzI1 1x\" type=\"image\/jpeg\" media=\"all and (min-width: 1024px)\" \/><source srcset=\"\/sites\/default\/files\/styles\/full_lg\/public\/paragraphs\/feature\/image\/CA_CXA81_LS_CXC_v4_820x540_1.jpg?itok=PGi0NQhm 1x\" type=\"image\/jpeg\" media=\"all and (min-width: 768px)\" \/><source srcset=\"\/sites\/default\/files\/styles\/full_md\/public\/paragraphs\/feature\/image\/CA_CXA81_LS_CXC_v4_820x540_1.jpg?itok=XqDLlZ5L 1x\" type=\"image\/jpeg\" media=\"all and (min-width: 576px)\" \/><source srcset=\"\/sites\/default\/files\/styles\/full_sm\/public\/paragraphs\/feature\/image\/CA_CXA81_LS_CXC_v4_820x540_1.jpg?itok=ZXp8AIqe 1x\" type=\"image\/jpeg\" \/><\/picture><\/div>\n<\/div>\n<div class=\"feature__text gap\">\n<div class=\"feature__text_container\">\n<h2 class=\"feature__text--heading\">Eine Aufgabe\u00a0\u2013 mit Perfektion erf\u00fcllt<\/h2>\n<div class=\"feature__text--body\">\n<p>Das CXC verfolgt ein ganz bestimmtes Ziel: Es wurde entwickelt, um die digitalen Audioinformationen auf CDs mit absoluter Genauigkeit und Konsistenz zu lesen. Dann gibt es das Signal an einen DAC weiter, wie unseren DacMagic 200M oder die hochwertigen DACs in den CX-Verst\u00e4rkern. Jede Komponente im CXC ist darauf ausgerichtet, diese Aufgabe mit Pr\u00e4zision zu erf\u00fcllen.<\/p>\n<\/div>\n<\/div>\n<\/div>\n<\/div>\n<\/div>\n<\/div>\n<\/div>\n<div class=\"paragraph--feature\">\n<div class=\"uk-container\">\n<div class=\"feature--container bg--\">\n<div class=\"feature uk-container bg-- layout--50_50__layout position--1 gap\">\n<div class=\"feature__image gap\">\n<div><picture><source srcset=\"\/sites\/default\/files\/styles\/full_xxxl\/public\/paragraphs\/feature\/image\/Cambridge_Audio_CXC_Detail_02.jpg.webp?itok=GvC6nDvL 1x\" type=\"image\/webp\" media=\"all and (min-width: 1820px)\" \/><source srcset=\"\/sites\/default\/files\/styles\/full_xxxl\/public\/paragraphs\/feature\/image\/Cambridge_Audio_CXC_Detail_02.jpg.webp?itok=GvC6nDvL 1x\" type=\"image\/webp\" media=\"all and (min-width: 1440px)\" \/><source srcset=\"\/sites\/default\/files\/styles\/full_xxl\/public\/paragraphs\/feature\/image\/Cambridge_Audio_CXC_Detail_02.jpg.webp?itok=Qyb02HP6 1x\" type=\"image\/webp\" media=\"all and (min-width: 1280px)\" \/><source srcset=\"\/sites\/default\/files\/styles\/full_xxl\/public\/paragraphs\/feature\/image\/Cambridge_Audio_CXC_Detail_02.jpg.webp?itok=Qyb02HP6 1x\" type=\"image\/webp\" media=\"all and (min-width: 1024px)\" \/><source srcset=\"\/sites\/default\/files\/styles\/full_lg\/public\/paragraphs\/feature\/image\/Cambridge_Audio_CXC_Detail_02.jpg.webp?itok=PvS1FhBl 1x\" type=\"image\/webp\" media=\"all and (min-width: 768px)\" \/><source srcset=\"\/sites\/default\/files\/styles\/full_md\/public\/paragraphs\/feature\/image\/Cambridge_Audio_CXC_Detail_02.jpg.webp?itok=HoH7ObyI 1x\" type=\"image\/webp\" media=\"all and (min-width: 576px)\" \/><source srcset=\"\/sites\/default\/files\/styles\/full_sm\/public\/paragraphs\/feature\/image\/Cambridge_Audio_CXC_Detail_02.jpg.webp?itok=9y90Lp7Q 1x\" type=\"image\/webp\" \/><source srcset=\"\/sites\/default\/files\/styles\/full_xxxl\/public\/paragraphs\/feature\/image\/Cambridge_Audio_CXC_Detail_02.jpg?itok=GvC6nDvL 1x\" type=\"image\/jpeg\" media=\"all and (min-width: 1820px)\" \/><source srcset=\"\/sites\/default\/files\/styles\/full_xxxl\/public\/paragraphs\/feature\/image\/Cambridge_Audio_CXC_Detail_02.jpg?itok=GvC6nDvL 1x\" type=\"image\/jpeg\" media=\"all and (min-width: 1440px)\" \/><source srcset=\"\/sites\/default\/files\/styles\/full_xxl\/public\/paragraphs\/feature\/image\/Cambridge_Audio_CXC_Detail_02.jpg?itok=Qyb02HP6 1x\" type=\"image\/jpeg\" media=\"all and (min-width: 1280px)\" \/><source srcset=\"\/sites\/default\/files\/styles\/full_xxl\/public\/paragraphs\/feature\/image\/Cambridge_Audio_CXC_Detail_02.jpg?itok=Qyb02HP6 1x\" type=\"image\/jpeg\" media=\"all and (min-width: 1024px)\" \/><source srcset=\"\/sites\/default\/files\/styles\/full_lg\/public\/paragraphs\/feature\/image\/Cambridge_Audio_CXC_Detail_02.jpg?itok=PvS1FhBl 1x\" type=\"image\/jpeg\" media=\"all and (min-width: 768px)\" \/><source srcset=\"\/sites\/default\/files\/styles\/full_md\/public\/paragraphs\/feature\/image\/Cambridge_Audio_CXC_Detail_02.jpg?itok=HoH7ObyI 1x\" type=\"image\/jpeg\" media=\"all and (min-width: 576px)\" \/><source srcset=\"\/sites\/default\/files\/styles\/full_sm\/public\/paragraphs\/feature\/image\/Cambridge_Audio_CXC_Detail_02.jpg?itok=9y90Lp7Q 1x\" type=\"image\/jpeg\" \/><\/picture><\/div>\n<\/div>\n<div class=\"feature__text gap\">\n<div class=\"feature__text_container\">\n<h2 class=\"feature__text--heading\">Pr\u00e4zises Abspielen<\/h2>\n<div class=\"feature__text--body\">\n<p>Das Laufwerk im CXC wurde von unseren Ingenieuren urspr\u00fcnglich f\u00fcr unsere High-End-CD-Player entwickelt. Das renommierte S3 Servo ist kein Mehrzwecklaufwerk. Es dreht Audio-CDs mit genau der Geschwindigkeit, die f\u00fcr den Datenabruf erforderlich ist, und verleiht dem CXC eine preisgekr\u00f6nte Klangpr\u00e4zision und Stabilit\u00e4t.<\/p>\n<\/div>\n<\/div>\n<\/div>\n<\/div>\n<\/div>\n<\/div>\n<\/div>\n<div class=\"paragraph--feature\">\n<div class=\"uk-container\">\n<div class=\"feature--container bg--\">\n<div class=\"feature uk-container bg-- layout--50_50__layout position--0 gap\">\n<div class=\"feature__image gap\">\n<div><picture><source srcset=\"\/sites\/default\/files\/styles\/full_xxxl\/public\/paragraphs\/feature\/image\/CA_CXA81_LS_Model-1330_v5_820x540.jpg.webp?itok=3bfR4zsf 1x\" type=\"image\/webp\" media=\"all and (min-width: 1820px)\" \/><source srcset=\"\/sites\/default\/files\/styles\/full_xxxl\/public\/paragraphs\/feature\/image\/CA_CXA81_LS_Model-1330_v5_820x540.jpg.webp?itok=3bfR4zsf 1x\" type=\"image\/webp\" media=\"all and (min-width: 1440px)\" \/><source srcset=\"\/sites\/default\/files\/styles\/full_xxl\/public\/paragraphs\/feature\/image\/CA_CXA81_LS_Model-1330_v5_820x540.jpg.webp?itok=v5o9ZCPg 1x\" type=\"image\/webp\" media=\"all and (min-width: 1280px)\" \/><source srcset=\"\/sites\/default\/files\/styles\/full_xxl\/public\/paragraphs\/feature\/image\/CA_CXA81_LS_Model-1330_v5_820x540.jpg.webp?itok=v5o9ZCPg 1x\" type=\"image\/webp\" media=\"all and (min-width: 1024px)\" \/><source srcset=\"\/sites\/default\/files\/styles\/full_lg\/public\/paragraphs\/feature\/image\/CA_CXA81_LS_Model-1330_v5_820x540.jpg.webp?itok=5iuS4HIi 1x\" type=\"image\/webp\" media=\"all and (min-width: 768px)\" \/><source srcset=\"\/sites\/default\/files\/styles\/full_md\/public\/paragraphs\/feature\/image\/CA_CXA81_LS_Model-1330_v5_820x540.jpg.webp?itok=ahXGBvkE 1x\" type=\"image\/webp\" media=\"all and (min-width: 576px)\" \/><source srcset=\"\/sites\/default\/files\/styles\/full_sm\/public\/paragraphs\/feature\/image\/CA_CXA81_LS_Model-1330_v5_820x540.jpg.webp?itok=OTeo8dOh 1x\" type=\"image\/webp\" \/><source srcset=\"\/sites\/default\/files\/styles\/full_xxxl\/public\/paragraphs\/feature\/image\/CA_CXA81_LS_Model-1330_v5_820x540.jpg?itok=3bfR4zsf 1x\" type=\"image\/jpeg\" media=\"all and (min-width: 1820px)\" \/><source srcset=\"\/sites\/default\/files\/styles\/full_xxxl\/public\/paragraphs\/feature\/image\/CA_CXA81_LS_Model-1330_v5_820x540.jpg?itok=3bfR4zsf 1x\" type=\"image\/jpeg\" media=\"all and (min-width: 1440px)\" \/><source srcset=\"\/sites\/default\/files\/styles\/full_xxl\/public\/paragraphs\/feature\/image\/CA_CXA81_LS_Model-1330_v5_820x540.jpg?itok=v5o9ZCPg 1x\" type=\"image\/jpeg\" media=\"all and (min-width: 1280px)\" \/><source srcset=\"\/sites\/default\/files\/styles\/full_xxl\/public\/paragraphs\/feature\/image\/CA_CXA81_LS_Model-1330_v5_820x540.jpg?itok=v5o9ZCPg 1x\" type=\"image\/jpeg\" media=\"all and (min-width: 1024px)\" \/><source srcset=\"\/sites\/default\/files\/styles\/full_lg\/public\/paragraphs\/feature\/image\/CA_CXA81_LS_Model-1330_v5_820x540.jpg?itok=5iuS4HIi 1x\" type=\"image\/jpeg\" media=\"all and (min-width: 768px)\" \/><source srcset=\"\/sites\/default\/files\/styles\/full_md\/public\/paragraphs\/feature\/image\/CA_CXA81_LS_Model-1330_v5_820x540.jpg?itok=ahXGBvkE 1x\" type=\"image\/jpeg\" media=\"all and (min-width: 576px)\" \/><source srcset=\"\/sites\/default\/files\/styles\/full_sm\/public\/paragraphs\/feature\/image\/CA_CXA81_LS_Model-1330_v5_820x540.jpg?itok=OTeo8dOh 1x\" type=\"image\/jpeg\" \/><\/picture><\/div>\n<\/div>\n<div class=\"feature__text gap\">\n<div class=\"feature__text_container\">\n<h2 class=\"feature__text--heading\">Das \u00c4u\u00dfere macht den Unterschied<\/h2>\n<div class=\"feature__text--body\">\n<p>Das CXC profitiert von einem akustisch ged\u00e4mpften Metallgeh\u00e4use. Es sorgt daf\u00fcr, dass externe Kr\u00e4fte das digitale Signal nicht st\u00f6ren. Der CXC hat eine Auswahl an S\/PDIF-Digitalausg\u00e4ngen \u2013 einen koaxialen und einen optischen. W\u00e4hle den, der am besten zu deinem DAC passt, sei es ein eigenst\u00e4ndiges oder ein in einen Verst\u00e4rker integriertes Ger\u00e4t.<\/p>\n<\/div>\n<\/div>\n<\/div>\n<\/div>\n<\/div>\n<\/div>\n<\/div>\n<div class=\"paragraph--feature\">\n<div class=\"uk-container\">\n<div class=\"feature--container bg--\">\n<div class=\"feature uk-container bg-- layout--50_50__layout position--1 gap\">\n<div class=\"feature__image gap\">\n<div><picture><source srcset=\"\/sites\/default\/files\/styles\/full_xxxl\/public\/paragraphs\/feature\/image\/CA_CXA81_LS_Remote-1573_820x540.jpg.webp?itok=GxkK2GzD 1x\" type=\"image\/webp\" media=\"all and (min-width: 1820px)\" \/><source srcset=\"\/sites\/default\/files\/styles\/full_xxxl\/public\/paragraphs\/feature\/image\/CA_CXA81_LS_Remote-1573_820x540.jpg.webp?itok=GxkK2GzD 1x\" type=\"image\/webp\" media=\"all and (min-width: 1440px)\" \/><source srcset=\"\/sites\/default\/files\/styles\/full_xxl\/public\/paragraphs\/feature\/image\/CA_CXA81_LS_Remote-1573_820x540.jpg.webp?itok=QGvw9GYL 1x\" type=\"image\/webp\" media=\"all and (min-width: 1280px)\" \/><source srcset=\"\/sites\/default\/files\/styles\/full_xxl\/public\/paragraphs\/feature\/image\/CA_CXA81_LS_Remote-1573_820x540.jpg.webp?itok=QGvw9GYL 1x\" type=\"image\/webp\" media=\"all and (min-width: 1024px)\" \/><source srcset=\"\/sites\/default\/files\/styles\/full_lg\/public\/paragraphs\/feature\/image\/CA_CXA81_LS_Remote-1573_820x540.jpg.webp?itok=SCrZ2KOz 1x\" type=\"image\/webp\" media=\"all and (min-width: 768px)\" \/><source srcset=\"\/sites\/default\/files\/styles\/full_md\/public\/paragraphs\/feature\/image\/CA_CXA81_LS_Remote-1573_820x540.jpg.webp?itok=2DVZm0oV 1x\" type=\"image\/webp\" media=\"all and (min-width: 576px)\" \/><source srcset=\"\/sites\/default\/files\/styles\/full_sm\/public\/paragraphs\/feature\/image\/CA_CXA81_LS_Remote-1573_820x540.jpg.webp?itok=tsCA_-Sh 1x\" type=\"image\/webp\" \/><source srcset=\"\/sites\/default\/files\/styles\/full_xxxl\/public\/paragraphs\/feature\/image\/CA_CXA81_LS_Remote-1573_820x540.jpg?itok=GxkK2GzD 1x\" type=\"image\/jpeg\" media=\"all and (min-width: 1820px)\" \/><source srcset=\"\/sites\/default\/files\/styles\/full_xxxl\/public\/paragraphs\/feature\/image\/CA_CXA81_LS_Remote-1573_820x540.jpg?itok=GxkK2GzD 1x\" type=\"image\/jpeg\" media=\"all and (min-width: 1440px)\" \/><source srcset=\"\/sites\/default\/files\/styles\/full_xxl\/public\/paragraphs\/feature\/image\/CA_CXA81_LS_Remote-1573_820x540.jpg?itok=QGvw9GYL 1x\" type=\"image\/jpeg\" media=\"all and (min-width: 1280px)\" \/><source srcset=\"\/sites\/default\/files\/styles\/full_xxl\/public\/paragraphs\/feature\/image\/CA_CXA81_LS_Remote-1573_820x540.jpg?itok=QGvw9GYL 1x\" type=\"image\/jpeg\" media=\"all and (min-width: 1024px)\" \/><source srcset=\"\/sites\/default\/files\/styles\/full_lg\/public\/paragraphs\/feature\/image\/CA_CXA81_LS_Remote-1573_820x540.jpg?itok=SCrZ2KOz 1x\" type=\"image\/jpeg\" media=\"all and (min-width: 768px)\" \/><source srcset=\"\/sites\/default\/files\/styles\/full_md\/public\/paragraphs\/feature\/image\/CA_CXA81_LS_Remote-1573_820x540.jpg?itok=2DVZm0oV 1x\" type=\"image\/jpeg\" media=\"all and (min-width: 576px)\" \/><source srcset=\"\/sites\/default\/files\/styles\/full_sm\/public\/paragraphs\/feature\/image\/CA_CXA81_LS_Remote-1573_820x540.jpg?itok=tsCA_-Sh 1x\" type=\"image\/jpeg\" \/><\/picture><\/div>\n<\/div>\n<div class=\"feature__text gap\">\n<div class=\"feature__text_container\">\n<h2 class=\"feature__text--heading\">Vollst\u00e4ndige Kontrolle<\/h2>\n<div class=\"feature__text--body\">\n<p>Das CXC wird mit einer Fernbedienung geliefert, mit der du genau ausw\u00e4hlen kannst, was du h\u00f6ren willst. Alle Fernbedienungen der CX-Serie k\u00f6nnen alle CX-Komponenten steuern, sodass du nur ein Ger\u00e4t f\u00fcr die wichtigsten Befehle zur Hand haben musst. Alternativ kannst du auch die Bedienelemente an der Vorderseite des CXC verwenden.<\/p>\n<\/div>\n<\/div>\n<\/div>\n<\/div>\n<\/div>\n<\/div>\n<\/div>\n<div class=\"paragraph--feature\">\n<div class=\"uk-container\">\n<div class=\"feature--container bg--\">\n<div class=\"feature uk-container bg-- layout--50_50__layout position--0 gap\">\n<div class=\"feature__image gap\">\n<div><picture><source srcset=\"\/sites\/default\/files\/styles\/full_xxxl\/public\/paragraphs\/feature\/image\/Cambridge_Audio_CXC_Detail_07_820x540.jpg.webp?itok=m6BrYUFb 1x\" type=\"image\/webp\" media=\"all and (min-width: 1820px)\" \/><source srcset=\"\/sites\/default\/files\/styles\/full_xxxl\/public\/paragraphs\/feature\/image\/Cambridge_Audio_CXC_Detail_07_820x540.jpg.webp?itok=m6BrYUFb 1x\" type=\"image\/webp\" media=\"all and (min-width: 1440px)\" \/><source srcset=\"\/sites\/default\/files\/styles\/full_xxl\/public\/paragraphs\/feature\/image\/Cambridge_Audio_CXC_Detail_07_820x540.jpg.webp?itok=PTtmC4Tp 1x\" type=\"image\/webp\" media=\"all and (min-width: 1280px)\" \/><source srcset=\"\/sites\/default\/files\/styles\/full_xxl\/public\/paragraphs\/feature\/image\/Cambridge_Audio_CXC_Detail_07_820x540.jpg.webp?itok=PTtmC4Tp 1x\" type=\"image\/webp\" media=\"all and (min-width: 1024px)\" \/><source srcset=\"\/sites\/default\/files\/styles\/full_lg\/public\/paragraphs\/feature\/image\/Cambridge_Audio_CXC_Detail_07_820x540.jpg.webp?itok=QYyjJumT 1x\" type=\"image\/webp\" media=\"all and (min-width: 768px)\" \/><source srcset=\"\/sites\/default\/files\/styles\/full_md\/public\/paragraphs\/feature\/image\/Cambridge_Audio_CXC_Detail_07_820x540.jpg.webp?itok=u1bjV9o9 1x\" type=\"image\/webp\" media=\"all and (min-width: 576px)\" \/><source srcset=\"\/sites\/default\/files\/styles\/full_sm\/public\/paragraphs\/feature\/image\/Cambridge_Audio_CXC_Detail_07_820x540.jpg.webp?itok=06ZF8_VM 1x\" type=\"image\/webp\" \/><source srcset=\"\/sites\/default\/files\/styles\/full_xxxl\/public\/paragraphs\/feature\/image\/Cambridge_Audio_CXC_Detail_07_820x540.jpg?itok=m6BrYUFb 1x\" type=\"image\/jpeg\" media=\"all and (min-width: 1820px)\" \/><source srcset=\"\/sites\/default\/files\/styles\/full_xxxl\/public\/paragraphs\/feature\/image\/Cambridge_Audio_CXC_Detail_07_820x540.jpg?itok=m6BrYUFb 1x\" type=\"image\/jpeg\" media=\"all and (min-width: 1440px)\" \/><source srcset=\"\/sites\/default\/files\/styles\/full_xxl\/public\/paragraphs\/feature\/image\/Cambridge_Audio_CXC_Detail_07_820x540.jpg?itok=PTtmC4Tp 1x\" type=\"image\/jpeg\" media=\"all and (min-width: 1280px)\" \/><source srcset=\"\/sites\/default\/files\/styles\/full_xxl\/public\/paragraphs\/feature\/image\/Cambridge_Audio_CXC_Detail_07_820x540.jpg?itok=PTtmC4Tp 1x\" type=\"image\/jpeg\" media=\"all and (min-width: 1024px)\" \/><source srcset=\"\/sites\/default\/files\/styles\/full_lg\/public\/paragraphs\/feature\/image\/Cambridge_Audio_CXC_Detail_07_820x540.jpg?itok=QYyjJumT 1x\" type=\"image\/jpeg\" media=\"all and (min-width: 768px)\" \/><source srcset=\"\/sites\/default\/files\/styles\/full_md\/public\/paragraphs\/feature\/image\/Cambridge_Audio_CXC_Detail_07_820x540.jpg?itok=u1bjV9o9 1x\" type=\"image\/jpeg\" media=\"all and (min-width: 576px)\" \/><source srcset=\"\/sites\/default\/files\/styles\/full_sm\/public\/paragraphs\/feature\/image\/Cambridge_Audio_CXC_Detail_07_820x540.jpg?itok=06ZF8_VM 1x\" type=\"image\/jpeg\" \/><\/picture><\/div>\n<\/div>\n<div class=\"feature__text gap\">\n<div class=\"feature__text_container\">\n<h2 class=\"feature__text--heading\">Design f\u00fcrs Leben<\/h2>\n<div class=\"feature__text--body\">\n<p>Eine CD-Sammlung sollte ein Leben lang halten. Wir haben das CXC CD-Laufwerk so entwickelt, dass es dem auch gerecht werden kann. Der ma\u00dfgefertigte S3 Servo ist so gebaut, dass er CDs viele Jahre lang pr\u00e4zise abspielen kann. Dank seiner eleganten, minimalistischen Linien aus Aluminium und Stahl wird dieses zeitlose Design des CXC sowohl physisch als auch \u00e4sthetisch die Zeit m\u00fchelos \u00fcberdauern.<\/p>\n<\/div>\n<\/div>\n<\/div>\n<\/div>\n<\/div>\n<\/div>\n<\/div>\n<\/li>\n<\/ul>\n","protected":false},"excerpt":{"rendered":"<ul>\n<li>Hochwertiges Audio-CD-Laufwerk\u00a0\u2013 f\u00fcr die detaillierte Wiedergabe von Musik-CDs<\/li>\n<li>Speziell entwickelter S3-Servo\u00a0\u2013 perfekte Geschwindigkeit und fehlerfreie Wiedergabe<\/li>\n<li>Nur digitaler S\/PDIF-Koaxial- und optischer Ausgang\u00a0\u2013 f\u00fcr rein digitale Audiosignale<\/li>\n<li>L\u00fcckenlose Wiedergabe\u00a0\u2013 ideal f\u00fcr klassische St\u00fccke und DJ-Mixe<\/li>\n<li>Akustisch ged\u00e4mpftes Metallgeh\u00e4use \u2013 isoliert die Komponenten f\u00fcr maximale Leistung<\/li>\n<\/ul>\n","protected":false},"featured_media":8747,"comment_status":"open","ping_status":"closed","template":"","meta":[],"product_brand":[209],"product_cat":[20,53],"product_tag":[],"class_list":{"0":"post-8746","1":"product","2":"type-product","3":"status-publish","4":"has-post-thumbnail","6":"product_brand-cambridge-audio","7":"product_cat-audio-geraete","8":"product_cat-hifi-komponenten","9":"product_shipping_class-lieferung-basic-audio","11":"first","12":"instock","13":"taxable","14":"shipping-taxable","15":"purchasable","16":"product-type-simple"},"_links":{"self":[{"href":"https:\/\/spuehler-tv.ch\/onlineshop\/wp-json\/wp\/v2\/product\/8746","targetHints":{"allow":["GET"]}}],"collection":[{"href":"https:\/\/spuehler-tv.ch\/onlineshop\/wp-json\/wp\/v2\/product"}],"about":[{"href":"https:\/\/spuehler-tv.ch\/onlineshop\/wp-json\/wp\/v2\/types\/product"}],"replies":[{"embeddable":true,"href":"https:\/\/spuehler-tv.ch\/onlineshop\/wp-json\/wp\/v2\/comments?post=8746"}],"wp:featuredmedia":[{"embeddable":true,"href":"https:\/\/spuehler-tv.ch\/onlineshop\/wp-json\/wp\/v2\/media\/8747"}],"wp:attachment":[{"href":"https:\/\/spuehler-tv.ch\/onlineshop\/wp-json\/wp\/v2\/media?parent=8746"}],"wp:term":[{"taxonomy":"product_brand","embeddable":true,"href":"https:\/\/spuehler-tv.ch\/onlineshop\/wp-json\/wp\/v2\/product_brand?post=8746"},{"taxonomy":"product_cat","embeddable":true,"href":"https:\/\/spuehler-tv.ch\/onlineshop\/wp-json\/wp\/v2\/product_cat?post=8746"},{"taxonomy":"product_tag","embeddable":true,"href":"https:\/\/spuehler-tv.ch\/onlineshop\/wp-json\/wp\/v2\/product_tag?post=8746"}],"curies":[{"name":"wp","href":"https:\/\/api.w.org\/{rel}","templated":true}]}}