{"id":8734,"date":"2024-11-08T08:00:50","date_gmt":"2024-11-08T07:00:50","guid":{"rendered":"https:\/\/spuehler-tv.ch\/onlineshop\/?post_type=product&#038;p=8734"},"modified":"2026-01-06T14:47:09","modified_gmt":"2026-01-06T13:47:09","slug":"cxa81-cambridge-audio-hifi-voll-verstaerker","status":"publish","type":"product","link":"https:\/\/spuehler-tv.ch\/onlineshop\/produkt\/cxa81-cambridge-audio-hifi-voll-verstaerker\/","title":{"rendered":"CXA81 MKII (Cambridge Audio) &#8211; HiFi Voll-Verst\u00e4rker"},"content":{"rendered":"<h2><b>Cambridge Audio CXA 81 MKII &#8211; Integrierter Stereoverst\u00e4rker<\/b><\/h2>\n<h3><b>Lohnenswerte Leistung<\/b><\/h3>\n<p>Der CXA81 Mk II baut auf dem Erfolg seiner mehrfach preisgekr\u00f6nten Vorg\u00e4ngermodelle auf. Seit der Entwicklung unseres ersten Vollverst\u00e4rkers im Jahr 1968 haben wir nicht zur\u00fcckgeblickt, sondern nach immer neuen Wegen gesucht, um das H\u00f6rerlebnis zu verbessern. Dabei haben wir erkannt, dass guter Klang nie aus der Mode kommt.<\/p>\n<p>Der CXA81 Mk II ist unkompliziert, souver\u00e4n und raffiniert \u2013 und noch mehr. Mit 80 Watt pro Kanal hat er die volle Kontrolle \u00fcber Ihre Musik und bringt alle Emotionen und Nuancen zum Vorschein.<\/p>\n<h3><b>Was ist neu?<\/b><\/h3>\n<p>Die Inspiration f\u00fcr den CXA81 Mk II entstand aus den M\u00f6glichkeiten, die der ESS ES9018K2M SABRE32-D\/A-Wandler bietet, und wurde von den neuen Talenten in unserer Londoner Werkstatt gen\u00e4hrt, die die Frage stellten: \u201eWarum nicht?\u201c. Mit einem neuen D\/A-Wandler, einer neuen Philosophie, zehn neuen Operationsverst\u00e4rkern und einer ganzen Reihe von H\u00f6rproben haben wir die CX-Serie auf den Punkt gebracht: mit dem CXA81 Mk II.<\/p>\n<h3><b>Ihre Welt ist eine B\u00fchne<\/b><\/h3>\n<p>Wenn man vertraute Musik \u00fcber den CXA81 Mk II h\u00f6rt, f\u00e4llt einem sofort auf, wie detailliert alles klingt. Man nimmt Instrumente, subtile Klangver\u00e4nderungen und Harmonien wahr, die man bisher \u00fcberh\u00f6rt hat. Schlie\u00dfen Sie die Augen, dann werden Sie in der Lage sein, jeden Musiker im Klangbild zu orten. Sobald Sie den CXA81 Mk II geh\u00f6rt haben, gibt es kein Zur\u00fcck mehr.<\/p>\n<h3><b>Unbeschwert musikalisch<\/b><\/h3>\n<p>Im Herzen des CXA81 Mk II befindet sich eine Klasse-AB-Endstufe mit optimierten Kondensatoren. Er verbindet die Musikalit\u00e4t von Klasse A mit der Effizienz von Klasse B. Der kurze Signalweg des Verst\u00e4rkers ist effizient und l\u00e4sst wenig Raum f\u00fcr Einstreuungen. Das Ergebnis ist ein detailreicher Klang, der Sie die rohe Kraft der Musik sp\u00fcren l\u00e4sst.<\/p>\n<h3><b>Laut, leise, laut<\/b><\/h3>\n<p>Dank eines massiven Ringkerntransformators liefert der CXA81 Mk II eine gro\u00dfz\u00fcgige Leistung von 80 Watt pro Kanal. Durch die doppelten Leitungen an der linken und rechten Seite der Verst\u00e4rkerplatine verf\u00fcgt jeder Kanal praktisch \u00fcber eine eigene Stromversorgung \u2013 das Ergebnis ist eine lebendiges Klangbild. Dynamische Ver\u00e4nderungen in der Musik \u2013 also Wechsel von lauten und leisen Passagen \u2013 meistert er mit Leichtigkeit.<\/p>\n<h3><b>Top-Wiedergabe<\/b><\/h3>\n<p>Der CXA81 Mk wurde entwickelt, um Ihre digitale Musik zum Leben zu erwecken. Er verf\u00fcgt \u00fcber die Funktion des weiterentwickelten ESS ES9018K2M-D\/A-Wandlers mit einer ganz eigenen Schaltung. Das bedeutet, dass digitale Audiodateien mit bis zu 24 Bit \/ 384 kHz oder DSD256 bis ins kleinste Detail akkurat wiedergegeben werden. Der CXA81 Mk II kombiniert unvergleichliche Pr\u00e4zision mit lebendiger Musikalit\u00e4t, und das auf wunderbare Weise.<\/p>\n<h3><b>Anschlussm\u00f6glichkeiten<\/b><\/h3>\n<p>Der CXA81 Mk II ist in Sachen Anschl\u00fcsse bestens ausgestattet. Neben optischen und koaxialen Digitaleing\u00e4ngen und USB-Audio (zum Anschluss von Computern) verf\u00fcgt er \u00fcber Stereo-Cinch-Eing\u00e4nge, symmetrische XLR-Buchsen und eine hochwertige Drahtlosverbindung \u00fcber Bluetooth aptX HD \u2013 perfekt f\u00fcr unsere Alva-Plattenspieler. Man kann sogar ein zweites Paar Lautsprecher anschlie\u00dfen, um in einem anderen Raum Musik zu h\u00f6ren.<\/p>\n<h3><b>Totale Kontrolle<\/b><\/h3>\n<p>Der CXA81 Mk II wurde f\u00fcr die Zusammenarbeit mit sorgf\u00e4ltig aufeinander abgestimmten Ger\u00e4ten von vergleichbarer Qualit\u00e4t entwickelt und ist nicht mit Schaltern und Reglern gespickt, sodass der Signalweg sauber bleibt. Auf seiner minimalistischen Aluminium-Frontplatte befinden sich eine Einschalttaste, Eingangswahltasten und ein \u00e4u\u00dferst geschmeidiger Lautst\u00e4rkeregler. Zum Lieferumfang geh\u00f6rt zudem noch eine Fernbedienung der CX-Serie, mit der Sie auch andere Produkte der Serie bedienen k\u00f6nnen.<\/p>\n<h3><b>F\u00fcrs Leben entworfen<\/b><\/h3>\n<p>\u200bMit seinen eleganten, minimalistischen Konturen aus Aluminium und Stahl ist der CXA81 Mk II sowohl physisch als auch \u00e4sthetisch unverw\u00fcstlich. Es sollte keinen Grund geben, einen Verst\u00e4rker nicht \u00fcber viele Jahre hinweg zu verwenden, oder ihn \u00fcberhaupt auszutauschen. Die Herstellung von langlebigen Produkten ist nur eine der M\u00f6glichkeiten, wie wir unsere Auswirkungen auf den Planeten minimieren und Ihr H\u00f6rvergn\u00fcgen maximieren k\u00f6nnen.<\/p>\n","protected":false},"excerpt":{"rendered":"<ul>\n<li>80 Watt pro Kanal \u2013 \u200bgenug Leistung f\u00fcr die anspruchsvollsten Lautsprecher<\/li>\n<li>D\/A-WANDLER ESS ES9018K2M SABRE32 \u2013 \u200bReferenzpegel-Digital\/Analog-Wandler<\/li>\n<li>Klasse-AB-Verst\u00e4rker \u2013 \u200bf\u00fcr ausgewogene und effiziente Leistung<\/li>\n<li>Ringkerntrafo \u2013 \u200bf\u00fcr eine unglaubliche Klangabbildung<\/li>\n<li>Digitaleing\u00e4nge \u2013\u202f\u200bTOSLINK, koaxial und USB-Audioeingang<\/li>\n<li>Symmetrische XLR-Eing\u00e4nge \u2013 \u200bf\u00fcr erstklassige Verbindung (zum CXN100 usw.)<\/li>\n<li>Bluetooth-aptX-HD-Eingang \u2013 \u200bf\u00fcr drahtlose Verbindung mit diversen Ger\u00e4ten, einschlie\u00dflich dem Alva TT V2<\/li>\n<li>Roon-getestet \u2013 \u200bschlie\u00dfen Sie einen PC oder Mac per USB an<\/li>\n<\/ul>\n","protected":false},"featured_media":8739,"comment_status":"open","ping_status":"closed","template":"","meta":[],"product_brand":[209],"product_cat":[20,53],"product_tag":[],"class_list":{"0":"post-8734","1":"product","2":"type-product","3":"status-publish","4":"has-post-thumbnail","6":"product_brand-cambridge-audio","7":"product_cat-audio-geraete","8":"product_cat-hifi-komponenten","9":"product_shipping_class-lieferung-basic-audio","11":"first","12":"instock","13":"taxable","14":"shipping-taxable","15":"purchasable","16":"product-type-simple"},"_links":{"self":[{"href":"https:\/\/spuehler-tv.ch\/onlineshop\/wp-json\/wp\/v2\/product\/8734","targetHints":{"allow":["GET"]}}],"collection":[{"href":"https:\/\/spuehler-tv.ch\/onlineshop\/wp-json\/wp\/v2\/product"}],"about":[{"href":"https:\/\/spuehler-tv.ch\/onlineshop\/wp-json\/wp\/v2\/types\/product"}],"replies":[{"embeddable":true,"href":"https:\/\/spuehler-tv.ch\/onlineshop\/wp-json\/wp\/v2\/comments?post=8734"}],"wp:featuredmedia":[{"embeddable":true,"href":"https:\/\/spuehler-tv.ch\/onlineshop\/wp-json\/wp\/v2\/media\/8739"}],"wp:attachment":[{"href":"https:\/\/spuehler-tv.ch\/onlineshop\/wp-json\/wp\/v2\/media?parent=8734"}],"wp:term":[{"taxonomy":"product_brand","embeddable":true,"href":"https:\/\/spuehler-tv.ch\/onlineshop\/wp-json\/wp\/v2\/product_brand?post=8734"},{"taxonomy":"product_cat","embeddable":true,"href":"https:\/\/spuehler-tv.ch\/onlineshop\/wp-json\/wp\/v2\/product_cat?post=8734"},{"taxonomy":"product_tag","embeddable":true,"href":"https:\/\/spuehler-tv.ch\/onlineshop\/wp-json\/wp\/v2\/product_tag?post=8734"}],"curies":[{"name":"wp","href":"https:\/\/api.w.org\/{rel}","templated":true}]}}