{"id":8699,"date":"2023-01-24T16:47:21","date_gmt":"2023-01-24T16:47:21","guid":{"rendered":"https:\/\/spuehler-tv.ch\/onlineshop\/?post_type=product&#038;p=8699"},"modified":"2026-01-06T14:18:50","modified_gmt":"2026-01-06T13:18:50","slug":"passion-block-multiroom-smart-radio-mit-cd-div-farben","status":"publish","type":"product","link":"https:\/\/spuehler-tv.ch\/onlineshop\/produkt\/passion-block-multiroom-smart-radio-mit-cd-div-farben\/","title":{"rendered":"Passion (Block) &#8211; (Multiroom) Smart-Radio mit CD Div. Farben"},"content":{"rendered":"<h1>Neues Design und voller Sound!<\/h1>\n<div>Platzsparend, gut aussehend und kraftvoll. Das bringt das Passion Smartradio. Mit seinem modernen Design, intrigierten Lautsprechern und platzsparender Bauform sticht das Passion hervor. Das Smartradio verf\u00fcgt \u00fcber einen integrierten CD-Player, Spotify-Connect*, Internetradio, UKW, DAB+, Bluetooth und USB. Mit seinem optischen Eingang auf der R\u00fcckseite kann das Passion als &#8220;Soundbar&#8221; eingesetzt werden. Weiterhin ist hier ein Chinch-Eingang verbaut, welcher es erlaubt z.B. Ihren Plattenspieler** anschlie\u00dfen.<br \/>\nDas hochwertige Holzgeh\u00e4use verf\u00fcgt \u00fcber eine Wireless charging Fl\u00e4che, wo durch Auflegen das Smartphone geladen werden kann***. Das dimmbare Farbdisplay passt sich nach Wunsch der Helligkeit des Raumes an, so steht einem gem\u00fctlichen Abend, nichts mehr im Weg. Ausgestattet mit zwei Full-Range Lautsprechern, einem Subwoofer und einem Bassreflexrohr auf der R\u00fcckseite, ist das Passion optimal f\u00fcr den Heimgebrauch. \u00dcberzeugen Sie sich selbst!<\/div>\n<div><\/div>\n<div>\n<div class=\"product-detail-tabs\">\n<div class=\"card card-tabs\">\n<div class=\"product-detail-tabs-content card-body\">\n<div class=\"tab-content\">\n<div id=\"highlights-tab-desc\" class=\"tab-pane fade show active\" role=\"tabpanel\" aria-labelledby=\"highlights-tab\">\n<div class=\"offcanvas-content-container\">\n<div class=\"product-detail-description-custom\">\n<div><small>* Es wird ein Spotify Premium Account ben\u00f6tigt<br \/>\n** Plattenspieler mit intrigierten Vorverst\u00e4rker oder Phono-Vorverst\u00e4rker<br \/>\n*** Smartphone muss Wireless charging unterst\u00fctzen\u00a0<\/small><\/div>\n<\/div>\n<\/div>\n<\/div>\n<\/div>\n<\/div>\n<\/div>\n<\/div>\n<\/div>\n<div><\/div>\n","protected":false},"excerpt":{"rendered":"<ul>\n<li>Wireless charging<\/li>\n<li>Dimmbares Farbdisplay<\/li>\n<li>Integrierte Lautsprecher<\/li>\n<li>Triple-Radio: Internet Radio | DAB+ | UKW<\/li>\n<li>CD-Spieler: CD, MP3, CD-R, CD-RW, CD-DA<\/li>\n<li>Media-Player: USB (ACC, ACC+, MP3, WAV, WMA, FLAC)<\/li>\n<li>WLAN 2,4 &amp; 5 GHz &amp; LAN-Anschluss<\/li>\n<li>Bluetooth Wireless Streaming<\/li>\n<li>Digitaler optischer Eingang f\u00fcr z.B. digital TV<\/li>\n<li>Spotify\u00ae-Connect Ready<\/li>\n<li>Kopfh\u00f6reranschluss &amp; Line-In (Front)<\/li>\n<li>Wecker- und Schlummerfunktion<\/li>\n<li>Inkl. Systemfernbedienung<\/li>\n<\/ul>\n","protected":false},"featured_media":8716,"comment_status":"open","ping_status":"closed","template":"","meta":[],"product_brand":[206],"product_cat":[226,143,20,33,50,54],"product_tag":[],"class_list":{"0":"post-8699","1":"product","2":"type-product","3":"status-publish","4":"has-post-thumbnail","6":"product_brand-block-audio","7":"product_cat-sale","8":"product_cat-austellungsgeraete-spezialangebote","9":"product_cat-audio-geraete","10":"product_cat-audio-stationaer","11":"product_cat-hifi-anlage-micro-midi","12":"product_cat-multiroom","13":"product_shipping_class-lieferung-basic-audio","15":"first","16":"onbackorder","17":"sale","18":"featured","19":"taxable","20":"shipping-taxable","21":"purchasable","22":"product-type-variable","23":"has-default-attributes","24":"rtwpvg-product"},"_links":{"self":[{"href":"https:\/\/spuehler-tv.ch\/onlineshop\/wp-json\/wp\/v2\/product\/8699","targetHints":{"allow":["GET"]}}],"collection":[{"href":"https:\/\/spuehler-tv.ch\/onlineshop\/wp-json\/wp\/v2\/product"}],"about":[{"href":"https:\/\/spuehler-tv.ch\/onlineshop\/wp-json\/wp\/v2\/types\/product"}],"replies":[{"embeddable":true,"href":"https:\/\/spuehler-tv.ch\/onlineshop\/wp-json\/wp\/v2\/comments?post=8699"}],"wp:featuredmedia":[{"embeddable":true,"href":"https:\/\/spuehler-tv.ch\/onlineshop\/wp-json\/wp\/v2\/media\/8716"}],"wp:attachment":[{"href":"https:\/\/spuehler-tv.ch\/onlineshop\/wp-json\/wp\/v2\/media?parent=8699"}],"wp:term":[{"taxonomy":"product_brand","embeddable":true,"href":"https:\/\/spuehler-tv.ch\/onlineshop\/wp-json\/wp\/v2\/product_brand?post=8699"},{"taxonomy":"product_cat","embeddable":true,"href":"https:\/\/spuehler-tv.ch\/onlineshop\/wp-json\/wp\/v2\/product_cat?post=8699"},{"taxonomy":"product_tag","embeddable":true,"href":"https:\/\/spuehler-tv.ch\/onlineshop\/wp-json\/wp\/v2\/product_tag?post=8699"}],"curies":[{"name":"wp","href":"https:\/\/api.w.org\/{rel}","templated":true}]}}