{"id":8657,"date":"2023-01-24T16:22:38","date_gmt":"2023-01-24T16:22:38","guid":{"rendered":"https:\/\/spuehler-tv.ch\/onlineshop\/?post_type=product&#038;p=8657"},"modified":"2026-01-06T14:18:50","modified_gmt":"2026-01-06T13:18:50","slug":"harmony-block-multiroom-smart-radio-div-farben","status":"publish","type":"product","link":"https:\/\/spuehler-tv.ch\/onlineshop\/produkt\/harmony-block-multiroom-smart-radio-div-farben\/","title":{"rendered":"Harmony (Block) &#8211; (Multiroom) Smart-Radio Div. Farben"},"content":{"rendered":"<p><b>Musik und Design im Einklang<\/b><\/p>\n<div>Lange wurde darauf gewartet und wir freuen uns Ihnen das Harmony vorzustellen. Ein Smartradio im Retrodesign, vier verschiedenen Farben und vielen Features. Block typisch kommt auch das Harmony mit UKW, DAB+ und Internetradio daher. Ausgestattet mit Stationsspeichertasten am Ger\u00e4t, lassen sich die Lieblingssender direkt abrufen. Vom vielen Streamen \u00fcber Bluetooth oder Spotify Connect ist der Handyakku etwas leer geworden? Wir haben die L\u00f6sung. Das Harmony verf\u00fcgt \u00fcber eine Wireless charging Oberfl\u00e4che, wo Sie entspannt Ihr Smartphone laden k\u00f6nnen.<br \/>\nSteuern Sie das Smartradio bequem per Undok App, Fernbedienung oder am Ger\u00e4t.<\/div>\n","protected":false},"excerpt":{"rendered":"<ul>\n<li>Wireless charging<\/li>\n<li>Stationsspeichertasten<\/li>\n<li>Dimmbares Farbdisplay<\/li>\n<li>Integrierte Lautsprecher<\/li>\n<li>Triple-Radio: Internet Radio | DAB+ | UKW<\/li>\n<li>USB<\/li>\n<li>WLAN<\/li>\n<li>Bluetooth Wireless Streaming<\/li>\n<li>Spotify\u00ae-Connect Ready<\/li>\n<li>Kopfh\u00f6reranschluss &amp; AUX-IN<\/li>\n<li>Wecker- und Schlummerfunktion<\/li>\n<li>Inkl. Systemfernbedienung<\/li>\n<\/ul>\n","protected":false},"featured_media":8666,"comment_status":"open","ping_status":"closed","template":"","meta":[],"product_brand":[206],"product_cat":[226,143,20,33,54],"product_tag":[],"class_list":{"0":"post-8657","1":"product","2":"type-product","3":"status-publish","4":"has-post-thumbnail","6":"product_brand-block-audio","7":"product_cat-sale","8":"product_cat-austellungsgeraete-spezialangebote","9":"product_cat-audio-geraete","10":"product_cat-audio-stationaer","11":"product_cat-multiroom","12":"product_shipping_class-lieferung-basic-audio","14":"first","15":"instock","16":"sale","17":"featured","18":"taxable","19":"shipping-taxable","20":"purchasable","21":"product-type-variable","22":"has-default-attributes","23":"rtwpvg-product"},"_links":{"self":[{"href":"https:\/\/spuehler-tv.ch\/onlineshop\/wp-json\/wp\/v2\/product\/8657","targetHints":{"allow":["GET"]}}],"collection":[{"href":"https:\/\/spuehler-tv.ch\/onlineshop\/wp-json\/wp\/v2\/product"}],"about":[{"href":"https:\/\/spuehler-tv.ch\/onlineshop\/wp-json\/wp\/v2\/types\/product"}],"replies":[{"embeddable":true,"href":"https:\/\/spuehler-tv.ch\/onlineshop\/wp-json\/wp\/v2\/comments?post=8657"}],"wp:featuredmedia":[{"embeddable":true,"href":"https:\/\/spuehler-tv.ch\/onlineshop\/wp-json\/wp\/v2\/media\/8666"}],"wp:attachment":[{"href":"https:\/\/spuehler-tv.ch\/onlineshop\/wp-json\/wp\/v2\/media?parent=8657"}],"wp:term":[{"taxonomy":"product_brand","embeddable":true,"href":"https:\/\/spuehler-tv.ch\/onlineshop\/wp-json\/wp\/v2\/product_brand?post=8657"},{"taxonomy":"product_cat","embeddable":true,"href":"https:\/\/spuehler-tv.ch\/onlineshop\/wp-json\/wp\/v2\/product_cat?post=8657"},{"taxonomy":"product_tag","embeddable":true,"href":"https:\/\/spuehler-tv.ch\/onlineshop\/wp-json\/wp\/v2\/product_tag?post=8657"}],"curies":[{"name":"wp","href":"https:\/\/api.w.org\/{rel}","templated":true}]}}