{"id":8594,"date":"2023-01-20T16:35:41","date_gmt":"2023-01-20T16:35:41","guid":{"rendered":"https:\/\/spuehler-tv.ch\/onlineshop\/?post_type=product&#038;p=8594"},"modified":"2026-01-06T16:45:55","modified_gmt":"2026-01-06T15:45:55","slug":"orchestra-gen2-sonoro-hifi-regal-lautsprecher-paar-div-farben","status":"publish","type":"product","link":"https:\/\/spuehler-tv.ch\/onlineshop\/produkt\/orchestra-gen2-sonoro-hifi-regal-lautsprecher-paar-div-farben\/","title":{"rendered":"Orchestra GEN2 (Sonoro) &#8211; HiFi Regal-Lautsprecher &#8211; Paar &#8211; Div. Farben"},"content":{"rendered":"<p>ORCHESTRA (Gen.2), die perfekte Erg\u00e4nzung zur Ihrem MAESTRO \u2013 im Set das Design-Audiopaket f\u00fcr Ihr Wohnzimmer! Im Hochtonbereich sorgt der in einem Wave Guide eingebettete Air Motion Transformer f\u00fcr eine detailreiche, kristallklare Wiedergabe. Mit einer \u00a0sorgf\u00e4ltig abgestimmten Frequenzweiche wird darunter der PE-beschichtete Tief-Mittelt\u00f6ner angebunden. Er verleiht Stimmen, wie Instrumenten K\u00f6rper und reicht mit seinem kr\u00e4ftigen Doppel magnetantrieb bis tief hinab. Ein Geh\u00e4use aus hochfestem HDF (hochdichte Faserplatten) mit resonanzminimierender Innenmatrix sorgt f\u00fcr die verf\u00e4rbungsfreie Wiedergabe von Stimmen und Instrumenten. Die Vermeidung von parallelen W\u00e4nden &#8211; ausser an den Geh\u00e4useseiten \u2013 reduziert stehende Wellen und verhindert Geh\u00e4useresonanzen.<\/p>\n<p>HIGHLIGHTS<\/p>\n<ul>\n<li>Handgeschliffenes Holzgeh\u00e4use mit abgerundeten Ecken<\/li>\n<li>Ausgew\u00e4hlte Details in Aluminium<\/li>\n<li>Lautsprecherabdeckung: abnehmbar<\/li>\n<li>Hochwertiger Schraubanschluss.<\/li>\n<li>Gestaltet und entwickelt in Deutschland<\/li>\n<\/ul>\n","protected":false},"excerpt":{"rendered":"<p>Die perfekte Erg\u00e4nzung zur Ihrem Sonoro MAESTRO \u2013 im Set<br \/>\ndas Design-Audiopaket f\u00fcr Ihr Wohnzimmer!<\/p>\n<p>&nbsp;<\/p>\n","protected":false},"featured_media":8603,"comment_status":"closed","ping_status":"closed","template":"","meta":[],"product_brand":[225],"product_cat":[81],"product_tag":[],"class_list":{"0":"post-8594","1":"product","2":"type-product","3":"status-publish","4":"has-post-thumbnail","6":"product_brand-sonoro","7":"product_cat-regallautsprecher-hifi","8":"product_shipping_class-lieferung-basic-audio","10":"first","11":"onbackorder","12":"taxable","13":"shipping-taxable","14":"purchasable","15":"product-type-variable","16":"has-default-attributes","17":"rtwpvg-product"},"_links":{"self":[{"href":"https:\/\/spuehler-tv.ch\/onlineshop\/wp-json\/wp\/v2\/product\/8594","targetHints":{"allow":["GET"]}}],"collection":[{"href":"https:\/\/spuehler-tv.ch\/onlineshop\/wp-json\/wp\/v2\/product"}],"about":[{"href":"https:\/\/spuehler-tv.ch\/onlineshop\/wp-json\/wp\/v2\/types\/product"}],"replies":[{"embeddable":true,"href":"https:\/\/spuehler-tv.ch\/onlineshop\/wp-json\/wp\/v2\/comments?post=8594"}],"wp:featuredmedia":[{"embeddable":true,"href":"https:\/\/spuehler-tv.ch\/onlineshop\/wp-json\/wp\/v2\/media\/8603"}],"wp:attachment":[{"href":"https:\/\/spuehler-tv.ch\/onlineshop\/wp-json\/wp\/v2\/media?parent=8594"}],"wp:term":[{"taxonomy":"product_brand","embeddable":true,"href":"https:\/\/spuehler-tv.ch\/onlineshop\/wp-json\/wp\/v2\/product_brand?post=8594"},{"taxonomy":"product_cat","embeddable":true,"href":"https:\/\/spuehler-tv.ch\/onlineshop\/wp-json\/wp\/v2\/product_cat?post=8594"},{"taxonomy":"product_tag","embeddable":true,"href":"https:\/\/spuehler-tv.ch\/onlineshop\/wp-json\/wp\/v2\/product_tag?post=8594"}],"curies":[{"name":"wp","href":"https:\/\/api.w.org\/{rel}","templated":true}]}}