{"id":8519,"date":"2022-12-20T07:18:04","date_gmt":"2022-12-20T07:18:04","guid":{"rendered":"https:\/\/spuehler-tv.ch\/onlineshop\/?post_type=product&#038;p=8519"},"modified":"2026-01-06T14:04:42","modified_gmt":"2026-01-06T13:04:42","slug":"kh-bt03-metz-tv-bluetooth-kopfhoerer-mit-anc","status":"publish","type":"product","link":"https:\/\/spuehler-tv.ch\/onlineshop\/produkt\/kh-bt03-metz-tv-bluetooth-kopfhoerer-mit-anc\/","title":{"rendered":"KH-BT03 (Metz) &#8211; TV Bluetooth-Kopfh\u00f6rer mit ANC"},"content":{"rendered":"<p><strong><span style=\"font-size: small;\">Bluetooth\u00ae Kopfh\u00f6rer<br \/>\n<\/span><\/strong><\/p>\n<p><span style=\"font-size: small;\">Drahtloser Bluetooth-Kopfh\u00f6rer mit hohem, erm\u00fcdungsfreiem Tragekomfort dank superweicher Ohr- und B\u00fcgelpolster, flexibler H\u00f6rmuschel, einstellbarem B\u00fcgel und geringem Gewicht.<\/span><strong><br \/>\n<\/strong><\/p>\n<hr id=\"system-readmore\" \/>\n<ul>\n<li><span style=\"font-size: small;\">Neutraler, ausgewogener Spitzenklang mit der neusten Bluetooth\u00ae aptX\u2122 HD-Technologie<\/span><\/li>\n<li><span style=\"font-size: small;\">Hoher, erm\u00fcdungsfreier Tragekomfort dank weicher Ohrpolster aus Memory-Schaumstoff und ergonomischer, flexibel einstellbarer Silikon-Kopfb\u00fcgel<\/span><\/li>\n<li><span style=\"font-size: small;\">Drahtlose Bluetooth\u00ae oder kabelgebundene \u00dcbertragung sowie hohe Akkulaufzeit (Li-Ion)<\/span><\/li>\n<li><span style=\"font-size: small;\">Praktisch f\u00fcr unterwegs dank faltbarer Konstruktion<\/span><\/li>\n<li><span style=\"font-size: small;\">Integriertes Doppelmikrophon (Headset) und Sound-Steuerung<\/span><\/li>\n<li><span style=\"font-size: small;\">Einfache Bedienung durch integrierte Tasten an der Ohrmuschel<\/span><\/li>\n<li><span style=\"font-size: small;\">In Verbindung mit einem geeigneten Metz TV lippensynchrones Bild-Ton \u00dcbertragungsverhalten<\/span><\/li>\n<\/ul>\n<p><strong><br \/>\n<span style=\"font-size: small;\">Kopfh\u00f6rer:<\/span><\/strong><\/p>\n<ul>\n<li><span style=\"font-size: small;\">Graphene Dynamic 40mm-Treiber<\/span><\/li>\n<li><span style=\"font-size: small;\">Empfindlichkeit: 98+\/-3dB (1 Khz\/10 dBFS)<\/span><\/li>\n<li><span style=\"font-size: small;\">Frequenzbereich: 20&#8230;20&#8217;000 Hz<\/span><\/li>\n<li><span style=\"font-size: small;\">max. Lautst\u00e4rke: definiert<\/span><\/li>\n<li><span style=\"font-size: small;\">Impedanz: 32 Ohm<\/span><\/li>\n<li><span style=\"font-size: small;\">Gewicht: 245 g<\/span><\/li>\n<li><span style=\"font-size: small;\">Aktive Ger\u00e4uschunterdr\u00fcckung (ANC)<\/span><\/li>\n<li><span style=\"font-size: small;\">ANC Tiefe: 28 dB<\/span><\/li>\n<\/ul>\n<p><strong><br \/>\n<span style=\"font-size: small;\">Mikrofon:<\/span><\/strong><\/p>\n<ul>\n<li><span style=\"font-size: small;\">Charakteristik: Omnidirektional<\/span><\/li>\n<li><span style=\"font-size: small;\">\u00dcbertragungsbereich: 100&#8230;10&#8217;000 Hz<\/span><\/li>\n<\/ul>\n<p><strong><span style=\"font-size: small;\">Bluetooth\u00ae mit Qualcomm\u00ae aptX\u2122 HD:<\/span><\/strong><\/p>\n<ul>\n<li><span style=\"font-size: small;\">Version: V5.0<\/span><\/li>\n<li><span style=\"font-size: small;\">Unterst\u00fctzte Profile: A2DP, AVRCP, HFP, HSP, aptX\u2122 HD<\/span><\/li>\n<li><span style=\"font-size: small;\">Reichweite: bis zu 10m<\/span><\/li>\n<li><span style=\"font-size: small;\">Frequenzbereich: 2.402 GHz&#8230;2.480 GHz<\/span><\/li>\n<li><span style=\"font-size: small;\">HF-Sendeleistung: 9.5 dBm<\/span><\/li>\n<\/ul>\n<p>Akku:<\/p>\n<ul>\n<li>Lithium-Polymer-Akku<\/li>\n<li>Kapazit\u00e4t: 500 mAh (3.7 V, Li-Ion-Akku)<\/li>\n<li>Wiedergabezeit: Max. 25 h, mit aktiver ANC-Funktion max. 12.5 h<br \/>\nANC-Funktion ein, keine Wiedergabe: 20 h<\/li>\n<li>Standby Zeit:\u00a0500 h<\/li>\n<li>Ladezeit:\u00a01.5 h<\/li>\n<\/ul>\n<p><strong>Ladeger\u00e4t:<\/strong><\/p>\n<ul>\n<li>USB-C, 5V, 1A<\/li>\n<\/ul>\n","protected":false},"excerpt":{"rendered":"<p>Der Ideale TV Kopfh\u00f6rer zu Ihrem Metz TV Ger\u00e4t, oder allen anderen Ger\u00e4ten mit Bluetooth Technologie.<\/p>\n","protected":false},"featured_media":8520,"comment_status":"closed","ping_status":"closed","template":"","meta":[],"product_brand":[204],"product_cat":[57],"product_tag":[],"class_list":{"0":"post-8519","1":"product","2":"type-product","3":"status-publish","4":"has-post-thumbnail","6":"product_brand-metz-classic","7":"product_cat-kopfhoerer-hoerhilfen","8":"product_shipping_class-lieferung-basic-audio","10":"first","11":"onbackorder","12":"taxable","13":"shipping-taxable","14":"purchasable","15":"product-type-simple"},"_links":{"self":[{"href":"https:\/\/spuehler-tv.ch\/onlineshop\/wp-json\/wp\/v2\/product\/8519","targetHints":{"allow":["GET"]}}],"collection":[{"href":"https:\/\/spuehler-tv.ch\/onlineshop\/wp-json\/wp\/v2\/product"}],"about":[{"href":"https:\/\/spuehler-tv.ch\/onlineshop\/wp-json\/wp\/v2\/types\/product"}],"replies":[{"embeddable":true,"href":"https:\/\/spuehler-tv.ch\/onlineshop\/wp-json\/wp\/v2\/comments?post=8519"}],"wp:featuredmedia":[{"embeddable":true,"href":"https:\/\/spuehler-tv.ch\/onlineshop\/wp-json\/wp\/v2\/media\/8520"}],"wp:attachment":[{"href":"https:\/\/spuehler-tv.ch\/onlineshop\/wp-json\/wp\/v2\/media?parent=8519"}],"wp:term":[{"taxonomy":"product_brand","embeddable":true,"href":"https:\/\/spuehler-tv.ch\/onlineshop\/wp-json\/wp\/v2\/product_brand?post=8519"},{"taxonomy":"product_cat","embeddable":true,"href":"https:\/\/spuehler-tv.ch\/onlineshop\/wp-json\/wp\/v2\/product_cat?post=8519"},{"taxonomy":"product_tag","embeddable":true,"href":"https:\/\/spuehler-tv.ch\/onlineshop\/wp-json\/wp\/v2\/product_tag?post=8519"}],"curies":[{"name":"wp","href":"https:\/\/api.w.org\/{rel}","templated":true}]}}