{"id":8495,"date":"2022-12-01T08:40:26","date_gmt":"2022-12-01T08:40:26","guid":{"rendered":"https:\/\/spuehler-tv.ch\/onlineshop\/?post_type=product&#038;p=8495"},"modified":"2026-01-15T17:46:47","modified_gmt":"2026-01-15T16:46:47","slug":"lunis65fa85oled-twin-r-metz-165cm-uhd-oled-tv-mit-1tb-hdd","status":"publish","type":"product","link":"https:\/\/spuehler-tv.ch\/onlineshop\/produkt\/lunis65fa85oled-twin-r-metz-165cm-uhd-oled-tv-mit-1tb-hdd\/","title":{"rendered":"Lunis65FA85OLED-Twin-R (Metz) &#8211; 165cm UHD OLED TV mit 1TB HDD"},"content":{"rendered":"<p><strong>Premiumausstattung ohne Kompromisse<br \/>\n<\/strong><br \/>\nBrillantes Design und exzellente Technik in Premium-Qualit\u00e4t \u2013 Der LUNIS liefert in jedem Format ein einzigartiges TV-Erlebnis.<\/p>\n<p>Das Premium-OLED-Display in UHD-Aufl\u00f6sung mit HDR 10+, Dolby Vision\u2122 und Advanced HDR by Technicolor unterst\u00fctzt alle wesentlichen HDR-Standards f\u00fcr lebensechte Farbdarstellung und brillante Kontraste. \u00dcber sein MetzSoundPro 3-Wege-Teilaktivsystem mit sechs Lautsprechern und einem Subwoofer stellt er den aufsehenerregenden Bildern auch eine beeindruckende Klangqualit\u00e4t zur Seite. Dar\u00fcber hinaus verf\u00fcgt der LUNIS auch technisch \u00fcber die bew\u00e4hrte Metz-Classic-Vollausstattung:<\/p>\n<p>Sein integrierter Twin-Multi-Tuner empf\u00e4ngt TV-Programme auf allen verf\u00fcgbaren Empfangswegen.<\/p>\n<p>So zeichnet er auch mehrere Programme gleichzeitig auf seinem integrierten Digitalrekorder mit 1-TB-Festplattenkapazit\u00e4t auf \u2013 oder pausiert das laufende Fernsehprogramm mit nur einem Tastendruck der edlen RM19-Fernbedienung in Aluminium-Optik.<\/p>\n<p>Auch USB-, Bluetooth-, LAN- und WLAN-Konnektivit\u00e4t geh\u00f6ren zum Leistungsspektrum.<\/p>\n<p>&nbsp;<\/p>\n","protected":false},"excerpt":{"rendered":"<div class=\"product-highlights left\">\n<ul>\n<li>OLED TV 4K\/UHD 3840&#215;2160 mit HDR<\/li>\n<li>Metz Vision 2000<\/li>\n<li>DVB-C\/T2\/S2-Doppel-Tuner<\/li>\n<li>2 CI+ Sch\u00e4chte<\/li>\n<li>integrierte Festplatte (PVR) mit 1 TB Aufnahmekapazit\u00e4t<\/li>\n<li>Media-System mit HbbTV und Netzwerkfunktion<\/li>\n<li>EPG, USB-Recording<\/li>\n<li>MetzSoundPro mit 90 Watt, 4 HDMI.<\/li>\n<\/ul>\n<\/div>\n<div class=\"product-highlights right\"><\/div>\n","protected":false},"featured_media":8478,"comment_status":"closed","ping_status":"closed","template":"","meta":[],"product_brand":[204],"product_cat":[19,29],"product_tag":[],"class_list":{"0":"post-8495","1":"product","2":"type-product","3":"status-publish","4":"has-post-thumbnail","6":"product_brand-metz-classic","7":"product_cat-tv-geraete","8":"product_cat-oled-tv-55-65-139cm-165cm","9":"product_shipping_class-kein-versand-moeglich-kontaktieren-sie-uns-unter-044-886-86-86-oder-per-mail-lieferung-basic-moeglich","11":"first","12":"onbackorder","13":"taxable","14":"shipping-taxable","15":"purchasable","16":"product-type-simple"},"_links":{"self":[{"href":"https:\/\/spuehler-tv.ch\/onlineshop\/wp-json\/wp\/v2\/product\/8495","targetHints":{"allow":["GET"]}}],"collection":[{"href":"https:\/\/spuehler-tv.ch\/onlineshop\/wp-json\/wp\/v2\/product"}],"about":[{"href":"https:\/\/spuehler-tv.ch\/onlineshop\/wp-json\/wp\/v2\/types\/product"}],"replies":[{"embeddable":true,"href":"https:\/\/spuehler-tv.ch\/onlineshop\/wp-json\/wp\/v2\/comments?post=8495"}],"wp:featuredmedia":[{"embeddable":true,"href":"https:\/\/spuehler-tv.ch\/onlineshop\/wp-json\/wp\/v2\/media\/8478"}],"wp:attachment":[{"href":"https:\/\/spuehler-tv.ch\/onlineshop\/wp-json\/wp\/v2\/media?parent=8495"}],"wp:term":[{"taxonomy":"product_brand","embeddable":true,"href":"https:\/\/spuehler-tv.ch\/onlineshop\/wp-json\/wp\/v2\/product_brand?post=8495"},{"taxonomy":"product_cat","embeddable":true,"href":"https:\/\/spuehler-tv.ch\/onlineshop\/wp-json\/wp\/v2\/product_cat?post=8495"},{"taxonomy":"product_tag","embeddable":true,"href":"https:\/\/spuehler-tv.ch\/onlineshop\/wp-json\/wp\/v2\/product_tag?post=8495"}],"curies":[{"name":"wp","href":"https:\/\/api.w.org\/{rel}","templated":true}]}}