{"id":8467,"date":"2022-11-03T16:27:39","date_gmt":"2022-11-03T16:27:39","guid":{"rendered":"https:\/\/spuehler-tv.ch\/onlineshop\/?post_type=product&#038;p=8467"},"modified":"2025-04-16T08:09:00","modified_gmt":"2025-04-16T07:09:00","slug":"phoneeasy-110-doro-dect-telefon-festnetz","status":"publish","type":"product","link":"https:\/\/spuehler-tv.ch\/onlineshop\/produkt\/phoneeasy-110-doro-dect-telefon-festnetz\/","title":{"rendered":"PhoneEasy 110 (Doro) &#8211; DECT Telefon Festnetz"},"content":{"rendered":"<h2 class=\"ProductDescription-Title\">Doro Schnurlostelefon PhoneEasy 110 Weiss<\/h2>\n<h3 class=\"ProductDescription-Subtitle\">Benutzerfreundliches schnurloses DECT-Telefon<\/h3>\n<div class=\"ProductDescription-BulletPoints\">\n<ul class=\"cds-List cds-List--Bulleted\">\n<li>Bildschirmdiagonale: 2 &#8221; mit einer Aufl\u00f6sung von 128 x 160, Touchscreen: Nein<\/li>\n<li>Funktionen Schnurlostelefone: Grosse Ziffern,H\u00f6rger\u00e4tekompatibel,Lauter Klingelton,Optische Anrufsignalisierung<\/li>\n<li>Verbindungsart Headset: Keine<\/li>\n<li>Grosse Zifferntasten mit Sprachansage<\/li>\n<li>Sehr hohe Lautst\u00e4rke (30 dB)<\/li>\n<\/ul>\n<\/div>\n<p class=\"ProductDescription-Lead\">Doro PhoneEasy 110 ist kein gew\u00f6hnliches Schnurlostelefon. Es besticht durch seine hervorragende Benutzerfreundlichkeit und eignet sich besonders f\u00fcr Menschen, die erste Zeichen des Alters wahrnehmen.<\/p>\n<div class=\"ProductDescription-Paragraph\">\n<h4 class=\"ProductDescription-ParagraphTitle\">Tonverst\u00e4rkung und Kurzwahl<\/h4>\n<p>Die Telefone von Doro zeichnen sich durch gute Klangqualit\u00e4t und gut h\u00f6rbare Klingelt\u00f6ne aus. Die H\u00f6rerlautst\u00e4rke kann um bis zu 30 dB verst\u00e4rkt werden, so dass Sie alles genau verstehen. Durch die zwei Kurzwahltasten haben Sie Ihre zwei wichtigsten Nummern immer griffbereit, und im Telefonbuch tragen Sie einfach bis zu 100 Nummern ein.<\/p>\n<\/div>\n","protected":false},"excerpt":{"rendered":"<p>Doro Schnurlostelefon PhoneEasy 110 Weiss Benutzerfreundliches schnurloses DECT-Telefon Bildschirmdiagonale: 2 &#8221; mit einer Aufl\u00f6sung von 128 x 160, Touchscreen: Nein Funktionen Schnurlostelefone: Grosse Ziffern,H\u00f6rger\u00e4tekompatibel,Lauter Klingelton,Optische Anrufsignalisierung Verbindungsart Headset: Keine Grosse Zifferntasten mit Sprachansage Sehr hohe Lautst\u00e4rke (30 dB) Doro PhoneEasy 110 ist kein gew\u00f6hnliches Schnurlostelefon. Es besticht durch seine hervorragende Benutzerfreundlichkeit und eignet sich besonders [&hellip;]<\/p>\n","protected":false},"featured_media":8468,"comment_status":"open","ping_status":"closed","template":"","meta":[],"product_brand":[],"product_cat":[142],"product_tag":[],"class_list":{"0":"post-8467","1":"product","2":"type-product","3":"status-publish","4":"has-post-thumbnail","6":"product_cat-festnetz-telefonie","8":"first","9":"instock","10":"taxable","11":"shipping-taxable","12":"purchasable","13":"product-type-simple"},"_links":{"self":[{"href":"https:\/\/spuehler-tv.ch\/onlineshop\/wp-json\/wp\/v2\/product\/8467","targetHints":{"allow":["GET"]}}],"collection":[{"href":"https:\/\/spuehler-tv.ch\/onlineshop\/wp-json\/wp\/v2\/product"}],"about":[{"href":"https:\/\/spuehler-tv.ch\/onlineshop\/wp-json\/wp\/v2\/types\/product"}],"replies":[{"embeddable":true,"href":"https:\/\/spuehler-tv.ch\/onlineshop\/wp-json\/wp\/v2\/comments?post=8467"}],"wp:featuredmedia":[{"embeddable":true,"href":"https:\/\/spuehler-tv.ch\/onlineshop\/wp-json\/wp\/v2\/media\/8468"}],"wp:attachment":[{"href":"https:\/\/spuehler-tv.ch\/onlineshop\/wp-json\/wp\/v2\/media?parent=8467"}],"wp:term":[{"taxonomy":"product_brand","embeddable":true,"href":"https:\/\/spuehler-tv.ch\/onlineshop\/wp-json\/wp\/v2\/product_brand?post=8467"},{"taxonomy":"product_cat","embeddable":true,"href":"https:\/\/spuehler-tv.ch\/onlineshop\/wp-json\/wp\/v2\/product_cat?post=8467"},{"taxonomy":"product_tag","embeddable":true,"href":"https:\/\/spuehler-tv.ch\/onlineshop\/wp-json\/wp\/v2\/product_tag?post=8467"}],"curies":[{"name":"wp","href":"https:\/\/api.w.org\/{rel}","templated":true}]}}