{"id":8253,"date":"2022-07-04T09:08:17","date_gmt":"2022-07-04T09:08:17","guid":{"rendered":"https:\/\/spuehler-tv.ch\/onlineshop\/?post_type=product&#038;p=8253"},"modified":"2026-01-06T16:55:32","modified_gmt":"2026-01-06T15:55:32","slug":"tuner-ii-dab-tangent-radio-tuner-mini","status":"publish","type":"product","link":"https:\/\/spuehler-tv.ch\/onlineshop\/produkt\/tuner-ii-dab-tangent-radio-tuner-mini\/","title":{"rendered":"Tuner II DAB+ (Tangent) &#8211; Radio Tuner (Mini)"},"content":{"rendered":"<p><strong>Tuner FM\/DAB+ Hi-Fi<\/strong><\/p>\n<p>Der neue Premium-Radiotuner Tangent Tuner ll bietet dank seines hochwertigen Tuners mit modernster Technologie einen einfachen und zuverl\u00e4ssigen Zugang zu vielen lokalen und nationalen Radiosendern. \u00a0Der analoge FM-Teil des Tuners hat RDS und ist sowohl klar als auch verfeinert, w\u00e4hrend die digitalen DAB- und DAB+-Tuner einen schnellen und gesperrten Empfang aller verf\u00fcgbaren DAB+-Kan\u00e4le mit erstaunlicher Klarheit bieten. \u00a0Das gro\u00dfe LED-Display mit wei\u00dfem Text zeigt die ben\u00f6tigten Informationen deutlich an, unabh\u00e4ngig davon, welches Band und welche Radiostation Sie h\u00f6ren.<br \/>\nDer neue Tuner l\u00e4sst sich m\u00fchelos in das neue Mini-System von Tangent integrieren. Durch die Kombination des Tangent Ampster BT II und CD II k\u00f6nnen Sie ein komplettes und kompaktes HI-FI-System mit au\u00dfergew\u00f6hnlicher Audioqualit\u00e4t und Leistung genie\u00dfen. \u00a0Jeder Tuner ll, Ampster BT II und CD II ist kleiner als die Breite eines A4-Blattes und nur 7 cm hoch, so dass das System im Stapel nur 21 cm hoch ist! Die geringe Gr\u00f6\u00dfe der einzelnen Komponenten nimmt also weniger Platz im Wohnzimmer, in der K\u00fcche &#8211; oder wo immer Sie Ihre Musik genie\u00dfen &#8211; in Anspruch.<\/p>\n","protected":false},"excerpt":{"rendered":"<p>Tuner FM\/DAB+ Hi-Fi Der neue Premium-Radiotuner Tangent Tuner ll bietet dank seines hochwertigen Tuners mit modernster Technologie einen einfachen und zuverl\u00e4ssigen Zugang zu vielen lokalen und nationalen Radiosendern. \u00a0Der analoge FM-Teil des Tuners hat RDS und ist sowohl klar als auch verfeinert, w\u00e4hrend die digitalen DAB- und DAB+-Tuner einen schnellen und gesperrten Empfang aller verf\u00fcgbaren [&hellip;]<\/p>\n","protected":false},"featured_media":8254,"comment_status":"open","ping_status":"closed","template":"","meta":[],"product_brand":[231],"product_cat":[53],"product_tag":[],"class_list":{"0":"post-8253","1":"product","2":"type-product","3":"status-publish","4":"has-post-thumbnail","6":"product_brand-tangent","7":"product_cat-hifi-komponenten","9":"first","10":"onbackorder","11":"taxable","12":"shipping-taxable","13":"purchasable","14":"product-type-simple"},"_links":{"self":[{"href":"https:\/\/spuehler-tv.ch\/onlineshop\/wp-json\/wp\/v2\/product\/8253","targetHints":{"allow":["GET"]}}],"collection":[{"href":"https:\/\/spuehler-tv.ch\/onlineshop\/wp-json\/wp\/v2\/product"}],"about":[{"href":"https:\/\/spuehler-tv.ch\/onlineshop\/wp-json\/wp\/v2\/types\/product"}],"replies":[{"embeddable":true,"href":"https:\/\/spuehler-tv.ch\/onlineshop\/wp-json\/wp\/v2\/comments?post=8253"}],"wp:featuredmedia":[{"embeddable":true,"href":"https:\/\/spuehler-tv.ch\/onlineshop\/wp-json\/wp\/v2\/media\/8254"}],"wp:attachment":[{"href":"https:\/\/spuehler-tv.ch\/onlineshop\/wp-json\/wp\/v2\/media?parent=8253"}],"wp:term":[{"taxonomy":"product_brand","embeddable":true,"href":"https:\/\/spuehler-tv.ch\/onlineshop\/wp-json\/wp\/v2\/product_brand?post=8253"},{"taxonomy":"product_cat","embeddable":true,"href":"https:\/\/spuehler-tv.ch\/onlineshop\/wp-json\/wp\/v2\/product_cat?post=8253"},{"taxonomy":"product_tag","embeddable":true,"href":"https:\/\/spuehler-tv.ch\/onlineshop\/wp-json\/wp\/v2\/product_tag?post=8253"}],"curies":[{"name":"wp","href":"https:\/\/api.w.org\/{rel}","templated":true}]}}