{"id":8249,"date":"2022-07-04T09:04:56","date_gmt":"2022-07-04T09:04:56","guid":{"rendered":"https:\/\/spuehler-tv.ch\/onlineshop\/?post_type=product&#038;p=8249"},"modified":"2026-01-06T16:55:32","modified_gmt":"2026-01-06T15:55:32","slug":"cd-ii-tangent-cd-spieler-mini","status":"publish","type":"product","link":"https:\/\/spuehler-tv.ch\/onlineshop\/produkt\/cd-ii-tangent-cd-spieler-mini\/","title":{"rendered":"CD II (Tangent) &#8211; CD-Spieler (Mini)"},"content":{"rendered":"<p>CD player Hi-Fi<\/p>\n<p>Als Teil des neuen Mini-Systems von Tangent spielt CD II eine wesentliche Rolle in Verbindung mit dem neuen Ampster II und Tuner II. Dank seiner kleinen und kompakten Gr\u00f6\u00dfe k\u00f6nnen Sie Ihre CD-Sammlung jetzt auf einem kompakten und zeitsicheren Player abspielen. \u00a0CD II ist ein Multiformat-CD-Player, der mit allen g\u00e4ngigen Formaten (einschlie\u00dflich selbstgemachter MP3-Dateien) kompatibel ist&#8230; und mit digitalen optischen Ausg\u00e4ngen und regul\u00e4ren Lineausg\u00e4ngen ist CD II so konzipiert, dass er eine verlustfreie Verbindung zu jedem separaten HI-FI-System erm\u00f6glicht.<br \/>\nDurch die Kombination des Tangent Ampster BT II und des Tuner II k\u00f6nnen Sie ein komplettes und kompaktes HI-FI-System mit au\u00dfergew\u00f6hnlicher Audioqualit\u00e4t und Leistung genie\u00dfen. \u00a0Jede CD II, Ampster BT II und Tuner II ist kleiner in der Breite als ein A4-Blatt und nur 7 cm hoch, so dass das System im Stapel nur 21 cm hoch ist! Die geringe Gr\u00f6\u00dfe der einzelnen Komponenten nimmt also weniger Platz im Wohnzimmer, in der K\u00fcche &#8211; oder wo immer Sie Ihre Musik genie\u00dfen &#8211; in Anspruch.<\/p>\n","protected":false},"excerpt":{"rendered":"<p>CD player Hi-Fi Als Teil des neuen Mini-Systems von Tangent spielt CD II eine wesentliche Rolle in Verbindung mit dem neuen Ampster II und Tuner II. Dank seiner kleinen und kompakten Gr\u00f6\u00dfe k\u00f6nnen Sie Ihre CD-Sammlung jetzt auf einem kompakten und zeitsicheren Player abspielen. \u00a0CD II ist ein Multiformat-CD-Player, der mit allen g\u00e4ngigen Formaten (einschlie\u00dflich [&hellip;]<\/p>\n","protected":false},"featured_media":8250,"comment_status":"open","ping_status":"closed","template":"","meta":[],"product_brand":[231],"product_cat":[53],"product_tag":[],"class_list":{"0":"post-8249","1":"product","2":"type-product","3":"status-publish","4":"has-post-thumbnail","6":"product_brand-tangent","7":"product_cat-hifi-komponenten","9":"first","10":"onbackorder","11":"taxable","12":"shipping-taxable","13":"purchasable","14":"product-type-simple"},"_links":{"self":[{"href":"https:\/\/spuehler-tv.ch\/onlineshop\/wp-json\/wp\/v2\/product\/8249","targetHints":{"allow":["GET"]}}],"collection":[{"href":"https:\/\/spuehler-tv.ch\/onlineshop\/wp-json\/wp\/v2\/product"}],"about":[{"href":"https:\/\/spuehler-tv.ch\/onlineshop\/wp-json\/wp\/v2\/types\/product"}],"replies":[{"embeddable":true,"href":"https:\/\/spuehler-tv.ch\/onlineshop\/wp-json\/wp\/v2\/comments?post=8249"}],"wp:featuredmedia":[{"embeddable":true,"href":"https:\/\/spuehler-tv.ch\/onlineshop\/wp-json\/wp\/v2\/media\/8250"}],"wp:attachment":[{"href":"https:\/\/spuehler-tv.ch\/onlineshop\/wp-json\/wp\/v2\/media?parent=8249"}],"wp:term":[{"taxonomy":"product_brand","embeddable":true,"href":"https:\/\/spuehler-tv.ch\/onlineshop\/wp-json\/wp\/v2\/product_brand?post=8249"},{"taxonomy":"product_cat","embeddable":true,"href":"https:\/\/spuehler-tv.ch\/onlineshop\/wp-json\/wp\/v2\/product_cat?post=8249"},{"taxonomy":"product_tag","embeddable":true,"href":"https:\/\/spuehler-tv.ch\/onlineshop\/wp-json\/wp\/v2\/product_tag?post=8249"}],"curies":[{"name":"wp","href":"https:\/\/api.w.org\/{rel}","templated":true}]}}