{"id":8189,"date":"2022-05-17T06:23:14","date_gmt":"2022-05-17T06:23:14","guid":{"rendered":"https:\/\/spuehler-tv.ch\/onlineshop\/?post_type=product&#038;p=8189"},"modified":"2026-01-06T16:49:26","modified_gmt":"2026-01-06T15:49:26","slug":"oskar-faller-tv-sprachverstaerker","status":"publish","type":"product","link":"https:\/\/spuehler-tv.ch\/onlineshop\/produkt\/oskar-faller-tv-sprachverstaerker\/","title":{"rendered":"OSKAR (Faller) &#8211; TV Sprachverst\u00e4rker"},"content":{"rendered":"<p><strong>OSKAR<br \/>\nTragbarer TV-Sprachverst\u00e4rker<br \/>\nMit innovativer Technologie zur Stimmoptimierung<\/strong><\/p>\n<p>Keine dr\u00f6hnende TV-Lautst\u00e4rke mehr die andere st\u00f6rt! OSKAR bringt Ihnen den sprachoptimierten Ton dort hin, wo Sie sitzen. Dialoge werden verst\u00e4rkt und st\u00f6rende Nebenger\u00e4usche herausgefiltert, damit Sie jedes einzelne Wort besser verstehen. Geniessen Sie wieder unbeschwerte TV-Momente.<\/p>\n<p>Mit OSKAR endlich wieder den Fernseher verstehen.<\/p>\n<p><strong>BESSERE SPRACHVERST\u00c4NDLICHKEIT<br \/>\n<\/strong>MIT MODERNSTER TECHNIK WIRD DER FERNSEHABEND WIEDER ZUM GENUSS<\/p>\n<p><strong>Dialoge klarer h\u00f6ren &amp; leichter verstehen<br \/>\n<\/strong>Speziell f\u00fcr Nutzer mit nachlassendem H\u00f6rverm\u00f6gen analysiert OSKAR den Ton des Fernsehers und optimiert diesen f\u00fcr stets verst\u00e4ndliche Dialoge.<\/p>\n<p><strong>Endlich wieder mit Freude fernsehen<br \/>\n<\/strong>Eine klare Sprachwiedergabe sorgt f\u00fcr weniger Frust beim Fernsehen und weniger Erm\u00fcdungserscheinungen aufgrund anstrengenden Zuh\u00f6rens.<\/p>\n<p><strong>Partner und Nachbarn bleiben ungest\u00f6rt<br \/>\n<\/strong>Holen Sie sich den Ton einfach zu Ihrem H\u00f6rplatz und geniessen Sie den Fernsehton bei normaler Lautst\u00e4rke, ohne andere im Raum zu st\u00f6ren.<\/p>\n<p><strong>Einfache Anwendung<br \/>\n<\/strong>Es kann sofort losgehen. Schliessen Sie OSKAR einfach an Ihren Fernseher an und fertig. \u00c4rgern Sie sich nicht mit komplizierten Einstellungen oder einer umst\u00e4ndlichen Bedienung herum.<\/p>\n<p>Weil OSKAR Ihr Leben sch\u00f6ner und einfacher macht.<br \/>\n<strong>DIALOGE BESSER VERSTEHEN<br \/>\n<\/strong>DANK INNOVATIVER TECHNOLOGIE ZUR STIMMOPTIMIERUNG<\/p>\n<p>OSKAR vereint eine einzigartige Technologie zur Dialogoptimierung in einem kompaktem Design. Zwei Breitband Lautsprecher und ein Passivtreiber sorgen f\u00fcr besten Klang und einer klaren Sprachwiedergabe. W\u00e4hlen aus drei verschiedenen Sprachfiltereinstellungen ihren pers\u00f6nlichen Wohlklang und verpassen Sie keine Dialoge mehr, weil Soundeffekte oder Musik die Sprache \u00fcberlagern. Ein intelligenter Algorithmus gew\u00e4hrleistet die kontinuierliche dynamische Anpassung des Fernsehtons an die individuelle Auswahl auch bei wechselnden Pegeln der Signalquelle.<\/p>\n<p><strong>Deutlich die Sprache h\u00f6ren<br \/>\n<\/strong>Erleben Sie die einzigartige Dialogverst\u00e4rkung und h\u00f6ren Sie Stimmen des Fernsehers klar und deutlich, ohne von Hintergrundger\u00e4uschen abgelenkt zu werden.<br \/>\nDie Nutzung von OSKAR ist dabei unabh\u00e4ngig davon, ob Sie bereits ein H\u00f6rger\u00e4t tragen oder nicht.<\/p>\n<p><strong>F\u00fcr alle g\u00e4ngigen Fernseher<br \/>\n<\/strong>OSKAR funktioniert mit allen g\u00e4ngigen Fernsehger\u00e4ten und wird mit wenigen Handgriffen \u00fcber die Basisstation an Ihren Fernseher angeschlossen. Sobald die Basisstation mit wenigen Handgriffen verbunden ist, k\u00f6nnen Sie den Ton des Fernsehers zu sich holen. Es funktioniert unabh\u00e4ngig von der Lautst\u00e4rke Ihres Fernsehger\u00e4ts. Diese k\u00f6nnen Sie zuk\u00fcnftig ganz ausschalten oder verringern.<\/p>\n<p><strong>Praktischer Tragegriff<br \/>\n<\/strong>Nehmen Sie OSKAR mit und h\u00f6ren Sie den TV-Ton \u00fcberall dort, wo Sie ihn brauchen. Ein praktischer Griff und ein starkes Signal erm\u00f6glicht es Ihnen, dass Sie den Fernsehton mit ins Nebenzimmer, K\u00fcche oder Bad nehmen k\u00f6nnen, ohne dass der Ton zu Ihrem Fernsehger\u00e4t abbricht.<\/p>\n<p>In die Entwicklung von OSKAR fliessen viele Jahre Erfahrung im Bereich der Audiowiedergabe. Die mehrfach ausgezeichneten Ger\u00e4te von sonoro vereinen nicht nur zeitlose Eleganz mit innovativer Technik. Sie stellen den Menschen und seine Bed\u00fcrfnisse an ein perfekt funktionierendes Musiksystem in den Vordergrund. OSKAR ist aus dem Wunsch heraus entstanden, Menschen mit einem H\u00f6rverlust zu mehr Lebensfreude zu verhelfen, damit sie wieder so unbeschwert fernsehen k\u00f6nnen wie fr\u00fcher. Zahlreiche Forschungseinrichtungen, H\u00f6rakustiker und Spezialisten in der Ton- und Klangwiedergabe haben \u00fcber 2 Jahre intensive Entwicklungszeit aufgebracht um mit OSKAR daf\u00fcr zu sorgen, dass Sie endlich den Fernseher wieder verstehen.<\/p>\n","protected":false},"excerpt":{"rendered":"<p class=\"h4\">PRODUKT-HIGHLIGHTS<\/p>\n<div class=\"marketing-texts-tab mb-15\">\n<ul>\n<li>Tragbarer TV-Sprachverst\u00e4rker,<\/li>\n<li>Dialoge klarer h\u00f6ren &amp; leichter verstehen,<\/li>\n<li>Endlich wieder mit Freude fernsehen,<\/li>\n<li>Partner und Nachbarn bleiben ungest\u00f6rt,<\/li>\n<li>Einfache Anwendung,<\/li>\n<li>Akku Betriebsdauer: ca. 16 h<\/li>\n<\/ul>\n<\/div>\n","protected":false},"featured_media":8190,"comment_status":"closed","ping_status":"closed","template":"","meta":[],"product_brand":[228,225],"product_cat":[57],"product_tag":[],"class_list":{"0":"post-8189","1":"product","2":"type-product","3":"status-publish","4":"has-post-thumbnail","6":"product_brand-faller","7":"product_brand-sonoro","8":"product_cat-kopfhoerer-hoerhilfen","9":"product_shipping_class-lieferung-basic-audio","11":"first","12":"instock","13":"taxable","14":"shipping-taxable","15":"purchasable","16":"product-type-simple"},"_links":{"self":[{"href":"https:\/\/spuehler-tv.ch\/onlineshop\/wp-json\/wp\/v2\/product\/8189","targetHints":{"allow":["GET"]}}],"collection":[{"href":"https:\/\/spuehler-tv.ch\/onlineshop\/wp-json\/wp\/v2\/product"}],"about":[{"href":"https:\/\/spuehler-tv.ch\/onlineshop\/wp-json\/wp\/v2\/types\/product"}],"replies":[{"embeddable":true,"href":"https:\/\/spuehler-tv.ch\/onlineshop\/wp-json\/wp\/v2\/comments?post=8189"}],"wp:featuredmedia":[{"embeddable":true,"href":"https:\/\/spuehler-tv.ch\/onlineshop\/wp-json\/wp\/v2\/media\/8190"}],"wp:attachment":[{"href":"https:\/\/spuehler-tv.ch\/onlineshop\/wp-json\/wp\/v2\/media?parent=8189"}],"wp:term":[{"taxonomy":"product_brand","embeddable":true,"href":"https:\/\/spuehler-tv.ch\/onlineshop\/wp-json\/wp\/v2\/product_brand?post=8189"},{"taxonomy":"product_cat","embeddable":true,"href":"https:\/\/spuehler-tv.ch\/onlineshop\/wp-json\/wp\/v2\/product_cat?post=8189"},{"taxonomy":"product_tag","embeddable":true,"href":"https:\/\/spuehler-tv.ch\/onlineshop\/wp-json\/wp\/v2\/product_tag?post=8189"}],"curies":[{"name":"wp","href":"https:\/\/api.w.org\/{rel}","templated":true}]}}