{"id":8178,"date":"2022-05-17T06:08:41","date_gmt":"2022-05-17T06:08:41","guid":{"rendered":"https:\/\/spuehler-tv.ch\/onlineshop\/?post_type=product&#038;p=8178"},"modified":"2026-01-06T15:18:24","modified_gmt":"2026-01-06T14:18:24","slug":"ray-sonos-multiroom-soundbar-weiss-o-schwarz","status":"publish","type":"product","link":"https:\/\/spuehler-tv.ch\/onlineshop\/produkt\/ray-sonos-multiroom-soundbar-weiss-o-schwarz\/","title":{"rendered":"Ray (Sonos) &#8211; Multiroom Soundbar Weiss o. Schwarz"},"content":{"rendered":"<div class=\"mb-15\">\n<p><strong>Blockbuster Sound<\/strong><\/p>\n<p>Mit dieser beeindruckend kompakten und leicht zu bedienenden Soundbar bringst du TV, Musik und Gaming auf ein neues Level. Erlebe perfekt abgestimmten Sound, klare Dialoge, beeindruckenden Bass und einfache Steuerung mit deiner Fernbedienung, der Sonos App, Apple AirPlay 2 und mehr.<\/p>\n<p>Zwei Kabel und nur wenige Minuten &#8211; fertig ist das Setup. Dank der nach vorne ausgerichteten Akustik eignet sich die Ray perfekt f\u00fcr umschlossene Bereiche wie deinen TV-Schrank. Du kannst dein Sonos System ganz flexibel erweitern, wann und wie du m\u00f6chtest, mit zus\u00e4tzlichen Speakern f\u00fcr Surround Sound oder ein Multiroom Erlebnis.<\/p>\n<p><strong>Kompakt und innovativ<\/strong><\/p>\n<p>Dank der zwei High-Performance Hocht\u00f6ner, der sorgf\u00e4ltig entwickelten Tieft\u00f6ner und unserer Anti-Distortion- Technologie erlebst du mit dieser kompakten Soundbar beeindruckend klaren, satten Sound.<\/p>\n<p><strong>Kristallklare Dialoge, damit dir nichts entgeht<\/strong><\/p>\n<p>Dank des von Audioingenieuren aus Hollywood abgestimmten Sounds verpasst du kein einziges Wort, und Trueplay* optimiert den Sound f\u00fcr die individuelle Akustik des Raums. Aktiviere die Sprachverbesserung in der Sonos App, um Dialoge noch klarer zu h\u00f6ren.<\/p>\n<p><strong>Passt perfekt in dein Zuhause<\/strong><\/p>\n<p>Stelle deine Soundbar in dein Mediarack oder bringe sie an der Wand an. Alle Akustikkomponenten sind nach vorne ausgerichtet, um St\u00f6rungen aus der Umgebung zu vermeiden.<\/p>\n<p><strong>Stressfreies Setup<\/strong><\/p>\n<p>Auspacken und Sound erleben &#8211; innerhalb weniger Minuten. Schlie\u00dfe das Stromkabel an, verbinde deinen Fernseher und \u00f6ffne die Sonos App. Mit ihr wird das Setup zum Kinderspiel.<\/p>\n<p>*F\u00fcr Trueplay ist ein kompatibles iOS Ger\u00e4t erforderlich.<\/p>\n<\/div>\n<div class=\"marketing-texts-tab mb-15\">\n<p>&nbsp;<\/p>\n<\/div>\n<div class=\"mb-15 desc\"><strong><strong>Die neue Sonos Ray.<br \/>\nBringe mit dieser beeindruckend kompakten und leicht zu bedienenden Soundbar dein TV-, Musik- und Gaming-Erlebnis auf ein neues Level.<\/strong><\/strong>Die perfekte BalanceErlebe optimalen Stereo Sound. Die massgeschneiderte Akustik balanciert die hohen und mittleren Frequenzen perfekt aus, und unsere Anti-Distortion-Technologie liefert reinen Bass.<strong>Kristallklare Dialoge<br \/>\n<\/strong>Ray wurde mithilfe preisgekr\u00f6nter Audioingenieure aus Hollywood speziell abgestimmt, damit du kein einziges Wort verpasst.<strong>Geht unter die Haut<br \/>\n<\/strong>F\u00fchl dich, als w\u00e4rst du mitten im Geschehen: Getrennte Wellenleiter und innovative Soundverarbeitung erf\u00fcllen den gesamten Raum und platzieren einzelne Soundelemente zielsicher.<strong>Perfekt abgestimmt<br \/>\n<\/strong>Trueplay Tuning* optimiert den Sound und passt ihn perfekt an die individuelle Akustik des Raums an, damit er immer so klingt, wie er klingen soll.*Kompatibles iOS Ger\u00e4t erforderlich.<strong>Design, das sich \u00fcberall einf\u00fcgt<br \/>\n<\/strong>Alle Akustikelemente sind nach vorn ausgerichtet, um Interferenzen durch naheliegende Objekte zu vermeiden. So liefert Ray \u00fcberall ph\u00e4nomenalen Sound, selbst wenn du sie in deinen TV-Schrank stellst.<strong>Entertainment ohne Abstriche<br \/>\n<\/strong>Das kompakte, dezente Design l\u00e4sst sich nahtlos in dein Zuhause integrieren und lenkt nicht von der Action auf dem Bildschirm ab.<strong>Stressfreies Setup<br \/>\n<\/strong>Auspacken und Sound erleben &#8211; innerhalb weniger Minuten. Schliesse das Stromkabel an, verbinde deinen Fernseher und \u00f6ffne die Sonos App. So wird das Setup zum Kinderspiel.<strong>Kompatibel mit deinem Fernseher<br \/>\n<\/strong>Ray l\u00e4sst sich an jeden Fernseher anschliessen*, und der Sound kann mit deiner Fernbedienung gesteuert werden. Verbinde deinen PC f\u00fcr Gaming auf einem neuen Level.<\/p>\n<p>*Der Fernseher oder PC muss \u00fcber einen optischen Ausgang verf\u00fcgen.<\/p>\n<p><strong>Streame deine Lieblingsinhalte<br \/>\n<\/strong>Wenn der Fernseher aus ist, kannst du Musik, Radio, Podcasts und H\u00f6rb\u00fccher von deinen Lieblingsdiensten streamen, ganz einfach \u00fcber WLAN mit der Sonos App, Apple AirPlay 2 und Spotify Connect.<\/p>\n<p><strong>Optimiere dein Heimkino-Erlebnis mit der Sonos App<br \/>\n<\/strong>Aktiviere die Sprachverbesserung f\u00fcr kristallklare Dialoge, wenn Personen fl\u00fcstern oder die Musik laut wird. Nutze den Nachtmodus, um die Intensit\u00e4t lauter Soundeffekte zu reduzieren und andere in deinem Zuhause nicht zu st\u00f6ren.<\/p>\n<p><strong>No strings attached<br \/>\n<\/strong>F\u00fcge ein Paar Surround Speaker f\u00fcr kabellosen Surround Sound hinzu und erlebe Sportevents, Filmabende und Musik noch intensiver.<\/p>\n<p><strong>Erlebe Sound \u00fcberall<br \/>\n<\/strong>Mit Speakern in jedem Raum kannst du dein ganz individuelles Sound Erlebnis geniessen. Sieh im Wohnzimmer fern, w\u00e4hrend du Musik ins Schlafzimmer streamst, und gruppiere Ger\u00e4te in deinem System f\u00fcr Sound im ganzen Zuhause.<\/p>\n<\/div>\n","protected":false},"excerpt":{"rendered":"<p class=\"h4\">PRODUKT-HIGHLIGHTS<\/p>\n<div class=\"marketing-texts-tab mb-15\">\n<ul>\n<li>Alle vier digitalen Verst\u00e4rker der Klasse D sind perfekt auf die einzigartige akustische Architektur der Soundbar abgestimmt<\/li>\n<li>Zwei Hocht\u00f6ner in der Mitte sorgen f\u00fcr eine klare, reine Wiedergabe der hohen Frequenzen<\/li>\n<li>Zwei leistungsstarke Mittelt\u00f6ner garantieren die optimale Wiedergabe der mittleren Frequenzen und kraftvollen Bass<\/li>\n<li>Das markeneigene Design des Niedriggeschwindigkeit- Ports minimiert Verzerrungen und erm\u00f6glicht die perfekte Wiedergabe niedriger Frequenzen<\/li>\n<li>Die Ray l\u00e4sst sich an jeden Fernseher mit optischem Ausgang anschlie\u00dfen, und der Sound kann mit deiner Fernbedienung gesteuert werden<\/li>\n<li>Aktiviere den Nachtmodus in der Sonos App, um die Intensit\u00e4t lauter Soundeffekte zu reduzieren und Dialoge ganz klar zu h\u00f6ren, ohne andere zu st\u00f6ren<\/li>\n<li>F\u00fcge jederzeit ganz einfach weitere Speaker hinzu. Erlebe mitrei\u00dfenden Sound mit einem Subwoofer und Surround Speakern und positioniere die Speaker in deinem ganzen Zuhause f\u00fcr Multiroom Sound<\/li>\n<li>Wenn der Fernseher aus ist, kannst du Musik, Podcasts, Radio und H\u00f6rb\u00fccher von deinen Lieblingsdiensten streamen, ganz einfach \u00fcber WLAN mit der Sonos App, Apple AirPlay 2, Spotify Connect und mehr<\/li>\n<\/ul>\n<\/div>\n","protected":false},"featured_media":8181,"comment_status":"closed","ping_status":"closed","template":"","meta":[],"product_brand":[218],"product_cat":[54,135],"product_tag":[],"class_list":{"0":"post-8178","1":"product","2":"type-product","3":"status-publish","4":"has-post-thumbnail","6":"product_brand-sonos","7":"product_cat-multiroom","8":"product_cat-soundbar","9":"product_shipping_class-lieferung-basic-audio","11":"first","12":"onbackorder","13":"taxable","14":"shipping-taxable","15":"purchasable","16":"product-type-variable","17":"has-default-attributes","18":"rtwpvg-product"},"_links":{"self":[{"href":"https:\/\/spuehler-tv.ch\/onlineshop\/wp-json\/wp\/v2\/product\/8178","targetHints":{"allow":["GET"]}}],"collection":[{"href":"https:\/\/spuehler-tv.ch\/onlineshop\/wp-json\/wp\/v2\/product"}],"about":[{"href":"https:\/\/spuehler-tv.ch\/onlineshop\/wp-json\/wp\/v2\/types\/product"}],"replies":[{"embeddable":true,"href":"https:\/\/spuehler-tv.ch\/onlineshop\/wp-json\/wp\/v2\/comments?post=8178"}],"wp:featuredmedia":[{"embeddable":true,"href":"https:\/\/spuehler-tv.ch\/onlineshop\/wp-json\/wp\/v2\/media\/8181"}],"wp:attachment":[{"href":"https:\/\/spuehler-tv.ch\/onlineshop\/wp-json\/wp\/v2\/media?parent=8178"}],"wp:term":[{"taxonomy":"product_brand","embeddable":true,"href":"https:\/\/spuehler-tv.ch\/onlineshop\/wp-json\/wp\/v2\/product_brand?post=8178"},{"taxonomy":"product_cat","embeddable":true,"href":"https:\/\/spuehler-tv.ch\/onlineshop\/wp-json\/wp\/v2\/product_cat?post=8178"},{"taxonomy":"product_tag","embeddable":true,"href":"https:\/\/spuehler-tv.ch\/onlineshop\/wp-json\/wp\/v2\/product_tag?post=8178"}],"curies":[{"name":"wp","href":"https:\/\/api.w.org\/{rel}","templated":true}]}}