{"id":8165,"date":"2022-05-06T07:15:04","date_gmt":"2022-05-06T07:15:04","guid":{"rendered":"https:\/\/spuehler-tv.ch\/onlineshop\/?post_type=product&#038;p=8165"},"modified":"2026-01-06T16:42:00","modified_gmt":"2026-01-06T15:42:00","slug":"dira-s20-cable-telestar-dvb-c-internetradio-mit-bluetooth","status":"publish","type":"product","link":"https:\/\/spuehler-tv.ch\/onlineshop\/produkt\/dira-s20-cable-telestar-dvb-c-internetradio-mit-bluetooth\/","title":{"rendered":"DIRA S20 Cable (Telestar) &#8211; DVB-C \/ Internetradio mit Bluetooth"},"content":{"rendered":"<p>Mit dem DIRA S 20C erweitert TELESTAR seine bekannte Radioline um ein weiteres Highlight:<br \/>\nDas Edel gestaltete und hochwertig verarbeitete Multifunktions-Stereoradio empf\u00e4ngt digital, \u00fcber das Kabelnetz (DVB-C) ausgestrahlte sowie via Internetstream \u00fcbertragene Webradiosender und kann dank UPnP, Bluetooth und USB Musikdateien von externen Ger\u00e4ten oder Datentr\u00e4gern wiedergeben.<\/p>\n<p>Das gro\u00dfe TFT Farbdisplay mit einer Diagonale von 2.4\u2018\u2018 (ca. 6.1cm) gibt n\u00fctzliche Hintergrundinfos gestochen scharf wieder, 2 x 3\u2018\u2018 Lautsprecher mit je 15W Leistung sorgen in Kombination mit dem digitalen Soundprozessor (DSP) und umfangreichem Equalizer f\u00fcr bestes Klangvergn\u00fcgen.<\/p>\n<p>Ein weiteres Highlight des S20C: schneiden Sie Ihre Lieblingssendung oder-musik dank Recordfunktion via Tastendruck oder \u00fcber Timerprogrammierung einfach auf einem angeschlossenen USB Datentr\u00e4ger mit!<\/p>\n<p>N\u00fctzliche Zusatzfunktionen wie Wecker, Sleeptimer oder die Darstellung aktueller Wetterinfos runden den Funktionsumfang des Radios ab &#8211; kurz um: das TELESTAR DIRA S 20C ist ein hochwertiges und vielseitiges Radio, bei dem die Nutzerfreundlichkeit nicht zu kurz kommt<\/p>\n","protected":false},"excerpt":{"rendered":"<p>Digital Kabel Radio mit kompakten Abmessungen und einfacher Bedienung&#8230;<\/p>\n","protected":false},"featured_media":8167,"comment_status":"open","ping_status":"closed","template":"","meta":[],"product_brand":[223],"product_cat":[33,82,68,50],"product_tag":[],"class_list":{"0":"post-8165","1":"product","2":"type-product","3":"status-publish","4":"has-post-thumbnail","6":"product_brand-telestar","7":"product_cat-audio-stationaer","8":"product_cat-radiowecker","9":"product_cat-audio-dvb-c-stationaer","10":"product_cat-hifi-anlage-micro-midi","11":"product_shipping_class-lieferung-basic-audio","13":"first","14":"instock","15":"taxable","16":"shipping-taxable","17":"purchasable","18":"product-type-simple"},"_links":{"self":[{"href":"https:\/\/spuehler-tv.ch\/onlineshop\/wp-json\/wp\/v2\/product\/8165","targetHints":{"allow":["GET"]}}],"collection":[{"href":"https:\/\/spuehler-tv.ch\/onlineshop\/wp-json\/wp\/v2\/product"}],"about":[{"href":"https:\/\/spuehler-tv.ch\/onlineshop\/wp-json\/wp\/v2\/types\/product"}],"replies":[{"embeddable":true,"href":"https:\/\/spuehler-tv.ch\/onlineshop\/wp-json\/wp\/v2\/comments?post=8165"}],"wp:featuredmedia":[{"embeddable":true,"href":"https:\/\/spuehler-tv.ch\/onlineshop\/wp-json\/wp\/v2\/media\/8167"}],"wp:attachment":[{"href":"https:\/\/spuehler-tv.ch\/onlineshop\/wp-json\/wp\/v2\/media?parent=8165"}],"wp:term":[{"taxonomy":"product_brand","embeddable":true,"href":"https:\/\/spuehler-tv.ch\/onlineshop\/wp-json\/wp\/v2\/product_brand?post=8165"},{"taxonomy":"product_cat","embeddable":true,"href":"https:\/\/spuehler-tv.ch\/onlineshop\/wp-json\/wp\/v2\/product_cat?post=8165"},{"taxonomy":"product_tag","embeddable":true,"href":"https:\/\/spuehler-tv.ch\/onlineshop\/wp-json\/wp\/v2\/product_tag?post=8165"}],"curies":[{"name":"wp","href":"https:\/\/api.w.org\/{rel}","templated":true}]}}