{"id":8148,"date":"2022-04-11T08:08:05","date_gmt":"2022-04-11T08:08:05","guid":{"rendered":"https:\/\/spuehler-tv.ch\/onlineshop\/?post_type=product&#038;p=8148"},"modified":"2026-01-31T10:01:35","modified_gmt":"2026-01-31T09:01:35","slug":"fritzrepeater-1200-ax-avm-wlan-erweiterung","status":"publish","type":"product","link":"https:\/\/spuehler-tv.ch\/onlineshop\/produkt\/fritzrepeater-1200-ax-avm-wlan-erweiterung\/","title":{"rendered":"FritzRepeater 1200 AX (AVM) &#8211; WLAN Erweiterung"},"content":{"rendered":"<p><strong>Mehr WLAN in jedem Raum mit Wi-Fi 6<br \/>\n<\/strong>Kompakt und leistungsstark: Der FRITZ!Repeater 1200 AX erweitert Ihr WLAN f\u00fcr mehr Reichweite und unterst\u00fctzt Wi-Fi 6. Das intelligente FRITZ! Mesh sorgt f\u00fcr eine komfortable Einrichtung und jederzeit besten WLAN-Empfang.<\/p>\n<p><strong>Mehr WLAN \u00fcberall &#8211; mit Wi-Fi 6<br \/>\n<\/strong>Der Standard Wi-Fi 6 (WLAN AX) tr\u00e4gt der stetig wachsenden Zahl an WLAN-Ger\u00e4ten Rechnung. Von Smartphones, Notebooks und Lautsprechern bis hin zu 4K-Smart-TVs werden immer mehr Ger\u00e4te gleichzeitig im WLAN verwendet. Wi-Fi 6 bindet jedes Ger\u00e4t optimal ins Heimnetz ein, sodass stets eine zuverl\u00e4ssige Datenverbindung besteht.<\/p>\n<p>Der FRITZ!Repeater 1200 AX unterst\u00fctzt Wi-Fi 6 im 2,4-GHz-Spektrum sowie im 5-GHz-Band, darin sogar 160 MHz breite WLAN-Kan\u00e4le, die Geschwindigkeiten von bis zu 2.400 MBit\/s erm\u00f6glichen.<\/p>\n<p><strong>WLAN Mesh mit FRITZ!<br \/>\n<\/strong>Damit Videos, Musik und Fotos im Heimnetz nahtlos bis in den letzten Winkel jedes Zimmers gelangen, setzt der FRITZ!Repeater 1200 AX auf WLAN Mesh. Die verteilten FRITZ!-Ger\u00e4te arbeiten in einem einzigen Netz, tauschen sich untereinander aus und optimieren die Leistung aller WLAN-Ger\u00e4te.<\/p>\n<p>Mit Mesh genie\u00dfen Sie ganz einfach H\u00f6chstgeschwindigkeit bei Surfen, Video oder Gaming. Atemberaubendes HD-Fernsehen und Ihre Lieblingsmusik warten jetzt auf Sie &#8211; und nicht umgekehrt.<\/p>\n<p><strong>Anschlie\u00dfen und lossurfen<br \/>\n<\/strong>Die Einrichtung des FRITZ!Repeater 1200 AX erfolgt ganz leicht: Einstecken, Knopf dr\u00fccken und schon verbinden sich FRITZ!Repeater und FRITZ!Box oder WPS-f\u00e4hige Router automatisch. Der FRITZ!Repeater \u00fcbernimmt die passenden WLAN-Einstellungen und ist sofort einsatzbereit. Die FRITZ!App WLAN hilft Ihnen, den optimalen Platz f\u00fcr Ihren FRITZ!Repeater zu finden.<\/p>\n<p><strong>Gigabit per LAN-Kabel oder WLAN<br \/>\n<\/strong>Der FRITZ!Repeater 1200 AX verbindet sich mit dem WLAN Ihrer FRITZ!Box und stellt ein eigenes Netz bereit: So erhalten Sie mehr WLAN-Reichweite, ganz ohne Kabel. Mit seinem Gigabit-LAN-Anschluss integriert der Repeater netzwerkf\u00e4hige Ger\u00e4te ohne WLAN ins Heimnetz, zum Beispiel einen Smart-TV oder Drucker.<\/p>\n<p>Alternativ kann der FRITZ!Repeater \u00fcber ein LAN-Kabel oder mithilfe eines Powerline-Adapters mit dem Router verbunden werden. So lassen sich auch gr\u00f6\u00dfere Strecken einfach \u00fcberbr\u00fccken.<\/p>\n<p><strong>Leicht zu bedienen und updatef\u00e4hig<br \/>\n<\/strong>Von der idealen Platzierung bis hin zum optimalen Funkkanal: Der Repeater unterst\u00fctzt Sie mit einer mehrfarbigen LED-Anzeige, Software-Assistenten und einer \u00fcbersichtlichen Benutzeroberfl\u00e4che. Au\u00dferdem profitiert der FRITZ!Repeater 1200 AX von neuen Funktionen durch kostenfreie Updates.<\/p>\n<p><strong>Sichere Verschl\u00fcsselung f\u00fcr das Funknetz<br \/>\n<\/strong>Der FRITZ!Repeater 1200 AX unterst\u00fctzt die sichere WPA2-Verschl\u00fcsselung, sowie den neuen WPA3-Standard. So baut der Repeater sichere Verbindungen zu Funknetzen aktueller Router auf und Ihr WLAN ist optimal gesch\u00fctzt.<\/p>\n","protected":false},"excerpt":{"rendered":"<ul>\n<li>Leistungsstarker WLAN-Mesh-Repeater f\u00fcr gro\u00dfe Reichweite und hohen Durchsatz im WLAN<\/li>\n<li>Wi-Fi 6 (WLAN AX) bis 2.400 MBit\/s + 600 MBit\/s,<\/li>\n<li>1x Gigabit-LAN-Anschluss: Verbundene Ger\u00e4te (Computer, Drucker, Audio-Video-Zuspieler u. a.) erhalten WLAN-Funktion<\/li>\n<li>Komfortable Bedienung und smarte Apps,<\/li>\n<li>Mehrfarbigen LED-Anzeige,<\/li>\n<li>Ab Werk sicher mit aktivierter WPA2-Verschl\u00fcsselung, zus\u00e4tzlich WPA3\/2 Transition Mode verf\u00fcgbar<\/li>\n<li>Einfache und sichere Einrichtung per Knopfdruck (WPS-Verfahren),<\/li>\n<li>Unterst\u00fctzt das Internetprotokoll IPv6,<\/li>\n<li>Kompatibel zu allen g\u00e4ngigen WLAN-Routern,<\/li>\n<\/ul>\n","protected":false},"featured_media":8149,"comment_status":"closed","ping_status":"closed","template":"","meta":[],"product_brand":[242],"product_cat":[21,65],"product_tag":[],"class_list":{"0":"post-8148","1":"product","2":"type-product","3":"status-publish","4":"has-post-thumbnail","6":"product_brand-fritz","7":"product_cat-it-produkte","8":"product_cat-mesh-repeater","9":"product_shipping_class-lieferung-basic-audio","11":"first","12":"instock","13":"taxable","14":"shipping-taxable","15":"purchasable","16":"product-type-simple"},"_links":{"self":[{"href":"https:\/\/spuehler-tv.ch\/onlineshop\/wp-json\/wp\/v2\/product\/8148","targetHints":{"allow":["GET"]}}],"collection":[{"href":"https:\/\/spuehler-tv.ch\/onlineshop\/wp-json\/wp\/v2\/product"}],"about":[{"href":"https:\/\/spuehler-tv.ch\/onlineshop\/wp-json\/wp\/v2\/types\/product"}],"replies":[{"embeddable":true,"href":"https:\/\/spuehler-tv.ch\/onlineshop\/wp-json\/wp\/v2\/comments?post=8148"}],"wp:featuredmedia":[{"embeddable":true,"href":"https:\/\/spuehler-tv.ch\/onlineshop\/wp-json\/wp\/v2\/media\/8149"}],"wp:attachment":[{"href":"https:\/\/spuehler-tv.ch\/onlineshop\/wp-json\/wp\/v2\/media?parent=8148"}],"wp:term":[{"taxonomy":"product_brand","embeddable":true,"href":"https:\/\/spuehler-tv.ch\/onlineshop\/wp-json\/wp\/v2\/product_brand?post=8148"},{"taxonomy":"product_cat","embeddable":true,"href":"https:\/\/spuehler-tv.ch\/onlineshop\/wp-json\/wp\/v2\/product_cat?post=8148"},{"taxonomy":"product_tag","embeddable":true,"href":"https:\/\/spuehler-tv.ch\/onlineshop\/wp-json\/wp\/v2\/product_tag?post=8148"}],"curies":[{"name":"wp","href":"https:\/\/api.w.org\/{rel}","templated":true}]}}