{"id":8078,"date":"2022-03-31T06:12:17","date_gmt":"2022-03-31T06:12:17","guid":{"rendered":"https:\/\/spuehler-tv.ch\/onlineshop\/?post_type=product&#038;p=8078"},"modified":"2026-01-06T14:18:51","modified_gmt":"2026-01-06T13:18:51","slug":"mhf-900-block-kompaktanlage-cd-dab-internetradio-bluetooth-streaming-silber-o-schwarz","status":"publish","type":"product","link":"https:\/\/spuehler-tv.ch\/onlineshop\/produkt\/mhf-900-block-kompaktanlage-cd-dab-internetradio-bluetooth-streaming-silber-o-schwarz\/","title":{"rendered":"MHF-900 (Block) &#8211; Kompaktanlage CD \/ DAB+ \/ Internetradio \/ Bluetooth \/ Streaming Silber o. Schwarz"},"content":{"rendered":"<div>\n<h2>Kompaktheit die klingt!<\/h2>\n<\/div>\n<div>\n<p>Spotify-Connect, Internetradio, DAB+, UKW, CD, USB &amp; Bluetooth! Das alles und noch vieles mehr, steckt in der Kompaktanlage MHF-900. Steuerbar ist das Ger\u00e4t \u00fcber die beiliegende Fernbedienung, die kostenlose Smartphone-App UNDOK oder am Ger\u00e4t selbst. Das gro\u00dffl\u00e4chige Farbdisplay macht die Bedienung und Handhabung f\u00fcr Jedermann einfach und unkompliziert. \u00dcber die integrierte Connected-Room Funktion l\u00e4sst sich das Ger\u00e4t mit allen Connected-Room Ger\u00e4ten im Haus verbinden, um eine gemeinsame Audioquelle, wie zum Beispiel ihren Lieblingssong von Spotify-Connect, abzuspielen. Mit vielen weiteren Funktionen bietet die MHF-900 ein Gesamtpaket, welches in dieser Preisklasse unschlagbar ist.<\/p>\n<ul>\n<li>Connected-Room Basisger\u00e4t<\/li>\n<li>Verst\u00e4rker: 2 x 40 Watt | 4 Ohm<\/li>\n<li>Farbdisplay<\/li>\n<li>CD-Spieler: CD, MP3, CD-R, CD-RW, HD-CD<\/li>\n<li>WLAN 2,4 &amp; 5 GHz\u00a0 &amp; LAN-Anschluss<\/li>\n<li>Bluetooth Wireless Streaming<\/li>\n<li>Triple-Radio: Internet Radio | DAB+ | UKW<\/li>\n<li>Spotify\u00ae-Connect Read<\/li>\n<li>Media-Player: USB-Frontanschluss &amp; Streaming (UPnP | DLNA)<\/li>\n<li>Alle Funktionen \u00fcber UNDOK\u00ae APP steuerbar<\/li>\n<li>Weckfunktion mit zwei Weckzeitpunkten<\/li>\n<li>Schlummerfunktion<\/li>\n<\/ul>\n<\/div>\n","protected":false},"excerpt":{"rendered":"<ul>\n<li>2x 40 Watt Leistung,<\/li>\n<li>HDCD, CD-R, CD-RW, MP3,<\/li>\n<li>320 x 240 TFT Farbdisplay,<\/li>\n<li>UKW, DAB+, Internetradio,<\/li>\n<li>AAC, AAC+, MP3, WAV, WMA, FLAC,<\/li>\n<li>Bluetooth, DLNA, UPnP mit &#8220;UNDOK&#8221; APP,<\/li>\n<li>2x Stereo Cinch, 1x 3,5 mm Line-In, 3,5 mm Kopfh\u00f6rer<\/li>\n<\/ul>\n","protected":false},"featured_media":8085,"comment_status":"open","ping_status":"closed","template":"","meta":[],"product_brand":[206],"product_cat":[226,143,20,50],"product_tag":[],"class_list":{"0":"post-8078","1":"product","2":"type-product","3":"status-publish","4":"has-post-thumbnail","6":"product_brand-block-audio","7":"product_cat-sale","8":"product_cat-austellungsgeraete-spezialangebote","9":"product_cat-audio-geraete","10":"product_cat-hifi-anlage-micro-midi","11":"product_shipping_class-lieferung-basic-audio","13":"first","14":"onbackorder","15":"sale","16":"taxable","17":"shipping-taxable","18":"purchasable","19":"product-type-variable","20":"has-default-attributes","21":"rtwpvg-product"},"_links":{"self":[{"href":"https:\/\/spuehler-tv.ch\/onlineshop\/wp-json\/wp\/v2\/product\/8078","targetHints":{"allow":["GET"]}}],"collection":[{"href":"https:\/\/spuehler-tv.ch\/onlineshop\/wp-json\/wp\/v2\/product"}],"about":[{"href":"https:\/\/spuehler-tv.ch\/onlineshop\/wp-json\/wp\/v2\/types\/product"}],"replies":[{"embeddable":true,"href":"https:\/\/spuehler-tv.ch\/onlineshop\/wp-json\/wp\/v2\/comments?post=8078"}],"wp:featuredmedia":[{"embeddable":true,"href":"https:\/\/spuehler-tv.ch\/onlineshop\/wp-json\/wp\/v2\/media\/8085"}],"wp:attachment":[{"href":"https:\/\/spuehler-tv.ch\/onlineshop\/wp-json\/wp\/v2\/media?parent=8078"}],"wp:term":[{"taxonomy":"product_brand","embeddable":true,"href":"https:\/\/spuehler-tv.ch\/onlineshop\/wp-json\/wp\/v2\/product_brand?post=8078"},{"taxonomy":"product_cat","embeddable":true,"href":"https:\/\/spuehler-tv.ch\/onlineshop\/wp-json\/wp\/v2\/product_cat?post=8078"},{"taxonomy":"product_tag","embeddable":true,"href":"https:\/\/spuehler-tv.ch\/onlineshop\/wp-json\/wp\/v2\/product_tag?post=8078"}],"curies":[{"name":"wp","href":"https:\/\/api.w.org\/{rel}","templated":true}]}}