{"id":8075,"date":"2022-03-17T13:20:57","date_gmt":"2022-03-17T13:20:57","guid":{"rendered":"https:\/\/spuehler-tv.ch\/onlineshop\/?post_type=product&#038;p=8075"},"modified":"2026-01-06T15:02:01","modified_gmt":"2026-01-06T14:02:01","slug":"unifi-uck-g2-plus-cloudkey-ubiquiti-wlan-controller","status":"publish","type":"product","link":"https:\/\/spuehler-tv.ch\/onlineshop\/produkt\/unifi-uck-g2-plus-cloudkey-ubiquiti-wlan-controller\/","title":{"rendered":"UniFi UCK-G2-Plus Cloudkey (Ubiquiti) &#8211; WLAN Controller"},"content":{"rendered":"<div class=\"wQ1zdx\">\n<div class=\"_3fzVYj\">\n<div class=\"_1SVwWv\">Anzahl integrierte Lizenzen: 10000 \u00d7, Max. Anzahl Access Points: 50 \u00d7, Montage: Stand; Desktop, ca: 4 Mal leistungst\u00e4rker als UC-CK. mit Bluetooth. Integrierte Batterie zum sicheren herunterfahren bei Stromausfall. &#8211; UniFi Controller f\u00fcr Kamera und AccessPoint Betrieb &#8211; Verwaltung f\u00fcr bis zu 15 UniFi-Kameras und 50 UniFi-Ger\u00e4te (im UniFi SDN + UniFi Protect-Modus) &#8211; Einfaches Wi-Fi, Router und Switch Management &#8211; Integrierte 1TB HD (vom Benutzer erweiterbar) f\u00fcr die Sicherung der Videodaten &#8211; Hotspot-Funktionalit\u00e4t f\u00fcr UniFI-AccessPoints<\/div>\n<\/div>\n<\/div>\n<div class=\"wQ1zdx\"><\/div>\n","protected":false},"excerpt":{"rendered":"<p>UniFi WLAN Controller &#8211; Cloud Key<\/p>\n","protected":false},"featured_media":8076,"comment_status":"closed","ping_status":"closed","template":"","meta":[],"product_brand":[212],"product_cat":[21,83],"product_tag":[],"class_list":{"0":"post-8075","1":"product","2":"type-product","3":"status-publish","4":"has-post-thumbnail","6":"product_brand-ubiquiti","7":"product_cat-it-produkte","8":"product_cat-controller","9":"product_shipping_class-lieferung-basic-audio","11":"first","12":"instock","13":"taxable","14":"shipping-taxable","15":"purchasable","16":"product-type-simple"},"_links":{"self":[{"href":"https:\/\/spuehler-tv.ch\/onlineshop\/wp-json\/wp\/v2\/product\/8075","targetHints":{"allow":["GET"]}}],"collection":[{"href":"https:\/\/spuehler-tv.ch\/onlineshop\/wp-json\/wp\/v2\/product"}],"about":[{"href":"https:\/\/spuehler-tv.ch\/onlineshop\/wp-json\/wp\/v2\/types\/product"}],"replies":[{"embeddable":true,"href":"https:\/\/spuehler-tv.ch\/onlineshop\/wp-json\/wp\/v2\/comments?post=8075"}],"wp:featuredmedia":[{"embeddable":true,"href":"https:\/\/spuehler-tv.ch\/onlineshop\/wp-json\/wp\/v2\/media\/8076"}],"wp:attachment":[{"href":"https:\/\/spuehler-tv.ch\/onlineshop\/wp-json\/wp\/v2\/media?parent=8075"}],"wp:term":[{"taxonomy":"product_brand","embeddable":true,"href":"https:\/\/spuehler-tv.ch\/onlineshop\/wp-json\/wp\/v2\/product_brand?post=8075"},{"taxonomy":"product_cat","embeddable":true,"href":"https:\/\/spuehler-tv.ch\/onlineshop\/wp-json\/wp\/v2\/product_cat?post=8075"},{"taxonomy":"product_tag","embeddable":true,"href":"https:\/\/spuehler-tv.ch\/onlineshop\/wp-json\/wp\/v2\/product_tag?post=8075"}],"curies":[{"name":"wp","href":"https:\/\/api.w.org\/{rel}","templated":true}]}}