{"id":8035,"date":"2022-02-19T11:14:12","date_gmt":"2022-02-19T11:14:12","guid":{"rendered":"https:\/\/spuehler-tv.ch\/onlineshop\/?post_type=product&#038;p=8035"},"modified":"2026-01-06T14:18:51","modified_gmt":"2026-01-06T13:18:51","slug":"cvr-10-block-multiroom-cd-receiver-silber-o-schwarz","status":"publish","type":"product","link":"https:\/\/spuehler-tv.ch\/onlineshop\/produkt\/cvr-10-block-multiroom-cd-receiver-silber-o-schwarz\/","title":{"rendered":"CVR 10+ (Block) &#8211; Multiroom CD Receiver Silber o. Schwarz"},"content":{"rendered":"<div class=\"mb-15 desc\">\n<div id=\"u83208-6\" class=\"shadow clearfix colelem shared_content\" data-muse-uid=\"U83208\" data-muse-type=\"txt_frame\" data-ibe-flags=\"txtStyleSrc\" data-content-guid=\"u83208-6_content\">\n<p id=\"u83208-2\">DIE KOMBINATION AUS DEM BESTEN<\/p>\n<p id=\"u83208-4\"><span id=\"u83208-3\">Edel im Design, hochwertig in der Verarbeitung und spitze im Klang. Der CVR-10 besitzt als echtes Hifi-Ger\u00e4t den vollen Funktionsumfang des traditionellen Hifi&#8217;s und der neuen Technik, wie dem Multiroom. Als Multiroom-Basisger\u00e4t k\u00f6nnen Sie mit dem CVR-10 \u00fcber andere Multiroom-Ger\u00e4te Ihr gesamtes Haus beschallen. Solfern ein Netzwerk vorhanden- K\u00f6nnen Sie das multiroom-System \u00fcberall zum Einsatz bruingen. Sie wollen Morgens beim Fr\u00fchst\u00fcck im Garten schnell einen DAB+ Sender wechseln? Kein Problem. \u00dcber die UNDOK-App l\u00e4sst sich ihr CVR-10 und ihr Multiroomsystem bequem per Smartphone steuern.<\/span><\/p>\n<\/div>\n<div id=\"u89863-bw\" class=\"browser_width colelem\">\n<div id=\"u89863\">\n<div id=\"u89863_align_to_page\" class=\"clearfix\">\n<div id=\"pu90568\" class=\"clearfix grpelem\">\n<div id=\"u90568\" class=\"clearfix colelem\">\n<div id=\"u90548\" class=\"clip_frame colelem\"><\/div>\n<div id=\"u90059\" class=\"clearfix colelem shared_content\" data-content-guid=\"u90059_content\">\n<div id=\"u90052-7\" class=\"clearfix grpelem\" data-muse-uid=\"U90052\" data-muse-type=\"txt_frame\" data-ibe-flags=\"txtStyleSrc\">\n<p id=\"u90052\">Wireless Streaming<\/p>\n<p id=\"u90052-5\">\u00a0Wireless Streaming z.B. \u00fcber Bluetooth ist mit diesem Ger\u00e4t m\u00f6glich. Verbinden Sie z.B. ihr Smartphone und genie\u00dfen Sie Ihre gesamte Musikbibliothek.<\/p>\n<\/div>\n<\/div>\n<\/div>\n<div id=\"u90742\" class=\"clearfix colelem shared_content\" data-content-guid=\"u90742_content\">\n<div id=\"u90664\" class=\"clip_frame colelem\"><\/div>\n<div id=\"u90251\" class=\"clearfix colelem\">\n<div id=\"u90252-7\" class=\"clearfix grpelem\" data-muse-uid=\"U90252\" data-muse-type=\"txt_frame\" data-ibe-flags=\"txtStyleSrc\">\n<p id=\"u90252-3\">COMPACT DISC<\/p>\n<p id=\"u90252-5\">\u00a0Der CVR-10 ist imstande, die meisten g\u00e4ngigen CD-Formate abspielen zu k\u00f6nnen. Diese w\u00e4ren zum Beispiel unter Anderem : CD-HD | CD-R | CD-RW | MP3 | WMA<\/p>\n<\/div>\n<\/div>\n<\/div>\n<\/div>\n<div id=\"pu90597\" class=\"clearfix grpelem shared_content\" data-content-guid=\"pu90597_content\">\n<div id=\"u90597\" class=\"clearfix colelem shared_content\" data-content-guid=\"u90597_content\">\n<div id=\"u90577\" class=\"clip_frame colelem\"><\/div>\n<div id=\"u90081-7\" class=\"clearfix colelem\" data-muse-uid=\"U90081\" data-muse-type=\"txt_frame\" data-ibe-flags=\"txtStyleSrc\">\n<p id=\"u90081-3\">DAB+ RADIO<\/p>\n<p id=\"u90081-5\">Mit unseren Ger\u00e4ten k\u00f6nnen Sie \u00fcberall, wo Sie das neue Radio-Format DAB+ empfangen k\u00f6nnen in Top-Qualit\u00e4t ihren Lieblingssender h\u00f6ren.<\/p>\n<\/div>\n<\/div>\n<div id=\"u90735\" class=\"clearfix colelem shared_content\" data-content-guid=\"u90735_content\">\n<div id=\"u90686\" class=\"clip_frame colelem\">STREAMING<\/div>\n<div id=\"u90325-7\" class=\"clearfix colelem shared_content\" data-muse-uid=\"U90325\" data-muse-type=\"txt_frame\" data-ibe-flags=\"txtStyleSrc\" data-content-guid=\"u90325-7_content\">\n<p id=\"u90325-5\">Der CVR-10 unterst\u00fctzt die g\u00e4ngigsten Streaming Techniken. Sie k\u00f6nnen zum Beispiel \u00fcber Spotify-Connect Ihre Lieblingsmusik wiedergeben. Sie k\u00f6nnen aber auch \u00fcber eine UPnP verbindung ihre Musik wiedergeben<\/p>\n<\/div>\n<\/div>\n<\/div>\n<div id=\"pu90655\" class=\"clearfix grpelem\">\n<div id=\"u90655\" class=\"clearfix colelem shared_content\" data-content-guid=\"u90655_content\">\n<div id=\"u90635\" class=\"clip_frame colelem\">DLNA STREAMING<\/div>\n<div id=\"u90391-7\" class=\"clearfix colelem shared_content\" data-muse-uid=\"U90391\" data-muse-type=\"txt_frame\" data-ibe-flags=\"txtStyleSrc\" data-content-guid=\"u90391-7_content\">\n<p id=\"u90391-5\">Durch DLNA-Streaming k\u00f6nnen Sie Ihre eigene Musik \u00fcber einen verbundenen Medienserver genie\u00dfen.<\/p>\n<\/div>\n<\/div>\n<div id=\"u90728\" class=\"clearfix colelem shared_content\" data-content-guid=\"u90728_content\">\n<div id=\"u90708\" class=\"clip_frame colelem\">APP Steuerung<\/div>\n<div id=\"u90626\" class=\"clearfix colelem\">\n<div id=\"u90088-7\" class=\"clearfix grpelem\" data-muse-uid=\"U90088\" data-muse-type=\"txt_frame\" data-ibe-flags=\"txtStyleSrc\">\n<p id=\"u90088-5\">Steuern Sie ganz einfach per UNDOK App die gesamte Funktionsvielfalt des CVR-10. Haben Sie noch ein anderes Block Multiroomprodukt? Verbinden Sie diese per UNDOK App und genie\u00dfen Sie das Zusammenspiel der Ger\u00e4te!<\/p>\n<\/div>\n<\/div>\n<\/div>\n<\/div>\n<\/div>\n<\/div>\n<\/div>\n<div id=\"u83215\" class=\"museBGSize colelem shared_content\" data-content-guid=\"u83215_content\"><\/div>\n<div id=\"u84286-bw\" class=\"browser_width colelem shared_content\" data-content-guid=\"u84286-bw_content\">\n<div id=\"u84286\" class=\"shadow\">\n<div id=\"u84286_align_to_page\" class=\"clearfix\">\n<div id=\"u84307\" class=\"clearfix grpelem\">\n<div id=\"u83246-37\" class=\"clearfix grpelem\" data-muse-uid=\"U83246\" data-muse-type=\"txt_frame\" data-ibe-flags=\"txtStyleSrc\">\n<p id=\"u83246-2\">SPEZIFIKATIONEN<\/p>\n<p id=\"u83246-4\">Leistung (RMS @ 8 Ohm):<\/p>\n<p id=\"u83246-6\">2 x 30 Watt (4 Ohm), 2 x 25 Watt (8 Ohm)<\/p>\n<p id=\"u83246-8\">Analoge Eing\u00e4nge:<\/p>\n<p id=\"u83246-10\">1 x AUX 250 mV, 1 x TV, 1x DVD, 1 x LineIn (Front)<\/p>\n<p id=\"u83246-12\">Digitale Eing\u00e4nge:<\/p>\n<p id=\"u83246-14\">1x USB, 1x Optical (SP\/DIF), 1x Coaxial<\/p>\n<p id=\"u83246-16\">Analoge Ausg\u00e4nge:<\/p>\n<p id=\"u83246-18\">Kopfh\u00f6rer (3,5 mm), Pre-Out, Rec-Out<\/p>\n<p id=\"u83246-20\">Fremdspannungsabstand:<\/p>\n<p id=\"u83246-22\">&gt;83 dB<\/p>\n<p id=\"u83246-24\">Frequenzbereich UKW:<\/p>\n<p id=\"u83246-26\">87,5 &#8211; 108 MHz<\/p>\n<p id=\"u83246-28\">CD-Kompatibilit\u00e4t:<\/p>\n<p id=\"u83246-30\">CD-HD | CD-R | CD-RW | MP3 | WMA<\/p>\n<p id=\"u83246-32\">Frequenzbereich DAB+:<\/p>\n<p id=\"u83246-34\">179.928\u00a0 &#8211; 239.200 MHz<\/p>\n<p id=\"u83246-35\">CD-Kompatibilit\u00e4t:<\/p>\n<\/div>\n<div id=\"u84279-41\" class=\"clearfix grpelem\" data-muse-uid=\"U84279\" data-muse-type=\"txt_frame\" data-ibe-flags=\"txtStyleSrc\">\n<p id=\"u84279-7\">CD-HD | CD-R | CD-RW | MP3 | WMA<\/p>\n<p id=\"u84279-9\">Frequenzbereich DAB+:<\/p>\n<p id=\"u84279-11\">179.928\u00a0 &#8211; 239.200 MHz<\/p>\n<p id=\"u84279-13\">Internetradio:<\/p>\n<p id=\"u84279-15\">\u00fcber 25.000 Sender weltweit<\/p>\n<p id=\"u84279-17\">Senderspeicher:<\/p>\n<p id=\"u84279-19\">je 10 f\u00fcr UKW | DAB+ | Internetradio<\/p>\n<p id=\"u84279-21\">Dateiformate:<\/p>\n<p id=\"u84279-23\">AAC, AAC+, MP3, WAV, WMA, FLAC<\/p>\n<p id=\"u84279-25\">Streaming:<\/p>\n<p id=\"u84279-27\">DLNA | UPnP mit UNDOK\u00ae APP<\/p>\n<p id=\"u84279-29\">Netzwerk:<\/p>\n<p id=\"u84279-31\">LAN (Ethernet) und WLAN 2,4 GHz\/5 GHz, Bluetooth<\/p>\n<p id=\"u84279-33\">inkl. Fernbedienung<\/p>\n<p id=\"u84279-35\">inkl. Wurfantenne<\/p>\n<p id=\"u84279-37\">inkl. WLAN Antenne<\/p>\n<p id=\"u84279-39\">inkl. Bluetooth Antenne<\/p>\n<\/div>\n<\/div>\n<\/div>\n<\/div>\n<\/div>\n<\/div>\n","protected":false},"excerpt":{"rendered":"<div id=\"u83246-37\" class=\"clearfix grpelem\" data-muse-uid=\"U83246\" data-muse-type=\"txt_frame\" data-ibe-flags=\"txtStyleSrc\">\n<p id=\"u83246-2\">SPEZIFIKATIONEN<\/p>\n<p id=\"u83246-4\">Leistung (RMS @ 8 Ohm):<\/p>\n<p id=\"u83246-6\">2 x 30 Watt (4 Ohm), 2 x 25 Watt (8 Ohm)<\/p>\n<p id=\"u83246-8\">Analoge Eing\u00e4nge:<\/p>\n<p id=\"u83246-10\">1 x AUX 250 mV, 1 x TV, 1x DVD, 1 x LineIn (Front)<\/p>\n<p id=\"u83246-12\">Digitale Eing\u00e4nge:<\/p>\n<p id=\"u83246-14\">1x USB, 1x Optical (SP\/DIF), 1x Coaxial<\/p>\n<p id=\"u83246-16\">Analoge Ausg\u00e4nge:<\/p>\n<p id=\"u83246-18\">Kopfh\u00f6rer (3,5 mm), Pre-Out, Rec-Out<\/p>\n<p id=\"u83246-20\">Fremdspannungsabstand:<\/p>\n<p id=\"u83246-22\">&gt;83 dB<\/p>\n<p id=\"u83246-24\">Frequenzbereich UKW:<\/p>\n<p id=\"u83246-26\">87,5 &#8211; 108 MHz<\/p>\n<p id=\"u83246-28\">CD-Kompatibilit\u00e4t:<\/p>\n<p id=\"u83246-30\">CD-HD | CD-R | CD-RW | MP3 | WMA<\/p>\n<p id=\"u83246-32\">Frequenzbereich DAB+:<\/p>\n<p id=\"u83246-34\">179.928\u00a0 &#8211; 239.200 MHz<\/p>\n<p id=\"u83246-35\">\n<\/div>\n<div id=\"u84279-41\" class=\"clearfix grpelem\" data-muse-uid=\"U84279\" data-muse-type=\"txt_frame\" data-ibe-flags=\"txtStyleSrc\">\n<p id=\"u84279-5\">CD-Kompatibilit\u00e4t:<\/p>\n<p id=\"u84279-7\">CD-HD | CD-R | CD-RW | MP3 | WMA<\/p>\n<p id=\"u84279-9\">Frequenzbereich DAB+:<\/p>\n<p id=\"u84279-11\">179.928\u00a0 &#8211; 239.200 MHz<\/p>\n<p id=\"u84279-13\">Internetradio:<\/p>\n<p id=\"u84279-15\">\u00fcber 25.000 Sender weltweit<\/p>\n<p id=\"u84279-17\">Senderspeicher:<\/p>\n<p id=\"u84279-19\">je 10 f\u00fcr UKW | DAB+ | Internetradio<\/p>\n<p id=\"u84279-21\">Dateiformate:<\/p>\n<p id=\"u84279-23\">AAC, AAC+, MP3, WAV, WMA, FLAC<\/p>\n<p id=\"u84279-25\">Streaming:<\/p>\n<p id=\"u84279-27\">DLNA | UPnP mit UNDOK\u00ae APP<\/p>\n<p id=\"u84279-29\">Netzwerk:<\/p>\n<p id=\"u84279-31\">LAN (Ethernet) und WLAN 2,4 GHz\/5 GHz, Bluetooth<\/p>\n<p id=\"u84279-33\">inkl. Fernbedienung<\/p>\n<p id=\"u84279-35\">inkl. Wurfantenne<\/p>\n<p id=\"u84279-37\">inkl. WLAN Antenne<\/p>\n<p id=\"u84279-39\">inkl. Bluetooth Antenne<\/p>\n<\/div>\n","protected":false},"featured_media":8038,"comment_status":"open","ping_status":"closed","template":"","meta":[],"product_brand":[206],"product_cat":[226,143,20,50],"product_tag":[],"class_list":{"0":"post-8035","1":"product","2":"type-product","3":"status-publish","4":"has-post-thumbnail","6":"product_brand-block-audio","7":"product_cat-sale","8":"product_cat-austellungsgeraete-spezialangebote","9":"product_cat-audio-geraete","10":"product_cat-hifi-anlage-micro-midi","11":"product_shipping_class-lieferung-basic-audio","13":"first","14":"onbackorder","15":"sale","16":"taxable","17":"shipping-taxable","18":"purchasable","19":"product-type-variable","20":"has-default-attributes","21":"rtwpvg-product"},"_links":{"self":[{"href":"https:\/\/spuehler-tv.ch\/onlineshop\/wp-json\/wp\/v2\/product\/8035","targetHints":{"allow":["GET"]}}],"collection":[{"href":"https:\/\/spuehler-tv.ch\/onlineshop\/wp-json\/wp\/v2\/product"}],"about":[{"href":"https:\/\/spuehler-tv.ch\/onlineshop\/wp-json\/wp\/v2\/types\/product"}],"replies":[{"embeddable":true,"href":"https:\/\/spuehler-tv.ch\/onlineshop\/wp-json\/wp\/v2\/comments?post=8035"}],"wp:featuredmedia":[{"embeddable":true,"href":"https:\/\/spuehler-tv.ch\/onlineshop\/wp-json\/wp\/v2\/media\/8038"}],"wp:attachment":[{"href":"https:\/\/spuehler-tv.ch\/onlineshop\/wp-json\/wp\/v2\/media?parent=8035"}],"wp:term":[{"taxonomy":"product_brand","embeddable":true,"href":"https:\/\/spuehler-tv.ch\/onlineshop\/wp-json\/wp\/v2\/product_brand?post=8035"},{"taxonomy":"product_cat","embeddable":true,"href":"https:\/\/spuehler-tv.ch\/onlineshop\/wp-json\/wp\/v2\/product_cat?post=8035"},{"taxonomy":"product_tag","embeddable":true,"href":"https:\/\/spuehler-tv.ch\/onlineshop\/wp-json\/wp\/v2\/product_tag?post=8035"}],"curies":[{"name":"wp","href":"https:\/\/api.w.org\/{rel}","templated":true}]}}