{"id":8020,"date":"2022-02-19T09:00:20","date_gmt":"2022-02-19T09:00:20","guid":{"rendered":"https:\/\/spuehler-tv.ch\/onlineshop\/?post_type=product&#038;p=8020"},"modified":"2026-01-06T14:18:51","modified_gmt":"2026-01-06T13:18:51","slug":"cvr-100-mk-iii-block-multiroom-cd-receiver-silber-o-schwarz","status":"publish","type":"product","link":"https:\/\/spuehler-tv.ch\/onlineshop\/produkt\/cvr-100-mk-iii-block-multiroom-cd-receiver-silber-o-schwarz\/","title":{"rendered":"CVR 100+ MK III (Block) &#8211; Multiroom CD Receiver Silber o. Schwarz"},"content":{"rendered":"<p><strong>Das Flaggschiff der Block Multifunktions-Familie!<\/strong><\/p>\n<p>Der Nachfolger vom CVR-100+ MKII ist endlich da! Die Kombination aus hochwertiger Hifi-Qualit\u00e4t und der Moderne, das ist der CVR-100+MKIII. Einerseits verf\u00fcgt er \u00fcber die klassischen Eigenschaften wie CD-Player, Phonoeingang, 2 x 60 Watt Sinus starker Verst\u00e4rker, die M\u00f6glichkeit zwei Lautsprecher Paare anzuschlie\u00dfen und andererseits \u00fcber modernste Technologie. So ist es zum Beispiel m\u00f6glich, Befehle externer Fernbedienungen anzunehmen. Connected-Room, Streaming aus Netzwerken, Spotify-Connect, Bluetooth und vieles mehr, runden seine Funktionspalette ab. Das Vollaluminium Geh\u00e4use, mit einem integrierten gro\u00dfen Farbdisplay, macht die Bedienung kinderleicht. Steuerbar ist das Ger\u00e4t \u00fcber die heimische TV-Fernbedienung, die kostenlose Smartphone-App und die beiliegende Systemfernbedienung.<br \/>\nSchlie\u00dfen Sie jetzt auch Ihre kabellosen Kopfh\u00f6rer an, denn der CVR-100+ MKIII verf\u00fcgt \u00fcber einen Bluetooth-Empf\u00e4nger, der es m\u00f6glich macht Ihre Musik auf einen Bluetooth Kopfh\u00f6rer zu streamen.<\/p>\n<ul>\n<li>\u00a0\u00a0\u00a0Connected-Room<\/li>\n<li>\u00a0\u00a0\u00a0Verst\u00e4rker: 2x 60 Watt | 4 Ohm<\/li>\n<li>\u00a0\u00a0\u00a02x 2 Lautsprecherausg\u00e4nge (A, B, A und B)<\/li>\n<li>\u00a0\u00a0\u00a0Farbdisplay<\/li>\n<li>\u00a0\u00a0\u00a0Triple-Radio: Internet Radio | DAB+ | UKW<\/li>\n<li>\u00a0\u00a0\u00a0CD-Spieler: CD, MP3, CD-R, CD-RW, HD-CD<\/li>\n<li>\u00a0\u00a0\u00a0Media-Player: USB-Frontanschluss &amp; Streaming (UPnP | DLNA)<\/li>\n<li>\u00a0\u00a0\u00a0WLAN 2,4 und 5 GHz \u00a0&amp; LAN-Anschluss<\/li>\n<li>\u00a0\u00a0\u00a0Bluetooth Sender &amp; Empf\u00e4nger<\/li>\n<li>\u00a0\u00a0\u00a0Spotify\u00ae-Connect Ready<\/li>\n<li>\u00a0\u00a0\u00a0Kopfh\u00f6reranschluss &amp; Line-In (Front)<\/li>\n<li>\u00a0\u00a0\u00a0Fernbedienungs-Lern, Wecker- und Schlummer-Funktion<\/li>\n<li>\u00a0\u00a0\u00a0Inkl. Systemfernbedienung<\/li>\n<li>\u00a0\u00a0\u00a0Erh\u00e4ltlich in Diamantsilber und Saphirschwarz<\/li>\n<\/ul>\n<p>Leistung (RMS @ 4 | 8 Ohm): 2x 60 | 2x 52 Watt<br \/>\nAnaloge Eing\u00e4nge: 4x Stereo 300 mV, 1x MM 5 mV<br \/>\nDigitale Eing\u00e4nge: 1x Coaxial, 3x Optisch (SP\/DIF), 1x USB<br \/>\nAnaloge Ausg\u00e4nge: 6,35 mm Kopfh\u00f6rer (Front), Variabler Pre Out, Fixer Rec Out<br \/>\nLautsprecherausg\u00e4nge: A | B | AB schaltbar<br \/>\nKlirrfaktor: &lt; 0,01% (@1 Watt)<br \/>\nFremdspannungsabstand: &gt; 88 dB<br \/>\nFrequenzgang: 10 Hz &#8211; 26 KHz<br \/>\nTonkontrolle: Bass | Hochton \u00b1 14 dB<br \/>\nFrequenzbereich UKW: 87,5 &#8211; 108 MHz<br \/>\nFrequenzbereich DAB+: 174.928 MHz &#8211; 239.200 MHz<br \/>\nInternetradio: \u00fcber 30.000 Sender weltweit<br \/>\nSenderspeicher: je 10 f\u00fcr UKW | DAB+ | Internetradio<br \/>\nDateiformate: AAC, AAC+, MP3, WAV, WMA, FLAC<br \/>\nStreaming: Bluetooth Sender &amp; Empf\u00e4nger | DLNA | UPnP mit &#8220;UNDOK&#8221; APP<br \/>\nStreamingdienste: Spotify\u00ae Connect-Ready<br \/>\nNetzwerk: LAN (Ethernet) und WLAN 2,4 &amp; 5 GHz und Bluetooth<br \/>\nCD-Kompatibilit\u00e4t: HDCD | CD-R | CD-RW | MP3<br \/>\nLeistungsaufnahme &#8220;Aus&#8221;: &lt; 0,01 Watt<br \/>\nLeistungsaufnahme &#8220;Netzwerk-Standby&#8221;: 2,5 Watt<br \/>\nLeistungsaufnahme &#8220;Betrieb&#8221;: 300 Watt (max.)<br \/>\nNetzteil mit Netzschalter: AC 230 V &#8211; 50 Hz<br \/>\nAbmessung B | H | T: 430 x 118 x 283 mm<br \/>\nGewicht (kg): 9,1<br \/>\nNetzwerk-Funktion: Bis zu 5 Ger\u00e4te koppelbar<br \/>\nAusstattung: Farbdisplay, Metallgeh\u00e4use, Systemfernbedienung, Logo-Pr\u00e4gung im Top-Plate, Fernbedienungs-Lernfunktion<\/p>\n","protected":false},"excerpt":{"rendered":"<div class=\"marketing-texts-tab mb-15\">\n<ul>\n<li>2x 60 Watt,<\/li>\n<li>CD-Kompatibilit\u00e4t: HDCD\/CD-R\/CD-RW\/MP3,<\/li>\n<li>Klirrfaktor: 0,007%,<\/li>\n<li>Fremdspannungsabstand: &gt; 88 dB,<\/li>\n<li>Frequenzgang: 10 Hz &#8211; 26 KHz,<\/li>\n<li>Dateiformate: AAC, AAC+, MP3, WAV, WMA, FLAC,<\/li>\n<li>Netzwerk: LAN &amp; WLAN 2,4 und 5 GHz, Bluetooth,<\/li>\n<li>Systemfernbedienung mit Lernfunktion,<\/li>\n<li>Analoge Eing\u00e4nge: 3x Cinch, 1x Cinch (Phono MM), 1x Line-In, Digitale Eing\u00e4nge: 3x optisch (SPDIF), 1x koaxial (Cinch), 1x USB (Front)<\/li>\n<li>2x 60 Watt,<\/li>\n<li>HD Farbdisplay,<\/li>\n<li>Internetradio, DAB+ und UKW,<\/li>\n<li>Spotify,<\/li>\n<li>CD Player (CD-HD, CD-R, CD-RW, MP3, WMA),<\/li>\n<li>Dateiformate AAC, AAC+, MP3, WAV, WMA, FLAC,<\/li>\n<li>Bluetooth,<\/li>\n<li>Eing\u00e4nge: 3x Stereo, 1x Stereo 3,5 mm Klinke, 1x Stereo Phono, 3x Optical, 1x Coaxial, 1x USB<\/li>\n<li>Ausg\u00e4nge: 6,3 mm Koph\u00f6rerausgang, 1x Pre-Out (Chinch), 1x Rec-Out (Chinch)<\/li>\n<\/ul>\n<\/div>\n","protected":false},"featured_media":8025,"comment_status":"open","ping_status":"closed","template":"","meta":[],"product_brand":[206],"product_cat":[20,53],"product_tag":[],"class_list":{"0":"post-8020","1":"product","2":"type-product","3":"status-publish","4":"has-post-thumbnail","6":"product_brand-block-audio","7":"product_cat-audio-geraete","8":"product_cat-hifi-komponenten","9":"product_shipping_class-lieferung-basic-audio","11":"first","12":"onbackorder","13":"taxable","14":"shipping-taxable","15":"purchasable","16":"product-type-variable","17":"has-default-attributes","18":"rtwpvg-product"},"_links":{"self":[{"href":"https:\/\/spuehler-tv.ch\/onlineshop\/wp-json\/wp\/v2\/product\/8020","targetHints":{"allow":["GET"]}}],"collection":[{"href":"https:\/\/spuehler-tv.ch\/onlineshop\/wp-json\/wp\/v2\/product"}],"about":[{"href":"https:\/\/spuehler-tv.ch\/onlineshop\/wp-json\/wp\/v2\/types\/product"}],"replies":[{"embeddable":true,"href":"https:\/\/spuehler-tv.ch\/onlineshop\/wp-json\/wp\/v2\/comments?post=8020"}],"wp:featuredmedia":[{"embeddable":true,"href":"https:\/\/spuehler-tv.ch\/onlineshop\/wp-json\/wp\/v2\/media\/8025"}],"wp:attachment":[{"href":"https:\/\/spuehler-tv.ch\/onlineshop\/wp-json\/wp\/v2\/media?parent=8020"}],"wp:term":[{"taxonomy":"product_brand","embeddable":true,"href":"https:\/\/spuehler-tv.ch\/onlineshop\/wp-json\/wp\/v2\/product_brand?post=8020"},{"taxonomy":"product_cat","embeddable":true,"href":"https:\/\/spuehler-tv.ch\/onlineshop\/wp-json\/wp\/v2\/product_cat?post=8020"},{"taxonomy":"product_tag","embeddable":true,"href":"https:\/\/spuehler-tv.ch\/onlineshop\/wp-json\/wp\/v2\/product_tag?post=8020"}],"curies":[{"name":"wp","href":"https:\/\/api.w.org\/{rel}","templated":true}]}}