{"id":7974,"date":"2022-02-01T08:59:29","date_gmt":"2022-02-01T08:59:29","guid":{"rendered":"https:\/\/spuehler-tv.ch\/onlineshop\/?post_type=product&#038;p=7974"},"modified":"2026-01-06T16:45:55","modified_gmt":"2026-01-06T15:45:55","slug":"grand-orchestra-sonoro-hifi-stand-lautsprecher-paar","status":"publish","type":"product","link":"https:\/\/spuehler-tv.ch\/onlineshop\/produkt\/grand-orchestra-sonoro-hifi-stand-lautsprecher-paar\/","title":{"rendered":"Grand Orchestra (Sonoro) &#8211; HiFi Stand-Lautsprecher &#8211; Paar"},"content":{"rendered":"<p>Das Zweieinhalb-Wege-Konzept der GRAND ORCHESTRA erm\u00f6glicht ein homogenes Abstrahlverhalten bei gleichzeitig hoher Empfindlichkeit. Hinzu kommt die \u00fcber den gesamten Frequenzbereich optimierte Impedanz.<\/p>\n<p>Die nach hinten abfallende Schallwand, der versetzte Air Motion Transformer (AMT) und die sorgf\u00e4ltig abgestimmte Frequenzweiche sorgen f\u00fcr ein verbessertesTiming, pr\u00e4zise Instrumentenortung und eine weitr\u00e4umige B\u00fchne.<br \/>\nDer optimierte Wave-Guide des AMT verhindert Schallwelleninterferenzen und Kantenbeugungen und f\u00fchrt zu einer breiten und gleichm\u00e4ssigen Abstrahlcharakteristik.<\/p>\n<p>Das aus hochdichten Faserplatten (HDF) gefertigte Geh\u00e4use vermeidet parallele W\u00e4nde \u2013 ausser an den Geh\u00e4useseiten. Material und Design reduzieren somit stehende Wellen und verhindern Geh\u00e4useresonanzen.<br \/>\nEin schlanker Standlautsprecher, der auch mit kleineren Verst\u00e4rkern und R\u00f6hren gut harmoniert.<\/p>\n<p><a href=\"https:\/\/www.novisgroup.ch\/data\/catalog\/documents\/1766114_110370_1.pdf\" rel=\"noopener\">Fact Sheet Grand Orchestra<\/a><\/p>\n","protected":false},"excerpt":{"rendered":"<ul>\n<li>Handgeschliffenes Holzgeh\u00e4use, HDF (hochdichte Faserplatten)<\/li>\n<\/ul>\n<ul>\n<li>Gestaltet und entwickelt in Deutschland<\/li>\n<\/ul>\n<ul>\n<li>Lautsprecherabdeckung: abnehmbar<\/li>\n<\/ul>\n<ul>\n<li>Gleiche Designsprache wie Maestro<\/li>\n<\/ul>\n","protected":false},"featured_media":7979,"comment_status":"open","ping_status":"closed","template":"","meta":[],"product_brand":[225],"product_cat":[69],"product_tag":[],"class_list":{"0":"post-7974","1":"product","2":"type-product","3":"status-publish","4":"has-post-thumbnail","6":"product_brand-sonoro","7":"product_cat-standlautsprecher-hifi","8":"product_shipping_class-lieferung-basic-audio","10":"first","11":"instock","12":"taxable","13":"shipping-taxable","14":"purchasable","15":"product-type-variable","16":"has-default-attributes","17":"rtwpvg-product"},"_links":{"self":[{"href":"https:\/\/spuehler-tv.ch\/onlineshop\/wp-json\/wp\/v2\/product\/7974","targetHints":{"allow":["GET"]}}],"collection":[{"href":"https:\/\/spuehler-tv.ch\/onlineshop\/wp-json\/wp\/v2\/product"}],"about":[{"href":"https:\/\/spuehler-tv.ch\/onlineshop\/wp-json\/wp\/v2\/types\/product"}],"replies":[{"embeddable":true,"href":"https:\/\/spuehler-tv.ch\/onlineshop\/wp-json\/wp\/v2\/comments?post=7974"}],"wp:featuredmedia":[{"embeddable":true,"href":"https:\/\/spuehler-tv.ch\/onlineshop\/wp-json\/wp\/v2\/media\/7979"}],"wp:attachment":[{"href":"https:\/\/spuehler-tv.ch\/onlineshop\/wp-json\/wp\/v2\/media?parent=7974"}],"wp:term":[{"taxonomy":"product_brand","embeddable":true,"href":"https:\/\/spuehler-tv.ch\/onlineshop\/wp-json\/wp\/v2\/product_brand?post=7974"},{"taxonomy":"product_cat","embeddable":true,"href":"https:\/\/spuehler-tv.ch\/onlineshop\/wp-json\/wp\/v2\/product_cat?post=7974"},{"taxonomy":"product_tag","embeddable":true,"href":"https:\/\/spuehler-tv.ch\/onlineshop\/wp-json\/wp\/v2\/product_tag?post=7974"}],"curies":[{"name":"wp","href":"https:\/\/api.w.org\/{rel}","templated":true}]}}