{"id":7972,"date":"2022-01-31T10:58:40","date_gmt":"2022-01-31T10:58:40","guid":{"rendered":"https:\/\/spuehler-tv.ch\/onlineshop\/?post_type=product&#038;p=7972"},"modified":"2026-01-06T15:02:01","modified_gmt":"2026-01-06T14:02:01","slug":"unifi-u6-lr-ubiquiti-wlan-6-4x4-mu-mimo-ofdma-accesspoint","status":"publish","type":"product","link":"https:\/\/spuehler-tv.ch\/onlineshop\/produkt\/unifi-u6-lr-ubiquiti-wlan-6-4x4-mu-mimo-ofdma-accesspoint\/","title":{"rendered":"UniFi U6-LR (Ubiquiti) &#8211; WLAN 6 4&#215;4 MU-MIMO OFDMA Accesspoint"},"content":{"rendered":"<h2 class=\"ProductDescription-Title\">Ubiquiti Access Point U6-LR ohne PoE-Injector<\/h2>\n<h3 class=\"ProductDescription-Subtitle\">UniFi 6 Long-Range Access Point<\/h3>\n<div class=\"ProductDescription-BulletPoints\">\n<ul class=\"cds-List cds-List--Bulleted\">\n<li>WLAN Standard: IEEE 802.11b (Wi-Fi 2), IEEE 802.11ac (Wi-Fi 5), IEEE 802.11ax (Wi-Fi 6), IEEE 802.11 (Wi-Fi 1), IEEE 802.11g (Wi-Fi 3), IEEE 802.11n (Wi-Fi 4)<\/li>\n<li>\u00dcbertragungsraten von bis zu 600 Mbit\/s auf 2.4 GHz und 2400 Mbit\/s auf 5 GHz<\/li>\n<li>Features: Bridge, Cloud Management, Gast-WLAN, Hotspot, Lizenzfrei, Managebar, Multiple SSID, RADIUS, Schnelles Roaming, Topologiekarten Integration, VLAN, Voucher drucken<\/li>\n<li>Montage: Decke\/Wand<\/li>\n<li>Hocheffiziente Vierstrom-Wi-Fi-6-Technologie<\/li>\n<li>Stromversorgung mit 802.3at PoE<\/li>\n<\/ul>\n<\/div>\n<p class=\"ProductDescription-Lead\">U6-LR ist ein Hochleistungs-Access Point, der die fortschrittliche WiFi 6-Technologie nutzt, um eine leistungsstarke drahtlose Abdeckung von Unternehmensumgebungen zu bieten. Er liefert eine Gesamtfunkrate von bis zu 3.0 Gbps bei 5 GHz (4&#215;4 MU-MIMO und OFDMA) und 2.4 GHz 4&#215;4 MIMO-Ger\u00e4te. Der U6-LR f\u00fcgt sich nahtlos in jede Umgebung ein und kann sowohl im Innen- als auch im Aussenbereich montiert werden (Schutzklasse IP54).<\/p>\n<div class=\"ProductDescription-Paragraph\">\n<h4 class=\"ProductDescription-ParagraphTitle\">WLAN-Standard 802.11ax \/ WiFi-6<\/h4>\n<p>Der 802.11ax Standard ist die n\u00e4chste Generation des WLAN-Standards, der seit Jahren kontinuierlich weiterentwickelt wird und mit dieser auch als WLAN 6 bezeichneten Version einmal mehr eine Innovation einf\u00fchrt. Der Standard baut auf den Vorteilen des 802.11ac Standards auf und erweitert sie um Effizienz, Flexibilit\u00e4t und Skalierbarkeit. So erm\u00f6glicht dieser h\u00f6here Geschwindigkeiten und Kapazit\u00e4ten f\u00fcr Anwendungen der n\u00e4chsten Generation, sowohl in neuen als auch in bereits vorhandenen Netzwerken.<\/p>\n<\/div>\n<div class=\"ProductDescription-Paragraph\">\n<h4 class=\"ProductDescription-ParagraphTitle\">Multi-SSID Unterst\u00fctzung<\/h4>\n<p>Dank Multi-SSID k\u00f6nnen Sie mit diesem Access Point mehrere drahtlose Netzwerk-Zonen mit unterschiedlichen Namen und Zugriffsrechten betreiben. Eine M\u00f6glichkeit w\u00e4re, f\u00fcr einzelne Abteilungen eigene Netzsegmente einrichten oder beispielsweise Smart Home- und IoT-Ger\u00e4te in getrennten Zonen betreiben. So haben Smartphones von Besuchern schon netzwerkseitig keinen Zugriff auf PCs mit vertraulichen Daten. Wenn Sie Ihr Funknetz mit zus\u00e4tzlichen Access Points vergr\u00f6ssern, achten Sie darauf, dass die neuen APs pro Funkmodul mindestens ebenso viele SSIDs unterst\u00fctzen wie Ihr Router\/WLAN-Controller.<\/p>\n<\/div>\n<div class=\"ProductDescription-Paragraph\">\n<h4 class=\"ProductDescription-ParagraphTitle\">Einfache Installation dank PoE<\/h4>\n<p>Dieses netzwerkf\u00e4hige Ger\u00e4t wird mittels Power over Ethernet (PoE) \u00fcber das LAN-Kabel mit Strom versorgt. Der Hauptvorteil von PoE ist, dass Sie kein Stromversorgungskabel ben\u00f6tigen. So k\u00f6nnen Sie auch an schwer zug\u00e4nglichen Stellen oder in Bereichen, in denen viele Kabel st\u00f6ren w\u00fcrden, Ethernet-angebundene Ger\u00e4te installieren. Sie sparen Installationskosten und k\u00f6nnen auf Wunsch durch den Einsatz einer zentralen unterbrechungsfreien Stromversorgung (USV) die Ausfallsicherheit der angeschlossenen Ger\u00e4te erh\u00f6hen.<\/p>\n<\/div>\n<div class=\"ProductDescription-Paragraph\">\n<h4 class=\"ProductDescription-ParagraphTitle\">Ubiquiti Networks<\/h4>\n<p>Ubiquiti Networks ist ein amerikanischer Hersteller von leistungsf\u00e4higen Netzwerkkomponenten. Das Ziel von Ubiquiti ist es, hochmoderne und einfach zu implementierende Kommunikationsl\u00f6sungen f\u00fcr einen globalen Kundenstamm bereitzustellen. Die Firma wurde 2005 gegr\u00fcndet und stellte am Anfang WLAN-Adapter f\u00fcr PCs her. Sp\u00e4ter wurde das Angebot um Ger\u00e4te wie WLAN-Router, insbesondere f\u00fcr den Aussenbereich erweitert. Unterdessen werden auch Switche und \u00dcberwachungskameras von der Firma hergestellt. Ubiquiti Produkte \u00fcberzeugen dabei generell durch ihre \u00fcberlegene Leistung, cleveres mechanisches Design und einfache Bedienung.<\/p>\n<\/div>\n<div class=\"ProductDescription-Paragraph\">\n<h4 class=\"ProductDescription-ParagraphTitle\">WLAN-Standard 802.11ac<\/h4>\n<p>Der WLAN-Standard 802.11ac bietet Ihnen bis zu doppelt so viel Datendurchsatz wie \u00e4ltere Standards. Die Steigerung gelingt zum einem, indem die \u00dcbertragungsbandbreite verbreitert wurde. Zus\u00e4tzlich l\u00e4sst sich mit 802.11ac die Anzahl der parallelen Datenstr\u00f6me (Multiple Input Multiple Output, kurz: MIMO) auf bis zu acht MIMO-Streams erh\u00f6hen, w\u00e4hrend im 802.11n-Standard maximal vier MIMO-Streams definiert sind. Auch grosse Datenbrocken wie Videos und Backups stellen mit dieser WLAN-Geschwindigkeit kein Problem dar.<\/p>\n<\/div>\n","protected":false},"excerpt":{"rendered":"<ul class=\"cds-List cds-List--Piped\">\n<li>Access Point Features: Lizenzfrei, VLAN, Hotspot, Cloud Management, Managebar, Voucher drucken, Schnelles Roaming, Gast-WLAN, Topologiekarten Integration, Bridge, Multiple SSID, RADIUS<\/li>\n<li>Antennenanschluss: Kein externer Anschluss<\/li>\n<li>Aussenanwendung: Ja<\/li>\n<li>RJ-45 Anschl\u00fcsse: 1<\/li>\n<li>PoE: Ja<\/li>\n<li>WLAN Standard: IEEE 802.11 (Wi-Fi 1), IEEE 802.11b (Wi-Fi 2), IEEE 802.11g (Wi-Fi 3), IEEE 802.11ax (Wi-Fi 6), IEEE 802.11n (Wi-Fi 4), IEEE 802.11ac (Wi-Fi 5)<\/li>\n<\/ul>\n","protected":false},"featured_media":7973,"comment_status":"closed","ping_status":"closed","template":"","meta":[],"product_brand":[212],"product_cat":[226,143,21,80],"product_tag":[],"class_list":{"0":"post-7972","1":"product","2":"type-product","3":"status-publish","4":"has-post-thumbnail","6":"product_brand-ubiquiti","7":"product_cat-sale","8":"product_cat-austellungsgeraete-spezialangebote","9":"product_cat-it-produkte","10":"product_cat-access-points","11":"product_shipping_class-lieferung-basic-audio","13":"first","14":"onbackorder","15":"sale","16":"taxable","17":"shipping-taxable","18":"purchasable","19":"product-type-simple"},"_links":{"self":[{"href":"https:\/\/spuehler-tv.ch\/onlineshop\/wp-json\/wp\/v2\/product\/7972","targetHints":{"allow":["GET"]}}],"collection":[{"href":"https:\/\/spuehler-tv.ch\/onlineshop\/wp-json\/wp\/v2\/product"}],"about":[{"href":"https:\/\/spuehler-tv.ch\/onlineshop\/wp-json\/wp\/v2\/types\/product"}],"replies":[{"embeddable":true,"href":"https:\/\/spuehler-tv.ch\/onlineshop\/wp-json\/wp\/v2\/comments?post=7972"}],"wp:featuredmedia":[{"embeddable":true,"href":"https:\/\/spuehler-tv.ch\/onlineshop\/wp-json\/wp\/v2\/media\/7973"}],"wp:attachment":[{"href":"https:\/\/spuehler-tv.ch\/onlineshop\/wp-json\/wp\/v2\/media?parent=7972"}],"wp:term":[{"taxonomy":"product_brand","embeddable":true,"href":"https:\/\/spuehler-tv.ch\/onlineshop\/wp-json\/wp\/v2\/product_brand?post=7972"},{"taxonomy":"product_cat","embeddable":true,"href":"https:\/\/spuehler-tv.ch\/onlineshop\/wp-json\/wp\/v2\/product_cat?post=7972"},{"taxonomy":"product_tag","embeddable":true,"href":"https:\/\/spuehler-tv.ch\/onlineshop\/wp-json\/wp\/v2\/product_tag?post=7972"}],"curies":[{"name":"wp","href":"https:\/\/api.w.org\/{rel}","templated":true}]}}