{"id":7813,"date":"2021-10-08T09:35:18","date_gmt":"2021-10-08T09:35:18","guid":{"rendered":"https:\/\/spuehler-tv.ch\/onlineshop\/?post_type=product&#038;p=7813"},"modified":"2026-01-06T14:18:51","modified_gmt":"2026-01-06T13:18:51","slug":"c-250-block-cd-spieler-silber-o-schwarz","status":"publish","type":"product","link":"https:\/\/spuehler-tv.ch\/onlineshop\/produkt\/c-250-block-cd-spieler-silber-o-schwarz\/","title":{"rendered":"C-250 (Block) &#8211; CD Spieler Silber o. Schwarz"},"content":{"rendered":"<div class=\"mb-15\">Der Audioblock C-250 wird mit seinem Frequenzgang von 20Hz bis 20KHz auch audiophilen CD-Aufnahmen voll gerecht. Zus\u00e4tzlich zu klassischen CDs spielt er selbstverst\u00e4ndlich auch selbstgebrannte CDs im Format MP3, CD-R und CD-RW ab. Er verf\u00fcgt \u00fcber die Abspielmodi &#8220;Continuous&#8221;, &#8220;Random&#8221;, &#8220;Intro&#8221; und &#8220;Repeat&#8221;. Sie k\u00f6nnen aber nicht nur Ihre CDs abspielen: durch den frontal angebrachten USB2.0-Anschluss k\u00f6nnen Sie ihre Festplatte, USB-Sticks oder auch den MP3-Spieler direkt anschlie\u00dfen und abspielen. Durch den Cinch-Ausgang l\u00e4sst sich der C-250 mit einem Verst\u00e4rker Ihrer Wahl verbinden. Wir empfehlen nat\u00fcrlich den Block V-250, mit dessen Fernbedienung der C-250 fernsteuerbar ist. \u00dcber den koaxialen Digital-Ausgang k\u00f6nnen Sie den CD-Spieler mit einen Digital-Analog-Wandler wie z. B. dem DAC-100 oder einem geeigneten Digital-Verst\u00e4rker verbinden und erreichen somit eine noch bessere Klangqualit\u00e4t. Frontal finden Sie die gut zug\u00e4nglichen Steuerungstasten Play\/Pause, Eject, voriger\/n\u00e4chster Titel, Stop, CD\/USB und Repeat. Der Hifi-CD-Spieler C-250 ist in zwei Farben erh\u00e4ltlich: Diamantsilber und Saphirschwarz. Das auch aus der Entfernung gut lesbare, blaue Dot-Matrix-Display l\u00e4sst Sie Titelnummer und Dauer schnell erkennen. Wie bei allen Block-Ger\u00e4ten ist das Geh\u00e4use des C-250 komplett aus Metall gefertigt und alle Kn\u00f6pfe und Displays sind so angeordnet, dass die Ger\u00e4te auch optisch perfekt zueinander passen. Damit ist er ein eindrucksvolles Statement, hochwertig verarbeitet und klanglich \u00fcberzeugend zu einem unschlagbaren Preis. Die 250er Serie ist unsere audiophile Einsteigerserie. Qualitativ hochwertig in der Verarbeitung, un\u00fcbertroffen im Klang und unschlagbar im Preis.<\/div>\n<p class=\"h4\">PRODUKT-HIGHLIGHTS<\/p>\n<div class=\"marketing-texts-tab mb-15\">\n<ul>\n<li>Format MP3, CD-R und CD-RW,<\/li>\n<li>Frequenzgang: 20Hz bis 20KHz,<\/li>\n<li>Fremdspannungsabstand: &gt; 80 dB,<\/li>\n<li>Abspielmodi &#8220;Continuous&#8221;, &#8220;Random&#8221;, &#8220;Intro&#8221; und &#8220;Repeat&#8221;,<\/li>\n<li>Hochwertiges Dot-Matrix-Display,<\/li>\n<li>Design-Metallgeh\u00e4use,<\/li>\n<li>Eing\u00e4nge: 1x USB,<\/li>\n<li>Analoge Ausg\u00e4nge: Cinch-Out,<\/li>\n<li>Digital Ausg\u00e4nge: 1x coaxial, 1x optisch,<\/li>\n<\/ul>\n<\/div>\n<p class=\"h3\">EING\u00c4NGE:<\/p>\n<p class=\"h3\">1X USB, AUSGANGSSPANNUNG: 1.8V +\/- 2DB @ 1 KHZ 0 DB, ANALOGE AUSG\u00c4NGE: CINCH-OUT 600 KOHM, DIGITAL AUSG\u00c4NGE: 1X COAXIAL, 1X OPTISCH, FREMDSPANNUNGSABSTAND: &gt; 80 DB , FREQUENZGANG: 20HZ BIS 20KHZ, LEISTUNGSAUFNAHME STANDBY: 0,4 WATT , LEISTUNGSAUFNAHME BETRIEB: BIS 20 WATT , NETZTEIL: AC 230V &#8211; 50HZ , ABMESSUNG B\/T\/H: 430 X 238 X 75MM, GEWICHT: 3,6 KG.<\/p>\n<div class=\"mb-15 desc\">Die 250er Serie von Block ist der Einstieg in die Welt des anspruchsvollen H\u00f6rens von Musik! Ganz der Philosophie von Block folgend, wird die 250er Serie in einem Vollmetallgeh\u00e4use in den Farben Saphirschwarz und Diamantsilber mit edler Wappenpr\u00e4gung auf den Top-Plates und einem neuen, gut ablesbaren Display gefertigt. Tasten, Kn\u00f6pfe und Display sind optisch so angeordnet, dass sie optimal zu den jeweiligen anderen Ger\u00e4ten aus der selben Serie passen.<\/div>\n<div class=\"mb-15 desc\">Die dem V-250 beiliegende Metall-Fernbedienung ist als Systemfernbedienung ausgelegt, \u00fcber diese k\u00f6nnen Sie alle Funktionen der Serie 250 Komponenten bequem fernsteuern.<\/div>\n<div class=\"mb-15 desc\">F\u00fcr den Betrieb als Einzelkomponente (C-250 oder R-250+) ist die Systemfernbedienung auch separat erh\u00e4ltlich.<\/div>\n<div class=\"mb-15 desc\">Zu einem bezahlbaren Einstiegspreis bieten die Ger\u00e4te der 250er Serie einen fantastischen Klang, kombiniert mit hervorragender Ausstattung! Ein solches Preis- | Leistungsverh\u00e4ltnis ist einzigartig auf dem Markt!<\/div>\n","protected":false},"excerpt":{"rendered":"<ul>\n<li>Format MP3, CD-R und CD-RW,<\/li>\n<li>Frequenzgang: 20Hz bis 20KHz,<\/li>\n<li>Fremdspannungsabstand: &gt; 80 dB,<\/li>\n<li>Abspielmodi &#8220;Continuous&#8221;, &#8220;Random&#8221;, &#8220;Intro&#8221; und &#8220;Repeat&#8221;,<\/li>\n<li>Hochwertiges Dot-Matrix-Display,<\/li>\n<li>Design-Metallgeh\u00e4use,<\/li>\n<\/ul>\n","protected":false},"featured_media":7816,"comment_status":"open","ping_status":"closed","template":"","meta":[],"product_brand":[206],"product_cat":[226,143,53],"product_tag":[],"class_list":{"0":"post-7813","1":"product","2":"type-product","3":"status-publish","4":"has-post-thumbnail","6":"product_brand-block-audio","7":"product_cat-sale","8":"product_cat-austellungsgeraete-spezialangebote","9":"product_cat-hifi-komponenten","10":"product_shipping_class-lieferung-basic-audio","12":"first","13":"onbackorder","14":"sale","15":"featured","16":"taxable","17":"shipping-taxable","18":"purchasable","19":"product-type-variable","20":"has-default-attributes","21":"rtwpvg-product"},"_links":{"self":[{"href":"https:\/\/spuehler-tv.ch\/onlineshop\/wp-json\/wp\/v2\/product\/7813","targetHints":{"allow":["GET"]}}],"collection":[{"href":"https:\/\/spuehler-tv.ch\/onlineshop\/wp-json\/wp\/v2\/product"}],"about":[{"href":"https:\/\/spuehler-tv.ch\/onlineshop\/wp-json\/wp\/v2\/types\/product"}],"replies":[{"embeddable":true,"href":"https:\/\/spuehler-tv.ch\/onlineshop\/wp-json\/wp\/v2\/comments?post=7813"}],"wp:featuredmedia":[{"embeddable":true,"href":"https:\/\/spuehler-tv.ch\/onlineshop\/wp-json\/wp\/v2\/media\/7816"}],"wp:attachment":[{"href":"https:\/\/spuehler-tv.ch\/onlineshop\/wp-json\/wp\/v2\/media?parent=7813"}],"wp:term":[{"taxonomy":"product_brand","embeddable":true,"href":"https:\/\/spuehler-tv.ch\/onlineshop\/wp-json\/wp\/v2\/product_brand?post=7813"},{"taxonomy":"product_cat","embeddable":true,"href":"https:\/\/spuehler-tv.ch\/onlineshop\/wp-json\/wp\/v2\/product_cat?post=7813"},{"taxonomy":"product_tag","embeddable":true,"href":"https:\/\/spuehler-tv.ch\/onlineshop\/wp-json\/wp\/v2\/product_tag?post=7813"}],"curies":[{"name":"wp","href":"https:\/\/api.w.org\/{rel}","templated":true}]}}