{"id":7801,"date":"2021-10-08T08:39:28","date_gmt":"2021-10-08T08:39:28","guid":{"rendered":"https:\/\/spuehler-tv.ch\/onlineshop\/?post_type=product&#038;p=7801"},"modified":"2026-01-06T15:18:24","modified_gmt":"2026-01-06T14:18:24","slug":"beam-gen2-sonos-multiroom-soundbar-weiss-o-schwarz","status":"publish","type":"product","link":"https:\/\/spuehler-tv.ch\/onlineshop\/produkt\/beam-gen2-sonos-multiroom-soundbar-weiss-o-schwarz\/","title":{"rendered":"Beam Gen2 (Sonos) &#8211; Multiroom Soundbar Weiss o. Schwarz"},"content":{"rendered":"<div class=\"mb-15\">\n<p><strong>Erlebe raumf\u00fcllenden Sound mit der Beam (Gen. 2)<\/strong><\/p>\n<p>Die neue Generation der Beam bietet mit der gewohnten akustischen Architektur eine verbesserte, noch mitrei\u00dfendere Sound Experience und unterst\u00fctzt zudem Dolby Atmos. Steuere alles ganz einfach \u00fcber die Sonos App, deine TV-Fernbedienung, zahlreiche Sprachassistenten, Apple AirPlay 2, die Apps von Musikdiensten und mehr.<\/p>\n<\/div>\n<p class=\"h4\">PRODUKT-HIGHLIGHTS<\/p>\n<div class=\"marketing-texts-tab mb-15\">\n<ul>\n<li>3D Audio mit Dolby Atmos: Die Beam bietet nun 3D Sound mit Dolby Atmos. So f\u00fchlt es sich an, als w\u00fcrden Flugzeuge direkt \u00fcber dich hinweg fliegen, jemand durch deinen Raum laufen, und Filmmusik umgibt dich von allen Seiten.<\/li>\n<li>Verbesserter Sound, gleiche Gr\u00f6\u00dfe: Der schnellere Prozessor sorgt f\u00fcr noch eindrucksvolleren Sound mit mehr Tiefe und Klarheit.<\/li>\n<li>Dank des verbesserten Mittelt\u00f6ners in einem Line-Array lenkt und lokalisiert die Beam den Sound im gesamten Raum f\u00fcr ein authentisches Erlebnis.<\/li>\n<li>Der Speaker l\u00e4sst sich jetzt per HDMI eARC mit deinem Fernseher verbinden, sodass du deine liebsten Filme und Spiele in noch mitrei\u00dfenderem HD Sound erleben kannst.<\/li>\n<li>Eleganteres Design: Die neue, in White oder Black erh\u00e4ltliche Front aus Polycarbonat mit pr\u00e4zisen Perforierungen sorgt f\u00fcr beeindruckenden Sound und erm\u00f6glicht es dir, den Speaker perfekt in dein Zuhause zu integrieren, ganz so wie die Sonos Arc.<\/li>\n<li>Einfache, noch sicherere Einrichtung: Die Einrichtung wird mit nur zwei Kabeln und den neuen NFC-Funktionen zum Kinderspiel, sodass du in Minutenschnelle eine eindrucksvolle Sound Experience genie\u00dfen kannst.<\/li>\n<li>Du musst nur die Sonos App \u00f6ffnen, ein paar einfache Schritte befolgen und dein Smartphone an die Beam halten.<\/li>\n<li>Nachhaltiger Sound: Die neue Beam wird in einer nachhaltigen Verpackung aus hochwertigem, unbeschichtetem Papier oder einer Geschenkverpackung aus zu 97% nachhaltigem Papier geliefert, ohne Einweg-Styropor.<\/li>\n<\/ul>\n<\/div>\n<div class=\"mb-15 desc\">Die kompakte, smarte Soundbar f\u00fcr TV, Musik und mehr.<br \/>\nErlebe m\u00fchelos noch mitreissenderes Entertainment mit der neuesten Generation unserer kompakten, smarten Soundbar, jetzt mit Dolby Atmos.<br \/>\nGeniesse raumf\u00fcllenden Sound f\u00fcr Serien, Filme und Spiele, wenn der Fernseher eingeschaltet ist &#8211; und streame Musik, Radio und mehr, wenn er aus ist.<br \/>\nSteuere alles ganz einfach mit der Sonos App, deiner Fernbedienung, deiner Stimme und Apple AirPlay 2.<strong>Erlebe m\u00fchelos noch mitreissenderes Entertainment mit sattem Bass, kristallklaren Dialogen und einer breiten Klangb\u00fchne.<br \/>\n<\/strong><\/p>\n<ul>\n<li>\u2022 Erlebe 3D Surround Sound Effekte mit\u00a0<strong>Dolby Atmos<\/strong>.<\/li>\n<li>\u2022 Streame Musik, Radio, Podcasts und H\u00f6rb\u00fccher \u00fcber WLAN, wenn der Fernseher ausgeschaltet ist.<\/li>\n<li>\u2022 Steuere alles ganz einfach mit der Sonos App, deiner TV-Fernbedienung, Apple AirPlay 2 und deiner Stimme.<\/li>\n<li>\u2022 Richte alles m\u00fchelos mit nur zwei Kabeln und smartem Trueplay\u2122 Tuning ein.<\/li>\n<li>\u2022 Erweitere dein System sp\u00e4ter ganz einfach, um echten Surround Sound und ein grossartiges Multiroom Erlebnis zu geniessen.<\/li>\n<li>\u2022 Passende Wandhalterung erh\u00e4ltlich.<\/li>\n<\/ul>\n<\/div>\n","protected":false},"excerpt":{"rendered":"<ul>\n<li>3D Audio mit Dolby Atmos: Die Beam bietet nun 3D Sound mit Dolby Atmos. So f\u00fchlt es sich an, als w\u00fcrden Flugzeuge direkt \u00fcber dich hinweg fliegen, jemand durch deinen Raum laufen, und Filmmusik umgibt dich von allen Seiten.<\/li>\n<li>Verbesserter Sound, gleiche Gr\u00f6\u00dfe: Der schnellere Prozessor sorgt f\u00fcr noch eindrucksvolleren Sound mit mehr Tiefe und Klarheit.<\/li>\n<\/ul>\n","protected":false},"featured_media":7804,"comment_status":"closed","ping_status":"closed","template":"","meta":[],"product_brand":[218],"product_cat":[54,135],"product_tag":[],"class_list":{"0":"post-7801","1":"product","2":"type-product","3":"status-publish","4":"has-post-thumbnail","6":"product_brand-sonos","7":"product_cat-multiroom","8":"product_cat-soundbar","9":"product_shipping_class-lieferung-basic-audio","11":"first","12":"onbackorder","13":"taxable","14":"shipping-taxable","15":"purchasable","16":"product-type-variable","17":"has-default-attributes","18":"rtwpvg-product"},"_links":{"self":[{"href":"https:\/\/spuehler-tv.ch\/onlineshop\/wp-json\/wp\/v2\/product\/7801","targetHints":{"allow":["GET"]}}],"collection":[{"href":"https:\/\/spuehler-tv.ch\/onlineshop\/wp-json\/wp\/v2\/product"}],"about":[{"href":"https:\/\/spuehler-tv.ch\/onlineshop\/wp-json\/wp\/v2\/types\/product"}],"replies":[{"embeddable":true,"href":"https:\/\/spuehler-tv.ch\/onlineshop\/wp-json\/wp\/v2\/comments?post=7801"}],"wp:featuredmedia":[{"embeddable":true,"href":"https:\/\/spuehler-tv.ch\/onlineshop\/wp-json\/wp\/v2\/media\/7804"}],"wp:attachment":[{"href":"https:\/\/spuehler-tv.ch\/onlineshop\/wp-json\/wp\/v2\/media?parent=7801"}],"wp:term":[{"taxonomy":"product_brand","embeddable":true,"href":"https:\/\/spuehler-tv.ch\/onlineshop\/wp-json\/wp\/v2\/product_brand?post=7801"},{"taxonomy":"product_cat","embeddable":true,"href":"https:\/\/spuehler-tv.ch\/onlineshop\/wp-json\/wp\/v2\/product_cat?post=7801"},{"taxonomy":"product_tag","embeddable":true,"href":"https:\/\/spuehler-tv.ch\/onlineshop\/wp-json\/wp\/v2\/product_tag?post=7801"}],"curies":[{"name":"wp","href":"https:\/\/api.w.org\/{rel}","templated":true}]}}