{"id":7784,"date":"2021-09-24T06:54:04","date_gmt":"2021-09-24T06:54:04","guid":{"rendered":"https:\/\/spuehler-tv.ch\/onlineshop\/?post_type=product&#038;p=7784"},"modified":"2026-01-06T16:45:55","modified_gmt":"2026-01-06T15:45:55","slug":"orchestra-sonoro-hifi-regal-lautsprecher-paar","status":"publish","type":"product","link":"https:\/\/spuehler-tv.ch\/onlineshop\/produkt\/orchestra-sonoro-hifi-regal-lautsprecher-paar\/","title":{"rendered":"Orchestra (Sonoro) &#8211; HiFi Regal-Lautsprecher &#8211; Paar &#8211; Div. Farben"},"content":{"rendered":"<p>Im Hochtonbereich sorgt ein Air Motion Transformer f\u00fcr eine detailreiche, kristallklare Wiedergabe; Impulsverhalten und Leichtigkeit suchen ihresgleichen. Mit einer sorgf\u00e4ltig abgestimmten Frequenzweiche wird darunter der PE-beschichtete Tief-Mittelt\u00f6ner angebunden.<\/p>\n<p>Er verleiht Stimmen, wie Instrumenten K\u00f6rper und reicht mit seinem kr\u00e4ftigen Doppelmagnetantrieb bis tief hinab. Ein Geh\u00e4use aus hochfestem HDF mit resonanzminimierender Innenmatrix sorgt f\u00fcr\u00a0die verf\u00e4rbungsfreie Wiedergabe von Stimmen und Instrumenten.<\/p>\n<p>Design:<br \/>\nHandgeschliffenes Holzgeh\u00e4use mit abgerundeten Ecken und hochwertigem Klavierlack veredelt. Gestaltet und entwickelt in Deutschland.<\/p>\n","protected":false},"excerpt":{"rendered":"<p>Die perfekte Erg\u00e4nzung zur Ihrem Sonoro MAESTRO \u2013 im Set<br \/>\ndas Design-Audiopaket f\u00fcr Ihr Wohnzimmer!<\/p>\n","protected":false},"featured_media":7793,"comment_status":"closed","ping_status":"closed","template":"","meta":[],"product_brand":[225],"product_cat":[81],"product_tag":[],"class_list":{"0":"post-7784","1":"product","2":"type-product","3":"status-publish","4":"has-post-thumbnail","6":"product_brand-sonoro","7":"product_cat-regallautsprecher-hifi","8":"product_shipping_class-lieferung-basic-audio","10":"first","11":"instock","12":"taxable","13":"shipping-taxable","14":"purchasable","15":"product-type-variable","16":"has-default-attributes","17":"rtwpvg-product"},"_links":{"self":[{"href":"https:\/\/spuehler-tv.ch\/onlineshop\/wp-json\/wp\/v2\/product\/7784","targetHints":{"allow":["GET"]}}],"collection":[{"href":"https:\/\/spuehler-tv.ch\/onlineshop\/wp-json\/wp\/v2\/product"}],"about":[{"href":"https:\/\/spuehler-tv.ch\/onlineshop\/wp-json\/wp\/v2\/types\/product"}],"replies":[{"embeddable":true,"href":"https:\/\/spuehler-tv.ch\/onlineshop\/wp-json\/wp\/v2\/comments?post=7784"}],"wp:featuredmedia":[{"embeddable":true,"href":"https:\/\/spuehler-tv.ch\/onlineshop\/wp-json\/wp\/v2\/media\/7793"}],"wp:attachment":[{"href":"https:\/\/spuehler-tv.ch\/onlineshop\/wp-json\/wp\/v2\/media?parent=7784"}],"wp:term":[{"taxonomy":"product_brand","embeddable":true,"href":"https:\/\/spuehler-tv.ch\/onlineshop\/wp-json\/wp\/v2\/product_brand?post=7784"},{"taxonomy":"product_cat","embeddable":true,"href":"https:\/\/spuehler-tv.ch\/onlineshop\/wp-json\/wp\/v2\/product_cat?post=7784"},{"taxonomy":"product_tag","embeddable":true,"href":"https:\/\/spuehler-tv.ch\/onlineshop\/wp-json\/wp\/v2\/product_tag?post=7784"}],"curies":[{"name":"wp","href":"https:\/\/api.w.org\/{rel}","templated":true}]}}